{"id":5913,"date":"2025-12-15T08:35:54","date_gmt":"2025-12-15T08:35:54","guid":{"rendered":"https:\/\/mountlaser.com\/?post_type=product&#038;p=5913"},"modified":"2025-12-15T08:35:54","modified_gmt":"2025-12-15T08:35:54","slug":"sc85013-soft-case","status":"publish","type":"product","link":"https:\/\/mountlaser.com\/it\/prodotto\/sc85013-soft-case\/","title":{"rendered":"SC85013 Custodia morbida"},"content":{"rendered":"<p data-start=\"111\" data-end=\"599\">IL <a href=\"https:\/\/mountlaser.com\/it\/\"><strong data-start=\"115\" data-end=\"136\">SC85013 Custodia morbida<\/strong><\/a> \u00e8 una borsa professionale per treppiedi progettata per trasportare e riporre in sicurezza i treppiedi da rilevamento in ambienti di lavoro impegnativi. Compatibile con la maggior parte dei treppiedi delle principali marche, la custodia morbida SC85013 \u00e8 realizzata in resistente materiale in fibra e presenta un fondo rinforzato impermeabile e resistente all&#039;abrasione per una protezione duratura. Questa affidabile <a href=\"https:\/\/mountlaser.com\/it\/categoria-prodotto\/surveying-accessory\/\"><strong data-start=\"475\" data-end=\"489\">Borsa per treppiede<\/strong> <\/a>\u00e8 ideale per geometri, ingegneri e professionisti dell&#039;edilizia che necessitano di un trasporto affidabile delle attrezzature.<\/p>\n<p data-start=\"111\" data-end=\"599\"><img fetchpriority=\"high\" decoding=\"async\" class=\"aligncenter wp-image-5914\" src=\"https:\/\/mountlaser.com\/wp-content\/uploads\/2025\/12\/SC85013-14.webp\" alt=\"SC85013 Soft Case\" width=\"500\" height=\"500\" srcset=\"https:\/\/mountlaser.com\/wp-content\/uploads\/2025\/12\/SC85013-14.webp 1000w, https:\/\/mountlaser.com\/wp-content\/uploads\/2025\/12\/SC85013-14-300x300.webp 300w, https:\/\/mountlaser.com\/wp-content\/uploads\/2025\/12\/SC85013-14-150x150.webp 150w, https:\/\/mountlaser.com\/wp-content\/uploads\/2025\/12\/SC85013-14-768x768.webp 768w, https:\/\/mountlaser.com\/wp-content\/uploads\/2025\/12\/SC85013-14-12x12.webp 12w, https:\/\/mountlaser.com\/wp-content\/uploads\/2025\/12\/SC85013-14-600x600.webp 600w, https:\/\/mountlaser.com\/wp-content\/uploads\/2025\/12\/SC85013-14-800x800.webp 800w, https:\/\/mountlaser.com\/wp-content\/uploads\/2025\/12\/SC85013-14-400x400.webp 400w\" sizes=\"(max-width: 500px) 100vw, 500px\" \/><\/p>\n<p data-start=\"601\" data-end=\"1053\">Dotata di una chiusura a coulisse sicura, la custodia morbida SC85013 consente un rapido accesso, proteggendo il treppiede da polvere, umidit\u00e0 e urti. Versatile borsa per treppiede, \u00e8 disponibile nella lunghezza di 120 cm (SC85013), adatta ai treppiedi pi\u00f9 lunghi utilizzati nelle applicazioni di rilevamento professionale. Ideale per riporre o trasportare, questa custodia morbida <a href=\"https:\/\/mountlaser.com\/it\/about-us\/\">Borsa per treppiede<\/a> offre una soluzione efficace per prolungare la durata utile del treppiede e migliorare l&#039;efficienza in cantiere.<\/p>","protected":false},"excerpt":{"rendered":"<ul>\n<li>Materiale: corpo in fibra resistente con fondo rinforzato<\/li>\n<li>Chiusura: design superiore con coulisse<\/li>\n<li>Lunghezza: 120 cm<\/li>\n<li>Applicazione: trasporto e conservazione sicuri di treppiedi per strumenti<\/li>\n<li>Protegge i treppiedi da polvere, umidit\u00e0 e abrasione<\/li>\n<li>Fondo impermeabile rinforzato per condizioni di cantiere difficili<\/li>\n<\/ul>","protected":false},"featured_media":5915,"comment_status":"open","ping_status":"closed","template":"","meta":[],"product_brand":[],"product_cat":[164,79],"product_tag":[],"class_list":{"0":"post-5913","1":"product","2":"type-product","3":"status-publish","4":"has-post-thumbnail","6":"product_cat-soft-case","7":"product_cat-surveying-accessory","9":"first","10":"instock","11":"shipping-taxable","12":"product-type-simple"},"_links":{"self":[{"href":"https:\/\/mountlaser.com\/it\/wp-json\/wp\/v2\/product\/5913","targetHints":{"allow":["GET"]}}],"collection":[{"href":"https:\/\/mountlaser.com\/it\/wp-json\/wp\/v2\/product"}],"about":[{"href":"https:\/\/mountlaser.com\/it\/wp-json\/wp\/v2\/types\/product"}],"replies":[{"embeddable":true,"href":"https:\/\/mountlaser.com\/it\/wp-json\/wp\/v2\/comments?post=5913"}],"wp:featuredmedia":[{"embeddable":true,"href":"https:\/\/mountlaser.com\/it\/wp-json\/wp\/v2\/media\/5915"}],"wp:attachment":[{"href":"https:\/\/mountlaser.com\/it\/wp-json\/wp\/v2\/media?parent=5913"}],"wp:term":[{"taxonomy":"product_brand","embeddable":true,"href":"https:\/\/mountlaser.com\/it\/wp-json\/wp\/v2\/product_brand?post=5913"},{"taxonomy":"product_cat","embeddable":true,"href":"https:\/\/mountlaser.com\/it\/wp-json\/wp\/v2\/product_cat?post=5913"},{"taxonomy":"product_tag","embeddable":true,"href":"https:\/\/mountlaser.com\/it\/wp-json\/wp\/v2\/product_tag?post=5913"}],"curies":[{"name":"parola chiave","href":"https:\/\/api.w.org\/{rel}","templated":true}]}}