{"id":5871,"date":"2025-12-12T06:55:30","date_gmt":"2025-12-12T06:55:30","guid":{"rendered":"https:\/\/mountlaser.com\/?post_type=product&#038;p=5871"},"modified":"2025-12-12T07:27:36","modified_gmt":"2025-12-12T07:27:36","slug":"sm01-yl-surveying-marker","status":"publish","type":"product","link":"https:\/\/mountlaser.com\/it\/prodotto\/sm01-yl-surveying-marker\/","title":{"rendered":"Marcatore di rilevamento SM01-YL"},"content":{"rendered":"<p data-start=\"169\" data-end=\"642\">IL <a href=\"https:\/\/mountlaser.com\/it\/\"><strong data-start=\"173\" data-end=\"201\">Marcatore di rilevamento SM01-YL<\/strong><\/a> \u00e8 un marcatore da campo affidabile e durevole, progettato per punti di riferimento precisi nelle attivit\u00e0 di rilevamento professionale. Realizzato in plastica stampata a iniezione di alta qualit\u00e0, il marcatore per rilevamento SM01-YL offre prestazioni di lunga durata anche in ambienti esterni difficili. Essendo altamente visibile <a href=\"https:\/\/mountlaser.com\/it\/categoria-prodotto\/surveying-accessory\/\"><strong data-start=\"493\" data-end=\"518\">marcatore di rilevamento in plastica<\/strong><\/a>, fornisce una chiara identificazione delle linee di tracciamento, dei punti di controllo e delle marcature di confine nei cantieri edili e di rilievo.<\/p>\n<p data-start=\"644\" data-end=\"1006\">Progettato per la precisione e l&#039;affidabilit\u00e0, il <a href=\"https:\/\/mountlaser.com\/it\/contact-us\/\">Marcatore di rilevamento SM01-YL<\/a> Si distingue tra i moderni marcatori topografici in plastica, offrendo colori brillanti che ne garantiscono un facile riconoscimento anche a distanza. I professionisti del settore che si affidano ai marcatori topografici in plastica per le operazioni quotidiane sul campo ne apprezzeranno la robustezza, la resistenza agli agenti atmosferici e la precisione costante.<\/p>\n<div>\n<table style=\"border-collapse: collapse; width: 801.02pt;\" border=\"0\" width=\"1068\" cellspacing=\"0\" cellpadding=\"0\">\n<tbody>\n<tr style=\"height: 14.25pt;\">\n<td class=\"et2\" style=\"height: 14.25pt; width: 127.50pt;\" width=\"170\" height=\"19\">NUMERO<\/td>\n<td class=\"et2\" style=\"width: 196.50pt;\" width=\"262\">COLORE<\/td>\n<td class=\"et2\" style=\"width: 213.00pt;\" width=\"284\">DIMENSIONI D xdx H<\/td>\n<td class=\"et3\" style=\"width: 93.75pt;\" width=\"125\">MOQ (pezzi)<\/td>\n<td class=\"et3\" style=\"width: 170.25pt;\" width=\"227\">IMMAGINE<\/td>\n<\/tr>\n<tr style=\"height: 14.25pt;\">\n<td class=\"et4\" style=\"height: 14.25pt;\" height=\"19\">SM01-YL<\/td>\n<td class=\"et5\">Giallo<\/td>\n<td class=\"et6\">D46 \u00d7 d10 \u00d7 H6 mm<\/td>\n<td class=\"et7\" align=\"right\">1000<\/td>\n<td class=\"et7\"><img fetchpriority=\"high\" decoding=\"async\" class=\"alignnone wp-image-5350 size-medium\" src=\"https:\/\/mountlaser.com\/wp-content\/uploads\/2025\/12\/SM01-Surveying-Marker5-300x300.webp\" alt=\"SM01-YL Surveying Marker\" width=\"300\" height=\"300\" srcset=\"https:\/\/mountlaser.com\/wp-content\/uploads\/2025\/12\/SM01-Surveying-Marker5-300x300.webp 300w, https:\/\/mountlaser.com\/wp-content\/uploads\/2025\/12\/SM01-Surveying-Marker5-150x150.webp 150w, https:\/\/mountlaser.com\/wp-content\/uploads\/2025\/12\/SM01-Surveying-Marker5-768x768.webp 768w, https:\/\/mountlaser.com\/wp-content\/uploads\/2025\/12\/SM01-Surveying-Marker5-12x12.webp 12w, https:\/\/mountlaser.com\/wp-content\/uploads\/2025\/12\/SM01-Surveying-Marker5-600x600.webp 600w, https:\/\/mountlaser.com\/wp-content\/uploads\/2025\/12\/SM01-Surveying-Marker5-800x800.webp 800w, https:\/\/mountlaser.com\/wp-content\/uploads\/2025\/12\/SM01-Surveying-Marker5-400x400.webp 400w, https:\/\/mountlaser.com\/wp-content\/uploads\/2025\/12\/SM01-Surveying-Marker5.webp 1000w\" sizes=\"(max-width: 300px) 100vw, 300px\" \/><\/td>\n<\/tr>\n<\/tbody>\n<\/table>\n<\/div>","protected":false},"excerpt":{"rendered":"<ul>\n<li>Fornisce una marcatura precisa per punti di controllo, confini e linee di layout<\/li>\n<li>Realizzato in plastica stampata a iniezione di alta qualit\u00e0 per una durata eccezionale<\/li>\n<li>Disponibile in colori brillanti e ad alta visibilit\u00e0 per un facile riconoscimento sul campo<\/li>\n<li>Ideale per cantieri edili, rilievi topografici e marcatura di riferimento a lungo termine<\/li>\n<li>Offre prestazioni affidabili come marcatore di rilevamento di livello professionale<\/li>\n<\/ul>","protected":false},"featured_media":5352,"comment_status":"open","ping_status":"closed","template":"","meta":[],"product_brand":[],"product_cat":[152,79],"product_tag":[],"class_list":{"0":"post-5871","1":"product","2":"type-product","3":"status-publish","4":"has-post-thumbnail","6":"product_cat-surveying-marker","7":"product_cat-surveying-accessory","9":"first","10":"instock","11":"shipping-taxable","12":"product-type-simple"},"_links":{"self":[{"href":"https:\/\/mountlaser.com\/it\/wp-json\/wp\/v2\/product\/5871","targetHints":{"allow":["GET"]}}],"collection":[{"href":"https:\/\/mountlaser.com\/it\/wp-json\/wp\/v2\/product"}],"about":[{"href":"https:\/\/mountlaser.com\/it\/wp-json\/wp\/v2\/types\/product"}],"replies":[{"embeddable":true,"href":"https:\/\/mountlaser.com\/it\/wp-json\/wp\/v2\/comments?post=5871"}],"wp:featuredmedia":[{"embeddable":true,"href":"https:\/\/mountlaser.com\/it\/wp-json\/wp\/v2\/media\/5352"}],"wp:attachment":[{"href":"https:\/\/mountlaser.com\/it\/wp-json\/wp\/v2\/media?parent=5871"}],"wp:term":[{"taxonomy":"product_brand","embeddable":true,"href":"https:\/\/mountlaser.com\/it\/wp-json\/wp\/v2\/product_brand?post=5871"},{"taxonomy":"product_cat","embeddable":true,"href":"https:\/\/mountlaser.com\/it\/wp-json\/wp\/v2\/product_cat?post=5871"},{"taxonomy":"product_tag","embeddable":true,"href":"https:\/\/mountlaser.com\/it\/wp-json\/wp\/v2\/product_tag?post=5871"}],"curies":[{"name":"parola chiave","href":"https:\/\/api.w.org\/{rel}","templated":true}]}}