{"id":5834,"date":"2025-12-11T02:42:42","date_gmt":"2025-12-11T02:42:42","guid":{"rendered":"https:\/\/mountlaser.com\/?post_type=product&#038;p=5834"},"modified":"2025-12-11T09:17:17","modified_gmt":"2025-12-11T09:17:17","slug":"hdtdo1-tripod-floor-guide","status":"publish","type":"product","link":"https:\/\/mountlaser.com\/it\/prodotto\/hdtdo1-tripod-floor-guide\/","title":{"rendered":"Guida da pavimento per treppiede HDTDO1"},"content":{"rendered":"<p data-start=\"177\" data-end=\"669\">IL <a href=\"https:\/\/mountlaser.com\/it\/\"><strong data-start=\"181\" data-end=\"204\">Guida da pavimento per treppiede HDTDO1 <\/strong><\/a>\u00a0\u00e8 una soluzione di mobilit\u00e0 robusta e affidabile progettata specificamente per configurazioni di rilevamento professionali. Costruito come un vero <a href=\"https:\/\/mountlaser.com\/it\/categoria-prodotto\/surveying-accessory\/\"><strong data-start=\"323\" data-end=\"350\">Guida per pavimento con treppiede per impieghi gravosi<\/strong><\/a>, \u00c8 dotato di sezioni scatolari rinforzate in acciaio inossidabile da 25 \u00d7 25 mm che garantiscono una lunga durata e un supporto stabile durante le operazioni in interni. Che si tratti di spostare una stazione totale, uno scanner laser o altri strumenti di precisione, la guida da pavimento per treppiede HDTDO1 offre movimenti fluidi e controllati con una resistenza eccezionale.<\/p>\n<p data-start=\"177\" data-end=\"669\"><img fetchpriority=\"high\" decoding=\"async\" class=\"aligncenter wp-image-5581\" src=\"https:\/\/mountlaser.com\/wp-content\/uploads\/2025\/12\/TD011.webp\" alt=\"HDTDO1 Tripod Floor Guide\" width=\"500\" height=\"500\" srcset=\"https:\/\/mountlaser.com\/wp-content\/uploads\/2025\/12\/TD011.webp 1000w, https:\/\/mountlaser.com\/wp-content\/uploads\/2025\/12\/TD011-300x300.webp 300w, https:\/\/mountlaser.com\/wp-content\/uploads\/2025\/12\/TD011-150x150.webp 150w, https:\/\/mountlaser.com\/wp-content\/uploads\/2025\/12\/TD011-768x768.webp 768w, https:\/\/mountlaser.com\/wp-content\/uploads\/2025\/12\/TD011-12x12.webp 12w, https:\/\/mountlaser.com\/wp-content\/uploads\/2025\/12\/TD011-600x600.webp 600w, https:\/\/mountlaser.com\/wp-content\/uploads\/2025\/12\/TD011-800x800.webp 800w, https:\/\/mountlaser.com\/wp-content\/uploads\/2025\/12\/TD011-400x400.webp 400w\" sizes=\"(max-width: 500px) 100vw, 500px\" \/><\/p>\n<p data-start=\"671\" data-end=\"1260\">Questa robusta guida da pavimento per treppiede \u00e8 dotata di ruote in gomma da 75 mm che garantiscono uno scorrimento senza sforzo e un posizionamento preciso, mentre i freni di stazionamento integrati aiutano a mantenere la stabilit\u00e0 quando si lavora su punti di misurazione delicati. Le cinghie di bloccaggio sul carrello fissano saldamente i piedi del treppiede in posizione, garantendo una piattaforma sicura e stabile durante il trasporto o l&#039;installazione. Progettato per la praticit\u00e0, <a href=\"https:\/\/mountlaser.com\/it\/contact-us\/\">Guida da pavimento per treppiede HDTDO1<\/a>\u00a0\u00e8 completamente pieghevole per un rimessaggio compatto, pesa solo 3,0 kg e una volta piegato misura 66 \u00d7 19 \u00d7 17 cm: perfetto per i topografi che necessitano di mobilit\u00e0 senza compromettere la precisione.<\/p>","protected":false},"excerpt":{"rendered":"<ul>\n<li>Fornisce un trasporto fluido e controllato degli strumenti di rilevamento montati<\/li>\n<li>Fissa le gambe del treppiede con cinghie di bloccaggio per evitare che si spostino durante l&#039;uso<\/li>\n<li>Consente un rapido riposizionamento per attivit\u00e0 di rilevamento in interni<\/li>\n<li>Garantisce stabilit\u00e0 con ruote in gomma e freni di stazionamento<\/li>\n<\/ul>","protected":false},"featured_media":5584,"comment_status":"open","ping_status":"closed","template":"","meta":[],"product_brand":[],"product_cat":[160,79],"product_tag":[],"class_list":{"0":"post-5834","1":"product","2":"type-product","3":"status-publish","4":"has-post-thumbnail","6":"product_cat-tripod-floor-guide","7":"product_cat-surveying-accessory","9":"first","10":"instock","11":"shipping-taxable","12":"product-type-simple"},"_links":{"self":[{"href":"https:\/\/mountlaser.com\/it\/wp-json\/wp\/v2\/product\/5834","targetHints":{"allow":["GET"]}}],"collection":[{"href":"https:\/\/mountlaser.com\/it\/wp-json\/wp\/v2\/product"}],"about":[{"href":"https:\/\/mountlaser.com\/it\/wp-json\/wp\/v2\/types\/product"}],"replies":[{"embeddable":true,"href":"https:\/\/mountlaser.com\/it\/wp-json\/wp\/v2\/comments?post=5834"}],"wp:featuredmedia":[{"embeddable":true,"href":"https:\/\/mountlaser.com\/it\/wp-json\/wp\/v2\/media\/5584"}],"wp:attachment":[{"href":"https:\/\/mountlaser.com\/it\/wp-json\/wp\/v2\/media?parent=5834"}],"wp:term":[{"taxonomy":"product_brand","embeddable":true,"href":"https:\/\/mountlaser.com\/it\/wp-json\/wp\/v2\/product_brand?post=5834"},{"taxonomy":"product_cat","embeddable":true,"href":"https:\/\/mountlaser.com\/it\/wp-json\/wp\/v2\/product_cat?post=5834"},{"taxonomy":"product_tag","embeddable":true,"href":"https:\/\/mountlaser.com\/it\/wp-json\/wp\/v2\/product_tag?post=5834"}],"curies":[{"name":"parola chiave","href":"https:\/\/api.w.org\/{rel}","templated":true}]}}