{"id":5805,"date":"2025-12-10T08:39:38","date_gmt":"2025-12-10T08:39:38","guid":{"rendered":"https:\/\/mountlaser.com\/?post_type=product&#038;p=5805"},"modified":"2025-12-10T09:26:29","modified_gmt":"2025-12-10T09:26:29","slug":"sc-mr01-soft-case","status":"publish","type":"product","link":"https:\/\/mountlaser.com\/it\/prodotto\/sc-mr01-soft-case\/","title":{"rendered":"Custodia morbida SC-MR01"},"content":{"rendered":"<p>IL <a href=\"https:\/\/mountlaser.com\/it\/\"><strong>Custodia morbida SC-MR01<\/strong><\/a> \u00e8 una soluzione protettiva di alta qualit\u00e0, progettata specificamente per il moderno lavoro sul campo GNSS, che offre eccezionale durata e praticit\u00e0 per gli ambienti di rilevamento pi\u00f9 impegnativi. Realizzata con un telaio interno rigido, la custodia morbida SC-MR01 offre una protezione superiore per i ricevitori modulari TRI, garantendo un trasporto sicuro e prestazioni affidabili sul campo. Come professionista <a href=\"https:\/\/mountlaser.com\/it\/categoria-prodotto\/surveying-accessory\/\"><strong>Zaino GNSS per ricevitore Trimble<\/strong><\/a>, combina materiali resistenti con un pratico design in stile zaino per una mobilit\u00e0 a mani libere e un facile accesso all&#039;attrezzatura.<\/p>\n<p>Caratterizzato da un esterno prevalentemente giallo con spallacci neri e fondo nero rinforzato, lo zaino GNSS per ricevitori Trimble offre un&#039;eccellente visibilit\u00e0 e una resistenza duratura all&#039;usura quotidiana. Il suo design ergonomico distribuisce il peso in modo uniforme, rendendolo comodo da trasportare durante le operazioni sul campo prolungate. La custodia morbida SC-MR01 offre inoltre uno spazio interno ben organizzato, garantendo che il ricevitore modulare TRI rimanga sicuro e ben posizionato durante il trasporto.<\/p>\n<p><img fetchpriority=\"high\" decoding=\"async\" class=\"aligncenter wp-image-5811\" src=\"https:\/\/mountlaser.com\/wp-content\/uploads\/2025\/12\/SC-MR016.webp\" alt=\"SC-MR01 Soft case\" width=\"500\" height=\"500\" srcset=\"https:\/\/mountlaser.com\/wp-content\/uploads\/2025\/12\/SC-MR016.webp 1000w, https:\/\/mountlaser.com\/wp-content\/uploads\/2025\/12\/SC-MR016-300x300.webp 300w, https:\/\/mountlaser.com\/wp-content\/uploads\/2025\/12\/SC-MR016-150x150.webp 150w, https:\/\/mountlaser.com\/wp-content\/uploads\/2025\/12\/SC-MR016-768x768.webp 768w, https:\/\/mountlaser.com\/wp-content\/uploads\/2025\/12\/SC-MR016-12x12.webp 12w, https:\/\/mountlaser.com\/wp-content\/uploads\/2025\/12\/SC-MR016-600x600.webp 600w, https:\/\/mountlaser.com\/wp-content\/uploads\/2025\/12\/SC-MR016-800x800.webp 800w, https:\/\/mountlaser.com\/wp-content\/uploads\/2025\/12\/SC-MR016-400x400.webp 400w\" sizes=\"(max-width: 500px) 100vw, 500px\" \/><\/p>\n<p>Come affidabile zaino GNSS per ricevitore Trimble, questa custodia \u00e8 ideale per i topografi che necessitano di una protezione affidabile combinata con mobilit\u00e0, struttura e prestazioni di livello professionale. <a href=\"https:\/\/mountlaser.com\/it\/contact-us\/\">Custodia morbida SC-MR01<\/a> garantisce che la tua attrezzatura rimanga al sicuro, organizzata e pronta all&#039;uso ogni volta che ne hai bisogno.<\/p>","protected":false},"excerpt":{"rendered":"<ul>\n<li>Protezione migliorata: il telaio interno rigido garantisce la massima protezione per i ricevitori modulari TRI.<\/li>\n<li>Design ad alta visibilit\u00e0: il corpo giallo con cinghie nere migliora la sicurezza sul campo e facilita l&#039;identificazione.<\/li>\n<li>Comoda trasportabilit\u00e0: sistema di trasporto in stile zaino per un comodo trasporto a mani libere.<\/li>\n<li>Conservazione sicura: il layout interno ottimizzato mantiene il ricevitore stabile e protetto.<\/li>\n<li>Resistenza all&#039;uso sul campo: il fondo rinforzato e i materiali resistenti resistono alle condizioni esterne pi\u00f9 difficili.<\/li>\n<\/ul>","protected":false},"featured_media":5806,"comment_status":"open","ping_status":"closed","template":"","meta":[],"product_brand":[],"product_cat":[164,79],"product_tag":[],"class_list":{"0":"post-5805","1":"product","2":"type-product","3":"status-publish","4":"has-post-thumbnail","6":"product_cat-soft-case","7":"product_cat-surveying-accessory","9":"first","10":"instock","11":"shipping-taxable","12":"product-type-simple"},"_links":{"self":[{"href":"https:\/\/mountlaser.com\/it\/wp-json\/wp\/v2\/product\/5805","targetHints":{"allow":["GET"]}}],"collection":[{"href":"https:\/\/mountlaser.com\/it\/wp-json\/wp\/v2\/product"}],"about":[{"href":"https:\/\/mountlaser.com\/it\/wp-json\/wp\/v2\/types\/product"}],"replies":[{"embeddable":true,"href":"https:\/\/mountlaser.com\/it\/wp-json\/wp\/v2\/comments?post=5805"}],"wp:featuredmedia":[{"embeddable":true,"href":"https:\/\/mountlaser.com\/it\/wp-json\/wp\/v2\/media\/5806"}],"wp:attachment":[{"href":"https:\/\/mountlaser.com\/it\/wp-json\/wp\/v2\/media?parent=5805"}],"wp:term":[{"taxonomy":"product_brand","embeddable":true,"href":"https:\/\/mountlaser.com\/it\/wp-json\/wp\/v2\/product_brand?post=5805"},{"taxonomy":"product_cat","embeddable":true,"href":"https:\/\/mountlaser.com\/it\/wp-json\/wp\/v2\/product_cat?post=5805"},{"taxonomy":"product_tag","embeddable":true,"href":"https:\/\/mountlaser.com\/it\/wp-json\/wp\/v2\/product_tag?post=5805"}],"curies":[{"name":"parola chiave","href":"https:\/\/api.w.org\/{rel}","templated":true}]}}