{"id":5448,"date":"2025-12-05T05:17:35","date_gmt":"2025-12-05T05:17:35","guid":{"rendered":"https:\/\/mountlaser.com\/?post_type=product&#038;p=5448"},"modified":"2025-12-11T05:09:18","modified_gmt":"2025-12-11T05:09:18","slug":"pb01-08-brass-plumb-bob","status":"publish","type":"product","link":"https:\/\/mountlaser.com\/it\/prodotto\/pb01-08-brass-plumb-bob\/","title":{"rendered":"PB01-08 Filo a piombo in ottone"},"content":{"rendered":"<p>IL <a href=\"https:\/\/mountlaser.com\/it\/\"><strong>PB01-08 FILO A PIOMBO IN OTTONE<\/strong><\/a> \u00e8 uno strumento di alta qualit\u00e0, lavorato con precisione, progettato per i professionisti che richiedono precisione e affidabilit\u00e0 a lungo termine nelle attivit\u00e0 di costruzione e topografia. Realizzato in ottone massiccio, il filo a piombo in ottone PB01-08 offre un equilibrio e una stabilit\u00e0 eccellenti, garantendo sempre un riferimento verticale preciso. <a href=\"https:\/\/mountlaser.com\/it\/categoria-prodotto\/surveying-accessory\/\"><strong>filo a piombo in ottone massiccio<\/strong><\/a> \u00e8 protetto da una finitura laccata resistente, che ne prolunga la durata anche in condizioni di lavoro difficili.<\/p>\n<p><img fetchpriority=\"high\" decoding=\"async\" class=\"aligncenter wp-image-5449\" src=\"https:\/\/mountlaser.com\/wp-content\/uploads\/2025\/12\/PB01.webp\" alt=\"PB01-08 BRASS PLUMB BOB\" width=\"500\" height=\"500\" srcset=\"https:\/\/mountlaser.com\/wp-content\/uploads\/2025\/12\/PB01.webp 1000w, https:\/\/mountlaser.com\/wp-content\/uploads\/2025\/12\/PB01-300x300.webp 300w, https:\/\/mountlaser.com\/wp-content\/uploads\/2025\/12\/PB01-150x150.webp 150w, https:\/\/mountlaser.com\/wp-content\/uploads\/2025\/12\/PB01-768x768.webp 768w, https:\/\/mountlaser.com\/wp-content\/uploads\/2025\/12\/PB01-12x12.webp 12w, https:\/\/mountlaser.com\/wp-content\/uploads\/2025\/12\/PB01-600x600.webp 600w, https:\/\/mountlaser.com\/wp-content\/uploads\/2025\/12\/PB01-800x800.webp 800w, https:\/\/mountlaser.com\/wp-content\/uploads\/2025\/12\/PB01-400x400.webp 400w\" sizes=\"(max-width: 500px) 100vw, 500px\" \/><\/p>\n<p>Dotato di una punta in acciaio temprato e di un tappo filettato ASA standard, <a href=\"https:\/\/mountlaser.com\/it\/contact-us\/\">PB01-08 FILO A PIOMBO IN OTTONE<\/a> Consente una rapida sostituzione delle punte e un fissaggio sicuro. Il cappuccio in acciaio include anche uno spazio interno per una punta extra, aggiungendo praticit\u00e0 per l&#039;uso continuo sul campo. Il filo a piombo in ottone massiccio offre prestazioni precise per il tracciamento, l&#039;allineamento e la marcatura dei punti di controllo.<\/p>","protected":false},"excerpt":{"rendered":"<ul>\n<li>Elevata precisione e perfetto equilibrio: garantisce un allineamento verticale accurato per lavori di rilevamento, costruzione e layout.<\/li>\n<li>Robusta struttura in ottone massiccio: resistente alla corrosione e agli urti, progettata per un utilizzo sul campo a lungo termine.<\/li>\n<li>Punta in acciaio temprato e tappo filettato ASA: prestazioni affidabili con comodo spazio per riporre le punte di ricambio.<\/li>\n<li>Diverse opzioni di peso: adatte a diverse attivit\u00e0 professionali e condizioni ambientali.<\/li>\n<\/ul>","protected":false},"featured_media":5449,"comment_status":"open","ping_status":"closed","template":"","meta":[],"product_brand":[],"product_cat":[79,154],"product_tag":[],"class_list":{"0":"post-5448","1":"product","2":"type-product","3":"status-publish","4":"has-post-thumbnail","6":"product_cat-surveying-accessory","7":"product_cat-brass-plumb-bob","9":"first","10":"instock","11":"shipping-taxable","12":"product-type-simple"},"_links":{"self":[{"href":"https:\/\/mountlaser.com\/it\/wp-json\/wp\/v2\/product\/5448","targetHints":{"allow":["GET"]}}],"collection":[{"href":"https:\/\/mountlaser.com\/it\/wp-json\/wp\/v2\/product"}],"about":[{"href":"https:\/\/mountlaser.com\/it\/wp-json\/wp\/v2\/types\/product"}],"replies":[{"embeddable":true,"href":"https:\/\/mountlaser.com\/it\/wp-json\/wp\/v2\/comments?post=5448"}],"wp:featuredmedia":[{"embeddable":true,"href":"https:\/\/mountlaser.com\/it\/wp-json\/wp\/v2\/media\/5449"}],"wp:attachment":[{"href":"https:\/\/mountlaser.com\/it\/wp-json\/wp\/v2\/media?parent=5448"}],"wp:term":[{"taxonomy":"product_brand","embeddable":true,"href":"https:\/\/mountlaser.com\/it\/wp-json\/wp\/v2\/product_brand?post=5448"},{"taxonomy":"product_cat","embeddable":true,"href":"https:\/\/mountlaser.com\/it\/wp-json\/wp\/v2\/product_cat?post=5448"},{"taxonomy":"product_tag","embeddable":true,"href":"https:\/\/mountlaser.com\/it\/wp-json\/wp\/v2\/product_tag?post=5448"}],"curies":[{"name":"parola chiave","href":"https:\/\/api.w.org\/{rel}","templated":true}]}}