{"id":5400,"date":"2025-12-05T00:57:10","date_gmt":"2025-12-05T00:57:10","guid":{"rendered":"https:\/\/mountlaser.com\/?post_type=product&#038;p=5400"},"modified":"2025-12-05T01:44:11","modified_gmt":"2025-12-05T01:44:11","slug":"bl21-series-prism-bubble-level","status":"publish","type":"product","link":"https:\/\/mountlaser.com\/it\/prodotto\/bl21-series-prism-bubble-level\/","title":{"rendered":"Livella a bolla prismatica serie BL21"},"content":{"rendered":"<p>IL <a href=\"https:\/\/mountlaser.com\/it\/products\/\"><strong>Livella a bolla verde<\/strong><\/a>La serie l di Mountlaser \u00e8 progettata per offrire prestazioni di livellamento precise per basamenti, supporti e un&#039;ampia gamma di sistemi prismatici. Ogni livella a bolla verde \u00e8 progettata per un&#039;integrazione perfetta, offrendo letture stabili e accurate, essenziali per l&#039;allineamento dei rilievi. In qualit\u00e0 di... <a href=\"https:\/\/mountlaser.com\/it\/\"><strong>Bolla per prisma<\/strong><\/a> soluzione, garantisce elevata visibilit\u00e0, durata a lungo termine e prestazioni affidabili anche in ambienti di lavoro impegnativi.<\/p>\n<div>\n<table style=\"border-collapse: collapse; width: 309.77pt;\" border=\"0\" width=\"413\" cellspacing=\"0\" cellpadding=\"0\">\n<tbody>\n<tr style=\"height: 14.25pt;\">\n<td class=\"et2\" style=\"height: 14.25pt; width: 99.75pt;\" width=\"133\" height=\"19\">BL21<\/td>\n<td class=\"et3\" style=\"width: 101.25pt;\" width=\"135\">Per Mini Prism MP061<\/td>\n<td style=\"width: 108.75pt;\" width=\"145\"><img fetchpriority=\"high\" decoding=\"async\" class=\"alignnone wp-image-5401\" src=\"https:\/\/mountlaser.com\/wp-content\/uploads\/2025\/12\/BL211.webp\" alt=\"Green Bubble Level\" width=\"500\" height=\"500\" srcset=\"https:\/\/mountlaser.com\/wp-content\/uploads\/2025\/12\/BL211.webp 1000w, https:\/\/mountlaser.com\/wp-content\/uploads\/2025\/12\/BL211-300x300.webp 300w, https:\/\/mountlaser.com\/wp-content\/uploads\/2025\/12\/BL211-150x150.webp 150w, https:\/\/mountlaser.com\/wp-content\/uploads\/2025\/12\/BL211-768x768.webp 768w, https:\/\/mountlaser.com\/wp-content\/uploads\/2025\/12\/BL211-12x12.webp 12w, https:\/\/mountlaser.com\/wp-content\/uploads\/2025\/12\/BL211-600x600.webp 600w, https:\/\/mountlaser.com\/wp-content\/uploads\/2025\/12\/BL211-800x800.webp 800w, https:\/\/mountlaser.com\/wp-content\/uploads\/2025\/12\/BL211-400x400.webp 400w\" sizes=\"(max-width: 500px) 100vw, 500px\" \/><\/td>\n<\/tr>\n<tr style=\"height: 14.25pt;\">\n<td class=\"et2\" style=\"height: 14.25pt;\" height=\"19\">BL31<\/td>\n<td class=\"et3\">Per Mini Prism SP060\/063<\/td>\n<td><img decoding=\"async\" class=\"alignnone wp-image-5407\" src=\"https:\/\/mountlaser.com\/wp-content\/uploads\/2025\/12\/BL312.webp\" alt=\"Green Bubble Level\" width=\"500\" height=\"500\" srcset=\"https:\/\/mountlaser.com\/wp-content\/uploads\/2025\/12\/BL312.webp 1000w, https:\/\/mountlaser.com\/wp-content\/uploads\/2025\/12\/BL312-300x300.webp 300w, https:\/\/mountlaser.com\/wp-content\/uploads\/2025\/12\/BL312-150x150.webp 150w, https:\/\/mountlaser.com\/wp-content\/uploads\/2025\/12\/BL312-768x768.webp 768w, https:\/\/mountlaser.com\/wp-content\/uploads\/2025\/12\/BL312-12x12.webp 12w, https:\/\/mountlaser.com\/wp-content\/uploads\/2025\/12\/BL312-600x600.webp 600w, https:\/\/mountlaser.com\/wp-content\/uploads\/2025\/12\/BL312-800x800.webp 800w, https:\/\/mountlaser.com\/wp-content\/uploads\/2025\/12\/BL312-400x400.webp 400w\" sizes=\"(max-width: 500px) 100vw, 500px\" \/><\/td>\n<\/tr>\n<tr style=\"height: 14.25pt;\">\n<td class=\"et2\" style=\"height: 14.25pt;\" height=\"19\">BL32<\/td>\n<td class=\"et4\">Per Mini Prism SP065<\/td>\n<td><img decoding=\"async\" class=\"alignnone wp-image-5413\" src=\"https:\/\/mountlaser.com\/wp-content\/uploads\/2025\/12\/BL322.webp\" alt=\"Green Bubble Level\" width=\"500\" height=\"500\" srcset=\"https:\/\/mountlaser.com\/wp-content\/uploads\/2025\/12\/BL322.webp 1000w, https:\/\/mountlaser.com\/wp-content\/uploads\/2025\/12\/BL322-300x300.webp 300w, https:\/\/mountlaser.com\/wp-content\/uploads\/2025\/12\/BL322-150x150.webp 150w, https:\/\/mountlaser.com\/wp-content\/uploads\/2025\/12\/BL322-768x768.webp 768w, https:\/\/mountlaser.com\/wp-content\/uploads\/2025\/12\/BL322-12x12.webp 12w, https:\/\/mountlaser.com\/wp-content\/uploads\/2025\/12\/BL322-600x600.webp 600w, https:\/\/mountlaser.com\/wp-content\/uploads\/2025\/12\/BL322-800x800.webp 800w, https:\/\/mountlaser.com\/wp-content\/uploads\/2025\/12\/BL322-400x400.webp 400w\" sizes=\"(max-width: 500px) 100vw, 500px\" \/><\/td>\n<\/tr>\n<tr style=\"height: 14.25pt;\">\n<td class=\"et2\" style=\"height: 14.25pt;\" height=\"19\">BL33<\/td>\n<td class=\"et3\">Per Mini Prism SP066<\/td>\n<td class=\"et5\"><img loading=\"lazy\" decoding=\"async\" class=\"alignnone wp-image-5419\" src=\"https:\/\/mountlaser.com\/wp-content\/uploads\/2025\/12\/BL332.webp\" alt=\"Green Bubble Level\" width=\"500\" height=\"500\" srcset=\"https:\/\/mountlaser.com\/wp-content\/uploads\/2025\/12\/BL332.webp 1000w, https:\/\/mountlaser.com\/wp-content\/uploads\/2025\/12\/BL332-300x300.webp 300w, https:\/\/mountlaser.com\/wp-content\/uploads\/2025\/12\/BL332-150x150.webp 150w, https:\/\/mountlaser.com\/wp-content\/uploads\/2025\/12\/BL332-768x768.webp 768w, https:\/\/mountlaser.com\/wp-content\/uploads\/2025\/12\/BL332-12x12.webp 12w, https:\/\/mountlaser.com\/wp-content\/uploads\/2025\/12\/BL332-600x600.webp 600w, https:\/\/mountlaser.com\/wp-content\/uploads\/2025\/12\/BL332-800x800.webp 800w, https:\/\/mountlaser.com\/wp-content\/uploads\/2025\/12\/BL332-400x400.webp 400w\" sizes=\"(max-width: 500px) 100vw, 500px\" \/><\/td>\n<\/tr>\n<tr style=\"height: 14.25pt;\">\n<td class=\"et2\" style=\"height: 14.25pt;\" height=\"19\">BL34<\/td>\n<td class=\"et3\">Per Mini Prism SP067<\/td>\n<td class=\"et5\"><img loading=\"lazy\" decoding=\"async\" class=\"alignnone wp-image-5423\" src=\"https:\/\/mountlaser.com\/wp-content\/uploads\/2025\/12\/BL341.webp\" alt=\"Green Bubble Level\" width=\"500\" height=\"500\" srcset=\"https:\/\/mountlaser.com\/wp-content\/uploads\/2025\/12\/BL341.webp 1000w, https:\/\/mountlaser.com\/wp-content\/uploads\/2025\/12\/BL341-300x300.webp 300w, https:\/\/mountlaser.com\/wp-content\/uploads\/2025\/12\/BL341-150x150.webp 150w, https:\/\/mountlaser.com\/wp-content\/uploads\/2025\/12\/BL341-768x768.webp 768w, https:\/\/mountlaser.com\/wp-content\/uploads\/2025\/12\/BL341-12x12.webp 12w, https:\/\/mountlaser.com\/wp-content\/uploads\/2025\/12\/BL341-600x600.webp 600w, https:\/\/mountlaser.com\/wp-content\/uploads\/2025\/12\/BL341-800x800.webp 800w, https:\/\/mountlaser.com\/wp-content\/uploads\/2025\/12\/BL341-400x400.webp 400w\" sizes=\"(max-width: 500px) 100vw, 500px\" \/><\/td>\n<\/tr>\n<tr style=\"height: 14.25pt;\">\n<td class=\"et2\" style=\"height: 14.25pt;\" height=\"19\">BL35<\/td>\n<td class=\"et3\">Per Mini Prism SP068<\/td>\n<td><img loading=\"lazy\" decoding=\"async\" class=\"alignnone wp-image-5429\" src=\"https:\/\/mountlaser.com\/wp-content\/uploads\/2025\/12\/BL351.webp\" alt=\"Green Bubble Level\" width=\"500\" height=\"500\" srcset=\"https:\/\/mountlaser.com\/wp-content\/uploads\/2025\/12\/BL351.webp 1000w, https:\/\/mountlaser.com\/wp-content\/uploads\/2025\/12\/BL351-300x300.webp 300w, https:\/\/mountlaser.com\/wp-content\/uploads\/2025\/12\/BL351-150x150.webp 150w, https:\/\/mountlaser.com\/wp-content\/uploads\/2025\/12\/BL351-768x768.webp 768w, https:\/\/mountlaser.com\/wp-content\/uploads\/2025\/12\/BL351-12x12.webp 12w, https:\/\/mountlaser.com\/wp-content\/uploads\/2025\/12\/BL351-600x600.webp 600w, https:\/\/mountlaser.com\/wp-content\/uploads\/2025\/12\/BL351-800x800.webp 800w, https:\/\/mountlaser.com\/wp-content\/uploads\/2025\/12\/BL351-400x400.webp 400w\" sizes=\"(max-width: 500px) 100vw, 500px\" \/><\/td>\n<\/tr>\n<\/tbody>\n<\/table>\n<p>Ogni livella a bolla verde presenta un&#039;eccellente stabilit\u00e0 del fluido e chiari segni di riferimento, rendendo facile per i topografi ottenere un orientamento preciso dello strumento. Sia che venga utilizzata come <a href=\"https:\/\/mountlaser.com\/it\/contact-us\/\">Bolla per prisma<\/a> o installate su basamenti e supporti, queste fiale migliorano la precisione delle misurazioni nelle applicazioni di costruzione, mappatura e ingegneria.<\/p>\n<\/div>","protected":false},"excerpt":{"rendered":"<ul>\n<li>La livella a bolla verde ad alta visibilit\u00e0 garantisce un livellamento rapido e preciso in tutte le condizioni di illuminazione, migliorando la precisione delle misurazioni.<\/li>\n<li>Compatibilit\u00e0 perfetta come Bubble per i sistemi Prism, progettati per adattarsi a pi\u00f9 modelli di mini prisma per un&#039;installazione senza soluzione di continuit\u00e0 e prestazioni stabili.<\/li>\n<li>La struttura durevole garantisce stabilit\u00e0 a lungo termine e resistenza alle condizioni sul campo, riducendo la manutenzione e garantendo un utilizzo affidabile nelle applicazioni di rilevamento professionale.<\/li>\n<\/ul>","protected":false},"featured_media":5405,"comment_status":"open","ping_status":"closed","template":"","meta":[],"product_brand":[],"product_cat":[79,153],"product_tag":[],"class_list":{"0":"post-5400","1":"product","2":"type-product","3":"status-publish","4":"has-post-thumbnail","6":"product_cat-surveying-accessory","7":"product_cat-bubble-for-tribrach-carrier-prism","9":"first","10":"instock","11":"shipping-taxable","12":"product-type-simple"},"_links":{"self":[{"href":"https:\/\/mountlaser.com\/it\/wp-json\/wp\/v2\/product\/5400","targetHints":{"allow":["GET"]}}],"collection":[{"href":"https:\/\/mountlaser.com\/it\/wp-json\/wp\/v2\/product"}],"about":[{"href":"https:\/\/mountlaser.com\/it\/wp-json\/wp\/v2\/types\/product"}],"replies":[{"embeddable":true,"href":"https:\/\/mountlaser.com\/it\/wp-json\/wp\/v2\/comments?post=5400"}],"wp:featuredmedia":[{"embeddable":true,"href":"https:\/\/mountlaser.com\/it\/wp-json\/wp\/v2\/media\/5405"}],"wp:attachment":[{"href":"https:\/\/mountlaser.com\/it\/wp-json\/wp\/v2\/media?parent=5400"}],"wp:term":[{"taxonomy":"product_brand","embeddable":true,"href":"https:\/\/mountlaser.com\/it\/wp-json\/wp\/v2\/product_brand?post=5400"},{"taxonomy":"product_cat","embeddable":true,"href":"https:\/\/mountlaser.com\/it\/wp-json\/wp\/v2\/product_cat?post=5400"},{"taxonomy":"product_tag","embeddable":true,"href":"https:\/\/mountlaser.com\/it\/wp-json\/wp\/v2\/product_tag?post=5400"}],"curies":[{"name":"parola chiave","href":"https:\/\/api.w.org\/{rel}","templated":true}]}}