{"id":538,"date":"2024-03-28T08:06:48","date_gmt":"2024-03-28T08:06:48","guid":{"rendered":"https:\/\/startersites.io\/blocksy\/pottery\/?post_type=product&#038;p=538"},"modified":"2025-12-01T03:22:35","modified_gmt":"2025-12-01T03:22:35","slug":"ma-k32-k40-auto-level","status":"publish","type":"product","link":"https:\/\/mountlaser.com\/it\/prodotto\/ma-k32-k40-auto-level\/","title":{"rendered":"MA-K32\/ K40 Auto Livella"},"content":{"rendered":"<p>IL <a href=\"https:\/\/mountlaser.com\/it\/\"><strong>Livelli automatici MA-K32\/K40<\/strong><\/a> I livelli automatici di Mountlaser rappresentano l&#039;apice dell&#039;ingegneria di precisione per i topografi professionisti. Progettati con un sistema di compensazione di qualit\u00e0 giapponese, questi strumenti offrono una precisione eccezionale con una deviazione standard di 1,0 mm per km a doppia corsa, rendendoli ideali per applicazioni edili, ingegneristiche e di topografia di alto livello.<br \/>\n<a href=\"https:\/\/mountlaser.com\/it\/categoria-prodotto\/surveying-instrument\/automatic-level\/\">MA-K32\/ K40 Auto Livella<\/a> Con opzioni di ingrandimento di 32x (MA-K32) o 40x (MA-K40), entrambi i modelli sono dotati di telescopi a immagine raddrizzata e di avanzati compensatori magnetici con sospensione a filo a X (errore \u22640,4&quot;) per un&#039;installazione rapida e stabile e immagini cristalline. La certificazione di impermeabilit\u00e0 IPX6 garantisce l&#039;affidabilit\u00e0 anche nelle condizioni di campo pi\u00f9 difficili, rafforzando la loro posizione di livelli automatici di fascia alta in vendita.<\/p>\n<p>Costruiti per soddisfare le esigenze dei moderni professionisti della topografia, questi<a href=\"https:\/\/mountlaser.com\/it\/contact-us\/\"><strong> livelli automatici dei geometri<\/strong> <\/a>Uniscono robustezza e durata a un funzionamento intuitivo. Per chi cerca livelli automatici in vendita con prestazioni e durata senza compromessi, la serie MA-K offre valore e precisione senza pari per qualsiasi progetto impegnativo.<\/p>\n<p><img fetchpriority=\"high\" decoding=\"async\" class=\"aligncenter wp-image-1907\" src=\"https:\/\/mountlaser.com\/wp-content\/uploads\/2024\/03\/MA-K326.webp\" alt=\"surveyors automatic levels\" width=\"500\" height=\"500\" srcset=\"https:\/\/mountlaser.com\/wp-content\/uploads\/2024\/03\/MA-K326.webp 1000w, https:\/\/mountlaser.com\/wp-content\/uploads\/2024\/03\/MA-K326-300x300.webp 300w, https:\/\/mountlaser.com\/wp-content\/uploads\/2024\/03\/MA-K326-400x400.webp 400w, https:\/\/mountlaser.com\/wp-content\/uploads\/2024\/03\/MA-K326-800x800.webp 800w, https:\/\/mountlaser.com\/wp-content\/uploads\/2024\/03\/MA-K326-600x600.webp 600w, https:\/\/mountlaser.com\/wp-content\/uploads\/2024\/03\/MA-K326-150x150.webp 150w, https:\/\/mountlaser.com\/wp-content\/uploads\/2024\/03\/MA-K326-768x768.webp 768w, https:\/\/mountlaser.com\/wp-content\/uploads\/2024\/03\/MA-K326-12x12.webp 12w\" sizes=\"(max-width: 500px) 100vw, 500px\" \/><\/p>\n<p>&nbsp;<\/p>\n<p><strong><a href=\"https:\/\/mountlaser.com\/it\/about-us\/\">MA-K32\/ K40 Auto Livella<\/a> Specifiche<\/strong><\/p>\n<table style=\"border-collapse: collapse; width: 589.52pt;\" border=\"0\" width=\"786\" cellspacing=\"0\" cellpadding=\"0\">\n<tbody>\n<tr style=\"height: 14.25pt;\">\n<td class=\"et2\" style=\"height: 14.25pt; width: 207.75pt;\" width=\"277\" height=\"19\">Modello n.<\/td>\n<td class=\"et2\" style=\"width: 185.25pt;\" width=\"247\">MA-K32<\/td>\n<td class=\"et3\" style=\"width: 196.50pt;\" width=\"262\">MA-K40<\/td>\n<\/tr>\n<tr style=\"height: 14.25pt;\">\n<td class=\"et2\" style=\"height: 14.25pt;\" height=\"19\">Distanza di lavoro<\/td>\n<td class=\"et4\" colspan=\"2\">60 metri<\/td>\n<\/tr>\n<tr style=\"height: 14.25pt;\">\n<td class=\"et2\" style=\"height: 14.25pt;\" height=\"19\">Deviazione standard per 1 km di corsa doppia<\/td>\n<td class=\"et4\" colspan=\"2\">1,0 mm<\/td>\n<\/tr>\n<tr style=\"height: 14.25pt;\">\n<td class=\"et2\" style=\"height: 14.25pt;\" height=\"19\">Ingrandimento del telescopio<\/td>\n<td class=\"et2\">32X<\/td>\n<td class=\"et3\">40X<\/td>\n<\/tr>\n<tr style=\"height: 14.25pt;\">\n<td class=\"et2\" style=\"height: 14.25pt;\" height=\"19\">Immagine del telescopio<\/td>\n<td class=\"et4\" colspan=\"2\">Eretto<\/td>\n<\/tr>\n<tr style=\"height: 14.25pt;\">\n<td class=\"et2\" style=\"height: 14.25pt;\" height=\"19\">Distanza di messa a fuoco pi\u00f9 breve<\/td>\n<td class=\"et4\" colspan=\"2\">0,5 metri<\/td>\n<\/tr>\n<tr style=\"height: 14.25pt;\">\n<td class=\"et2\" style=\"height: 14.25pt;\" height=\"19\">Visualizza errore di distanza<\/td>\n<td class=\"et4\" colspan=\"2\">\u2264\u00b10,4%<\/td>\n<\/tr>\n<tr style=\"height: 14.25pt;\">\n<td class=\"et2\" style=\"height: 14.25pt;\" height=\"19\">Dimensione effettiva dell&#039;apertura dell&#039;obiettivo<\/td>\n<td class=\"et4\" colspan=\"2\">40 millimetri<\/td>\n<\/tr>\n<tr style=\"height: 14.25pt;\">\n<td class=\"et2\" style=\"height: 14.25pt;\" height=\"19\">Errore di messa a fuoco<\/td>\n<td class=\"et4\" colspan=\"2\">\u22641mm<\/td>\n<\/tr>\n<tr style=\"height: 14.25pt;\">\n<td class=\"et2\" style=\"height: 14.25pt;\" height=\"19\">Tipo di compensatore<\/td>\n<td class=\"et4\" colspan=\"2\">Sospensione a filo a forma di X con smorzamento magnetico<\/td>\n<\/tr>\n<tr style=\"height: 14.25pt;\">\n<td class=\"et2\" style=\"height: 14.25pt;\" height=\"19\">Errore di compensazione<\/td>\n<td class=\"et4\" colspan=\"2\">\u22640,4&quot;\u201d<\/td>\n<\/tr>\n<tr style=\"height: 14.25pt;\">\n<td class=\"et2\" style=\"height: 14.25pt;\" height=\"19\">Reticolo<\/td>\n<td class=\"et4\" colspan=\"2\">Forma a cuneo<\/td>\n<\/tr>\n<tr style=\"height: 14.25pt;\">\n<td class=\"et2\" style=\"height: 14.25pt;\" height=\"19\">Impostazione della precisione<\/td>\n<td class=\"et4\" colspan=\"2\">\u00b10,3&quot;\u201d<\/td>\n<\/tr>\n<tr style=\"height: 14.25pt;\">\n<td class=\"et2\" style=\"height: 14.25pt;\" height=\"19\">Resistente all&#039;acqua e alla polvere<\/td>\n<td class=\"et4\" colspan=\"2\">IPX6<\/td>\n<\/tr>\n<tr style=\"height: 14.25pt;\">\n<td class=\"et2\" style=\"height: 14.25pt;\" height=\"19\">Accessorio standard<\/td>\n<td class=\"et4\" colspan=\"2\">Filo a piombo, manuale, perno di regolazione, custodia in plastica<\/td>\n<\/tr>\n<tr style=\"height: 14.25pt;\">\n<td class=\"et6\" style=\"height: 14.25pt;\" height=\"19\">Peso netto<\/td>\n<td class=\"et7\" colspan=\"2\">1,8 kg<\/td>\n<\/tr>\n<\/tbody>\n<\/table>","protected":false},"excerpt":{"rendered":"<ul>\n<li>Precisione eccezionale: la deviazione standard di 1,0 mm per km con doppia esecuzione garantisce risultati di livello topografico.<\/li>\n<li>Compensatore avanzato: sospensione magnetica a filo a forma di X in stile giapponese (errore \u22640,4&quot;).<\/li>\n<li>Resistenza a tutte le condizioni atmosferiche: la classificazione di impermeabilit\u00e0 IPX6 protegge da pioggia intensa e polvere.<\/li>\n<li>Accessori professionali: include filo a piombo, manuale, perno di regolazione e custodia in plastica resistente.<\/li>\n<\/ul>","protected":false},"featured_media":1903,"comment_status":"open","ping_status":"closed","template":"","meta":[],"product_brand":[],"product_cat":[15,140],"product_tag":[],"class_list":{"0":"post-538","1":"product","2":"type-product","3":"status-publish","4":"has-post-thumbnail","6":"product_cat-surveying-instrument","7":"product_cat-automatic-level","9":"first","10":"instock","11":"shipping-taxable","12":"product-type-simple"},"_links":{"self":[{"href":"https:\/\/mountlaser.com\/it\/wp-json\/wp\/v2\/product\/538","targetHints":{"allow":["GET"]}}],"collection":[{"href":"https:\/\/mountlaser.com\/it\/wp-json\/wp\/v2\/product"}],"about":[{"href":"https:\/\/mountlaser.com\/it\/wp-json\/wp\/v2\/types\/product"}],"replies":[{"embeddable":true,"href":"https:\/\/mountlaser.com\/it\/wp-json\/wp\/v2\/comments?post=538"}],"wp:featuredmedia":[{"embeddable":true,"href":"https:\/\/mountlaser.com\/it\/wp-json\/wp\/v2\/media\/1903"}],"wp:attachment":[{"href":"https:\/\/mountlaser.com\/it\/wp-json\/wp\/v2\/media?parent=538"}],"wp:term":[{"taxonomy":"product_brand","embeddable":true,"href":"https:\/\/mountlaser.com\/it\/wp-json\/wp\/v2\/product_brand?post=538"},{"taxonomy":"product_cat","embeddable":true,"href":"https:\/\/mountlaser.com\/it\/wp-json\/wp\/v2\/product_cat?post=538"},{"taxonomy":"product_tag","embeddable":true,"href":"https:\/\/mountlaser.com\/it\/wp-json\/wp\/v2\/product_tag?post=538"}],"curies":[{"name":"parola chiave","href":"https:\/\/api.w.org\/{rel}","templated":true}]}}