{"id":5347,"date":"2025-12-04T06:58:07","date_gmt":"2025-12-04T06:58:07","guid":{"rendered":"https:\/\/mountlaser.com\/?post_type=product&#038;p=5347"},"modified":"2025-12-12T06:41:36","modified_gmt":"2025-12-12T06:41:36","slug":"sm01-bl-surveying-marker","status":"publish","type":"product","link":"https:\/\/mountlaser.com\/it\/prodotto\/sm01-bl-surveying-marker\/","title":{"rendered":"Marcatore di rilevamento SM01-BL"},"content":{"rendered":"<p data-start=\"255\" data-end=\"730\">IL <a href=\"https:\/\/mountlaser.com\/it\/products\/\"><strong data-start=\"259\" data-end=\"287\">Marcatore di rilevamento SM01-BL<\/strong><\/a> \u00e8 un marcatore di punti di riferimento durevole e ad alta precisione, progettato per ambienti di rilevamento professionale e di costruzione. Realizzato in plastica stampata a iniezione di alta qualit\u00e0, il marcatore di rilevamento SM01-BL offre la resistenza e la longevit\u00e0 necessarie per i cantieri all&#039;aperto pi\u00f9 difficili. Essendo uno dei pi\u00f9 affidabili <a href=\"https:\/\/mountlaser.com\/it\/contact-us\/\"><strong data-start=\"597\" data-end=\"620\">marcatori topografici<\/strong><\/a>, fornisce un posizionamento costantemente accurato per linee di layout, identificazione dei confini e punti di controllo.<\/p>\n<p data-start=\"732\" data-end=\"1222\">Disponibile in una gamma di colori brillanti e ad alta visibilit\u00e0, il marcatore topografico SM01-BL garantisce un chiaro riconoscimento in tutte le condizioni di illuminazione e terreno. I topografi che si affidano ai marcatori topografici per le operazioni quotidiane sul campo ne apprezzeranno l&#039;affidabilit\u00e0, la resistenza agli agenti atmosferici e la facilit\u00e0 di posizionamento. Che venga utilizzato su tracciati di cantiere o su punti di controllo topografici a lungo termine, il <a href=\"https:\/\/mountlaser.com\/it\/\">Marcatore di rilevamento SM01-BL<\/a> si distingue come soluzione di livello professionale tra i moderni marcatori topografici.<\/p>\n<div>\n<table style=\"border-collapse: collapse; width: 681.77pt;\" border=\"0\" width=\"909\" cellspacing=\"0\" cellpadding=\"0\">\n<tbody>\n<tr style=\"height: 14.25pt;\">\n<td class=\"et2\" style=\"height: 14.25pt; width: 127.50pt;\" width=\"170\" height=\"19\">NUMERO<\/td>\n<td class=\"et2\" style=\"width: 196.50pt;\" width=\"262\">COLORE<\/td>\n<td class=\"et2\" style=\"width: 213.00pt;\" width=\"284\">DIMENSIONI D xdx H<\/td>\n<td class=\"et3\" style=\"width: 144.75pt;\" width=\"193\">IMMAGINE<\/td>\n<\/tr>\n<tr style=\"height: 14.25pt;\">\n<td class=\"et4\" style=\"height: 14.25pt;\" height=\"19\">SM01-BL<\/td>\n<td class=\"et5\">Blu<\/td>\n<td class=\"et6\">D46 \u00d7 d10 \u00d7 H6 mm<\/td>\n<td class=\"et7\"><img fetchpriority=\"high\" decoding=\"async\" class=\"alignnone wp-image-5349\" src=\"https:\/\/mountlaser.com\/wp-content\/uploads\/2025\/12\/SM01-Surveying-Marker4.webp\" alt=\"SM01-BL Surveying Marker\" width=\"500\" height=\"500\" srcset=\"https:\/\/mountlaser.com\/wp-content\/uploads\/2025\/12\/SM01-Surveying-Marker4.webp 1000w, https:\/\/mountlaser.com\/wp-content\/uploads\/2025\/12\/SM01-Surveying-Marker4-300x300.webp 300w, https:\/\/mountlaser.com\/wp-content\/uploads\/2025\/12\/SM01-Surveying-Marker4-150x150.webp 150w, https:\/\/mountlaser.com\/wp-content\/uploads\/2025\/12\/SM01-Surveying-Marker4-768x768.webp 768w, https:\/\/mountlaser.com\/wp-content\/uploads\/2025\/12\/SM01-Surveying-Marker4-12x12.webp 12w, https:\/\/mountlaser.com\/wp-content\/uploads\/2025\/12\/SM01-Surveying-Marker4-600x600.webp 600w, https:\/\/mountlaser.com\/wp-content\/uploads\/2025\/12\/SM01-Surveying-Marker4-800x800.webp 800w, https:\/\/mountlaser.com\/wp-content\/uploads\/2025\/12\/SM01-Surveying-Marker4-400x400.webp 400w\" sizes=\"(max-width: 500px) 100vw, 500px\" \/><\/td>\n<\/tr>\n<\/tbody>\n<\/table>\n<\/div>","protected":false},"excerpt":{"rendered":"<ul>\n<li>Materiale durevole: realizzato in plastica stampata a iniezione di alta qualit\u00e0 per una lunga durata.<\/li>\n<li>Alta visibilit\u00e0: disponibile in blu, per un facile riconoscimento su qualsiasi terreno.<\/li>\n<li>Strumento di riferimento di precisione: ideale per contrassegnare punti di controllo, confini, linee di tracciamento e coordinate essenziali per il rilievo.<\/li>\n<li>Stabile e leggero: facile da posizionare e fissare, adatto a tutti gli ambienti di topografia e costruzione.<\/li>\n<li>Dimensioni standard D46 \u00d7 d10 \u00d7 H6 mm per adattarsi ad ampie applicazioni di rilevamento.<\/li>\n<\/ul>","protected":false},"featured_media":5352,"comment_status":"open","ping_status":"closed","template":"","meta":[],"product_brand":[],"product_cat":[79,152],"product_tag":[],"class_list":{"0":"post-5347","1":"product","2":"type-product","3":"status-publish","4":"has-post-thumbnail","6":"product_cat-surveying-accessory","7":"product_cat-surveying-marker","9":"first","10":"instock","11":"shipping-taxable","12":"product-type-simple"},"_links":{"self":[{"href":"https:\/\/mountlaser.com\/it\/wp-json\/wp\/v2\/product\/5347","targetHints":{"allow":["GET"]}}],"collection":[{"href":"https:\/\/mountlaser.com\/it\/wp-json\/wp\/v2\/product"}],"about":[{"href":"https:\/\/mountlaser.com\/it\/wp-json\/wp\/v2\/types\/product"}],"replies":[{"embeddable":true,"href":"https:\/\/mountlaser.com\/it\/wp-json\/wp\/v2\/comments?post=5347"}],"wp:featuredmedia":[{"embeddable":true,"href":"https:\/\/mountlaser.com\/it\/wp-json\/wp\/v2\/media\/5352"}],"wp:attachment":[{"href":"https:\/\/mountlaser.com\/it\/wp-json\/wp\/v2\/media?parent=5347"}],"wp:term":[{"taxonomy":"product_brand","embeddable":true,"href":"https:\/\/mountlaser.com\/it\/wp-json\/wp\/v2\/product_brand?post=5347"},{"taxonomy":"product_cat","embeddable":true,"href":"https:\/\/mountlaser.com\/it\/wp-json\/wp\/v2\/product_cat?post=5347"},{"taxonomy":"product_tag","embeddable":true,"href":"https:\/\/mountlaser.com\/it\/wp-json\/wp\/v2\/product_tag?post=5347"}],"curies":[{"name":"parola chiave","href":"https:\/\/api.w.org\/{rel}","templated":true}]}}