{"id":5261,"date":"2025-12-03T07:43:46","date_gmt":"2025-12-03T07:43:46","guid":{"rendered":"https:\/\/mountlaser.com\/?post_type=product&#038;p=5261"},"modified":"2025-12-03T07:43:46","modified_gmt":"2025-12-03T07:43:46","slug":"chaining-pin","status":"publish","type":"product","link":"https:\/\/mountlaser.com\/it\/prodotto\/chaining-pin\/","title":{"rendered":"Perno di concatenamento"},"content":{"rendered":"<p>Il perno di concatenamento \u00e8 uno strumento essenziale per la misurazione e l&#039;allineamento della distanza, che offre durata e alta visibilit\u00e0 per le applicazioni di rilevamento sul campo. Progettato per l&#039;affidabilit\u00e0, <a href=\"https:\/\/mountlaser.com\/it\/\"><strong>Perni di concatenamento nella topografia<\/strong><\/a> sono realizzati in robusto acciaio per molle e rivestiti con colori alternati rosso e bianco per la massima visibilit\u00e0 su vari terreni. Che si tratti di marcare punti intermedi o di tracciare lunghe distanze, ciascuno <a href=\"https:\/\/mountlaser.com\/it\/categoria-prodotto\/surveying-pole-rod\/\"><strong>Perno di concatenamento<\/strong><\/a> garantisce prestazioni costanti e facilit\u00e0 di posizionamento.<\/p>\n<p>Disponibili in diversi diametri e lunghezze, i perni di concatenamento per la topografia consentono ai professionisti di scegliere la dimensione pi\u00f9 adatta al loro flusso di lavoro specifico. La robusta struttura in acciaio armonico garantisce che i perni mantengano la forma anche dopo ripetuti inserimenti nel terreno. Queste versatili opzioni di perni di concatenamento sono adatte per rilievi topografici, tracciati di cantiere e attivit\u00e0 generali di misurazione del territorio.<\/p>\n<p>Combinando forza, visibilit\u00e0 e molteplici selezioni di dimensioni, <a href=\"https:\/\/mountlaser.com\/it\/contact-us\/\">Perni di concatenamento nella topografia<\/a> garantiscono prestazioni affidabili alle squadre di rilevamento che richiedono precisione ed efficienza in ogni progetto.<\/p>\n<div>\n<table style=\"border-collapse: collapse; width: 284.27pt;\" border=\"0\" width=\"379\" cellspacing=\"0\" cellpadding=\"0\">\n<tbody>\n<tr style=\"height: 14.25pt;\">\n<td class=\"et2\" style=\"height: 14.25pt; width: 99.75pt;\" width=\"133\" height=\"19\">NUMERO<\/td>\n<td class=\"et3\" style=\"width: 75.75pt;\" width=\"101\">DIAMETRO<\/td>\n<td class=\"et3\" style=\"width: 108.75pt;\" width=\"145\">LUNGHEZZA<\/td>\n<\/tr>\n<tr style=\"height: 14.25pt;\">\n<td class=\"et4\" style=\"height: 14.25pt;\" height=\"19\">CP4030<\/td>\n<td class=\"et4\">4,0 mm<\/td>\n<td class=\"et4\">30 centimetri<\/td>\n<\/tr>\n<tr style=\"height: 14.25pt;\">\n<td class=\"et4\" style=\"height: 14.25pt;\" height=\"19\">CP4050<\/td>\n<td class=\"et4\">4,0 mm<\/td>\n<td class=\"et4\">50 centimetri<\/td>\n<\/tr>\n<tr style=\"height: 14.25pt;\">\n<td class=\"et4\" style=\"height: 14.25pt;\" height=\"19\">Modello CP6030<\/td>\n<td class=\"et4\">6,0 mm<\/td>\n<td class=\"et4\">30 centimetri<\/td>\n<\/tr>\n<tr style=\"height: 14.25pt;\">\n<td class=\"et4\" style=\"height: 14.25pt;\" height=\"19\">Modello CP6050<\/td>\n<td class=\"et4\">6,0 mm<\/td>\n<td class=\"et4\">50 centimetri<\/td>\n<\/tr>\n<tr style=\"height: 14.25pt;\">\n<td class=\"et4\" style=\"height: 14.25pt;\" height=\"19\">CP6060<\/td>\n<td class=\"et4\">6,0 mm<\/td>\n<td class=\"et4\">60 centimetri<\/td>\n<\/tr>\n<tr style=\"height: 14.25pt;\">\n<td class=\"et4\" style=\"height: 14.25pt;\" height=\"19\">CP80100<\/td>\n<td class=\"et4\">8,0 mm<\/td>\n<td class=\"et4\">100 centimetri<\/td>\n<\/tr>\n<\/tbody>\n<\/table>\n<p><img fetchpriority=\"high\" decoding=\"async\" class=\"aligncenter wp-image-5258\" src=\"https:\/\/mountlaser.com\/wp-content\/uploads\/2025\/12\/Chaning-Pin5.webp\" alt=\"Chaining pins in surveying\" width=\"500\" height=\"500\" srcset=\"https:\/\/mountlaser.com\/wp-content\/uploads\/2025\/12\/Chaning-Pin5.webp 1000w, https:\/\/mountlaser.com\/wp-content\/uploads\/2025\/12\/Chaning-Pin5-300x300.webp 300w, https:\/\/mountlaser.com\/wp-content\/uploads\/2025\/12\/Chaning-Pin5-150x150.webp 150w, https:\/\/mountlaser.com\/wp-content\/uploads\/2025\/12\/Chaning-Pin5-768x768.webp 768w, https:\/\/mountlaser.com\/wp-content\/uploads\/2025\/12\/Chaning-Pin5-12x12.webp 12w, https:\/\/mountlaser.com\/wp-content\/uploads\/2025\/12\/Chaning-Pin5-600x600.webp 600w, https:\/\/mountlaser.com\/wp-content\/uploads\/2025\/12\/Chaning-Pin5-800x800.webp 800w, https:\/\/mountlaser.com\/wp-content\/uploads\/2025\/12\/Chaning-Pin5-400x400.webp 400w\" sizes=\"(max-width: 500px) 100vw, 500px\" \/><\/p>\n<\/div>","protected":false},"excerpt":{"rendered":"<ul>\n<li>Alta visibilit\u00e0: il rivestimento alternato rosso e bianco garantisce una facile identificazione anche a lunghe distanze.<\/li>\n<li>Costruzione durevole: realizzata in acciaio per molle per resistenza e flessibilit\u00e0 a lungo termine.<\/li>\n<li>Disponibili in diverse misure: diametri da 4 mm a 8 mm e lunghezze da 30 cm a 100 cm.<\/li>\n<li>Marcatura di precisione: ideale per la misurazione della distanza, l&#039;allineamento a catena e la marcatura dei punti di rilevamento.<\/li>\n<\/ul>","protected":false},"featured_media":5255,"comment_status":"open","ping_status":"closed","template":"","meta":[],"product_brand":[],"product_cat":[89,148],"product_tag":[],"class_list":{"0":"post-5261","1":"product","2":"type-product","3":"status-publish","4":"has-post-thumbnail","6":"product_cat-surveying-pole-rod","7":"product_cat-chaining-pin","9":"first","10":"instock","11":"shipping-taxable","12":"product-type-simple"},"_links":{"self":[{"href":"https:\/\/mountlaser.com\/it\/wp-json\/wp\/v2\/product\/5261","targetHints":{"allow":["GET"]}}],"collection":[{"href":"https:\/\/mountlaser.com\/it\/wp-json\/wp\/v2\/product"}],"about":[{"href":"https:\/\/mountlaser.com\/it\/wp-json\/wp\/v2\/types\/product"}],"replies":[{"embeddable":true,"href":"https:\/\/mountlaser.com\/it\/wp-json\/wp\/v2\/comments?post=5261"}],"wp:featuredmedia":[{"embeddable":true,"href":"https:\/\/mountlaser.com\/it\/wp-json\/wp\/v2\/media\/5255"}],"wp:attachment":[{"href":"https:\/\/mountlaser.com\/it\/wp-json\/wp\/v2\/media?parent=5261"}],"wp:term":[{"taxonomy":"product_brand","embeddable":true,"href":"https:\/\/mountlaser.com\/it\/wp-json\/wp\/v2\/product_brand?post=5261"},{"taxonomy":"product_cat","embeddable":true,"href":"https:\/\/mountlaser.com\/it\/wp-json\/wp\/v2\/product_cat?post=5261"},{"taxonomy":"product_tag","embeddable":true,"href":"https:\/\/mountlaser.com\/it\/wp-json\/wp\/v2\/product_tag?post=5261"}],"curies":[{"name":"parola chiave","href":"https:\/\/api.w.org\/{rel}","templated":true}]}}