{"id":5186,"date":"2025-12-03T01:33:40","date_gmt":"2025-12-03T01:33:40","guid":{"rendered":"https:\/\/mountlaser.com\/?post_type=product&#038;p=5186"},"modified":"2025-12-03T05:08:31","modified_gmt":"2025-12-03T05:08:31","slug":"gls30-gps-pole-compression-snap-lock","status":"publish","type":"product","link":"https:\/\/mountlaser.com\/it\/prodotto\/gls30-gps-pole-compression-snap-lock\/","title":{"rendered":"GLS30 Supporto GPS a compressione e chiusura a scatto"},"content":{"rendered":"<p>IL <a href=\"https:\/\/mountlaser.com\/it\/\"><strong>Asta GPS Rover in fibra di carbonio da 2 metri<\/strong><\/a> Progettato per il rilevamento GNSS professionale, offre resistenza, stabilit\u00e0 e leggerezza superiori in ambienti di lavoro impegnativi. Progettato con materiali di alta qualit\u00e0, il GPS Rover Rod in fibra di carbonio da 2 metri garantisce un&#039;eccezionale rigidit\u00e0 e una flessione ridotta durante la misurazione, rendendolo ideale per lavori GNSS di precisione.<\/p>\n<p>L&#039;asta \u00e8 direttamente compatibile con un&#039;ampia gamma di ricevitori GNSS e la sua qualit\u00e0 costruttiva \u00e8 in linea con gli standard leader del settore. Come alternativa ad alte prestazioni, <a href=\"https:\/\/mountlaser.com\/it\/categoria-prodotto\/surveying-pole-rod\/\"><strong>Palo GNSS in carbonio GLS30<\/strong><\/a> garantisce una durata eccezionale e un funzionamento regolare sia in condizioni di routine che in condizioni di rilevamento difficili.<\/p>\n<p>Dotato di un affidabile sistema di compressione e bloccaggio a scatto, il palo GNSS in carbonio GLS30 consente rapide regolazioni dell&#039;altezza, mantenendo al contempo una stabilit\u00e0 ottimale durante il funzionamento. La base a bolla in alluminio integrata con una bolla circolare da 30&#039; garantisce un rapido livellamento, mentre la filettatura da 5\/8&quot;-11 supporta il montaggio universale di apparecchiature GNSS.<\/p>\n<p>Costruito con <a href=\"https:\/\/mountlaser.com\/it\/about-us\/\">fibra di carbonio premium<\/a>, il GPS Rover Rod in fibra di carbonio da 2 metri raggiunge un eccellente equilibrio tra leggerezza, portabilit\u00e0 e resistenza sul campo a lungo termine. Fornito con una custodia morbida protettiva, \u00e8 la scelta ideale per i topografi che cercano precisione, praticit\u00e0 e affidabilit\u00e0.<\/p>\n<div>\n<table style=\"border-collapse: collapse; width: 1055.28pt;\" border=\"0\" width=\"1407\" cellspacing=\"0\" cellpadding=\"0\">\n<tbody>\n<tr style=\"height: 14.25pt;\">\n<td class=\"et2\" style=\"height: 14.25pt; width: 235.50pt;\" width=\"314\" height=\"19\">NUMERO<\/td>\n<td class=\"et2\" style=\"width: 309.00pt;\" width=\"412\">ESTENSIONE<\/td>\n<td class=\"et3\" style=\"width: 88.50pt;\" width=\"118\">MATERIALE<\/td>\n<td class=\"et4\" style=\"width: 138.00pt;\" width=\"184\">BASE A BOLLE<\/td>\n<td class=\"et4\" style=\"width: 176.25pt;\" width=\"235\">SERRATURA<\/td>\n<td class=\"et2\" style=\"width: 54.00pt;\" width=\"72\">DIAMETRO<\/td>\n<td class=\"et5\" style=\"width: 54.00pt;\" width=\"72\">IMMAGINE<\/td>\n<\/tr>\n<tr style=\"height: 14.25pt;\">\n<td class=\"et6\" style=\"height: 14.25pt;\" height=\"19\">GLS30<\/td>\n<td class=\"et6\">200 centimetri<\/td>\n<td class=\"et6\">Fibra di carbonio premium<\/td>\n<td class=\"et6\">con la bolla<\/td>\n<td class=\"et6\">Compressione e scatto<\/td>\n<td class=\"et6\">18\/25 mm<\/td>\n<td><img fetchpriority=\"high\" decoding=\"async\" class=\"alignnone wp-image-5188\" src=\"https:\/\/mountlaser.com\/wp-content\/uploads\/2025\/12\/GLS302.webp\" alt=\"2 Meter carbon fiber GPS Rover Rod\" width=\"500\" height=\"500\" srcset=\"https:\/\/mountlaser.com\/wp-content\/uploads\/2025\/12\/GLS302.webp 1000w, https:\/\/mountlaser.com\/wp-content\/uploads\/2025\/12\/GLS302-300x300.webp 300w, https:\/\/mountlaser.com\/wp-content\/uploads\/2025\/12\/GLS302-150x150.webp 150w, https:\/\/mountlaser.com\/wp-content\/uploads\/2025\/12\/GLS302-768x768.webp 768w, https:\/\/mountlaser.com\/wp-content\/uploads\/2025\/12\/GLS302-12x12.webp 12w, https:\/\/mountlaser.com\/wp-content\/uploads\/2025\/12\/GLS302-600x600.webp 600w, https:\/\/mountlaser.com\/wp-content\/uploads\/2025\/12\/GLS302-800x800.webp 800w, https:\/\/mountlaser.com\/wp-content\/uploads\/2025\/12\/GLS302-400x400.webp 400w\" sizes=\"(max-width: 500px) 100vw, 500px\" \/><\/td>\n<\/tr>\n<\/tbody>\n<\/table>\n<\/div>","protected":false},"excerpt":{"rendered":"<ul>\n<li>Fornisce un riferimento di altezza stabile e preciso per il rilevamento GNSS<\/li>\n<li>Garantisce una regolazione rapida e sicura dell&#039;altezza con compressione e blocco a scatto<\/li>\n<li>Supporta ricevitori GNSS universali con filettatura di montaggio standard da 5\/8\u2033-11<\/li>\n<li>Migliora la precisione del livellamento tramite la fiala circolare integrata da 30\u2032<\/li>\n<li>Il design leggero in fibra di carbonio migliora la maneggevolezza e la durata a lungo termine<\/li>\n<\/ul>","protected":false},"featured_media":5187,"comment_status":"open","ping_status":"closed","template":"","meta":[],"product_brand":[],"product_cat":[89,145],"product_tag":[],"class_list":{"0":"post-5186","1":"product","2":"type-product","3":"status-publish","4":"has-post-thumbnail","6":"product_cat-surveying-pole-rod","7":"product_cat-gps-pole-compression-snap-lock","9":"first","10":"instock","11":"shipping-taxable","12":"product-type-simple"},"_links":{"self":[{"href":"https:\/\/mountlaser.com\/it\/wp-json\/wp\/v2\/product\/5186","targetHints":{"allow":["GET"]}}],"collection":[{"href":"https:\/\/mountlaser.com\/it\/wp-json\/wp\/v2\/product"}],"about":[{"href":"https:\/\/mountlaser.com\/it\/wp-json\/wp\/v2\/types\/product"}],"replies":[{"embeddable":true,"href":"https:\/\/mountlaser.com\/it\/wp-json\/wp\/v2\/comments?post=5186"}],"wp:featuredmedia":[{"embeddable":true,"href":"https:\/\/mountlaser.com\/it\/wp-json\/wp\/v2\/media\/5187"}],"wp:attachment":[{"href":"https:\/\/mountlaser.com\/it\/wp-json\/wp\/v2\/media?parent=5186"}],"wp:term":[{"taxonomy":"product_brand","embeddable":true,"href":"https:\/\/mountlaser.com\/it\/wp-json\/wp\/v2\/product_brand?post=5186"},{"taxonomy":"product_cat","embeddable":true,"href":"https:\/\/mountlaser.com\/it\/wp-json\/wp\/v2\/product_cat?post=5186"},{"taxonomy":"product_tag","embeddable":true,"href":"https:\/\/mountlaser.com\/it\/wp-json\/wp\/v2\/product_tag?post=5186"}],"curies":[{"name":"parola chiave","href":"https:\/\/api.w.org\/{rel}","templated":true}]}}