{"id":5087,"date":"2025-12-02T06:41:46","date_gmt":"2025-12-02T06:41:46","guid":{"rendered":"https:\/\/mountlaser.com\/?post_type=product&#038;p=5087"},"modified":"2025-12-02T06:41:47","modified_gmt":"2025-12-02T06:41:47","slug":"gp180-gps-pole-thread-lock","status":"publish","type":"product","link":"https:\/\/mountlaser.com\/it\/prodotto\/gp180-gps-pole-thread-lock\/","title":{"rendered":"Bloccaggio filettato per asta GPS GP180"},"content":{"rendered":"<p>IL <a href=\"https:\/\/mountlaser.com\/it\/categoria-prodotto\/surveying-pole-rod\/\"><strong>Bloccaggio filettato per asta GPS GP180<\/strong><\/a> \u00e8 una soluzione di livello professionale progettata per i topografi che richiedono la massima stabilit\u00e0 e affidabilit\u00e0 sul campo. Questo avanzato sistema di bloccaggio filettato per asta GPS GP180 garantisce una connessione sicura e resistente alle vibrazioni, rendendolo ideale per le applicazioni GNSS pi\u00f9 impegnative. Progettata per la versatilit\u00e0, l&#039;asta \u00e8 pienamente compatibile con qualsiasi asta GPS standard, mentre la sua struttura con bloccaggio filettato rimovibile ne migliora la portabilit\u00e0 e la facilit\u00e0 d&#039;uso. Che si tratti di robotica GNSS, lavori catastali o rilievi edili, il bloccaggio filettato per asta GPS GP180 offre prestazioni affidabili ogni giorno.<\/p>\n<p>Realizzati in fibra di carbonio di prima qualit\u00e0, ciascuno <strong><a href=\"https:\/\/mountlaser.com\/it\/about-us\/\">palo GPS<\/a> <\/strong>Offre una resistenza eccezionale con un peso minimo e la base a bolla in alluminio include una fiala circolare di precisione da 30&#039; per un livellamento istantaneo. Una copertura antiscivolo integrata migliora la maneggevolezza in ambienti difficili, mentre la filettatura da 5\/8&quot;-11 garantisce la compatibilit\u00e0 universale con gli strumenti di rilevamento convenzionali. Con molteplici opzioni di configurazione, come i modelli da 180 cm e 200 cm, <a href=\"https:\/\/mountlaser.com\/it\/contact-us\/\">palo GPS<\/a> il sistema si adatta senza sforzo alle diverse esigenze del cantiere.<\/p>\n<div>\n<table style=\"border-collapse: collapse; width: 1055.28pt;\" border=\"0\" width=\"1407\" cellspacing=\"0\" cellpadding=\"0\">\n<tbody>\n<tr style=\"height: 14.25pt;\">\n<td class=\"et2\" style=\"height: 14.25pt; width: 235.50pt;\" width=\"314\" height=\"19\">NUMERO<\/td>\n<td class=\"et2\" style=\"width: 309.00pt;\" width=\"412\">ESTENSIONE<\/td>\n<td class=\"et2\" style=\"width: 88.50pt;\" width=\"118\">SEZIONI<\/td>\n<td class=\"et2\" style=\"width: 138.00pt;\" width=\"184\">MATERIALE<\/td>\n<td class=\"et2\" style=\"width: 176.25pt;\" width=\"235\">COLORE<\/td>\n<td class=\"et2\" style=\"width: 54.00pt;\" width=\"72\">DIAMETRO<\/td>\n<td class=\"et3\" style=\"width: 54.00pt;\" width=\"72\">IMMAGINE<\/td>\n<\/tr>\n<tr style=\"height: 14.25pt;\">\n<td class=\"et4\" style=\"height: 14.25pt;\" height=\"19\">GP180-4C<\/td>\n<td class=\"et4\">180 centimetri<\/td>\n<td class=\"et5\">4<\/td>\n<td class=\"et4\">Fibra di carbonio premium<\/td>\n<td class=\"et4\">Nero<\/td>\n<td class=\"et4\">32mm<\/td>\n<td><img fetchpriority=\"high\" decoding=\"async\" class=\"alignnone wp-image-5079\" src=\"https:\/\/mountlaser.com\/wp-content\/uploads\/2025\/12\/GP180-4C-3.webp\" alt=\"GP180 GPS Pole Thread Lock\" width=\"500\" height=\"500\" srcset=\"https:\/\/mountlaser.com\/wp-content\/uploads\/2025\/12\/GP180-4C-3.webp 1000w, https:\/\/mountlaser.com\/wp-content\/uploads\/2025\/12\/GP180-4C-3-300x300.webp 300w, https:\/\/mountlaser.com\/wp-content\/uploads\/2025\/12\/GP180-4C-3-150x150.webp 150w, https:\/\/mountlaser.com\/wp-content\/uploads\/2025\/12\/GP180-4C-3-768x768.webp 768w, https:\/\/mountlaser.com\/wp-content\/uploads\/2025\/12\/GP180-4C-3-12x12.webp 12w, https:\/\/mountlaser.com\/wp-content\/uploads\/2025\/12\/GP180-4C-3-600x600.webp 600w, https:\/\/mountlaser.com\/wp-content\/uploads\/2025\/12\/GP180-4C-3-800x800.webp 800w, https:\/\/mountlaser.com\/wp-content\/uploads\/2025\/12\/GP180-4C-3-400x400.webp 400w\" sizes=\"(max-width: 500px) 100vw, 500px\" \/><\/td>\n<\/tr>\n<tr style=\"height: 14.25pt;\">\n<td class=\"et4\" style=\"height: 14.25pt;\" height=\"19\">GP200-4C<\/td>\n<td class=\"et4\">200 centimetri<\/td>\n<td class=\"et5\">4<\/td>\n<td class=\"et4\">Fibra di carbonio premium<\/td>\n<td class=\"et4\">Nero<\/td>\n<td class=\"et4\">32mm<\/td>\n<td><img decoding=\"async\" class=\"alignnone wp-image-5081\" src=\"https:\/\/mountlaser.com\/wp-content\/uploads\/2025\/12\/GP180-4C-5.webp\" alt=\"GP180 GPS Pole Thread Lock\" width=\"500\" height=\"500\" srcset=\"https:\/\/mountlaser.com\/wp-content\/uploads\/2025\/12\/GP180-4C-5.webp 1000w, https:\/\/mountlaser.com\/wp-content\/uploads\/2025\/12\/GP180-4C-5-300x300.webp 300w, https:\/\/mountlaser.com\/wp-content\/uploads\/2025\/12\/GP180-4C-5-150x150.webp 150w, https:\/\/mountlaser.com\/wp-content\/uploads\/2025\/12\/GP180-4C-5-768x768.webp 768w, https:\/\/mountlaser.com\/wp-content\/uploads\/2025\/12\/GP180-4C-5-12x12.webp 12w, https:\/\/mountlaser.com\/wp-content\/uploads\/2025\/12\/GP180-4C-5-600x600.webp 600w, https:\/\/mountlaser.com\/wp-content\/uploads\/2025\/12\/GP180-4C-5-800x800.webp 800w, https:\/\/mountlaser.com\/wp-content\/uploads\/2025\/12\/GP180-4C-5-400x400.webp 400w\" sizes=\"(max-width: 500px) 100vw, 500px\" \/><\/td>\n<\/tr>\n<tr style=\"height: 14.25pt;\">\n<td class=\"et4\" style=\"height: 14.25pt;\" height=\"19\">GP200-2C<\/td>\n<td class=\"et4\">200 centimetri<\/td>\n<td class=\"et5\">2<\/td>\n<td class=\"et4\">Fibra di carbonio premium<\/td>\n<td class=\"et4\">Nero<\/td>\n<td class=\"et4\">32mm<\/td>\n<td><img decoding=\"async\" class=\"alignnone wp-image-5091\" src=\"https:\/\/mountlaser.com\/wp-content\/uploads\/2025\/12\/GP200-2C-4.webp\" alt=\"GP180 GPS Pole Thread Lock\" width=\"500\" height=\"500\" srcset=\"https:\/\/mountlaser.com\/wp-content\/uploads\/2025\/12\/GP200-2C-4.webp 1000w, https:\/\/mountlaser.com\/wp-content\/uploads\/2025\/12\/GP200-2C-4-300x300.webp 300w, https:\/\/mountlaser.com\/wp-content\/uploads\/2025\/12\/GP200-2C-4-150x150.webp 150w, https:\/\/mountlaser.com\/wp-content\/uploads\/2025\/12\/GP200-2C-4-768x768.webp 768w, https:\/\/mountlaser.com\/wp-content\/uploads\/2025\/12\/GP200-2C-4-12x12.webp 12w, https:\/\/mountlaser.com\/wp-content\/uploads\/2025\/12\/GP200-2C-4-600x600.webp 600w, https:\/\/mountlaser.com\/wp-content\/uploads\/2025\/12\/GP200-2C-4-800x800.webp 800w, https:\/\/mountlaser.com\/wp-content\/uploads\/2025\/12\/GP200-2C-4-400x400.webp 400w\" sizes=\"(max-width: 500px) 100vw, 500px\" \/><\/td>\n<\/tr>\n<\/tbody>\n<\/table>\n<\/div>","protected":false},"excerpt":{"rendered":"<ul>\n<li>Sistema di bloccaggio sicuro della filettatura: garantisce una connessione salda e affidabile tra le sezioni del palo per una maggiore precisione GNSS.<\/li>\n<li>Elevata durata: la struttura in fibra di carbonio di alta qualit\u00e0 garantisce una rigidit\u00e0 eccezionale e una lunga durata.<\/li>\n<li>Livellamento preciso: la base a bolla in alluminio con fiala circolare da 30\u2032 offre una configurazione rapida e un posizionamento preciso.<\/li>\n<li>Compatto e portatile: il design staccabile e la custodia morbida consentono un facile trasporto e stoccaggio.<\/li>\n<li>Compatibilit\u00e0 universale: dotato di filettatura da 5\/8\u2033-11, adatto a un&#039;ampia gamma di ricevitori GNSS, prismi e accessori.<\/li>\n<li>Presa e stabilit\u00e0 migliorate: la copertura antiscivolo garantisce una guida sicura su terreni bagnati, polverosi o irregolari.<\/li>\n<\/ul>","protected":false},"featured_media":5079,"comment_status":"open","ping_status":"closed","template":"","meta":[],"product_brand":[],"product_cat":[89,143],"product_tag":[],"class_list":{"0":"post-5087","1":"product","2":"type-product","3":"status-publish","4":"has-post-thumbnail","6":"product_cat-surveying-pole-rod","7":"product_cat-gps-pole-thread-lock","9":"first","10":"instock","11":"shipping-taxable","12":"product-type-simple"},"_links":{"self":[{"href":"https:\/\/mountlaser.com\/it\/wp-json\/wp\/v2\/product\/5087","targetHints":{"allow":["GET"]}}],"collection":[{"href":"https:\/\/mountlaser.com\/it\/wp-json\/wp\/v2\/product"}],"about":[{"href":"https:\/\/mountlaser.com\/it\/wp-json\/wp\/v2\/types\/product"}],"replies":[{"embeddable":true,"href":"https:\/\/mountlaser.com\/it\/wp-json\/wp\/v2\/comments?post=5087"}],"wp:featuredmedia":[{"embeddable":true,"href":"https:\/\/mountlaser.com\/it\/wp-json\/wp\/v2\/media\/5079"}],"wp:attachment":[{"href":"https:\/\/mountlaser.com\/it\/wp-json\/wp\/v2\/media?parent=5087"}],"wp:term":[{"taxonomy":"product_brand","embeddable":true,"href":"https:\/\/mountlaser.com\/it\/wp-json\/wp\/v2\/product_brand?post=5087"},{"taxonomy":"product_cat","embeddable":true,"href":"https:\/\/mountlaser.com\/it\/wp-json\/wp\/v2\/product_cat?post=5087"},{"taxonomy":"product_tag","embeddable":true,"href":"https:\/\/mountlaser.com\/it\/wp-json\/wp\/v2\/product_tag?post=5087"}],"curies":[{"name":"parola chiave","href":"https:\/\/api.w.org\/{rel}","templated":true}]}}