{"id":5063,"date":"2025-12-02T05:10:42","date_gmt":"2025-12-02T05:10:42","guid":{"rendered":"https:\/\/mountlaser.com\/?post_type=product&#038;p=5063"},"modified":"2025-12-02T05:10:42","modified_gmt":"2025-12-02T05:10:42","slug":"ad-d64-pole-adapter","status":"publish","type":"product","link":"https:\/\/mountlaser.com\/it\/prodotto\/ad-d64-pole-adapter\/","title":{"rendered":"Adattatore per palo AD-D64"},"content":{"rendered":"<p>IL <a href=\"https:\/\/mountlaser.com\/it\/\"><strong>Adattatore per palo AD-D64<\/strong><\/a> \u00e8 un accessorio di precisione progettato per migliorare la compatibilit\u00e0 e la flessibilit\u00e0 nelle applicazioni di robotica GNSS e di rilevamento con stazione totale. Progettato per l&#039;uso professionale sul campo, l&#039;adattatore per asta AD-D64 garantisce un&#039;integrazione fluida con le aste di rilevamento intercambiabili e garantisce un posizionamento stabile e preciso del bersaglio. Essenziale <a href=\"https:\/\/mountlaser.com\/it\/products\/\"><strong>adattatore per asta di prolunga<\/strong><\/a>, consente ai topografi di convertire rapidamente tra diversi sistemi di destinazione mantenendo una precisione di misurazione costante.<\/p>\n<p>Specificamente progettato per l&#039;obiettivo svizzero GPH1, il <a href=\"https:\/\/mountlaser.com\/it\/contact-us\/\">Adattatore per palo AD-D64<\/a> Fornisce un&#039;altezza del bersaglio di 86 mm con una lunghezza dell&#039;adattatore di 50 mm, garantendo un allineamento corretto e prestazioni affidabili sul campo. La struttura dell&#039;adattatore per asta di prolunga presenta una filettatura di montaggio standard da 5\/8\u2033-11, rendendolo altamente compatibile con un&#039;ampia gamma di apparecchiature di rilevamento. Che si tratti di aggiornare un&#039;installazione di asta esistente o di adattarla a nuovo hardware, l&#039;adattatore per asta AD-D64 garantisce un&#039;installazione rapida, sicura e precisa.<\/p>\n<div>\n<table style=\"border-collapse: collapse; width: 947.27pt;\" border=\"0\" width=\"1263\" cellspacing=\"0\" cellpadding=\"0\">\n<tbody>\n<tr style=\"height: 17.25pt;\">\n<td class=\"et2\" style=\"height: 17.25pt; width: 235.50pt;\" width=\"314\" height=\"23\">NUMERO DI PARTE<\/td>\n<td class=\"et3\" style=\"width: 309.00pt;\" width=\"412\">TARGET PROGETTATO PER<\/td>\n<td class=\"et3\" style=\"width: 88.50pt;\" width=\"118\">ALTEZZA BERSAGLIO<\/td>\n<td class=\"et3\" style=\"width: 138.00pt;\" width=\"184\">LUNGHEZZA DELL&#039;ADATTATORE<\/td>\n<td class=\"et4\" style=\"width: 176.25pt;\" width=\"235\">IMMAGINE<\/td>\n<\/tr>\n<tr style=\"height: 14.25pt;\">\n<td class=\"et5\" style=\"height: 14.25pt;\" height=\"19\">AD-D64<\/td>\n<td class=\"et5\">GPH1 svizzero<\/td>\n<td class=\"et5\">86 millimetri<\/td>\n<td class=\"et5\">50 millimetri<\/td>\n<td><img fetchpriority=\"high\" decoding=\"async\" class=\"alignnone wp-image-5067\" src=\"https:\/\/mountlaser.com\/wp-content\/uploads\/2025\/12\/AD-D64-4.webp\" alt=\"AD-D64 Pole Adapter\" width=\"500\" height=\"500\" srcset=\"https:\/\/mountlaser.com\/wp-content\/uploads\/2025\/12\/AD-D64-4.webp 1000w, https:\/\/mountlaser.com\/wp-content\/uploads\/2025\/12\/AD-D64-4-300x300.webp 300w, https:\/\/mountlaser.com\/wp-content\/uploads\/2025\/12\/AD-D64-4-150x150.webp 150w, https:\/\/mountlaser.com\/wp-content\/uploads\/2025\/12\/AD-D64-4-768x768.webp 768w, https:\/\/mountlaser.com\/wp-content\/uploads\/2025\/12\/AD-D64-4-12x12.webp 12w, https:\/\/mountlaser.com\/wp-content\/uploads\/2025\/12\/AD-D64-4-600x600.webp 600w, https:\/\/mountlaser.com\/wp-content\/uploads\/2025\/12\/AD-D64-4-800x800.webp 800w, https:\/\/mountlaser.com\/wp-content\/uploads\/2025\/12\/AD-D64-4-400x400.webp 400w\" sizes=\"(max-width: 500px) 100vw, 500px\" \/><\/td>\n<\/tr>\n<\/tbody>\n<\/table>\n<\/div>","protected":false},"excerpt":{"rendered":"<ul>\n<li>Compatibilit\u00e0 del design intercambiabile: funziona con i pali di rilevamento progettati per la robotica GNSS e le operazioni con stazioni totali.<\/li>\n<li>Funzionalit\u00e0 di estensione: funge da affidabile adattatore per asta di prolunga per regolare e convertire le altezze del bersaglio.<\/li>\n<li>Allineamento preciso del bersaglio: progettato specificamente per il bersaglio Swiss GPH1 con un&#039;altezza del bersaglio di 86 mm.<\/li>\n<li>Filettatura di montaggio standard: presenta una filettatura universale da 5\/8\u2033-11 per un&#039;ampia compatibilit\u00e0 con le apparecchiature.<\/li>\n<li>Lunghezza dell&#039;adattatore ottimizzata: lunghezza dell&#039;adattatore da 50 mm progettata per garantire una geometria di misurazione uniforme.<\/li>\n<li>Capacit\u00e0 di conversione rapida: consente di passare rapidamente da un&#039;applicazione all&#039;altra semplicemente cambiando gli adattatori.<\/li>\n<li>Costruzione durevole: progettato per prestazioni sul campo durature in ambienti di rilevamento impegnativi.<\/li>\n<\/ul>","protected":false},"featured_media":5064,"comment_status":"open","ping_status":"closed","template":"","meta":[],"product_brand":[],"product_cat":[142,89],"product_tag":[],"class_list":{"0":"post-5063","1":"product","2":"type-product","3":"status-publish","4":"has-post-thumbnail","6":"product_cat-pole-adapter","7":"product_cat-surveying-pole-rod","9":"first","10":"instock","11":"shipping-taxable","12":"product-type-simple"},"_links":{"self":[{"href":"https:\/\/mountlaser.com\/it\/wp-json\/wp\/v2\/product\/5063","targetHints":{"allow":["GET"]}}],"collection":[{"href":"https:\/\/mountlaser.com\/it\/wp-json\/wp\/v2\/product"}],"about":[{"href":"https:\/\/mountlaser.com\/it\/wp-json\/wp\/v2\/types\/product"}],"replies":[{"embeddable":true,"href":"https:\/\/mountlaser.com\/it\/wp-json\/wp\/v2\/comments?post=5063"}],"wp:featuredmedia":[{"embeddable":true,"href":"https:\/\/mountlaser.com\/it\/wp-json\/wp\/v2\/media\/5064"}],"wp:attachment":[{"href":"https:\/\/mountlaser.com\/it\/wp-json\/wp\/v2\/media?parent=5063"}],"wp:term":[{"taxonomy":"product_brand","embeddable":true,"href":"https:\/\/mountlaser.com\/it\/wp-json\/wp\/v2\/product_brand?post=5063"},{"taxonomy":"product_cat","embeddable":true,"href":"https:\/\/mountlaser.com\/it\/wp-json\/wp\/v2\/product_cat?post=5063"},{"taxonomy":"product_tag","embeddable":true,"href":"https:\/\/mountlaser.com\/it\/wp-json\/wp\/v2\/product_tag?post=5063"}],"curies":[{"name":"parola chiave","href":"https:\/\/api.w.org\/{rel}","templated":true}]}}