{"id":5030,"date":"2025-12-02T03:25:10","date_gmt":"2025-12-02T03:25:10","guid":{"rendered":"https:\/\/mountlaser.com\/?post_type=product&#038;p=5030"},"modified":"2025-12-02T03:25:10","modified_gmt":"2025-12-02T03:25:10","slug":"ad-b15-pole-adapter","status":"publish","type":"product","link":"https:\/\/mountlaser.com\/it\/prodotto\/ad-b15-pole-adapter\/","title":{"rendered":"Adattatore per palo AD-B15"},"content":{"rendered":"<p>IL <a href=\"https:\/\/mountlaser.com\/it\/\"><strong>Adattatore per palo<\/strong><\/a> \u00e8 un accessorio di precisione progettato per migliorare la compatibilit\u00e0 e la flessibilit\u00e0 tra paline topografiche GNSS, robotiche e per stazioni totali. Progettato per i professionisti sul campo che cambiano frequentemente target, l&#039;adattatore per palina consente cambi di configurazione immediati semplicemente sostituendo gli adattatori, rendendolo uno strumento essenziale per un flusso di lavoro efficiente.<\/p>\n<p>Realizzato con materiali robusti e una filettatura di montaggio universale da 5\/8\u2033-11, questo <a href=\"https:\/\/mountlaser.com\/it\/about-us\/\"><strong>Adattatore per asta filettata<\/strong> <\/a>Garantisce una connessione sicura e stabile per un&#039;ampia gamma di obiettivi di rilevamento. Ogni adattatore per asta filettata \u00e8 progettato con lunghezze specifiche per raggiungere un&#039;altezza esatta dell&#039;obiettivo di 150 mm, garantendo la precisione in molteplici applicazioni.<\/p>\n<p><a href=\"https:\/\/mountlaser.com\/it\/contact-us\/\">Modelli di adattatori multipli<\/a>\u2014tra cui AD-B15, AD-B35, AD-B50, AD-B73, AD-B80 e AD-B100\u2014offrono una compatibilit\u00e0 personalizzata con i prismi Trimble, Zeiss, Topcon e MountLaser, offrendo ai topografi una versatilit\u00e0 senza pari sul campo. Che si utilizzino prismi a 360\u00b0, miniprismi o target di monitoraggio regolabili, l&#039;adattatore per asta garantisce un allineamento preciso, una conversione rapida e una lunga durata.<\/p>\n<div>\n<table style=\"border-collapse: collapse; width: 947.27pt;\" border=\"0\" width=\"1263\" cellspacing=\"0\" cellpadding=\"0\">\n<tbody>\n<tr style=\"height: 17.25pt;\">\n<td class=\"et2\" style=\"height: 17.25pt; width: 235.50pt;\" width=\"314\" height=\"23\">NUMERO DI PARTE<\/td>\n<td class=\"et3\" style=\"width: 309.00pt;\" width=\"412\">TARGET PROGETTATO PER<\/td>\n<td class=\"et3\" style=\"width: 88.50pt;\" width=\"118\">ALTEZZA BERSAGLIO<\/td>\n<td class=\"et3\" style=\"width: 138.00pt;\" width=\"184\">LUNGHEZZA DELL&#039;ADATTATORE<\/td>\n<td class=\"et4\" style=\"width: 176.25pt;\" width=\"235\">IMMAGINE<\/td>\n<\/tr>\n<tr style=\"height: 14.25pt;\">\n<td class=\"et5\" style=\"height: 14.25pt;\" height=\"19\">AD-B15<\/td>\n<td class=\"et5\">TRI RMT, regolabile<\/td>\n<td class=\"et5\">135 millimetri<\/td>\n<td class=\"et5\">15 millimetri<\/td>\n<td><img fetchpriority=\"high\" decoding=\"async\" class=\"alignnone wp-image-5022\" src=\"https:\/\/mountlaser.com\/wp-content\/uploads\/2025\/12\/AD-B15-2.webp\" alt=\"Pole Adapter\" width=\"500\" height=\"500\" srcset=\"https:\/\/mountlaser.com\/wp-content\/uploads\/2025\/12\/AD-B15-2.webp 1000w, https:\/\/mountlaser.com\/wp-content\/uploads\/2025\/12\/AD-B15-2-300x300.webp 300w, https:\/\/mountlaser.com\/wp-content\/uploads\/2025\/12\/AD-B15-2-150x150.webp 150w, https:\/\/mountlaser.com\/wp-content\/uploads\/2025\/12\/AD-B15-2-768x768.webp 768w, https:\/\/mountlaser.com\/wp-content\/uploads\/2025\/12\/AD-B15-2-12x12.webp 12w, https:\/\/mountlaser.com\/wp-content\/uploads\/2025\/12\/AD-B15-2-600x600.webp 600w, https:\/\/mountlaser.com\/wp-content\/uploads\/2025\/12\/AD-B15-2-800x800.webp 800w, https:\/\/mountlaser.com\/wp-content\/uploads\/2025\/12\/AD-B15-2-400x400.webp 400w\" sizes=\"(max-width: 500px) 100vw, 500px\" \/><\/td>\n<\/tr>\n<tr style=\"height: 14.25pt;\">\n<td class=\"et5\" style=\"height: 14.25pt;\" height=\"19\">AD-B35<\/td>\n<td class=\"et5\">Altezza prisma laser 115 mm<\/td>\n<td class=\"et5\">115 millimetri<\/td>\n<td class=\"et5\">35mm<\/td>\n<td><img decoding=\"async\" class=\"alignnone wp-image-5031\" src=\"https:\/\/mountlaser.com\/wp-content\/uploads\/2025\/12\/AD-B35-1.webp\" alt=\"Pole Adapter\" width=\"500\" height=\"500\" srcset=\"https:\/\/mountlaser.com\/wp-content\/uploads\/2025\/12\/AD-B35-1.webp 1000w, https:\/\/mountlaser.com\/wp-content\/uploads\/2025\/12\/AD-B35-1-300x300.webp 300w, https:\/\/mountlaser.com\/wp-content\/uploads\/2025\/12\/AD-B35-1-150x150.webp 150w, https:\/\/mountlaser.com\/wp-content\/uploads\/2025\/12\/AD-B35-1-768x768.webp 768w, https:\/\/mountlaser.com\/wp-content\/uploads\/2025\/12\/AD-B35-1-12x12.webp 12w, https:\/\/mountlaser.com\/wp-content\/uploads\/2025\/12\/AD-B35-1-600x600.webp 600w, https:\/\/mountlaser.com\/wp-content\/uploads\/2025\/12\/AD-B35-1-800x800.webp 800w, https:\/\/mountlaser.com\/wp-content\/uploads\/2025\/12\/AD-B35-1-400x400.webp 400w\" sizes=\"(max-width: 500px) 100vw, 500px\" \/><\/td>\n<\/tr>\n<tr style=\"height: 14.25pt;\">\n<td class=\"et5\" style=\"height: 14.25pt;\" height=\"19\">AD-B50<\/td>\n<td class=\"et5\">Prisma Zeiss 360\u00b0<\/td>\n<td class=\"et5\">100 millimetri<\/td>\n<td class=\"et5\">50 millimetri<\/td>\n<td><img decoding=\"async\" class=\"alignnone wp-image-5039\" src=\"https:\/\/mountlaser.com\/wp-content\/uploads\/2025\/12\/AD-B50-1.webp\" alt=\"Pole Adapter\" width=\"500\" height=\"500\" srcset=\"https:\/\/mountlaser.com\/wp-content\/uploads\/2025\/12\/AD-B50-1.webp 1000w, https:\/\/mountlaser.com\/wp-content\/uploads\/2025\/12\/AD-B50-1-300x300.webp 300w, https:\/\/mountlaser.com\/wp-content\/uploads\/2025\/12\/AD-B50-1-150x150.webp 150w, https:\/\/mountlaser.com\/wp-content\/uploads\/2025\/12\/AD-B50-1-768x768.webp 768w, https:\/\/mountlaser.com\/wp-content\/uploads\/2025\/12\/AD-B50-1-12x12.webp 12w, https:\/\/mountlaser.com\/wp-content\/uploads\/2025\/12\/AD-B50-1-600x600.webp 600w, https:\/\/mountlaser.com\/wp-content\/uploads\/2025\/12\/AD-B50-1-800x800.webp 800w, https:\/\/mountlaser.com\/wp-content\/uploads\/2025\/12\/AD-B50-1-400x400.webp 400w\" sizes=\"(max-width: 500px) 100vw, 500px\" \/><\/td>\n<\/tr>\n<tr style=\"height: 14.25pt;\">\n<td class=\"et5\" style=\"height: 14.25pt;\" height=\"19\">AD-B73<\/td>\n<td class=\"et5\">PRISMA TOP 360\u00b0<\/td>\n<td class=\"et5\">77 millimetri<\/td>\n<td class=\"et5\">73 millimetri<\/td>\n<td><img loading=\"lazy\" decoding=\"async\" class=\"alignnone wp-image-5052\" src=\"https:\/\/mountlaser.com\/wp-content\/uploads\/2025\/12\/AD-B80-5.webp\" alt=\"Pole Adapter\" width=\"500\" height=\"500\" srcset=\"https:\/\/mountlaser.com\/wp-content\/uploads\/2025\/12\/AD-B80-5.webp 1000w, https:\/\/mountlaser.com\/wp-content\/uploads\/2025\/12\/AD-B80-5-300x300.webp 300w, https:\/\/mountlaser.com\/wp-content\/uploads\/2025\/12\/AD-B80-5-150x150.webp 150w, https:\/\/mountlaser.com\/wp-content\/uploads\/2025\/12\/AD-B80-5-768x768.webp 768w, https:\/\/mountlaser.com\/wp-content\/uploads\/2025\/12\/AD-B80-5-12x12.webp 12w, https:\/\/mountlaser.com\/wp-content\/uploads\/2025\/12\/AD-B80-5-600x600.webp 600w, https:\/\/mountlaser.com\/wp-content\/uploads\/2025\/12\/AD-B80-5-800x800.webp 800w, https:\/\/mountlaser.com\/wp-content\/uploads\/2025\/12\/AD-B80-5-400x400.webp 400w\" sizes=\"(max-width: 500px) 100vw, 500px\" \/><\/td>\n<\/tr>\n<tr style=\"height: 14.25pt;\">\n<td class=\"et5\" style=\"height: 14.25pt;\" height=\"19\">AD-B80<\/td>\n<td class=\"et5\">Mini prisma MountLaser<\/td>\n<td class=\"et5\">70 millimetri<\/td>\n<td class=\"et5\">80 millimetri<\/td>\n<td><img loading=\"lazy\" decoding=\"async\" class=\"alignnone wp-image-5048\" src=\"https:\/\/mountlaser.com\/wp-content\/uploads\/2025\/12\/AD-B80-1.webp\" alt=\"\" width=\"500\" height=\"500\" srcset=\"https:\/\/mountlaser.com\/wp-content\/uploads\/2025\/12\/AD-B80-1.webp 1000w, https:\/\/mountlaser.com\/wp-content\/uploads\/2025\/12\/AD-B80-1-300x300.webp 300w, https:\/\/mountlaser.com\/wp-content\/uploads\/2025\/12\/AD-B80-1-150x150.webp 150w, https:\/\/mountlaser.com\/wp-content\/uploads\/2025\/12\/AD-B80-1-768x768.webp 768w, https:\/\/mountlaser.com\/wp-content\/uploads\/2025\/12\/AD-B80-1-12x12.webp 12w, https:\/\/mountlaser.com\/wp-content\/uploads\/2025\/12\/AD-B80-1-600x600.webp 600w, https:\/\/mountlaser.com\/wp-content\/uploads\/2025\/12\/AD-B80-1-800x800.webp 800w, https:\/\/mountlaser.com\/wp-content\/uploads\/2025\/12\/AD-B80-1-400x400.webp 400w\" sizes=\"(max-width: 500px) 100vw, 500px\" \/><\/td>\n<\/tr>\n<tr style=\"height: 14.25pt;\">\n<td class=\"et5\" style=\"height: 14.25pt;\" height=\"19\">AD-B100<\/td>\n<td class=\"et5\">TOP 360\u00b0 Prsim ATP1 ATP2<\/td>\n<td class=\"et5\">50 millimetri<\/td>\n<td class=\"et5\">100 millimetri<\/td>\n<td class=\"et6\"><img loading=\"lazy\" decoding=\"async\" class=\"alignnone wp-image-5059\" src=\"https:\/\/mountlaser.com\/wp-content\/uploads\/2025\/12\/AD-B100-4.webp\" alt=\"Pole Adapter\" width=\"500\" height=\"500\" srcset=\"https:\/\/mountlaser.com\/wp-content\/uploads\/2025\/12\/AD-B100-4.webp 1000w, https:\/\/mountlaser.com\/wp-content\/uploads\/2025\/12\/AD-B100-4-300x300.webp 300w, https:\/\/mountlaser.com\/wp-content\/uploads\/2025\/12\/AD-B100-4-150x150.webp 150w, https:\/\/mountlaser.com\/wp-content\/uploads\/2025\/12\/AD-B100-4-768x768.webp 768w, https:\/\/mountlaser.com\/wp-content\/uploads\/2025\/12\/AD-B100-4-12x12.webp 12w, https:\/\/mountlaser.com\/wp-content\/uploads\/2025\/12\/AD-B100-4-600x600.webp 600w, https:\/\/mountlaser.com\/wp-content\/uploads\/2025\/12\/AD-B100-4-800x800.webp 800w, https:\/\/mountlaser.com\/wp-content\/uploads\/2025\/12\/AD-B100-4-400x400.webp 400w\" sizes=\"(max-width: 500px) 100vw, 500px\" \/><\/td>\n<\/tr>\n<\/tbody>\n<\/table>\n<\/div>","protected":false},"excerpt":{"rendered":"<ul>\n<li>Fornisce un montaggio sicuro e preciso per pali GNSS e stazioni totali<\/li>\n<li>Consente un rapido passaggio tra diversi obiettivi di rilevamento<\/li>\n<li>Garantisce un&#039;altezza target uniforme (150 mm) su tutti i tipi di adattatori<\/li>\n<li>Compatibile con pi\u00f9 marche e sistemi prismatici<\/li>\n<li>Ideale per rilievi sul campo, monitoraggio e misurazioni in ambito edile<\/li>\n<\/ul>","protected":false},"featured_media":5021,"comment_status":"open","ping_status":"closed","template":"","meta":[],"product_brand":[],"product_cat":[89,142],"product_tag":[],"class_list":{"0":"post-5030","1":"product","2":"type-product","3":"status-publish","4":"has-post-thumbnail","6":"product_cat-surveying-pole-rod","7":"product_cat-pole-adapter","9":"first","10":"instock","11":"shipping-taxable","12":"product-type-simple"},"_links":{"self":[{"href":"https:\/\/mountlaser.com\/it\/wp-json\/wp\/v2\/product\/5030","targetHints":{"allow":["GET"]}}],"collection":[{"href":"https:\/\/mountlaser.com\/it\/wp-json\/wp\/v2\/product"}],"about":[{"href":"https:\/\/mountlaser.com\/it\/wp-json\/wp\/v2\/types\/product"}],"replies":[{"embeddable":true,"href":"https:\/\/mountlaser.com\/it\/wp-json\/wp\/v2\/comments?post=5030"}],"wp:featuredmedia":[{"embeddable":true,"href":"https:\/\/mountlaser.com\/it\/wp-json\/wp\/v2\/media\/5021"}],"wp:attachment":[{"href":"https:\/\/mountlaser.com\/it\/wp-json\/wp\/v2\/media?parent=5030"}],"wp:term":[{"taxonomy":"product_brand","embeddable":true,"href":"https:\/\/mountlaser.com\/it\/wp-json\/wp\/v2\/product_brand?post=5030"},{"taxonomy":"product_cat","embeddable":true,"href":"https:\/\/mountlaser.com\/it\/wp-json\/wp\/v2\/product_cat?post=5030"},{"taxonomy":"product_tag","embeddable":true,"href":"https:\/\/mountlaser.com\/it\/wp-json\/wp\/v2\/product_tag?post=5030"}],"curies":[{"name":"parola chiave","href":"https:\/\/api.w.org\/{rel}","templated":true}]}}