{"id":4942,"date":"2025-11-26T03:29:18","date_gmt":"2025-11-26T03:29:18","guid":{"rendered":"https:\/\/mountlaser.com\/?post_type=product&#038;p=4942"},"modified":"2025-11-26T03:29:18","modified_gmt":"2025-11-26T03:29:18","slug":"auto-levels-b-series","status":"publish","type":"product","link":"https:\/\/mountlaser.com\/it\/prodotto\/auto-levels-b-series\/","title":{"rendered":"Livelli automatici serie B"},"content":{"rendered":"<p>Ottieni una precisione e un&#039;affidabilit\u00e0 senza pari nel tuo lavoro sul campo con <a href=\"https:\/\/mountlaser.com\/it\/about-us\/\">Livelli automatici serie B<\/a> dal Monte Laser.<br \/>\nQuesta versatile gamma di livellatrici automatiche della serie B comprende:<br \/>\nLivelli automatici B20<br \/>\nLivelli automatici B30<br \/>\nLivelli automatici B30A<br \/>\nLivelli automatici B40<br \/>\nI modelli Auto Levels B40A sono progettati per soddisfare le rigorose esigenze di qualsiasi <a href=\"https:\/\/mountlaser.com\/it\/about-us\/\">rilievo del livello automatico<\/a>. Dai picchettamenti edili ad alta precisione ai lavori di livellamento generali, esiste uno strumento della serie B perfettamente adatto ai requisiti di precisione del tuo progetto.<br \/>\nQuando si pianifica il prossimo rilievo autolivellante, la scelta dell&#039;attrezzatura \u00e8 fondamentale e la Serie B offre le prestazioni affidabili su cui i professionisti possono contare. Investire in uno strumento di rilievo autolivellante affidabile non \u00e8 mai stato cos\u00ec conveniente, grazie alla combinazione di funzionalit\u00e0 avanzate e valore eccezionale della Serie B.<\/p>\n<p>La serie offre una gamma di precisioni, da un&#039;elevata precisione di 0,7 mm (B20) a una robusta deviazione standard di 2,0 mm per livellamento a doppia corsa di 1 km, garantendo l&#039;integrit\u00e0 dei dati per ogni attivit\u00e0.<\/p>\n<p><strong>Specifiche dei livelli automatici serie B<\/strong><\/p>\n<table width=\"1552\">\n<tbody>\n<tr>\n<td width=\"266\">Modello n.<\/td>\n<td width=\"256\">B20<\/td>\n<td width=\"257\">B30<\/td>\n<td width=\"258\">B30A<\/td>\n<td width=\"254\">B40<\/td>\n<td width=\"261\">B40A<\/td>\n<\/tr>\n<tr>\n<td>Marca<\/td>\n<td>TP\/SK<\/td>\n<td>TP\/SK<\/td>\n<td>TP\/SK<\/td>\n<td>TP\/SK<\/td>\n<td>TP\/SK<\/td>\n<\/tr>\n<tr>\n<td>Deviazione standard per il livellamento a doppia corsa di 1 km<\/td>\n<td>0,7 mm<\/td>\n<td>1,5 mm<\/td>\n<td>2,0 mm<\/td>\n<td>2,0 mm<\/td>\n<td>1,5 mm<\/td>\n<\/tr>\n<tr>\n<td>Ingrandimento del telescopio<\/td>\n<td>32X<\/td>\n<td>28X<\/td>\n<td>24X<\/td>\n<td>24X<\/td>\n<td>28X<\/td>\n<\/tr>\n<tr>\n<td>Immagine del telescopio<\/td>\n<td>Eretto<\/td>\n<td>Eretto<\/td>\n<td>Eretto<\/td>\n<td>Eretto<\/td>\n<td>Eretto<\/td>\n<\/tr>\n<tr>\n<td>Distanza di avvistamento pi\u00f9 breve<\/td>\n<td>0,3 milioni<\/td>\n<td>0,3 milioni<\/td>\n<td>0,3 milioni<\/td>\n<td>0,3 milioni<\/td>\n<td>0,3 milioni<\/td>\n<\/tr>\n<tr>\n<td>Visualizza errore di distanza<\/td>\n<td>\u2264\u00b10,4%<\/td>\n<td>\u2264\u00b10,4%<\/td>\n<td>\u2264\u00b10,4%<\/td>\n<td>\u2264\u00b10,4%<\/td>\n<td>\u2264\u00b10,4%<\/td>\n<\/tr>\n<tr>\n<td>Dimensione effettiva dell&#039;apertura dell&#039;obiettivo<\/td>\n<td>42 millimetri<\/td>\n<td>36 millimetri<\/td>\n<td>36 millimetri<\/td>\n<td>32mm<\/td>\n<td>32mm<\/td>\n<\/tr>\n<tr>\n<td>Risoluzione<\/td>\n<td>\u22643,0\u2033<\/td>\n<td>\u22643,5\u2033<\/td>\n<td>\u22643,5\u2033<\/td>\n<td>\u22644,0\u2033<\/td>\n<td>\u22644,0\u2033<\/td>\n<\/tr>\n<tr>\n<td>Angolo di visuale<\/td>\n<td>1\u00b025\u2032<\/td>\n<td>1\u00b025\u2032<\/td>\n<td>1\u00b025\u2032<\/td>\n<td>1\u00b025\u2032<\/td>\n<td>1\u00b025\u2032<\/td>\n<\/tr>\n<tr>\n<td>Errore di messa a fuoco<\/td>\n<td>\u22640,5 mm<\/td>\n<td>\u22641,0 mm<\/td>\n<td>\u22641,0 mm<\/td>\n<td>\u22641,0 mm<\/td>\n<td>\u22641,0 mm<\/td>\n<\/tr>\n<tr>\n<td>Tipo di compensatore<\/td>\n<td>Smorzamento magnetico<\/td>\n<td>Smorzamento magnetico<\/td>\n<td>Smorzamento magnetico<\/td>\n<td>Smorzamento magnetico<\/td>\n<td>Smorzamento magnetico<\/td>\n<\/tr>\n<tr>\n<td>Campo di lavoro del compensatore<\/td>\n<td>\u00b115\u2032<\/td>\n<td>\u00b115\u2032<\/td>\n<td>\u00b115\u2032<\/td>\n<td>\u00b115\u2032<\/td>\n<td>\u00b115\u2032<\/td>\n<\/tr>\n<tr>\n<td>Errore di compensazione<\/td>\n<td>\u22640,3\u2033<\/td>\n<td>\u22640,5\u2033<\/td>\n<td>\u22640,5\u2033<\/td>\n<td>\u22640,5\u2033<\/td>\n<td>\u22640,5\u2033<\/td>\n<\/tr>\n<tr>\n<td>Reticolo<\/td>\n<td>Forma a cuneo<\/td>\n<td>Reticolo a croce<\/td>\n<td>Reticolo a croce<\/td>\n<td>Reticolo a croce<\/td>\n<td>Reticolo a croce<\/td>\n<\/tr>\n<tr>\n<td>Impostazione della precisione<\/td>\n<td>\u00b10,3\u2033<\/td>\n<td>\u00b10,5\u2033<\/td>\n<td>\u00b10,5\u2033<\/td>\n<td>\u00b10,5\u2033<\/td>\n<td>\u00b10,5\u2033<\/td>\n<\/tr>\n<tr>\n<td>Tempo di impostazione<\/td>\n<td>\u2264 1,5S<\/td>\n<td>\u2264 1,5S<\/td>\n<td>\u2264 1,5S<\/td>\n<td>\u2264 1,5S<\/td>\n<td>\u2264 1,5S<\/td>\n<\/tr>\n<tr>\n<td>Costante moltiplicatrice degli stadi<\/td>\n<td>100<\/td>\n<td>100<\/td>\n<td>100<\/td>\n<td>100<\/td>\n<td>100<\/td>\n<\/tr>\n<tr>\n<td>Costante additiva degli stadi<\/td>\n<td>0<\/td>\n<td>0<\/td>\n<td>0<\/td>\n<td>0<\/td>\n<td>0<\/td>\n<\/tr>\n<tr>\n<td>Sensibilit\u00e0 del livello circolare<\/td>\n<td>8\u2032 \/ 2 mm<\/td>\n<td>10\u2032 \/ 2 mm<\/td>\n<td>10\u2032 \/ 2 mm<\/td>\n<td>10\u2032 \/ 2 mm<\/td>\n<td>10\u2032 \/ 2 mm<\/td>\n<\/tr>\n<tr>\n<td>Intervallo di graduazione del cerchio<\/td>\n<td>360\u00b0 o 400 gon opzionale<\/td>\n<td>360\u00b0 o 400 gon opzionale<\/td>\n<td>360\u00b0 o 400 gon opzionale<\/td>\n<td>360\u00b0 o 400 gon opzionale<\/td>\n<td>360\u00b0 o 400 gon opzionale<\/td>\n<\/tr>\n<tr>\n<td>Resistente all&#039;acqua e alla polvere<\/td>\n<td>IPX6<\/td>\n<td>IPX6<\/td>\n<td>IPX6<\/td>\n<td>IPX6<\/td>\n<td>IPX6<\/td>\n<\/tr>\n<tr>\n<td>Accessorio standard<\/td>\n<td>Manuale, chiave a brugola, perno di regolazione, custodia in plastica<\/td>\n<td>Manuale, chiave a brugola, perno di regolazione, custodia in plastica<\/td>\n<td>Manuale, chiave a brugola, perno di regolazione, custodia in plastica<\/td>\n<td>Manuale, chiave a brugola, perno di regolazione, custodia in plastica<\/td>\n<td>Manuale, chiave a brugola, perno di regolazione, custodia in plastica<\/td>\n<\/tr>\n<tr>\n<td>Immagine<\/td>\n<td><img fetchpriority=\"high\" decoding=\"async\" class=\"alignnone wp-image-4943 size-medium\" src=\"https:\/\/mountlaser.com\/wp-content\/uploads\/2025\/11\/B20-300x300.webp\" alt=\"auto level survey\" width=\"300\" height=\"300\" srcset=\"https:\/\/mountlaser.com\/wp-content\/uploads\/2025\/11\/B20-300x300.webp 300w, https:\/\/mountlaser.com\/wp-content\/uploads\/2025\/11\/B20-400x400.webp 400w, https:\/\/mountlaser.com\/wp-content\/uploads\/2025\/11\/B20-800x800.webp 800w, https:\/\/mountlaser.com\/wp-content\/uploads\/2025\/11\/B20-600x600.webp 600w, https:\/\/mountlaser.com\/wp-content\/uploads\/2025\/11\/B20-150x150.webp 150w, https:\/\/mountlaser.com\/wp-content\/uploads\/2025\/11\/B20-768x768.webp 768w, https:\/\/mountlaser.com\/wp-content\/uploads\/2025\/11\/B20-12x12.webp 12w, https:\/\/mountlaser.com\/wp-content\/uploads\/2025\/11\/B20.webp 1000w\" sizes=\"(max-width: 300px) 100vw, 300px\" \/><\/td>\n<td><\/td>\n<td><img decoding=\"async\" class=\"alignnone wp-image-4944 size-medium\" src=\"https:\/\/mountlaser.com\/wp-content\/uploads\/2025\/11\/B30A-300x300.webp\" alt=\"auto level survey\" width=\"300\" height=\"300\" srcset=\"https:\/\/mountlaser.com\/wp-content\/uploads\/2025\/11\/B30A-300x300.webp 300w, https:\/\/mountlaser.com\/wp-content\/uploads\/2025\/11\/B30A-400x400.webp 400w, https:\/\/mountlaser.com\/wp-content\/uploads\/2025\/11\/B30A-800x800.webp 800w, https:\/\/mountlaser.com\/wp-content\/uploads\/2025\/11\/B30A-600x600.webp 600w, https:\/\/mountlaser.com\/wp-content\/uploads\/2025\/11\/B30A-150x150.webp 150w, https:\/\/mountlaser.com\/wp-content\/uploads\/2025\/11\/B30A-768x768.webp 768w, https:\/\/mountlaser.com\/wp-content\/uploads\/2025\/11\/B30A-12x12.webp 12w, https:\/\/mountlaser.com\/wp-content\/uploads\/2025\/11\/B30A.webp 1000w\" sizes=\"(max-width: 300px) 100vw, 300px\" \/><\/td>\n<td><img decoding=\"async\" class=\"alignnone wp-image-4945 size-medium\" src=\"https:\/\/mountlaser.com\/wp-content\/uploads\/2025\/11\/B40-300x300.webp\" alt=\"auto level survey\" width=\"300\" height=\"300\" srcset=\"https:\/\/mountlaser.com\/wp-content\/uploads\/2025\/11\/B40-300x300.webp 300w, https:\/\/mountlaser.com\/wp-content\/uploads\/2025\/11\/B40-400x400.webp 400w, https:\/\/mountlaser.com\/wp-content\/uploads\/2025\/11\/B40-800x800.webp 800w, https:\/\/mountlaser.com\/wp-content\/uploads\/2025\/11\/B40-600x600.webp 600w, https:\/\/mountlaser.com\/wp-content\/uploads\/2025\/11\/B40-150x150.webp 150w, https:\/\/mountlaser.com\/wp-content\/uploads\/2025\/11\/B40-768x768.webp 768w, https:\/\/mountlaser.com\/wp-content\/uploads\/2025\/11\/B40-12x12.webp 12w, https:\/\/mountlaser.com\/wp-content\/uploads\/2025\/11\/B40.webp 1000w\" sizes=\"(max-width: 300px) 100vw, 300px\" \/><\/td>\n<td><img loading=\"lazy\" decoding=\"async\" class=\"alignnone wp-image-4946 size-medium\" src=\"https:\/\/mountlaser.com\/wp-content\/uploads\/2025\/11\/B40A-300x300.webp\" alt=\"auto level survey\" width=\"300\" height=\"300\" srcset=\"https:\/\/mountlaser.com\/wp-content\/uploads\/2025\/11\/B40A-300x300.webp 300w, https:\/\/mountlaser.com\/wp-content\/uploads\/2025\/11\/B40A-150x150.webp 150w, https:\/\/mountlaser.com\/wp-content\/uploads\/2025\/11\/B40A-768x768.webp 768w, https:\/\/mountlaser.com\/wp-content\/uploads\/2025\/11\/B40A-12x12.webp 12w, https:\/\/mountlaser.com\/wp-content\/uploads\/2025\/11\/B40A-600x600.webp 600w, https:\/\/mountlaser.com\/wp-content\/uploads\/2025\/11\/B40A-800x800.webp 800w, https:\/\/mountlaser.com\/wp-content\/uploads\/2025\/11\/B40A-400x400.webp 400w, https:\/\/mountlaser.com\/wp-content\/uploads\/2025\/11\/B40A.webp 1000w\" sizes=\"(max-width: 300px) 100vw, 300px\" \/><\/td>\n<\/tr>\n<\/tbody>\n<\/table>","protected":false},"excerpt":{"rendered":"<ul>\n<li>Dispone di telescopi a immagine raddrizzata con ingrandimenti da 24X a 32X, che forniscono una visione chiara e rivolta verso l&#039;alto per un facile puntamento e una riduzione degli errori dell&#039;operatore.<\/li>\n<li>Realizzata con grado di protezione IPX6 per la resistenza all&#039;acqua e alla polvere, la serie B \u00e8 pronta per gli ambienti pi\u00f9 difficili.<\/li>\n<li>Tutti i modelli hanno una distanza minima di mira molto breve, pari a 0,3 m.<\/li>\n<\/ul>","protected":false},"featured_media":4943,"comment_status":"open","ping_status":"closed","template":"","meta":[],"product_brand":[],"product_cat":[95,141],"product_tag":[],"class_list":{"0":"post-4942","1":"product","2":"type-product","3":"status-publish","4":"has-post-thumbnail","6":"product_cat-agent-sales","7":"product_cat-auto-level-agent-sales","9":"first","10":"instock","11":"shipping-taxable","12":"product-type-simple"},"_links":{"self":[{"href":"https:\/\/mountlaser.com\/it\/wp-json\/wp\/v2\/product\/4942","targetHints":{"allow":["GET"]}}],"collection":[{"href":"https:\/\/mountlaser.com\/it\/wp-json\/wp\/v2\/product"}],"about":[{"href":"https:\/\/mountlaser.com\/it\/wp-json\/wp\/v2\/types\/product"}],"replies":[{"embeddable":true,"href":"https:\/\/mountlaser.com\/it\/wp-json\/wp\/v2\/comments?post=4942"}],"wp:featuredmedia":[{"embeddable":true,"href":"https:\/\/mountlaser.com\/it\/wp-json\/wp\/v2\/media\/4943"}],"wp:attachment":[{"href":"https:\/\/mountlaser.com\/it\/wp-json\/wp\/v2\/media?parent=4942"}],"wp:term":[{"taxonomy":"product_brand","embeddable":true,"href":"https:\/\/mountlaser.com\/it\/wp-json\/wp\/v2\/product_brand?post=4942"},{"taxonomy":"product_cat","embeddable":true,"href":"https:\/\/mountlaser.com\/it\/wp-json\/wp\/v2\/product_cat?post=4942"},{"taxonomy":"product_tag","embeddable":true,"href":"https:\/\/mountlaser.com\/it\/wp-json\/wp\/v2\/product_tag?post=4942"}],"curies":[{"name":"parola chiave","href":"https:\/\/api.w.org\/{rel}","templated":true}]}}