{"id":4782,"date":"2025-11-21T08:56:28","date_gmt":"2025-11-21T08:56:28","guid":{"rendered":"https:\/\/mountlaser.com\/?post_type=product&#038;p=4782"},"modified":"2025-11-25T08:11:58","modified_gmt":"2025-11-25T08:11:58","slug":"rotary-laser-krl-440","status":"publish","type":"product","link":"https:\/\/mountlaser.com\/it\/prodotto\/rotary-laser-krl-440\/","title":{"rendered":"Laser rotante KRL-440"},"content":{"rendered":"<p><a href=\"https:\/\/mountlaser.com\/it\/categoria-prodotto\/rotary-laser\/\"><strong>Laser rotante KRL-440<\/strong> <\/a>Stabilisce un nuovo punto di riferimento per gli strumenti di tracciamento di livello professionale, progettati per offrire prestazioni senza compromessi nei cantieri pi\u00f9 impegnativi. Questo dispositivo \u00e8 un vero livello laser ad alta precisione, che raggiunge un&#039;eccezionale precisione di livellamento di \u00b10,5 mm\/10 m grazie al suo avanzato sistema di livellamento elettronico che combina un giroscopio e un sensore a doppio asse. Proietta un piano perfetto a 360 gradi sia in orizzontale che in verticale, rendendolo uno strumento indispensabile. <a href=\"https:\/\/mountlaser.com\/it\/\"><strong>Livello laser ad alta precisione<\/strong><\/a> per ogni cosa, dalla costruzione da zero ai complessi allineamenti interni.<\/p>\n<p><a href=\"https:\/\/mountlaser.com\/it\/contact-us\/\">Laser rotante KRL-440<\/a> Disponibile sia nel robusto modello laser rosso (KRL-440R) che nel modello laser verde ultra-visibile (KRL-440G), questo strumento garantisce linee laser nitide su un ampio diametro di lavoro fino a 1000 metri con un rilevatore. Gli operatori possono controllare ogni funzione con facilit\u00e0 fino a 150 metri di distanza utilizzando il telecomando RC100 completo, inclusa l&#039;impostazione bidirezionale della pendenza. Alloggiato in un robusto corpo con grado di protezione IP65, il laser rotante KRL-440 \u00e8 costruito per resistere a polvere e acqua, garantendo che questo livello laser ad alta precisione rimanga affidabile e preciso in qualsiasi ambiente, stagione dopo stagione.<\/p>\n<p>&nbsp;<\/p>\n<p>&nbsp;<\/p>\n<p><img fetchpriority=\"high\" decoding=\"async\" class=\"aligncenter wp-image-4785\" src=\"https:\/\/mountlaser.com\/wp-content\/uploads\/2025\/11\/KRL-4403.webp\" alt=\"High-precision Laser Level\" width=\"500\" height=\"500\" srcset=\"https:\/\/mountlaser.com\/wp-content\/uploads\/2025\/11\/KRL-4403.webp 800w, https:\/\/mountlaser.com\/wp-content\/uploads\/2025\/11\/KRL-4403-300x300.webp 300w, https:\/\/mountlaser.com\/wp-content\/uploads\/2025\/11\/KRL-4403-400x400.webp 400w, https:\/\/mountlaser.com\/wp-content\/uploads\/2025\/11\/KRL-4403-600x600.webp 600w, https:\/\/mountlaser.com\/wp-content\/uploads\/2025\/11\/KRL-4403-150x150.webp 150w, https:\/\/mountlaser.com\/wp-content\/uploads\/2025\/11\/KRL-4403-768x768.webp 768w, https:\/\/mountlaser.com\/wp-content\/uploads\/2025\/11\/KRL-4403-12x12.webp 12w\" sizes=\"(max-width: 500px) 100vw, 500px\" \/><\/p>\n<p><strong>Specifiche del laser rotante KRL-440<\/strong><\/p>\n<table style=\"height: 686px;\" width=\"1068\">\n<tbody>\n<tr>\n<td>Tipo di laser<\/td>\n<td>KRL-440R<\/td>\n<td>KRL-440G<\/td>\n<\/tr>\n<tr>\n<td>Tipo\/lunghezza d&#039;onda del laser<\/td>\n<td>Laser rosso (635nm-30mw) Punto superiore\/inferiore<\/td>\n<td>Laser verde (515nm-30mw) Punto superiore\/inferiore<\/td>\n<\/tr>\n<tr>\n<td>Metodo di livellamento<\/td>\n<td colspan=\"2\">Livellamento elettronico (1 giroscopio + 1 sensore elettronico a doppio asse)<\/td>\n<\/tr>\n<tr>\n<td>Gamma di livellamento<\/td>\n<td colspan=\"2\">\u00b15\u00b0<\/td>\n<\/tr>\n<tr>\n<td>Precisione di livellamento<\/td>\n<td colspan=\"2\">\u00b10,5 mm\/10 m<\/td>\n<\/tr>\n<tr>\n<td>Diametro di lavoro (utilizzando LP500)<\/td>\n<td colspan=\"2\">\u22651000m<\/td>\n<\/tr>\n<tr>\n<td>Diametro di lavoro (utilizzando LP700)<\/td>\n<td colspan=\"2\">\u2265800m<\/td>\n<\/tr>\n<tr>\n<td>Temperatura di lavoro<\/td>\n<td colspan=\"2\">-20\u2103\uff5e+50\u2103<\/td>\n<\/tr>\n<tr>\n<td>Velocit\u00e0 di rotazione del laser<\/td>\n<td colspan=\"2\">0\/300\/600\/1000\/1500 giri\/min (motore cavo brushless a magnete permanente)<\/td>\n<\/tr>\n<tr>\n<td>Scansione dell&#039;area<\/td>\n<td colspan=\"2\">15\u00b0\/45\u00b0\/90\u00b0\/180\u00b0<\/td>\n<\/tr>\n<tr>\n<td>Impostazione dell&#039;inclinazione<\/td>\n<td colspan=\"2\">Bidirezionale<\/td>\n<\/tr>\n<tr>\n<td>Funzionamento in pendenza<\/td>\n<td colspan=\"2\">Utilizzare il telecomando RC100<\/td>\n<\/tr>\n<tr>\n<td>Funzionamento dell&#039;unit\u00e0 principale<\/td>\n<td colspan=\"2\">12 tasti \/ 5 luci (sincronizzazione con il segnale del telecomando)<\/td>\n<\/tr>\n<tr>\n<td>Funzionamento tramite telecomando<\/td>\n<td colspan=\"2\">12 tasti\/5 luci (sincronizzazione con i segnali host, distanza del telecomando \u2265150 m)<\/td>\n<\/tr>\n<tr>\n<td>Metodo di alimentazione<\/td>\n<td colspan=\"2\">Alimentazione diretta CA al litio (sezione singola sostituibile)<\/td>\n<\/tr>\n<tr>\n<td>Tempo di lavoro del litio<\/td>\n<td colspan=\"2\">15-20 ore (batteria con tempo di funzionamento pi\u00f9 lungo opzionale)<\/td>\n<\/tr>\n<tr>\n<td>Metodo di calibrazione<\/td>\n<td colspan=\"2\">Controllo remoto \/APP<\/td>\n<\/tr>\n<tr>\n<td>Confezione<\/td>\n<td colspan=\"2\">Scatola di plastica<\/td>\n<\/tr>\n<tr>\n<td>Misurare<\/td>\n<td colspan=\"2\">Lunghezza 215 Larghezza 215 Altezza 232 (mm)<\/td>\n<\/tr>\n<tr>\n<td>Grado di protezione<\/td>\n<td colspan=\"2\">IP65<\/td>\n<\/tr>\n<tr>\n<td>Altezza di caduta<\/td>\n<td colspan=\"2\">Solo macchina principale 1M<\/td>\n<\/tr>\n<tr>\n<td>Impostazione dell&#039;intervallo di pendenza<\/td>\n<td colspan=\"2\">\u00b110%<\/td>\n<\/tr>\n<\/tbody>\n<\/table>","protected":false},"excerpt":{"rendered":"<ul>\n<li>Proiezione a doppio piano: genera un piano di riferimento orizzontale e verticale completo a 360 gradi per la disposizione completa del sito.<\/li>\n<li>Precisione eccezionale: un livello laser ad alta precisione con autolivellamento elettronico per una precisione di \u00b10,5 mm\/10 m entro un intervallo di \u00b15\u00b0.<\/li>\n<li>Visibilit\u00e0 laser superiore: possibilit\u00e0 di scelta tra laser rosso o laser verde 6 volte pi\u00f9 luminoso per prestazioni ottimali in diverse condizioni di illuminazione e su lunghe distanze.<\/li>\n<\/ul>","protected":false},"featured_media":4783,"comment_status":"open","ping_status":"closed","template":"","meta":[],"product_brand":[],"product_cat":[93,137],"product_tag":[],"class_list":{"0":"post-4782","1":"product","2":"type-product","3":"status-publish","4":"has-post-thumbnail","6":"product_cat-rotary-laser","7":"product_cat-rotary-laser-4-series","9":"first","10":"instock","11":"shipping-taxable","12":"product-type-simple"},"_links":{"self":[{"href":"https:\/\/mountlaser.com\/it\/wp-json\/wp\/v2\/product\/4782","targetHints":{"allow":["GET"]}}],"collection":[{"href":"https:\/\/mountlaser.com\/it\/wp-json\/wp\/v2\/product"}],"about":[{"href":"https:\/\/mountlaser.com\/it\/wp-json\/wp\/v2\/types\/product"}],"replies":[{"embeddable":true,"href":"https:\/\/mountlaser.com\/it\/wp-json\/wp\/v2\/comments?post=4782"}],"wp:featuredmedia":[{"embeddable":true,"href":"https:\/\/mountlaser.com\/it\/wp-json\/wp\/v2\/media\/4783"}],"wp:attachment":[{"href":"https:\/\/mountlaser.com\/it\/wp-json\/wp\/v2\/media?parent=4782"}],"wp:term":[{"taxonomy":"product_brand","embeddable":true,"href":"https:\/\/mountlaser.com\/it\/wp-json\/wp\/v2\/product_brand?post=4782"},{"taxonomy":"product_cat","embeddable":true,"href":"https:\/\/mountlaser.com\/it\/wp-json\/wp\/v2\/product_cat?post=4782"},{"taxonomy":"product_tag","embeddable":true,"href":"https:\/\/mountlaser.com\/it\/wp-json\/wp\/v2\/product_tag?post=4782"}],"curies":[{"name":"parola chiave","href":"https:\/\/api.w.org\/{rel}","templated":true}]}}