{"id":4772,"date":"2025-11-21T08:30:21","date_gmt":"2025-11-21T08:30:21","guid":{"rendered":"https:\/\/mountlaser.com\/?post_type=product&#038;p=4772"},"modified":"2025-11-25T08:16:39","modified_gmt":"2025-11-25T08:16:39","slug":"rotary-laser-krl-410","status":"publish","type":"product","link":"https:\/\/mountlaser.com\/it\/prodotto\/rotary-laser-krl-410\/","title":{"rendered":"Laser rotante KRL-410"},"content":{"rendered":"<p><a href=\"https:\/\/mountlaser.com\/it\/categoria-prodotto\/rotary-laser\/\"><strong>Laser rotante KRL-410<\/strong><\/a> \u00e8 un livello laser rotante a doppio piano di livello professionale, progettato per affrontare le attivit\u00e0 pi\u00f9 impegnative di preparazione del sito e movimento terra. Questo robusto strumento proietta un preciso piano laser a 360 gradi sia in orizzontale che in verticale, rendendolo il livello laser rotante ideale per livellamento, lavori di fondazione e layout edilizio generale. Il suo avanzato sistema di livellamento elettronico, che integra un giroscopio e un sensore a doppio asse, garantisce un&#039;eccezionale precisione di \u00b10,5 mm\/10 m, compensando automaticamente le irregolarit\u00e0 del terreno entro un intervallo di \u00b15\u00b0.<\/p>\n<p>Disponibile sia nei modelli laser rosso ad alta potenza (KRL-410R) che verde ultra luminoso (KRL-410G), questo <a href=\"https:\/\/mountlaser.com\/it\/\">livello laser rotante<\/a> Offre una visibilit\u00e0 eccezionale su lunghe distanze, con un raggio d&#039;azione fino a 1000 metri se utilizzato con un rilevatore. Il telecomando RC100 integrato consente agli operatori di gestire tutte le funzioni, inclusa l&#039;impostazione critica della pendenza bidirezionale fino a \u00b110%, da una distanza di oltre 150 metri, semplificando il flusso di lavoro per qualsiasi squadra di livellamento. Laser rotante KRL-410 Con un grado di protezione IP65 per una maggiore resistenza a polvere e acqua, il KRL-410 \u00e8 progettato per essere il pi\u00f9 affidabile.<a href=\"https:\/\/mountlaser.com\/it\/about-us\/\"><strong> livello laser rotante per livellamento<\/strong><\/a> in qualsiasi cantiere, in qualsiasi condizione.<\/p>\n<p>&nbsp;<\/p>\n<p><img fetchpriority=\"high\" decoding=\"async\" class=\"aligncenter wp-image-4776\" src=\"https:\/\/mountlaser.com\/wp-content\/uploads\/2025\/11\/KRL-4104.webp\" alt=\"Rotary laser level for grading\" width=\"500\" height=\"500\" srcset=\"https:\/\/mountlaser.com\/wp-content\/uploads\/2025\/11\/KRL-4104.webp 800w, https:\/\/mountlaser.com\/wp-content\/uploads\/2025\/11\/KRL-4104-300x300.webp 300w, https:\/\/mountlaser.com\/wp-content\/uploads\/2025\/11\/KRL-4104-400x400.webp 400w, https:\/\/mountlaser.com\/wp-content\/uploads\/2025\/11\/KRL-4104-600x600.webp 600w, https:\/\/mountlaser.com\/wp-content\/uploads\/2025\/11\/KRL-4104-150x150.webp 150w, https:\/\/mountlaser.com\/wp-content\/uploads\/2025\/11\/KRL-4104-768x768.webp 768w, https:\/\/mountlaser.com\/wp-content\/uploads\/2025\/11\/KRL-4104-12x12.webp 12w\" sizes=\"(max-width: 500px) 100vw, 500px\" \/><\/p>\n<p><strong>Specifiche del laser rotante KRL-410<\/strong><\/p>\n<table style=\"height: 703px;\" width=\"942\">\n<tbody>\n<tr>\n<td>Tipo di laser<\/td>\n<td>KRL-410R<\/td>\n<td>KRL-410G<\/td>\n<\/tr>\n<tr>\n<td>Tipo\/lunghezza d&#039;onda del laser<\/td>\n<td>Laser rosso (635nm-30mw) Punto superiore<\/td>\n<td>Laser verde (515nm-30mw)Punto superiore<\/td>\n<\/tr>\n<tr>\n<td>Metodo di livellamento<\/td>\n<td colspan=\"2\">Livellamento elettronico (1 giroscopio + 1 sensore elettronico a doppio asse)<\/td>\n<\/tr>\n<tr>\n<td>Gamma di livellamento<\/td>\n<td colspan=\"2\">\u00b15\u00b0<\/td>\n<\/tr>\n<tr>\n<td>Precisione di livellamento<\/td>\n<td colspan=\"2\">\u00b10,5 mm\/10 m<\/td>\n<\/tr>\n<tr>\n<td>Diametro di lavoro (utilizzando LP500)<\/td>\n<td colspan=\"2\">\u22651000m<\/td>\n<\/tr>\n<tr>\n<td>Diametro di lavoro (utilizzando LP700)<\/td>\n<td colspan=\"2\">\u2265800m<\/td>\n<\/tr>\n<tr>\n<td>Temperatura di lavoro<\/td>\n<td colspan=\"2\">-20\u2103\uff5e+50\u2103<\/td>\n<\/tr>\n<tr>\n<td>Velocit\u00e0 di rotazione del laser<\/td>\n<td colspan=\"2\">0\/300\/600\/1000\/1500 giri\/min (motore cavo brushless a magnete permanente)<\/td>\n<\/tr>\n<tr>\n<td>Scansione dell&#039;area<\/td>\n<td colspan=\"2\">15\u00b0\/45\u00b0\/90\u00b0\/180\u00b0<\/td>\n<\/tr>\n<tr>\n<td>Impostazione dell&#039;inclinazione<\/td>\n<td colspan=\"2\">Bidirezionale<\/td>\n<\/tr>\n<tr>\n<td>Funzionamento in pendenza<\/td>\n<td colspan=\"2\">Utilizzare il telecomando RC100<\/td>\n<\/tr>\n<tr>\n<td>Funzionamento dell&#039;unit\u00e0 principale<\/td>\n<td colspan=\"2\">12 tasti \/ 5 luci (sincronizzazione con il segnale del telecomando)<\/td>\n<\/tr>\n<tr>\n<td>Funzionamento tramite telecomando<\/td>\n<td colspan=\"2\">12 tasti\/5 luci (sincronizzazione con i segnali host, distanza del telecomando \u2265150 m)<\/td>\n<\/tr>\n<tr>\n<td>Metodo di alimentazione<\/td>\n<td colspan=\"2\">Alimentazione diretta CA al litio (sezione singola sostituibile)<\/td>\n<\/tr>\n<tr>\n<td>Tempo di lavoro del litio<\/td>\n<td colspan=\"2\">15-20 ore (batteria con tempo di funzionamento pi\u00f9 lungo opzionale)<\/td>\n<\/tr>\n<tr>\n<td>Metodo di calibrazione<\/td>\n<td colspan=\"2\">Controllo remoto \/APP<\/td>\n<\/tr>\n<tr>\n<td>Confezione<\/td>\n<td colspan=\"2\">Scatola di plastica<\/td>\n<\/tr>\n<tr>\n<td>Misurare<\/td>\n<td colspan=\"2\">Lunghezza 232 Larghezza 189 Altezza 227 (mm)<\/td>\n<\/tr>\n<tr>\n<td>Grado di protezione<\/td>\n<td colspan=\"2\">IP65<\/td>\n<\/tr>\n<tr>\n<td>Altezza di caduta<\/td>\n<td colspan=\"2\">Solo macchina principale 1M<\/td>\n<\/tr>\n<tr>\n<td>Impostazione dell&#039;intervallo di pendenza<\/td>\n<td colspan=\"2\">\u00b110%<\/td>\n<\/tr>\n<\/tbody>\n<\/table>","protected":false},"excerpt":{"rendered":"<ul>\n<li>Il Mount Laser KRL-410 \u00e8 un livello laser rotante versatile e resistente, ideale come livello laser rotante specializzato per la livellazione.<\/li>\n<li>Opzioni laser doppie: scegli tra un raggio rosso standard o un raggio verde ad alta visibilit\u00e0 per una maggiore portata e una maggiore chiarezza.<\/li>\n<li>Batteria a lunga durata: alimentato da una batteria al litio ricaricabile che offre 15-20 ore di funzionamento continuo.<\/li>\n<\/ul>","protected":false},"featured_media":4774,"comment_status":"open","ping_status":"closed","template":"","meta":[],"product_brand":[],"product_cat":[93,137],"product_tag":[],"class_list":{"0":"post-4772","1":"product","2":"type-product","3":"status-publish","4":"has-post-thumbnail","6":"product_cat-rotary-laser","7":"product_cat-rotary-laser-4-series","9":"first","10":"instock","11":"shipping-taxable","12":"product-type-simple"},"_links":{"self":[{"href":"https:\/\/mountlaser.com\/it\/wp-json\/wp\/v2\/product\/4772","targetHints":{"allow":["GET"]}}],"collection":[{"href":"https:\/\/mountlaser.com\/it\/wp-json\/wp\/v2\/product"}],"about":[{"href":"https:\/\/mountlaser.com\/it\/wp-json\/wp\/v2\/types\/product"}],"replies":[{"embeddable":true,"href":"https:\/\/mountlaser.com\/it\/wp-json\/wp\/v2\/comments?post=4772"}],"wp:featuredmedia":[{"embeddable":true,"href":"https:\/\/mountlaser.com\/it\/wp-json\/wp\/v2\/media\/4774"}],"wp:attachment":[{"href":"https:\/\/mountlaser.com\/it\/wp-json\/wp\/v2\/media?parent=4772"}],"wp:term":[{"taxonomy":"product_brand","embeddable":true,"href":"https:\/\/mountlaser.com\/it\/wp-json\/wp\/v2\/product_brand?post=4772"},{"taxonomy":"product_cat","embeddable":true,"href":"https:\/\/mountlaser.com\/it\/wp-json\/wp\/v2\/product_cat?post=4772"},{"taxonomy":"product_tag","embeddable":true,"href":"https:\/\/mountlaser.com\/it\/wp-json\/wp\/v2\/product_tag?post=4772"}],"curies":[{"name":"parola chiave","href":"https:\/\/api.w.org\/{rel}","templated":true}]}}