{"id":4762,"date":"2025-11-21T08:22:21","date_gmt":"2025-11-21T08:22:21","guid":{"rendered":"https:\/\/mountlaser.com\/?post_type=product&#038;p=4762"},"modified":"2025-11-25T08:17:45","modified_gmt":"2025-11-25T08:17:45","slug":"rotary-laser-krl-405","status":"publish","type":"product","link":"https:\/\/mountlaser.com\/it\/prodotto\/rotary-laser-krl-405\/","title":{"rendered":"Laser rotante KRL-405"},"content":{"rendered":"<p><a href=\"https:\/\/mountlaser.com\/it\/categoria-prodotto\/rotary-laser\/\"><strong>Laser rotante KRL-405<\/strong><\/a> \u00e8 uno strumento professionale ad alte prestazioni, progettato per progetti di livellamento e tracciamento su larga scala. Essendo un laser rotante orizzontale versatile, proietta un piano laser continuo a 360 gradi, creando un riferimento orizzontale preciso su tutta l&#039;area di lavoro. Questo modello si distingue nella categoria dei laser rotanti autolivellanti, grazie al livellamento elettronico avanzato che combina un giroscopio e un sensore a doppio asse per raggiungere un&#039;eccezionale precisione di \u00b10,5 mm\/10 m entro un intervallo di livellamento di \u00b15\u00b0.<\/p>\n<p>Disponibile sia con laser rosso ad alta potenza (KRL-405R) che verde ultra luminoso (KRL-405G), questo <a href=\"https:\/\/mountlaser.com\/it\/\"><strong>Laser rotante orizzontale<\/strong><\/a> garantisce un&#039;eccellente visibilit\u00e0 anche con un diametro di lavoro esteso fino a 1000 metri con un rilevatore. Il robusto grado di protezione IP65 garantisce un funzionamento affidabile anche in condizioni meteorologiche avverse e in cantieri polverosi. A completare questo potente pacchetto \u00e8 il telecomando RC100, che consente il funzionamento completo, inclusa la regolazione della pendenza, fino a 150 metri di distanza, rendendolo... <a href=\"https:\/\/mountlaser.com\/it\/contact-us\/\">KRL-405<\/a> uno dei laser rotanti autolivellanti pi\u00f9 efficienti e facili da usare sul mercato.<\/p>\n<p><img fetchpriority=\"high\" decoding=\"async\" class=\"aligncenter wp-image-4764\" src=\"https:\/\/mountlaser.com\/wp-content\/uploads\/2025\/11\/KRL-4052.webp\" alt=\"Horizontal Rotary Laser\" width=\"500\" height=\"500\" srcset=\"https:\/\/mountlaser.com\/wp-content\/uploads\/2025\/11\/KRL-4052.webp 800w, https:\/\/mountlaser.com\/wp-content\/uploads\/2025\/11\/KRL-4052-300x300.webp 300w, https:\/\/mountlaser.com\/wp-content\/uploads\/2025\/11\/KRL-4052-400x400.webp 400w, https:\/\/mountlaser.com\/wp-content\/uploads\/2025\/11\/KRL-4052-600x600.webp 600w, https:\/\/mountlaser.com\/wp-content\/uploads\/2025\/11\/KRL-4052-150x150.webp 150w, https:\/\/mountlaser.com\/wp-content\/uploads\/2025\/11\/KRL-4052-768x768.webp 768w, https:\/\/mountlaser.com\/wp-content\/uploads\/2025\/11\/KRL-4052-12x12.webp 12w\" sizes=\"(max-width: 500px) 100vw, 500px\" \/><\/p>\n<p><strong>Specifiche del laser rotante KRL-405<\/strong><\/p>\n<table style=\"height: 695px;\" width=\"941\">\n<tbody>\n<tr>\n<td>Tipo di laser<\/td>\n<td>KRL-405R<\/td>\n<td>KRL-405G<\/td>\n<\/tr>\n<tr>\n<td>Tipo\/lunghezza d&#039;onda del laser<\/td>\n<td>Laser rosso (635nm-30mw)<\/td>\n<td>Laser verde (515nm-30mw)<\/td>\n<\/tr>\n<tr>\n<td>Metodo di livellamento<\/td>\n<td colspan=\"2\">Livellamento elettronico (1 giroscopio + 1 sensore elettronico a doppio asse)<\/td>\n<\/tr>\n<tr>\n<td>Gamma di livellamento<\/td>\n<td colspan=\"2\">\u00b15\u00b0<\/td>\n<\/tr>\n<tr>\n<td>Precisione di livellamento<\/td>\n<td colspan=\"2\">\u00b10,5 mm\/10 m<\/td>\n<\/tr>\n<tr>\n<td>Diametro di lavoro (utilizzando LP500)<\/td>\n<td colspan=\"2\">\u22651000m<\/td>\n<\/tr>\n<tr>\n<td>Diametro di lavoro (utilizzando LP700)<\/td>\n<td colspan=\"2\">\u2265800m<\/td>\n<\/tr>\n<tr>\n<td>Temperatura di lavoro<\/td>\n<td colspan=\"2\">-20\u2103\uff5e+50\u2103<\/td>\n<\/tr>\n<tr>\n<td>Velocit\u00e0 di rotazione del laser<\/td>\n<td colspan=\"2\">0\/300\/600\/1000\/1500 giri\/min (motore cavo brushless a magnete permanente)<\/td>\n<\/tr>\n<tr>\n<td>Scansione dell&#039;area<\/td>\n<td colspan=\"2\">15\u00b0\/45\u00b0\/90\u00b0\/180\u00b0<\/td>\n<\/tr>\n<tr>\n<td>Impostazione dell&#039;inclinazione<\/td>\n<td colspan=\"2\">Bidirezionale<\/td>\n<\/tr>\n<tr>\n<td>Funzionamento in pendenza<\/td>\n<td colspan=\"2\">Utilizzare il telecomando RC100<\/td>\n<\/tr>\n<tr>\n<td>Funzionamento dell&#039;unit\u00e0 principale<\/td>\n<td colspan=\"2\">4 tasti \/ 5 luci (sincronizzazione con il segnale del telecomando)<\/td>\n<\/tr>\n<tr>\n<td>Funzionamento tramite telecomando<\/td>\n<td colspan=\"2\">12 tasti\/5 luci (sincronizzazione con i segnali host, distanza del telecomando \u2265150 m)<\/td>\n<\/tr>\n<tr>\n<td>Metodo di alimentazione<\/td>\n<td colspan=\"2\">Alimentazione diretta CA al litio (sezione singola sostituibile)<\/td>\n<\/tr>\n<tr>\n<td>Tempo di lavoro del litio<\/td>\n<td colspan=\"2\">15-20 ore (batteria con tempo di funzionamento pi\u00f9 lungo opzionale)<\/td>\n<\/tr>\n<tr>\n<td>Metodo di calibrazione<\/td>\n<td colspan=\"2\">Controllo remoto \/APP<\/td>\n<\/tr>\n<tr>\n<td>Confezione<\/td>\n<td colspan=\"2\">Scatola di plastica<\/td>\n<\/tr>\n<tr>\n<td>Misurare<\/td>\n<td colspan=\"2\">Lunghezza 232 Larghezza 189 Altezza 227 (mm)<\/td>\n<\/tr>\n<tr>\n<td>Grado di protezione<\/td>\n<td colspan=\"2\">IP65<\/td>\n<\/tr>\n<tr>\n<td>Altezza di caduta<\/td>\n<td colspan=\"2\">Solo macchina principale 1M<\/td>\n<\/tr>\n<tr>\n<td>Impostazione dell&#039;intervallo di pendenza<\/td>\n<td colspan=\"2\">\u00b110%<\/td>\n<\/tr>\n<\/tbody>\n<\/table>","protected":false},"excerpt":{"rendered":"<ul>\n<li>Il Mount Laser KRL-405 \u00e8 un laser rotante orizzontale di alta qualit\u00e0 che esemplifica le capacit\u00e0 avanzate dei moderni laser rotanti autolivellanti.<\/li>\n<li>Velocit\u00e0 di rotazione regolabile: offre cinque velocit\u00e0 di rotazione (0, 300, 600, 1000, 1500 giri\/min) per una visibilit\u00e0 ottimale e una maggiore durata della batteria.<\/li>\n<li>Batteria a lunga durata e protezione IP65: garantisce 15-20 ore di funzionamento ed \u00e8 altamente protetto da polvere e getti d&#039;acqua.<\/li>\n<li>Modalit\u00e0 di scansione multiple: pu\u00f2 funzionare in modalit\u00e0 di scansione dell&#039;area (15\u00b0, 45\u00b0, 90\u00b0, 180\u00b0) per lavori su sezioni specifiche.<\/li>\n<\/ul>","protected":false},"featured_media":4763,"comment_status":"open","ping_status":"closed","template":"","meta":[],"product_brand":[],"product_cat":[93,137],"product_tag":[],"class_list":{"0":"post-4762","1":"product","2":"type-product","3":"status-publish","4":"has-post-thumbnail","6":"product_cat-rotary-laser","7":"product_cat-rotary-laser-4-series","9":"first","10":"instock","11":"shipping-taxable","12":"product-type-simple"},"_links":{"self":[{"href":"https:\/\/mountlaser.com\/it\/wp-json\/wp\/v2\/product\/4762","targetHints":{"allow":["GET"]}}],"collection":[{"href":"https:\/\/mountlaser.com\/it\/wp-json\/wp\/v2\/product"}],"about":[{"href":"https:\/\/mountlaser.com\/it\/wp-json\/wp\/v2\/types\/product"}],"replies":[{"embeddable":true,"href":"https:\/\/mountlaser.com\/it\/wp-json\/wp\/v2\/comments?post=4762"}],"wp:featuredmedia":[{"embeddable":true,"href":"https:\/\/mountlaser.com\/it\/wp-json\/wp\/v2\/media\/4763"}],"wp:attachment":[{"href":"https:\/\/mountlaser.com\/it\/wp-json\/wp\/v2\/media?parent=4762"}],"wp:term":[{"taxonomy":"product_brand","embeddable":true,"href":"https:\/\/mountlaser.com\/it\/wp-json\/wp\/v2\/product_brand?post=4762"},{"taxonomy":"product_cat","embeddable":true,"href":"https:\/\/mountlaser.com\/it\/wp-json\/wp\/v2\/product_cat?post=4762"},{"taxonomy":"product_tag","embeddable":true,"href":"https:\/\/mountlaser.com\/it\/wp-json\/wp\/v2\/product_tag?post=4762"}],"curies":[{"name":"parola chiave","href":"https:\/\/api.w.org\/{rel}","templated":true}]}}