{"id":4760,"date":"2025-11-21T07:32:16","date_gmt":"2025-11-21T07:32:16","guid":{"rendered":"https:\/\/mountlaser.com\/?post_type=product&#038;p=4760"},"modified":"2025-11-25T08:25:46","modified_gmt":"2025-11-25T08:25:46","slug":"kmr01-machine-control-laser-receivers","status":"publish","type":"product","link":"https:\/\/mountlaser.com\/it\/prodotto\/kmr01-machine-control-laser-receivers\/","title":{"rendered":"Ricevitori laser per controllo macchina KMR01"},"content":{"rendered":"<p>IL <a href=\"https:\/\/mountlaser.com\/it\/about-us\/\"><strong>Ricevitore di controllo macchina Laser rotante<\/strong><\/a> La serie \u00e8 progettata per il controllo di alta precisione del grado in ambienti di costruzione esigenti. La nostra <a href=\"https:\/\/mountlaser.com\/it\/\">Ricevitori laser per controllo macchina KMR01<\/a> Offrono precisione, durata e compatibilit\u00e0 eccezionali, rendendoli ideali per escavatori, bulldozer e altri macchinari pesanti. Con una finestra di ricezione di 25 cm che offre una ricezione completa a 360\u00b0, il ricevitore laser rotante Machine Control garantisce un rilevamento continuo e stabile dei raggi laser rotanti da qualsiasi marca di livella laser rotante.<\/p>\n<p>IL <a href=\"https:\/\/mountlaser.com\/it\/contact-us\/\">Ricevitori laser per controllo macchina KMR01<\/a> Sono disponibili in due modelli: KMR01C con morsetto a vite e KMR01M con un robusto supporto magnetico, che consente una facile installazione su vari tipi di macchinari. Realizzati con un robusto involucro metallico IP66, questi ricevitori resistono a polvere, acqua, vibrazioni e temperature di esercizio estreme, comprese tra -20\u00b0C e +60\u00b0C. Ogni ricevitore laser rotante Machine Control \u00e8 dotato di un display remoto per il monitoraggio in tempo reale all&#039;interno della cabina, migliorando la praticit\u00e0 e la sicurezza operativa.<\/p>\n<p>Con impostazioni di precisione fine da \u00b12 mm a \u00b110 mm e precisione grossolana da \u00b15 mm a \u00b123 mm, i ricevitori laser per controllo macchina KMR01 offrono prestazioni affidabili nel controllo del livello. Alimentato da una batteria ricaricabile NiMH da 7,2 V e 2500 mAh, il sistema offre fino a 40 ore di funzionamento continuo con un tempo di ricarica di 15 ore. Compatto ma robusto, con dimensioni di 376 \u00d7 180 \u00d7 60 mm e un peso di soli 3 kg, il KMR01 \u00e8 progettato per un uso professionale a lungo termine nel settore edile.<\/p>\n<figure id=\"attachment_4755\" aria-describedby=\"caption-attachment-4755\" style=\"width: 500px\" class=\"wp-caption aligncenter\"><img fetchpriority=\"high\" decoding=\"async\" class=\"wp-image-4755\" src=\"https:\/\/mountlaser.com\/wp-content\/uploads\/2025\/11\/KMR011.webp\" alt=\"KMR01C Machine Control Receiver Rotary Laser\" width=\"500\" height=\"500\" srcset=\"https:\/\/mountlaser.com\/wp-content\/uploads\/2025\/11\/KMR011.webp 800w, https:\/\/mountlaser.com\/wp-content\/uploads\/2025\/11\/KMR011-300x300.webp 300w, https:\/\/mountlaser.com\/wp-content\/uploads\/2025\/11\/KMR011-400x400.webp 400w, https:\/\/mountlaser.com\/wp-content\/uploads\/2025\/11\/KMR011-600x600.webp 600w, https:\/\/mountlaser.com\/wp-content\/uploads\/2025\/11\/KMR011-150x150.webp 150w, https:\/\/mountlaser.com\/wp-content\/uploads\/2025\/11\/KMR011-768x768.webp 768w, https:\/\/mountlaser.com\/wp-content\/uploads\/2025\/11\/KMR011-12x12.webp 12w\" sizes=\"(max-width: 500px) 100vw, 500px\" \/><figcaption id=\"caption-attachment-4755\" class=\"wp-caption-text\">Ricevitori laser per controllo macchina KMR01C<\/figcaption><\/figure>\n<figure id=\"attachment_4756\" aria-describedby=\"caption-attachment-4756\" style=\"width: 500px\" class=\"wp-caption aligncenter\"><img decoding=\"async\" class=\"wp-image-4756\" src=\"https:\/\/mountlaser.com\/wp-content\/uploads\/2025\/11\/KMR012.webp\" alt=\"KMR01 Machine Control Receiver Rotary Laser\" width=\"500\" height=\"500\" srcset=\"https:\/\/mountlaser.com\/wp-content\/uploads\/2025\/11\/KMR012.webp 800w, https:\/\/mountlaser.com\/wp-content\/uploads\/2025\/11\/KMR012-300x300.webp 300w, https:\/\/mountlaser.com\/wp-content\/uploads\/2025\/11\/KMR012-400x400.webp 400w, https:\/\/mountlaser.com\/wp-content\/uploads\/2025\/11\/KMR012-600x600.webp 600w, https:\/\/mountlaser.com\/wp-content\/uploads\/2025\/11\/KMR012-150x150.webp 150w, https:\/\/mountlaser.com\/wp-content\/uploads\/2025\/11\/KMR012-768x768.webp 768w, https:\/\/mountlaser.com\/wp-content\/uploads\/2025\/11\/KMR012-12x12.webp 12w\" sizes=\"(max-width: 500px) 100vw, 500px\" \/><figcaption id=\"caption-attachment-4756\" class=\"wp-caption-text\">Ricevitori laser per controllo macchina KMR01M<\/figcaption><\/figure>\n<div>\n<table style=\"border-collapse: collapse; width: 631.52pt;\" border=\"0\" width=\"842\" cellspacing=\"0\" cellpadding=\"0\">\n<tbody>\n<tr style=\"height: 17.25pt;\">\n<td class=\"et2\" style=\"height: 17.25pt; width: 322.50pt;\" width=\"430\" height=\"23\">Modello n.<\/td>\n<td class=\"et3\" style=\"width: 309.00pt;\" width=\"412\">KMR01<\/td>\n<\/tr>\n<tr style=\"height: 17.25pt;\">\n<td class=\"et4\" style=\"height: 17.25pt;\" height=\"23\">Precisione Fine<\/td>\n<td class=\"et4\">da \u00b12 mm a \u00b110 mm<\/td>\n<\/tr>\n<tr style=\"height: 17.25pt;\">\n<td class=\"et4\" style=\"height: 17.25pt;\" height=\"23\">Precisione grossolana<\/td>\n<td class=\"et4\">da \u00b15 mm a \u00b123 mm<\/td>\n<\/tr>\n<tr style=\"height: 17.25pt;\">\n<td class=\"et4\" style=\"height: 17.25pt;\" height=\"23\">Pacco batteria ricaricabile<\/td>\n<td class=\"et4\">7,2 V NiMH 2500 mAh<\/td>\n<\/tr>\n<tr style=\"height: 17.25pt;\">\n<td class=\"et4\" style=\"height: 17.25pt;\" height=\"23\">Tempo di funzionamento<\/td>\n<td class=\"et4\">40 ore<\/td>\n<\/tr>\n<tr style=\"height: 17.25pt;\">\n<td class=\"et4\" style=\"height: 17.25pt;\" height=\"23\">Tempo di ricarica<\/td>\n<td class=\"et4\">15 ore<\/td>\n<\/tr>\n<tr style=\"height: 17.25pt;\">\n<td class=\"et4\" style=\"height: 17.25pt;\" height=\"23\">Temperatura di lavoro<\/td>\n<td class=\"et4\">-20<span class=\"font4\">\u2103\uff5e<\/span><span class=\"font3\">+60<\/span><span class=\"font4\">\u2103<\/span><\/td>\n<\/tr>\n<tr style=\"height: 14.25pt;\">\n<td class=\"et4\" style=\"height: 14.25pt;\" height=\"19\">Misurare<\/td>\n<td class=\"et4\">376x180x60mm<\/td>\n<\/tr>\n<tr style=\"height: 14.25pt;\">\n<td class=\"et4\" style=\"height: 14.25pt;\" height=\"19\">Peso<\/td>\n<td class=\"et4\">3 kg<\/td>\n<\/tr>\n<\/tbody>\n<\/table>\n<\/div>","protected":false},"excerpt":{"rendered":"<ul>\n<li>Assicura un controllo preciso del livello per i macchinari edili<\/li>\n<li>Rileva i raggi laser rotanti di tutte le principali marche di livelli laser<\/li>\n<li>Fornisce una ricezione a 360\u00b0 per un funzionamento continuo e una maggiore efficienza<\/li>\n<li>Consente un monitoraggio chiaro e comodo del lato cabina tramite display remoto<\/li>\n<li>Offre due opzioni di montaggio per vari tipi di macchine (morsetto o magnete)<\/li>\n<li>Progettato per ambienti estremi con alloggiamento in metallo con grado di protezione IP66<\/li>\n<\/ul>","protected":false},"featured_media":4759,"comment_status":"open","ping_status":"closed","template":"","meta":[],"product_brand":[],"product_cat":[136,94],"product_tag":[],"class_list":{"0":"post-4760","1":"product","2":"type-product","3":"status-publish","4":"has-post-thumbnail","6":"product_cat-machine-control-laser-receivers","7":"product_cat-laser-level-accessory","9":"first","10":"instock","11":"shipping-taxable","12":"product-type-simple"},"_links":{"self":[{"href":"https:\/\/mountlaser.com\/it\/wp-json\/wp\/v2\/product\/4760","targetHints":{"allow":["GET"]}}],"collection":[{"href":"https:\/\/mountlaser.com\/it\/wp-json\/wp\/v2\/product"}],"about":[{"href":"https:\/\/mountlaser.com\/it\/wp-json\/wp\/v2\/types\/product"}],"replies":[{"embeddable":true,"href":"https:\/\/mountlaser.com\/it\/wp-json\/wp\/v2\/comments?post=4760"}],"wp:featuredmedia":[{"embeddable":true,"href":"https:\/\/mountlaser.com\/it\/wp-json\/wp\/v2\/media\/4759"}],"wp:attachment":[{"href":"https:\/\/mountlaser.com\/it\/wp-json\/wp\/v2\/media?parent=4760"}],"wp:term":[{"taxonomy":"product_brand","embeddable":true,"href":"https:\/\/mountlaser.com\/it\/wp-json\/wp\/v2\/product_brand?post=4760"},{"taxonomy":"product_cat","embeddable":true,"href":"https:\/\/mountlaser.com\/it\/wp-json\/wp\/v2\/product_cat?post=4760"},{"taxonomy":"product_tag","embeddable":true,"href":"https:\/\/mountlaser.com\/it\/wp-json\/wp\/v2\/product_tag?post=4760"}],"curies":[{"name":"parola chiave","href":"https:\/\/api.w.org\/{rel}","templated":true}]}}