{"id":4731,"date":"2025-11-21T03:00:54","date_gmt":"2025-11-21T03:00:54","guid":{"rendered":"https:\/\/mountlaser.com\/?post_type=product&#038;p=4731"},"modified":"2025-11-25T08:56:34","modified_gmt":"2025-11-25T08:56:34","slug":"line-laser-kll-800-series","status":"publish","type":"product","link":"https:\/\/mountlaser.com\/it\/prodotto\/line-laser-kll-800-series\/","title":{"rendered":"Laser lineare serie KLL-800"},"content":{"rendered":"<p><a href=\"https:\/\/mountlaser.com\/it\/about-us\/\"><strong>Laser lineare serie KLL-800<\/strong><\/a> \u00e8 progettata per i professionisti che richiedono prestazioni senza pari e un&#039;autonomia prolungata in cantiere. Questa serie premium offre soluzioni versatili, con i modelli KLL-D801 e D802 per layout 2D completi a 8 linee a 360\u00b0, e il modello di punta KLL-D803, un innovativo livello laser 3D a 12 linee che proietta su dodici superfici per una pianificazione spaziale completa. Disponibile sia nella variante con raggio rosso ad alta potenza che con raggio verde ultra luminoso, ogni strumento di questa serie \u00e8 un livello laser autolivellante di precisione, che garantisce una precisione entro \u00b13 mm a 10 metri in meno di 5 secondi.<\/p>\n<p>Ci\u00f2 che veramente distingue il <a href=\"https:\/\/mountlaser.com\/it\/contact-us\/\">Serie KLL-800<\/a> Ci\u00f2 che lo distingue \u00e8 l&#039;eccezionale durata della batteria, alimentata da una batteria agli ioni di litio ad alta capacit\u00e0 da 8000 mAh che garantisce fino a 8 ore di funzionamento continuo. Ci\u00f2 significa meno tempi di inattivit\u00e0 e maggiore produttivit\u00e0. Che si utilizzi un robusto<strong><a href=\"https:\/\/mountlaser.com\/it\/categoria-prodotto\/line-laser\/\"> livello laser autolivellante<\/a>l<\/strong> Che si tratti della gamma 2D o dell&#039;avanzato livello laser 3D a 12 linee per installazioni complesse, avrete a disposizione uno strumento progettato per garantire resistenza e precisione. Con un grado di protezione IP54 per la durata, la serie KLL-800 \u00e8 la scelta ideale per gli appaltatori che non scendono a compromessi in termini di affidabilit\u00e0 e prestazioni.<\/p>\n<p>&nbsp;<\/p>\n<p>&nbsp;<\/p>\n<p><img fetchpriority=\"high\" decoding=\"async\" class=\"aligncenter wp-image-4732\" src=\"https:\/\/mountlaser.com\/wp-content\/uploads\/2025\/11\/KLL-8001.webp\" alt=\"self-leveling laser level\" width=\"500\" height=\"500\" srcset=\"https:\/\/mountlaser.com\/wp-content\/uploads\/2025\/11\/KLL-8001.webp 800w, https:\/\/mountlaser.com\/wp-content\/uploads\/2025\/11\/KLL-8001-300x300.webp 300w, https:\/\/mountlaser.com\/wp-content\/uploads\/2025\/11\/KLL-8001-400x400.webp 400w, https:\/\/mountlaser.com\/wp-content\/uploads\/2025\/11\/KLL-8001-600x600.webp 600w, https:\/\/mountlaser.com\/wp-content\/uploads\/2025\/11\/KLL-8001-150x150.webp 150w, https:\/\/mountlaser.com\/wp-content\/uploads\/2025\/11\/KLL-8001-768x768.webp 768w, https:\/\/mountlaser.com\/wp-content\/uploads\/2025\/11\/KLL-8001-12x12.webp 12w\" sizes=\"(max-width: 500px) 100vw, 500px\" \/><\/p>\n<p><strong>Specifiche della serie laser lineare KLL-800<\/strong><\/p>\n<table style=\"height: 408px;\" width=\"800\">\n<tbody>\n<tr>\n<td>Modello n.<\/td>\n<td>KLL-D801R\/802R\/803R<\/td>\n<td>KLL-D801G\/802G\/803G<\/td>\n<\/tr>\n<tr>\n<td>Sorgente luminosa<\/td>\n<td>Raggio rosso<\/td>\n<td>Raggio verde<\/td>\n<\/tr>\n<tr>\n<td>Lunghezza d&#039;onda laser<\/td>\n<td>635 nm<\/td>\n<td>520 nm<\/td>\n<\/tr>\n<tr>\n<td>Diodo laser<\/td>\n<td>100mW<\/td>\n<td>30mW<\/td>\n<\/tr>\n<tr>\n<td>Classe di sicurezza laser<\/td>\n<td colspan=\"2\">Classe 2<\/td>\n<\/tr>\n<tr>\n<td>Intervallo di livellamento:<\/td>\n<td colspan=\"2\">\u00b13\u00b0<\/td>\n<\/tr>\n<tr>\n<td>Tempo di livellamento<\/td>\n<td colspan=\"2\">&lt;5 secondi<\/td>\n<\/tr>\n<tr>\n<td>Precisione di livellamento<\/td>\n<td colspan=\"2\">\u00b13 mm\/10 m<\/td>\n<\/tr>\n<tr>\n<td>Energia<\/td>\n<td colspan=\"2\">Batteria agli ioni di litio 21700 3,7 V 8000 mAh<\/td>\n<\/tr>\n<tr>\n<td>Tempo di operazione<\/td>\n<td colspan=\"2\">Circa 8 ore<\/td>\n<\/tr>\n<tr>\n<td>Temperatura di funzionamento<\/td>\n<td colspan=\"2\">-10\u2103\uff5e+50\u2103<\/td>\n<\/tr>\n<tr>\n<td>Filettatura di montaggio<\/td>\n<td colspan=\"2\">1\/4\u2033-20<\/td>\n<\/tr>\n<tr>\n<td>Impermeabile<\/td>\n<td colspan=\"2\">IP54<\/td>\n<\/tr>\n<\/tbody>\n<\/table>","protected":false},"excerpt":{"rendered":"<ul>\n<li>Modalit\u00e0 di proiezione avanzate: include modelli 2D a 8 linee (D801\/802) per una copertura a 360\u00b0 e un modello 3D a 12 linee (D803) per la disposizione spaziale dell&#039;intero sito.<\/li>\n<li>Livella laser autolivellante: livella automaticamente entro un intervallo di \u00b13\u00b0 in meno di 5 secondi, garantendo un&#039;installazione immediata e precisa.<\/li>\n<li>Durata della batteria leader del settore: alimentato da una batteria agli ioni di litio 21700 da 8000 mAh per un massimo di 8 ore di funzionamento continuo.<\/li>\n<\/ul>","protected":false},"featured_media":4734,"comment_status":"open","ping_status":"closed","template":"","meta":[],"product_brand":[],"product_cat":[92],"product_tag":[],"class_list":{"0":"post-4731","1":"product","2":"type-product","3":"status-publish","4":"has-post-thumbnail","6":"product_cat-line-laser","8":"first","9":"instock","10":"shipping-taxable","11":"product-type-simple"},"_links":{"self":[{"href":"https:\/\/mountlaser.com\/it\/wp-json\/wp\/v2\/product\/4731","targetHints":{"allow":["GET"]}}],"collection":[{"href":"https:\/\/mountlaser.com\/it\/wp-json\/wp\/v2\/product"}],"about":[{"href":"https:\/\/mountlaser.com\/it\/wp-json\/wp\/v2\/types\/product"}],"replies":[{"embeddable":true,"href":"https:\/\/mountlaser.com\/it\/wp-json\/wp\/v2\/comments?post=4731"}],"wp:featuredmedia":[{"embeddable":true,"href":"https:\/\/mountlaser.com\/it\/wp-json\/wp\/v2\/media\/4734"}],"wp:attachment":[{"href":"https:\/\/mountlaser.com\/it\/wp-json\/wp\/v2\/media?parent=4731"}],"wp:term":[{"taxonomy":"product_brand","embeddable":true,"href":"https:\/\/mountlaser.com\/it\/wp-json\/wp\/v2\/product_brand?post=4731"},{"taxonomy":"product_cat","embeddable":true,"href":"https:\/\/mountlaser.com\/it\/wp-json\/wp\/v2\/product_cat?post=4731"},{"taxonomy":"product_tag","embeddable":true,"href":"https:\/\/mountlaser.com\/it\/wp-json\/wp\/v2\/product_tag?post=4731"}],"curies":[{"name":"parola chiave","href":"https:\/\/api.w.org\/{rel}","templated":true}]}}