{"id":4717,"date":"2025-11-21T01:51:49","date_gmt":"2025-11-21T01:51:49","guid":{"rendered":"https:\/\/mountlaser.com\/?post_type=product&#038;p=4717"},"modified":"2025-11-26T06:33:01","modified_gmt":"2025-11-26T06:33:01","slug":"line-laser-kll-012","status":"publish","type":"product","link":"https:\/\/mountlaser.com\/it\/prodotto\/line-laser-kll-012\/","title":{"rendered":"Laser lineare KLL-012"},"content":{"rendered":"<p>Il Mount Laser <a href=\"https:\/\/mountlaser.com\/it\/products\/\"><strong>Laser lineare KLL-012<\/strong><\/a> \u00e8 versatile e facile da usare <a href=\"https:\/\/mountlaser.com\/it\/about-us\/\"><strong>Livelli laser 2D<\/strong><\/a>, Progettato per offrire precisione e semplicit\u00e0 in una moltitudine di progetti di livellamento e allineamento. Questo strumento \u00e8 disponibile in due modelli: il KLL-012R con raggio rosso standard e il KLL-012G con raggio verde ad alta visibilit\u00e0, notevolmente pi\u00f9 luminoso per l&#039;uso in ambienti ben illuminati. In sostanza, il KLL-012 funziona come una livella laser a croce ad alta precisione, proiettando una linea orizzontale e verticale nitida per attivit\u00e0 essenziali come appendere quadri, installare mensole o posare piastrelle.<\/p>\n<p>Ci\u00f2 che rende questo strumento unico nella categoria <a href=\"https:\/\/mountlaser.com\/it\/contact-us\/\">Livelli laser 2D<\/a> \u00e8 il suo robusto meccanismo di autolivellamento. Si livella automaticamente entro un intervallo di \u00b13\u00b0 in meno di 5 secondi, garantendo una precisione di \u00b13 mm\/10 m per risultati affidabili ogni volta. La struttura resistente, completa di grado di protezione IP54 per la resistenza a polvere e acqua, rende questa livella laser a linee incrociate progettata per resistere alle sollecitazioni del cantiere. Per qualsiasi professionista o appassionato di fai da te che cerchi una livella laser 2D affidabile e precisa, la KLL-012 offre le funzionalit\u00e0 essenziali necessarie per svolgere al meglio il lavoro.<\/p>\n<p><img fetchpriority=\"high\" decoding=\"async\" class=\"aligncenter wp-image-4718\" src=\"https:\/\/mountlaser.com\/wp-content\/uploads\/2025\/11\/KLL-0121.webp\" alt=\"2D Laser Levels\" width=\"500\" height=\"500\" srcset=\"https:\/\/mountlaser.com\/wp-content\/uploads\/2025\/11\/KLL-0121.webp 800w, https:\/\/mountlaser.com\/wp-content\/uploads\/2025\/11\/KLL-0121-300x300.webp 300w, https:\/\/mountlaser.com\/wp-content\/uploads\/2025\/11\/KLL-0121-400x400.webp 400w, https:\/\/mountlaser.com\/wp-content\/uploads\/2025\/11\/KLL-0121-600x600.webp 600w, https:\/\/mountlaser.com\/wp-content\/uploads\/2025\/11\/KLL-0121-150x150.webp 150w, https:\/\/mountlaser.com\/wp-content\/uploads\/2025\/11\/KLL-0121-768x768.webp 768w, https:\/\/mountlaser.com\/wp-content\/uploads\/2025\/11\/KLL-0121-12x12.webp 12w\" sizes=\"(max-width: 500px) 100vw, 500px\" \/><\/p>\n<p>&nbsp;<\/p>\n<p><strong>Specifiche del laser lineare KLL-012<\/strong><\/p>\n<table style=\"height: 423px;\" border=\"0\" width=\"704\">\n<tbody>\n<tr>\n<td class=\"et2\">Modello n.<\/td>\n<td class=\"et2\">KLL-012R<\/td>\n<td class=\"et2\">KLL-012G<\/td>\n<\/tr>\n<tr>\n<td class=\"et2\">Sorgente luminosa<\/td>\n<td class=\"et2\">Raggio rosso<\/td>\n<td class=\"et2\">Raggio verde<\/td>\n<\/tr>\n<tr>\n<td class=\"et2\">Lunghezza d&#039;onda laser<\/td>\n<td class=\"et2\">635 nm<\/td>\n<td class=\"et2\">520 nm<\/td>\n<\/tr>\n<tr>\n<td class=\"et2\">Diodo laser<\/td>\n<td class=\"et2\">10mW<\/td>\n<td class=\"et2\">30mW<\/td>\n<\/tr>\n<tr>\n<td class=\"et2\">Classe di sicurezza laser<\/td>\n<td class=\"et4\" colspan=\"2\">Classe 2<\/td>\n<\/tr>\n<tr>\n<td class=\"et2\">Intervallo di livellamento:<\/td>\n<td class=\"et4\" colspan=\"2\">\u00b13\u00b0<\/td>\n<\/tr>\n<tr>\n<td class=\"et2\">Tempo di livellamento<\/td>\n<td class=\"et4\" colspan=\"2\">&lt;5 secondi<\/td>\n<\/tr>\n<tr>\n<td class=\"et2\">Precisione di livellamento<\/td>\n<td class=\"et4\" colspan=\"2\">\u00b13 mm\/10 m<\/td>\n<\/tr>\n<tr>\n<td class=\"et2\">Energia<\/td>\n<td class=\"et4\" colspan=\"2\">3 batterie alcaline AAA<\/td>\n<\/tr>\n<tr>\n<td class=\"et2\">Tempo di operazione<\/td>\n<td class=\"et2\">Circa 8 ore<\/td>\n<td class=\"et2\">Circa 6 ore<\/td>\n<\/tr>\n<tr>\n<td class=\"et2\">Temperatura di funzionamento<\/td>\n<td class=\"et4\" colspan=\"2\">-10\u2103-+50\u2103<\/td>\n<\/tr>\n<tr>\n<td class=\"et2\">Filettatura di montaggio<\/td>\n<td class=\"et4\" colspan=\"2\">1\/4\u2033-20<\/td>\n<\/tr>\n<tr>\n<td class=\"et2\">Impermeabile<\/td>\n<td class=\"et4\" colspan=\"2\">IP54<\/td>\n<\/tr>\n<\/tbody>\n<\/table>","protected":false},"excerpt":{"rendered":"<ul>\n<li>Proiezione di linee incrociate: proietta una linea orizzontale chiara e una verticale per le attivit\u00e0 di allineamento essenziali.<\/li>\n<li>Autolivellamento: livellamento automatico entro un intervallo di \u00b13\u00b0 per un&#039;impostazione immediata e precisa.<\/li>\n<li>Modalit\u00e0 manuale: il blocco del pendolo consente di tracciare linee angolate o di effettuare un trasporto sicuro.<\/li>\n<li>Batteria a lunga durata: alimentato da 3 batterie AAA, che offrono fino a 8 ore (rosso) o 6 ore (verde) di funzionamento.<\/li>\n<\/ul>","protected":false},"featured_media":4720,"comment_status":"open","ping_status":"closed","template":"","meta":[],"product_brand":[],"product_cat":[92],"product_tag":[],"class_list":{"0":"post-4717","1":"product","2":"type-product","3":"status-publish","4":"has-post-thumbnail","6":"product_cat-line-laser","8":"first","9":"instock","10":"shipping-taxable","11":"product-type-simple"},"_links":{"self":[{"href":"https:\/\/mountlaser.com\/it\/wp-json\/wp\/v2\/product\/4717","targetHints":{"allow":["GET"]}}],"collection":[{"href":"https:\/\/mountlaser.com\/it\/wp-json\/wp\/v2\/product"}],"about":[{"href":"https:\/\/mountlaser.com\/it\/wp-json\/wp\/v2\/types\/product"}],"replies":[{"embeddable":true,"href":"https:\/\/mountlaser.com\/it\/wp-json\/wp\/v2\/comments?post=4717"}],"wp:featuredmedia":[{"embeddable":true,"href":"https:\/\/mountlaser.com\/it\/wp-json\/wp\/v2\/media\/4720"}],"wp:attachment":[{"href":"https:\/\/mountlaser.com\/it\/wp-json\/wp\/v2\/media?parent=4717"}],"wp:term":[{"taxonomy":"product_brand","embeddable":true,"href":"https:\/\/mountlaser.com\/it\/wp-json\/wp\/v2\/product_brand?post=4717"},{"taxonomy":"product_cat","embeddable":true,"href":"https:\/\/mountlaser.com\/it\/wp-json\/wp\/v2\/product_cat?post=4717"},{"taxonomy":"product_tag","embeddable":true,"href":"https:\/\/mountlaser.com\/it\/wp-json\/wp\/v2\/product_tag?post=4717"}],"curies":[{"name":"parola chiave","href":"https:\/\/api.w.org\/{rel}","templated":true}]}}