{"id":4713,"date":"2025-11-21T01:37:15","date_gmt":"2025-11-21T01:37:15","guid":{"rendered":"https:\/\/mountlaser.com\/?post_type=product&#038;p=4713"},"modified":"2025-11-26T06:44:16","modified_gmt":"2025-11-26T06:44:16","slug":"line-laser-kll-015","status":"publish","type":"product","link":"https:\/\/mountlaser.com\/it\/prodotto\/line-laser-kll-015\/","title":{"rendered":"Laser lineare KLL-015"},"content":{"rendered":"<p>IL <a href=\"https:\/\/mountlaser.com\/it\/products\/\"><strong>Laser lineare KLL-015<\/strong><\/a> di Mount Laser \u00e8 uno strumento versatile e ad alta precisione, progettato per i professionisti che richiedono precisione ed efficienza. Questo avanzato sistema di livellamento laser a pendolo proietta cinque linee laser nitide, tre verticali e due orizzontali, su qualsiasi superficie di lavoro, creando un piano di riferimento completo a 360 gradi per progetti di layout complessi. L&#039;innovativo sistema laser a 5 linee velocizza notevolmente le installazioni di piastrelle, soffitti, pareti divisorie e altro ancora.<\/p>\n<p>Dotato di pendolo autolivellante, questo <a href=\"https:\/\/mountlaser.com\/it\/\"><strong>Livella laser a pendolo<\/strong><\/a> Garantisce un&#039;eccezionale precisione entro \u00b13 mm a 10 metri, livellandosi automaticamente in meno di 5 secondi. Per una maggiore flessibilit\u00e0, il pendolo pu\u00f2 essere bloccato in modalit\u00e0 manuale, consentendo di creare linee angolate. La caratteristica distintiva di questo <a href=\"https:\/\/mountlaser.com\/it\/about-us\/\"><strong>Laser a 5 linee<\/strong><\/a> \u00e8 il suo raggio verde brillante, sei volte pi\u00f9 luminoso dei laser rossi standard, che garantisce una visibilit\u00e0 nitida anche in condizioni di forte illuminazione interna e su lunghe distanze.<\/p>\n<p><img fetchpriority=\"high\" decoding=\"async\" class=\"aligncenter wp-image-4714\" src=\"https:\/\/mountlaser.com\/wp-content\/uploads\/2025\/11\/KLL-0151.webp\" alt=\"5 line Line Laser\" width=\"500\" height=\"500\" srcset=\"https:\/\/mountlaser.com\/wp-content\/uploads\/2025\/11\/KLL-0151.webp 800w, https:\/\/mountlaser.com\/wp-content\/uploads\/2025\/11\/KLL-0151-300x300.webp 300w, https:\/\/mountlaser.com\/wp-content\/uploads\/2025\/11\/KLL-0151-400x400.webp 400w, https:\/\/mountlaser.com\/wp-content\/uploads\/2025\/11\/KLL-0151-600x600.webp 600w, https:\/\/mountlaser.com\/wp-content\/uploads\/2025\/11\/KLL-0151-150x150.webp 150w, https:\/\/mountlaser.com\/wp-content\/uploads\/2025\/11\/KLL-0151-768x768.webp 768w, https:\/\/mountlaser.com\/wp-content\/uploads\/2025\/11\/KLL-0151-12x12.webp 12w\" sizes=\"(max-width: 500px) 100vw, 500px\" \/><\/p>\n<p>&nbsp;<\/p>\n<p><strong>Specifiche del laser lineare KLL-015<\/strong><\/p>\n<table style=\"border-collapse: collapse; width: 544px; height: 406px;\" border=\"0\" width=\"346\" cellspacing=\"0\" cellpadding=\"0\">\n<tbody>\n<tr style=\"height: 19.50pt;\">\n<td class=\"et2\" style=\"height: 19.50pt; width: 135.00pt;\" width=\"180\" height=\"26\">Modello n.<\/td>\n<td class=\"et3\" style=\"width: 124.50pt;\" width=\"166\">KLL-015G<\/td>\n<\/tr>\n<tr style=\"height: 19.50pt;\">\n<td class=\"et4\" style=\"height: 19.50pt; width: 135.00pt;\" width=\"180\" height=\"26\">Sorgente luminosa<\/td>\n<td class=\"et5\" style=\"width: 124.50pt;\" width=\"166\">Raggio verde<\/td>\n<\/tr>\n<tr style=\"height: 19.50pt;\">\n<td class=\"et4\" style=\"height: 19.50pt; width: 135.00pt;\" width=\"180\" height=\"26\">Lunghezza d&#039;onda laser<\/td>\n<td class=\"et5\" style=\"width: 124.50pt;\" width=\"166\">520 nm<\/td>\n<\/tr>\n<tr style=\"height: 19.50pt;\">\n<td class=\"et4\" style=\"height: 19.50pt; width: 135.00pt;\" width=\"180\" height=\"26\">Potenza laser<\/td>\n<td class=\"et5\" style=\"width: 124.50pt;\" width=\"166\">30mW<\/td>\n<\/tr>\n<tr style=\"height: 19.50pt;\">\n<td class=\"et4\" style=\"height: 19.50pt; width: 135.00pt;\" width=\"180\" height=\"26\">Diodo laser a punto basso<\/td>\n<td class=\"et5\" style=\"width: 124.50pt;\" width=\"166\">Rosso 650nm 5mw<\/td>\n<\/tr>\n<tr style=\"height: 19.50pt;\">\n<td class=\"et4\" style=\"height: 19.50pt; width: 135.00pt;\" width=\"180\" height=\"26\">Classe di sicurezza laser<\/td>\n<td class=\"et5\" style=\"width: 124.50pt;\" width=\"166\">Classe 2<\/td>\n<\/tr>\n<tr style=\"height: 19.50pt;\">\n<td class=\"et4\" style=\"height: 19.50pt; width: 135.00pt;\" width=\"180\" height=\"26\">Intervallo di livellamento<\/td>\n<td class=\"et5\" style=\"width: 124.50pt;\" width=\"166\">\u00b13\u00b0<\/td>\n<\/tr>\n<tr style=\"height: 19.50pt;\">\n<td class=\"et4\" style=\"height: 19.50pt; width: 135.00pt;\" width=\"180\" height=\"26\">Tempo di livellamento<\/td>\n<td class=\"et5\" style=\"width: 124.50pt;\" width=\"166\">&lt;5 secondi<\/td>\n<\/tr>\n<tr style=\"height: 19.50pt;\">\n<td class=\"et4\" style=\"height: 19.50pt; width: 135.00pt;\" width=\"180\" height=\"26\">Precisione di livellamento<\/td>\n<td class=\"et5\" style=\"width: 124.50pt;\" width=\"166\">\u00b13 mm\/10 m<\/td>\n<\/tr>\n<tr style=\"height: 38.25pt;\">\n<td class=\"et4\" style=\"height: 38.25pt; width: 135.00pt;\" width=\"180\" height=\"51\">Energia<\/td>\n<td class=\"et5\" style=\"width: 124.50pt;\" width=\"166\">Batteria agli ioni di litio 18650 3,7 V 4000 mAh<\/td>\n<\/tr>\n<tr style=\"height: 19.50pt;\">\n<td class=\"et4\" style=\"height: 19.50pt; width: 135.00pt;\" width=\"180\" height=\"26\">Tempo di operazione<\/td>\n<td class=\"et5\" style=\"width: 124.50pt;\" width=\"166\">Circa 6 ore<\/td>\n<\/tr>\n<tr style=\"height: 19.50pt;\">\n<td class=\"et4\" style=\"height: 19.50pt; width: 135.00pt;\" width=\"180\" height=\"26\">Temperatura di funzionamento<\/td>\n<td class=\"et5\" style=\"width: 124.50pt;\" width=\"166\">-10\u2103\uff5e+50\u2103<\/td>\n<\/tr>\n<tr style=\"height: 19.50pt;\">\n<td class=\"et4\" style=\"height: 19.50pt; width: 135.00pt;\" width=\"180\" height=\"26\">Filettatura di montaggio<\/td>\n<td class=\"et5\" style=\"width: 124.50pt;\" width=\"166\">5\/8\u2033-11<\/td>\n<\/tr>\n<tr style=\"height: 19.50pt;\">\n<td class=\"et4\" style=\"height: 19.50pt; width: 135.00pt;\" width=\"180\" height=\"26\">Impermeabile<\/td>\n<td class=\"et5\" style=\"width: 124.50pt;\" width=\"166\">IP54<\/td>\n<\/tr>\n<\/tbody>\n<\/table>","protected":false},"excerpt":{"rendered":"<ul>\n<li>Laser a 5 linee: proietta due linee orizzontali e tre verticali per una copertura completa del layout.<\/li>\n<li>Tecnologia laser verde: \u00e8 dotato di un raggio verde da 520 nm, 6 volte pi\u00f9 luminoso dei laser rossi, per una visibilit\u00e0 superiore.<\/li>\n<li>Pendolo autolivellante: si livella automaticamente entro un intervallo di \u00b13\u00b0 per configurazioni immediate e precise.<\/li>\n<\/ul>","protected":false},"featured_media":4716,"comment_status":"open","ping_status":"closed","template":"","meta":[],"product_brand":[],"product_cat":[92],"product_tag":[],"class_list":{"0":"post-4713","1":"product","2":"type-product","3":"status-publish","4":"has-post-thumbnail","6":"product_cat-line-laser","8":"first","9":"instock","10":"shipping-taxable","11":"product-type-simple"},"_links":{"self":[{"href":"https:\/\/mountlaser.com\/it\/wp-json\/wp\/v2\/product\/4713","targetHints":{"allow":["GET"]}}],"collection":[{"href":"https:\/\/mountlaser.com\/it\/wp-json\/wp\/v2\/product"}],"about":[{"href":"https:\/\/mountlaser.com\/it\/wp-json\/wp\/v2\/types\/product"}],"replies":[{"embeddable":true,"href":"https:\/\/mountlaser.com\/it\/wp-json\/wp\/v2\/comments?post=4713"}],"wp:featuredmedia":[{"embeddable":true,"href":"https:\/\/mountlaser.com\/it\/wp-json\/wp\/v2\/media\/4716"}],"wp:attachment":[{"href":"https:\/\/mountlaser.com\/it\/wp-json\/wp\/v2\/media?parent=4713"}],"wp:term":[{"taxonomy":"product_brand","embeddable":true,"href":"https:\/\/mountlaser.com\/it\/wp-json\/wp\/v2\/product_brand?post=4713"},{"taxonomy":"product_cat","embeddable":true,"href":"https:\/\/mountlaser.com\/it\/wp-json\/wp\/v2\/product_cat?post=4713"},{"taxonomy":"product_tag","embeddable":true,"href":"https:\/\/mountlaser.com\/it\/wp-json\/wp\/v2\/product_tag?post=4713"}],"curies":[{"name":"parola chiave","href":"https:\/\/api.w.org\/{rel}","templated":true}]}}