{"id":4516,"date":"2025-11-17T09:10:31","date_gmt":"2025-11-17T09:10:31","guid":{"rendered":"https:\/\/mountlaser.com\/?post_type=product&#038;p=4516"},"modified":"2025-11-26T08:47:32","modified_gmt":"2025-11-26T08:47:32","slug":"gls112-aluminum-prism-pole","status":"publish","type":"product","link":"https:\/\/mountlaser.com\/it\/prodotto\/gls112-aluminum-prism-pole\/","title":{"rendered":"Palo prismatico in alluminio GLS112"},"content":{"rendered":"<p>Presentazione del<a href=\"https:\/\/mountlaser.com\/it\/\"> <strong>Palo prismatico in alluminio GLS112<\/strong><\/a>, Progettato per i professionisti della topografia che richiedono una portata eccezionale senza sacrificare stabilit\u00e0 o precisione. Questo palo robusto e ad alta resistenza \u00e8 realizzato in alluminio resistente, il che lo rende la scelta ideale per progetti in cui altezza e affidabilit\u00e0 sono essenziali.<\/p>\n<p>Questo modello esemplifica il design superiore di un <a href=\"https:\/\/mountlaser.com\/it\/products\/\"><strong>Palo prismatico in alluminio stile svizzero<\/strong><\/a>, dotato di un adattatore svizzero di precisione che garantisce una connessione sicura e universale al prisma. La struttura in alluminio del prisma in stile svizzero garantisce una perfetta aderenza, eliminando il gioco e garantendo misurazioni costantemente accurate. L&#039;affidabilit\u00e0 di questo prisma in alluminio in stile svizzero \u00e8 ulteriormente migliorata dalla sua struttura in alluminio ad alta resistenza, che fornisce la rigidit\u00e0 necessaria per un uso prolungato alla sua altezza massima di 3,6 metri (12 piedi).<\/p>\n<p>Per mantenere la precisione a qualsiasi altezza, il GLS112 \u00e8 dotato di una livella circolare da 30 pollici per un livellamento accurato. Presenta graduazioni chiare e doppie in centimetri e piedi per una lettura versatile ed \u00e8 disponibile nei diametri di 19\/25\/32 mm per adattarsi a diverse esigenze applicative.<\/p>\n<p>&nbsp;<\/p>\n<p>&nbsp;<\/p>\n<p><img fetchpriority=\"high\" decoding=\"async\" class=\"aligncenter wp-image-4518\" src=\"https:\/\/mountlaser.com\/wp-content\/uploads\/2025\/11\/GLS112\uff082\uff09.webp\" alt=\"Aluminum Swiss Style Prism Pole\" width=\"500\" height=\"500\" srcset=\"https:\/\/mountlaser.com\/wp-content\/uploads\/2025\/11\/GLS112\uff082\uff09.webp 1000w, https:\/\/mountlaser.com\/wp-content\/uploads\/2025\/11\/GLS112\uff082\uff09-300x300.webp 300w, https:\/\/mountlaser.com\/wp-content\/uploads\/2025\/11\/GLS112\uff082\uff09-400x400.webp 400w, https:\/\/mountlaser.com\/wp-content\/uploads\/2025\/11\/GLS112\uff082\uff09-800x800.webp 800w, https:\/\/mountlaser.com\/wp-content\/uploads\/2025\/11\/GLS112\uff082\uff09-600x600.webp 600w, https:\/\/mountlaser.com\/wp-content\/uploads\/2025\/11\/GLS112\uff082\uff09-150x150.webp 150w, https:\/\/mountlaser.com\/wp-content\/uploads\/2025\/11\/GLS112\uff082\uff09-768x768.webp 768w, https:\/\/mountlaser.com\/wp-content\/uploads\/2025\/11\/GLS112\uff082\uff09-12x12.webp 12w\" sizes=\"(max-width: 500px) 100vw, 500px\" \/><\/p>\n<p><a href=\"https:\/\/mountlaser.com\/it\/contact-us\/\"><strong>Specifiche del palo prismatico in alluminio GLS112<\/strong><\/a><\/p>\n<table style=\"border-collapse: collapse; width: 741.77pt;\" border=\"0\" width=\"989\" cellspacing=\"0\" cellpadding=\"0\">\n<tbody>\n<tr style=\"height: 14.25pt;\">\n<td class=\"et2\" style=\"height: 14.25pt; width: 142.50pt;\" width=\"190\" height=\"19\">NUMERO<\/td>\n<td class=\"et2\" style=\"width: 127.50pt;\" width=\"170\">LUNGHEZZA<\/td>\n<td class=\"et2\" style=\"width: 126.00pt;\" width=\"168\">MATERIALE<\/td>\n<td class=\"et2\" style=\"width: 135.00pt;\" width=\"180\">LAUREATI<\/td>\n<td class=\"et2\" style=\"width: 124.50pt;\" width=\"166\">ADATTATORE<\/td>\n<td class=\"et2\" style=\"width: 86.25pt;\" width=\"115\">DIAMETRO<\/td>\n<\/tr>\n<tr style=\"height: 14.25pt;\">\n<td class=\"et2\" style=\"height: 14.25pt;\" height=\"19\">GLS112<\/td>\n<td class=\"et2\">3,6 m (12 piedi)<\/td>\n<td class=\"et2\">Alluminio<\/td>\n<td class=\"et3\">cm\/piedi<\/td>\n<td class=\"et3\">svizzero<\/td>\n<td class=\"et3\">19\/25\/32 mm<\/td>\n<\/tr>\n<\/tbody>\n<\/table>","protected":false},"excerpt":{"rendered":"<ul>\n<li>Fornisce una piattaforma stabile e ad alta portata (3,6 m \/ 12 piedi) per il rilevamento di prismi.<\/li>\n<li>Assicura un allineamento verticale preciso con una fiala circolare da 30 pollici.<\/li>\n<li>Offre una vestibilit\u00e0 sicura e universale grazie al suo adattatore svizzero compatibile con i prismi standard.<\/li>\n<\/ul>","protected":false},"featured_media":4517,"comment_status":"open","ping_status":"closed","template":"","meta":[],"product_brand":[],"product_cat":[89,124],"product_tag":[],"class_list":{"0":"post-4516","1":"product","2":"type-product","3":"status-publish","4":"has-post-thumbnail","6":"product_cat-surveying-pole-rod","7":"product_cat-aluminum-fiberglass-prism-pole","9":"first","10":"instock","11":"shipping-taxable","12":"product-type-simple"},"_links":{"self":[{"href":"https:\/\/mountlaser.com\/it\/wp-json\/wp\/v2\/product\/4516","targetHints":{"allow":["GET"]}}],"collection":[{"href":"https:\/\/mountlaser.com\/it\/wp-json\/wp\/v2\/product"}],"about":[{"href":"https:\/\/mountlaser.com\/it\/wp-json\/wp\/v2\/types\/product"}],"replies":[{"embeddable":true,"href":"https:\/\/mountlaser.com\/it\/wp-json\/wp\/v2\/comments?post=4516"}],"wp:featuredmedia":[{"embeddable":true,"href":"https:\/\/mountlaser.com\/it\/wp-json\/wp\/v2\/media\/4517"}],"wp:attachment":[{"href":"https:\/\/mountlaser.com\/it\/wp-json\/wp\/v2\/media?parent=4516"}],"wp:term":[{"taxonomy":"product_brand","embeddable":true,"href":"https:\/\/mountlaser.com\/it\/wp-json\/wp\/v2\/product_brand?post=4516"},{"taxonomy":"product_cat","embeddable":true,"href":"https:\/\/mountlaser.com\/it\/wp-json\/wp\/v2\/product_cat?post=4516"},{"taxonomy":"product_tag","embeddable":true,"href":"https:\/\/mountlaser.com\/it\/wp-json\/wp\/v2\/product_tag?post=4516"}],"curies":[{"name":"parola chiave","href":"https:\/\/api.w.org\/{rel}","templated":true}]}}