{"id":4498,"date":"2025-11-17T08:56:11","date_gmt":"2025-11-17T08:56:11","guid":{"rendered":"https:\/\/mountlaser.com\/?post_type=product&#038;p=4498"},"modified":"2025-11-26T08:50:16","modified_gmt":"2025-11-26T08:50:16","slug":"gls111-aluminum-prism-pole","status":"publish","type":"product","link":"https:\/\/mountlaser.com\/it\/prodotto\/gls111-aluminum-prism-pole\/","title":{"rendered":"Palo prismatico in alluminio GLS111"},"content":{"rendered":"<p>Incontra il <a href=\"https:\/\/mountlaser.com\/it\/products\/\"><strong>Palo prismatico in alluminio GLS111<\/strong><\/a>, la soluzione versatile e robusta per i topografi che richiedono adattabilit\u00e0 senza compromettere la precisione. Questo palo leggero e ad alta resistenza \u00e8 progettato per garantire durata e prestazioni precise in diverse condizioni di campo, rendendolo uno strumento indispensabile per qualsiasi progetto di misurazione.<\/p>\n<p>La caratteristica distintiva di questo modello \u00e8 il suo innovativo design telescopico. L&#039;asta telescopica prismatica GLS111 si estende senza sforzo fino a un&#039;altezza massima di 2,6 metri (8,5 piedi), consentendo di regolare rapidamente l&#039;altezza di lavoro desiderata. Quando non in uso, si ripiega per un trasporto facile e compatto. La praticit\u00e0 del design dell&#039;asta telescopica prismatica GLS111 consente di trasportare un&#039;unica asta in cantiere anzich\u00e9 pi\u00f9 aste di lunghezza fissa.<\/p>\n<p>Per una precisione verticale garantita, il <a href=\"https:\/\/mountlaser.com\/it\/about-us\/\"><strong>Palo telescopico per prisma GLS111<\/strong><\/a> \u00c8 dotato di un&#039;affidabile fiala circolare da 30 pollici, che garantisce la perfetta livellazione del prisma per ogni misurazione. Realizzato in alluminio ad alta resistenza, resiste all&#039;uso quotidiano pur rimanendo sufficientemente leggero per un comfort duraturo. \u00c8 dotato di un adattatore svizzero standard per un&#039;ampia compatibilit\u00e0 ed \u00e8 disponibile nei diametri 25\/32 mm, con gradazioni chiare sia in centimetri che in piedi per un utilizzo versatile.<\/p>\n<p>&nbsp;<\/p>\n<p><img fetchpriority=\"high\" decoding=\"async\" class=\"aligncenter wp-image-4503\" src=\"https:\/\/mountlaser.com\/wp-content\/uploads\/2025\/11\/GLS1113.webp\" alt=\"GLS111 Telescopic Prism Pole\" width=\"500\" height=\"500\" srcset=\"https:\/\/mountlaser.com\/wp-content\/uploads\/2025\/11\/GLS1113.webp 1000w, https:\/\/mountlaser.com\/wp-content\/uploads\/2025\/11\/GLS1113-300x300.webp 300w, https:\/\/mountlaser.com\/wp-content\/uploads\/2025\/11\/GLS1113-400x400.webp 400w, https:\/\/mountlaser.com\/wp-content\/uploads\/2025\/11\/GLS1113-800x800.webp 800w, https:\/\/mountlaser.com\/wp-content\/uploads\/2025\/11\/GLS1113-600x600.webp 600w, https:\/\/mountlaser.com\/wp-content\/uploads\/2025\/11\/GLS1113-150x150.webp 150w, https:\/\/mountlaser.com\/wp-content\/uploads\/2025\/11\/GLS1113-768x768.webp 768w, https:\/\/mountlaser.com\/wp-content\/uploads\/2025\/11\/GLS1113-12x12.webp 12w\" sizes=\"(max-width: 500px) 100vw, 500px\" \/><\/p>\n<p><a href=\"https:\/\/mountlaser.com\/it\/contact-us\/\"><strong>Specifiche del palo prismatico in alluminio GLS111<\/strong><\/a><\/p>\n<table style=\"border-collapse: collapse; width: 741.77pt;\" border=\"0\" width=\"989\" cellspacing=\"0\" cellpadding=\"0\">\n<tbody>\n<tr style=\"height: 14.25pt;\">\n<td class=\"et2\" style=\"height: 14.25pt; width: 142.50pt;\" width=\"190\" height=\"19\">NUMERO<\/td>\n<td class=\"et2\" style=\"width: 127.50pt;\" width=\"170\">LUNGHEZZA<\/td>\n<td class=\"et2\" style=\"width: 126.00pt;\" width=\"168\">MATERIALE<\/td>\n<td class=\"et2\" style=\"width: 135.00pt;\" width=\"180\">LAUREATI<\/td>\n<td class=\"et2\" style=\"width: 124.50pt;\" width=\"166\">ADATTATORE<\/td>\n<td class=\"et2\" style=\"width: 86.25pt;\" width=\"115\">DIAMETRO<\/td>\n<\/tr>\n<tr style=\"height: 14.25pt;\">\n<td class=\"et2\" style=\"height: 14.25pt;\" height=\"19\">GLS111<\/td>\n<td class=\"et2\">2,6 m (8,5 piedi)<\/td>\n<td class=\"et2\">Alluminio<\/td>\n<td class=\"et3\">cm\/piedi<\/td>\n<td class=\"et3\">svizzero<\/td>\n<td class=\"et3\">25\/32 mm<\/td>\n<\/tr>\n<\/tbody>\n<\/table>","protected":false},"excerpt":{"rendered":"<ul>\n<li>Grazie al suo design telescopico, fornisce una piattaforma regolabile e stabile per il rilevamento di prismi.<\/li>\n<li>Assicura un allineamento verticale preciso grazie alla fiala circolare da 30 pollici integrata.<\/li>\n<li>Offre facili regolazioni dell&#039;altezza, da una dimensione compatta per il trasporto a un&#039;altezza di lavoro completa di 2,6 m (8,5 piedi).<\/li>\n<\/ul>","protected":false},"featured_media":4499,"comment_status":"open","ping_status":"closed","template":"","meta":[],"product_brand":[],"product_cat":[89,124],"product_tag":[],"class_list":{"0":"post-4498","1":"product","2":"type-product","3":"status-publish","4":"has-post-thumbnail","6":"product_cat-surveying-pole-rod","7":"product_cat-aluminum-fiberglass-prism-pole","9":"first","10":"instock","11":"shipping-taxable","12":"product-type-simple"},"_links":{"self":[{"href":"https:\/\/mountlaser.com\/it\/wp-json\/wp\/v2\/product\/4498","targetHints":{"allow":["GET"]}}],"collection":[{"href":"https:\/\/mountlaser.com\/it\/wp-json\/wp\/v2\/product"}],"about":[{"href":"https:\/\/mountlaser.com\/it\/wp-json\/wp\/v2\/types\/product"}],"replies":[{"embeddable":true,"href":"https:\/\/mountlaser.com\/it\/wp-json\/wp\/v2\/comments?post=4498"}],"wp:featuredmedia":[{"embeddable":true,"href":"https:\/\/mountlaser.com\/it\/wp-json\/wp\/v2\/media\/4499"}],"wp:attachment":[{"href":"https:\/\/mountlaser.com\/it\/wp-json\/wp\/v2\/media?parent=4498"}],"wp:term":[{"taxonomy":"product_brand","embeddable":true,"href":"https:\/\/mountlaser.com\/it\/wp-json\/wp\/v2\/product_brand?post=4498"},{"taxonomy":"product_cat","embeddable":true,"href":"https:\/\/mountlaser.com\/it\/wp-json\/wp\/v2\/product_cat?post=4498"},{"taxonomy":"product_tag","embeddable":true,"href":"https:\/\/mountlaser.com\/it\/wp-json\/wp\/v2\/product_tag?post=4498"}],"curies":[{"name":"parola chiave","href":"https:\/\/api.w.org\/{rel}","templated":true}]}}