{"id":4494,"date":"2025-11-17T07:52:44","date_gmt":"2025-11-17T07:52:44","guid":{"rendered":"https:\/\/mountlaser.com\/?post_type=product&#038;p=4494"},"modified":"2025-11-26T09:00:12","modified_gmt":"2025-11-26T09:00:12","slug":"gls12-aluminum-prism-pole","status":"publish","type":"product","link":"https:\/\/mountlaser.com\/it\/prodotto\/gls12-aluminum-prism-pole\/","title":{"rendered":"Palo prismatico in alluminio GLS12"},"content":{"rendered":"<p>Precisione e durata combinate: il palo prismatico in alluminio GLS12<\/p>\n<p>Migliora i tuoi progetti di rilevamento e misurazione con <a href=\"https:\/\/mountlaser.com\/it\/products\/\"><strong>Palo prismatico in alluminio GLS12<\/strong><\/a>, uno strumento progettato per garantire stabilit\u00e0 e precisione eccezionali. Questo palo in alluminio ad alta resistenza \u00e8 progettato per resistere alle sollecitazioni del campo, offrendo al contempo l&#039;affidabilit\u00e0 richiesta dai professionisti.<\/p>\n<p>Una caratteristica fondamentale di questo palo \u00e8 il suo meccanismo di bloccaggio a prisma in stile svizzero. Questo sofisticato sistema di bloccaggio garantisce un montaggio rapido e sicuro, consentendo rapide regolazioni dell&#039;altezza senza compromettere la rigidit\u00e0 o l&#039;allineamento. La precisione del <a href=\"https:\/\/mountlaser.com\/it\/about-us\/\"><strong>Palo prismatico con chiusura a scatto in stile svizzero<\/strong><\/a> Il design garantisce che il prisma rimanga stabile anche in condizioni difficili.<\/p>\n<p>Per una precisione senza pari in ogni lavoro, il <a href=\"https:\/\/mountlaser.com\/it\/\">Palo prismatico in alluminio GLS12<\/a> \u00c8 dotato di una fiala circolare da 30 pollici per un livellamento preciso. Realizzato in robusto alluminio, offre un equilibrio ottimale tra leggerezza e lunga durata. L&#039;asta \u00e8 dotata di un adattatore svizzero per una compatibilit\u00e0 universale ed \u00e8 disponibile nei diametri 18\/25 mm.<\/p>\n<p><img fetchpriority=\"high\" decoding=\"async\" class=\"aligncenter wp-image-4495\" src=\"https:\/\/mountlaser.com\/wp-content\/uploads\/2025\/11\/IMG_3171.webp\" alt=\"Swiss Style Snap Lock Prism Pole\" width=\"500\" height=\"500\" srcset=\"https:\/\/mountlaser.com\/wp-content\/uploads\/2025\/11\/IMG_3171.webp 800w, https:\/\/mountlaser.com\/wp-content\/uploads\/2025\/11\/IMG_3171-300x300.webp 300w, https:\/\/mountlaser.com\/wp-content\/uploads\/2025\/11\/IMG_3171-400x400.webp 400w, https:\/\/mountlaser.com\/wp-content\/uploads\/2025\/11\/IMG_3171-600x600.webp 600w, https:\/\/mountlaser.com\/wp-content\/uploads\/2025\/11\/IMG_3171-150x150.webp 150w, https:\/\/mountlaser.com\/wp-content\/uploads\/2025\/11\/IMG_3171-768x768.webp 768w, https:\/\/mountlaser.com\/wp-content\/uploads\/2025\/11\/IMG_3171-12x12.webp 12w\" sizes=\"(max-width: 500px) 100vw, 500px\" \/><\/p>\n<p><strong>Specifiche del palo prismatico in alluminio GLS12<\/strong><\/p>\n<table style=\"border-collapse: collapse; width: 741.77pt;\" border=\"0\" width=\"989\" cellspacing=\"0\" cellpadding=\"0\">\n<tbody>\n<tr style=\"height: 14.25pt;\">\n<td class=\"et2\" style=\"height: 14.25pt; width: 142.50pt;\" width=\"190\" height=\"19\">NUMERO<\/td>\n<td class=\"et2\" style=\"width: 127.50pt;\" width=\"170\">LUNGHEZZA<\/td>\n<td class=\"et2\" style=\"width: 126.00pt;\" width=\"168\">MATERIALE<\/td>\n<td class=\"et2\" style=\"width: 135.00pt;\" width=\"180\">LAUREATI<\/td>\n<td class=\"et2\" style=\"width: 124.50pt;\" width=\"166\">ADATTATORE<\/td>\n<td class=\"et2\" style=\"width: 86.25pt;\" width=\"115\">DIAMETRO<\/td>\n<\/tr>\n<tr style=\"height: 14.25pt;\">\n<td class=\"et2\" style=\"height: 14.25pt;\" height=\"19\">GLS12<\/td>\n<td class=\"et2\">2,0 m<\/td>\n<td class=\"et2\">Alluminio<\/td>\n<td class=\"et3\">cm<\/td>\n<td class=\"et3\">svizzero<\/td>\n<td class=\"et3\">18\/25 mm<\/td>\n<\/tr>\n<\/tbody>\n<\/table>\n<p>&nbsp;<\/p>","protected":false},"excerpt":{"rendered":"<ul>\n<li>Fornisce una piattaforma stabile e regolabile per il montaggio di prismi di rilevamento.<\/li>\n<li>Garantisce un allineamento verticale preciso grazie alla sua fiala circolare integrata da 30 pollici.<\/li>\n<li>Consente regolazioni dell&#039;altezza rapide e sicure tramite il meccanismo Swiss Style Snap Lock.<\/li>\n<\/ul>","protected":false},"featured_media":4495,"comment_status":"open","ping_status":"closed","template":"","meta":[],"product_brand":[],"product_cat":[89,124],"product_tag":[],"class_list":{"0":"post-4494","1":"product","2":"type-product","3":"status-publish","4":"has-post-thumbnail","6":"product_cat-surveying-pole-rod","7":"product_cat-aluminum-fiberglass-prism-pole","9":"first","10":"instock","11":"shipping-taxable","12":"product-type-simple"},"_links":{"self":[{"href":"https:\/\/mountlaser.com\/it\/wp-json\/wp\/v2\/product\/4494","targetHints":{"allow":["GET"]}}],"collection":[{"href":"https:\/\/mountlaser.com\/it\/wp-json\/wp\/v2\/product"}],"about":[{"href":"https:\/\/mountlaser.com\/it\/wp-json\/wp\/v2\/types\/product"}],"replies":[{"embeddable":true,"href":"https:\/\/mountlaser.com\/it\/wp-json\/wp\/v2\/comments?post=4494"}],"wp:featuredmedia":[{"embeddable":true,"href":"https:\/\/mountlaser.com\/it\/wp-json\/wp\/v2\/media\/4495"}],"wp:attachment":[{"href":"https:\/\/mountlaser.com\/it\/wp-json\/wp\/v2\/media?parent=4494"}],"wp:term":[{"taxonomy":"product_brand","embeddable":true,"href":"https:\/\/mountlaser.com\/it\/wp-json\/wp\/v2\/product_brand?post=4494"},{"taxonomy":"product_cat","embeddable":true,"href":"https:\/\/mountlaser.com\/it\/wp-json\/wp\/v2\/product_cat?post=4494"},{"taxonomy":"product_tag","embeddable":true,"href":"https:\/\/mountlaser.com\/it\/wp-json\/wp\/v2\/product_tag?post=4494"}],"curies":[{"name":"parola chiave","href":"https:\/\/api.w.org\/{rel}","templated":true}]}}