{"id":4440,"date":"2025-11-14T09:28:12","date_gmt":"2025-11-14T09:28:12","guid":{"rendered":"https:\/\/mountlaser.com\/?post_type=product&#038;p=4440"},"modified":"2025-11-27T05:11:30","modified_gmt":"2025-11-27T05:11:30","slug":"cls-fg-fiberglass-prism-pole","status":"publish","type":"product","link":"https:\/\/mountlaser.com\/it\/prodotto\/cls-fg-fiberglass-prism-pole\/","title":{"rendered":"Palo prismatico in fibra di vetro CLS-FG"},"content":{"rendered":"<p>IL <a href=\"https:\/\/mountlaser.com\/it\/categoria-prodotto\/surveying-pole-rod\/\">Supporto laser CLS-FG<\/a> Ridefinisce i concetti di durata e prestazioni con il suo palo prismatico professionale in fibra di vetro. Progettato per i topografi che lavorano in ambienti difficili, questo palo \u00e8 la soluzione definitiva in cui la non conduttivit\u00e0 e la resistenza alla corrosione sono fondamentali. A differenza dei pali in metallo, la struttura superiore del palo prismatico in fibra di vetro garantisce la completa sicurezza in prossimit\u00e0 delle linee elettriche e offre un&#039;eccezionale resistenza alla ruggine e all&#039;esposizione chimica, rendendolo ideale per l&#039;uso in condizioni meteorologiche avverse e nelle zone costiere.<\/p>\n<p>Realizzato in materiale composito, il <a href=\"https:\/\/mountlaser.com\/it\/about-us\/\"><strong>CLS-FG <\/strong><\/a>\u00c8 straordinariamente leggero e ad alta resistenza, riducendo l&#039;affaticamento dell&#039;utente senza compromettere la stabilit\u00e0. \u00c8 dotato di un robusto meccanismo di bloccaggio a torsione in nylon che offre un&#039;eccellente tenacit\u00e0 e una lunga durata, garantendo un&#039;estensione sicura e rigida ogni volta. La punta regolabile da 5\/8&quot;-11 consente un montaggio versatile del prisma, mentre il tubo interno \u00e8 chiaramente contrassegnato con una doppia scala (cm\/ft) per letture rapide e accurate. Per un&#039;esperienza di misurazione pi\u00f9 affidabile e sicura.<\/p>\n<p><img fetchpriority=\"high\" decoding=\"async\" class=\"aligncenter wp-image-4442\" src=\"https:\/\/mountlaser.com\/wp-content\/uploads\/2025\/11\/2-3-5-CLS260FG-2.webp\" alt=\"CLS-FG Fiberglass Prism Pole\" width=\"500\" height=\"500\" srcset=\"https:\/\/mountlaser.com\/wp-content\/uploads\/2025\/11\/2-3-5-CLS260FG-2.webp 1000w, https:\/\/mountlaser.com\/wp-content\/uploads\/2025\/11\/2-3-5-CLS260FG-2-300x300.webp 300w, https:\/\/mountlaser.com\/wp-content\/uploads\/2025\/11\/2-3-5-CLS260FG-2-400x400.webp 400w, https:\/\/mountlaser.com\/wp-content\/uploads\/2025\/11\/2-3-5-CLS260FG-2-800x800.webp 800w, https:\/\/mountlaser.com\/wp-content\/uploads\/2025\/11\/2-3-5-CLS260FG-2-600x600.webp 600w, https:\/\/mountlaser.com\/wp-content\/uploads\/2025\/11\/2-3-5-CLS260FG-2-150x150.webp 150w, https:\/\/mountlaser.com\/wp-content\/uploads\/2025\/11\/2-3-5-CLS260FG-2-768x768.webp 768w, https:\/\/mountlaser.com\/wp-content\/uploads\/2025\/11\/2-3-5-CLS260FG-2-12x12.webp 12w\" sizes=\"(max-width: 500px) 100vw, 500px\" \/><\/p>\n<p><strong><a href=\"https:\/\/mountlaser.com\/it\/contact-us\/\">Palo prismatico in fibra di vetro CLS-FG<\/a> \u00e8 disponibile in tre tipi, che differiscono per lunghezza:<\/strong><\/p>\n<p>Palo prismatico in fibra di vetro CLS260FG: 2,60 m, 2 sezioni<\/p>\n<p>Palo prismatico in fibra di vetro CLS360FG: 3,60 m, 3 sezioni<\/p>\n<p>Palo prismatico in fibra di vetro CLS460FG: 4,60 m, 4 sezioni<\/p>\n<p><strong>Specifiche CLS-FG<\/strong><\/p>\n<table style=\"border-collapse: collapse; width: 846.77pt;\" border=\"0\" width=\"1129\" cellspacing=\"0\" cellpadding=\"0\">\n<tbody>\n<tr style=\"height: 14.25pt;\">\n<td class=\"et2\" style=\"height: 14.25pt; width: 142.50pt;\" width=\"190\" height=\"19\">NUMERO<\/td>\n<td class=\"et2\" style=\"width: 127.50pt;\" width=\"170\">LUNGHEZZA<\/td>\n<td class=\"et2\" style=\"width: 126.00pt;\" width=\"168\">MATERIALE<\/td>\n<td class=\"et2\" style=\"width: 135.00pt;\" width=\"180\">LAUREATI<\/td>\n<td class=\"et2\" style=\"width: 124.50pt;\" width=\"166\">ADATTATORE<\/td>\n<td class=\"et2\" style=\"width: 86.25pt;\" width=\"115\">DIAMETRO<\/td>\n<td style=\"width: 105.00pt;\" width=\"140\">immagine<\/td>\n<\/tr>\n<tr style=\"height: 14.25pt;\">\n<td class=\"et2\" style=\"height: 14.25pt;\" height=\"19\">CLS260FG<\/td>\n<td class=\"et2\">2,60 m (8,5 piedi)<\/td>\n<td class=\"et2\">Fibra di vetro<\/td>\n<td class=\"et3\">cm\/piedi<\/td>\n<td class=\"et3\">Regolabile<\/td>\n<td class=\"et3\">25\/32 mm<\/td>\n<td><img decoding=\"async\" class=\"alignnone wp-image-4441 size-medium\" src=\"https:\/\/mountlaser.com\/wp-content\/uploads\/2025\/11\/2-3-5-CLS260FG-1-300x300.webp\" alt=\"CLS-FG Fiberglass Prism Pole\" width=\"300\" height=\"300\" srcset=\"https:\/\/mountlaser.com\/wp-content\/uploads\/2025\/11\/2-3-5-CLS260FG-1-300x300.webp 300w, https:\/\/mountlaser.com\/wp-content\/uploads\/2025\/11\/2-3-5-CLS260FG-1-400x400.webp 400w, https:\/\/mountlaser.com\/wp-content\/uploads\/2025\/11\/2-3-5-CLS260FG-1-800x800.webp 800w, https:\/\/mountlaser.com\/wp-content\/uploads\/2025\/11\/2-3-5-CLS260FG-1-600x600.webp 600w, https:\/\/mountlaser.com\/wp-content\/uploads\/2025\/11\/2-3-5-CLS260FG-1-150x150.webp 150w, https:\/\/mountlaser.com\/wp-content\/uploads\/2025\/11\/2-3-5-CLS260FG-1-768x768.webp 768w, https:\/\/mountlaser.com\/wp-content\/uploads\/2025\/11\/2-3-5-CLS260FG-1-12x12.webp 12w, https:\/\/mountlaser.com\/wp-content\/uploads\/2025\/11\/2-3-5-CLS260FG-1.webp 1000w\" sizes=\"(max-width: 300px) 100vw, 300px\" \/><\/td>\n<\/tr>\n<tr style=\"height: 14.25pt;\">\n<td class=\"et2\" style=\"height: 14.25pt;\" height=\"19\">CLS360FG<\/td>\n<td class=\"et2\">3,60 m (11,8 piedi)<\/td>\n<td class=\"et2\">Fibra di vetro<\/td>\n<td class=\"et3\">cm\/piedi<\/td>\n<td class=\"et3\">Regolabile<\/td>\n<td class=\"et3\">19\/25\/32 mm<\/td>\n<td><img decoding=\"async\" class=\"alignnone wp-image-4445 size-medium\" src=\"https:\/\/mountlaser.com\/wp-content\/uploads\/2025\/11\/CLS360FG2-300x300.webp\" alt=\"CLS-FG Fiberglass Prism Pole\" width=\"300\" height=\"300\" srcset=\"https:\/\/mountlaser.com\/wp-content\/uploads\/2025\/11\/CLS360FG2-300x300.webp 300w, https:\/\/mountlaser.com\/wp-content\/uploads\/2025\/11\/CLS360FG2-400x400.webp 400w, https:\/\/mountlaser.com\/wp-content\/uploads\/2025\/11\/CLS360FG2-800x800.webp 800w, https:\/\/mountlaser.com\/wp-content\/uploads\/2025\/11\/CLS360FG2-600x600.webp 600w, https:\/\/mountlaser.com\/wp-content\/uploads\/2025\/11\/CLS360FG2-150x150.webp 150w, https:\/\/mountlaser.com\/wp-content\/uploads\/2025\/11\/CLS360FG2-768x768.webp 768w, https:\/\/mountlaser.com\/wp-content\/uploads\/2025\/11\/CLS360FG2-12x12.webp 12w, https:\/\/mountlaser.com\/wp-content\/uploads\/2025\/11\/CLS360FG2.webp 1000w\" sizes=\"(max-width: 300px) 100vw, 300px\" \/><\/td>\n<\/tr>\n<tr style=\"height: 14.25pt;\">\n<td class=\"et2\" style=\"height: 14.25pt;\" height=\"19\">CLS460FG<\/td>\n<td class=\"et2\">4,65 m (15,25 piedi)<\/td>\n<td class=\"et2\">Fibra di vetro<\/td>\n<td class=\"et3\">cm\/piedi<\/td>\n<td class=\"et3\">Regolabile<\/td>\n<td class=\"et3\">19\/25\/32\/38 mm<\/td>\n<td><img loading=\"lazy\" decoding=\"async\" class=\"alignnone wp-image-4448 size-medium\" src=\"https:\/\/mountlaser.com\/wp-content\/uploads\/2025\/11\/CLS460FG-3-300x300.webp\" alt=\"CLS-FG Fiberglass Prism Pole\" width=\"300\" height=\"300\" srcset=\"https:\/\/mountlaser.com\/wp-content\/uploads\/2025\/11\/CLS460FG-3-300x300.webp 300w, https:\/\/mountlaser.com\/wp-content\/uploads\/2025\/11\/CLS460FG-3-400x400.webp 400w, https:\/\/mountlaser.com\/wp-content\/uploads\/2025\/11\/CLS460FG-3-800x800.webp 800w, https:\/\/mountlaser.com\/wp-content\/uploads\/2025\/11\/CLS460FG-3-600x600.webp 600w, https:\/\/mountlaser.com\/wp-content\/uploads\/2025\/11\/CLS460FG-3-150x150.webp 150w, https:\/\/mountlaser.com\/wp-content\/uploads\/2025\/11\/CLS460FG-3-768x768.webp 768w, https:\/\/mountlaser.com\/wp-content\/uploads\/2025\/11\/CLS460FG-3-12x12.webp 12w, https:\/\/mountlaser.com\/wp-content\/uploads\/2025\/11\/CLS460FG-3.webp 1000w\" sizes=\"(max-width: 300px) 100vw, 300px\" \/><\/td>\n<\/tr>\n<\/tbody>\n<\/table>\n<p>&nbsp;<\/p>","protected":false},"excerpt":{"rendered":"<ul>\n<li>Camera d&#039;aria con doppia scala: stampata con chiare graduazioni in centimetri e piedi per una regolazione dell&#039;altezza rapida e versatile.<\/li>\n<li>Opzioni di lunghezza multipla: disponibili in varie lunghezze (2,6 m, 3,6 m, 4,65 m) per soddisfare i diversi requisiti del progetto.<\/li>\n<\/ul>","protected":false},"featured_media":4445,"comment_status":"open","ping_status":"closed","template":"","meta":[],"product_brand":[],"product_cat":[89,124],"product_tag":[],"class_list":{"0":"post-4440","1":"product","2":"type-product","3":"status-publish","4":"has-post-thumbnail","6":"product_cat-surveying-pole-rod","7":"product_cat-aluminum-fiberglass-prism-pole","9":"first","10":"instock","11":"shipping-taxable","12":"product-type-simple"},"_links":{"self":[{"href":"https:\/\/mountlaser.com\/it\/wp-json\/wp\/v2\/product\/4440","targetHints":{"allow":["GET"]}}],"collection":[{"href":"https:\/\/mountlaser.com\/it\/wp-json\/wp\/v2\/product"}],"about":[{"href":"https:\/\/mountlaser.com\/it\/wp-json\/wp\/v2\/types\/product"}],"replies":[{"embeddable":true,"href":"https:\/\/mountlaser.com\/it\/wp-json\/wp\/v2\/comments?post=4440"}],"wp:featuredmedia":[{"embeddable":true,"href":"https:\/\/mountlaser.com\/it\/wp-json\/wp\/v2\/media\/4445"}],"wp:attachment":[{"href":"https:\/\/mountlaser.com\/it\/wp-json\/wp\/v2\/media?parent=4440"}],"wp:term":[{"taxonomy":"product_brand","embeddable":true,"href":"https:\/\/mountlaser.com\/it\/wp-json\/wp\/v2\/product_brand?post=4440"},{"taxonomy":"product_cat","embeddable":true,"href":"https:\/\/mountlaser.com\/it\/wp-json\/wp\/v2\/product_cat?post=4440"},{"taxonomy":"product_tag","embeddable":true,"href":"https:\/\/mountlaser.com\/it\/wp-json\/wp\/v2\/product_tag?post=4440"}],"curies":[{"name":"parola chiave","href":"https:\/\/api.w.org\/{rel}","templated":true}]}}