{"id":4419,"date":"2025-11-14T05:37:35","date_gmt":"2025-11-14T05:37:35","guid":{"rendered":"https:\/\/mountlaser.com\/?post_type=product&#038;p=4419"},"modified":"2025-12-01T08:24:30","modified_gmt":"2025-12-01T08:24:30","slug":"f550-2a-collimator","status":"publish","type":"product","link":"https:\/\/mountlaser.com\/it\/prodotto\/f550-2a-collimator\/","title":{"rendered":"Collimatore F550-2A"},"content":{"rendered":"<p>IL <a href=\"https:\/\/mountlaser.com\/it\/\"><strong>Collimatore F550-2A<\/strong><\/a> \u00e8 un&#039;alta precisione <a href=\"https:\/\/mountlaser.com\/it\/categoria-prodotto\/calibration-testing-instrument\/\"><strong>Collimatore laser<\/strong><\/a> Progettato per attivit\u00e0 professionali di allineamento e calibrazione ottica. Dotato di una resistente struttura a due tubi ottici, questo collimatore garantisce stabilit\u00e0 e precisione eccezionali durante i test ottici. Progettato per l&#039;uso in laboratori di metrologia, stabilimenti di produzione e centri di assistenza strumenti, il collimatore laser offre le prestazioni affidabili che ci si aspetta da un collimatore laser di livello professionale.<\/p>\n<p>In quanto versatile collimatore laser, il collimatore F550-2A genera fasci altamente paralleli che supportano la calibrazione precisa di teodoliti, stazioni totali, livelli ottici e altri strumenti di misura. Il design a doppio tubo ottico aumenta la flessibilit\u00e0 di calibrazione, consentendo ai tecnici di eseguire facilmente allineamenti multi-angolo o multi-asse. La configurazione a pavimento garantisce inoltre vibrazioni minime e la massima coerenza di misura.<\/p>\n<p><img fetchpriority=\"high\" decoding=\"async\" class=\"aligncenter wp-image-4420\" src=\"https:\/\/mountlaser.com\/wp-content\/uploads\/2025\/11\/2-3-F550-2A_\u526f\u672c.webp\" alt=\"F550-2A Collimator\" width=\"500\" height=\"500\" srcset=\"https:\/\/mountlaser.com\/wp-content\/uploads\/2025\/11\/2-3-F550-2A_\u526f\u672c.webp 1000w, https:\/\/mountlaser.com\/wp-content\/uploads\/2025\/11\/2-3-F550-2A_\u526f\u672c-300x300.webp 300w, https:\/\/mountlaser.com\/wp-content\/uploads\/2025\/11\/2-3-F550-2A_\u526f\u672c-400x400.webp 400w, https:\/\/mountlaser.com\/wp-content\/uploads\/2025\/11\/2-3-F550-2A_\u526f\u672c-800x800.webp 800w, https:\/\/mountlaser.com\/wp-content\/uploads\/2025\/11\/2-3-F550-2A_\u526f\u672c-600x600.webp 600w, https:\/\/mountlaser.com\/wp-content\/uploads\/2025\/11\/2-3-F550-2A_\u526f\u672c-150x150.webp 150w, https:\/\/mountlaser.com\/wp-content\/uploads\/2025\/11\/2-3-F550-2A_\u526f\u672c-768x768.webp 768w, https:\/\/mountlaser.com\/wp-content\/uploads\/2025\/11\/2-3-F550-2A_\u526f\u672c-12x12.webp 12w\" sizes=\"(max-width: 500px) 100vw, 500px\" \/><\/p>\n<p>Con una costruzione robusta e una stabilit\u00e0 a lungo termine, il <a href=\"https:\/\/mountlaser.com\/it\/contact-us\/\">Collimatore F550-2A<\/a> \u00e8 una soluzione essenziale per mantenere la precisione degli strumenti e migliorare i processi di controllo qualit\u00e0. Questo collimatore laser \u00e8 ideale per le aziende che richiedono prestazioni ottiche affidabili e risultati di calibrazione ripetibili.<\/p>","protected":false},"excerpt":{"rendered":"<ul>\n<li>Produce raggi laser paralleli per una calibrazione ottica di precisione<\/li>\n<li>Il design a doppio tubo ottico supporta l&#039;allineamento multi-angolo e multi-asse<\/li>\n<li>La struttura in stile pavimento aumenta la stabilit\u00e0 e riduce le vibrazioni durante i test<\/li>\n<li>Adatto per la calibrazione di stazioni totali, teodoliti, livelli ottici e altri strumenti di rilevamento<\/li>\n<li>Migliora la precisione, l&#039;affidabilit\u00e0 e l&#039;efficienza del flusso di lavoro nelle applicazioni di metrologia e test ottici<\/li>\n<\/ul>","protected":false},"featured_media":4420,"comment_status":"open","ping_status":"closed","template":"","meta":[],"product_brand":[],"product_cat":[71,125],"product_tag":[],"class_list":{"0":"post-4419","1":"product","2":"type-product","3":"status-publish","4":"has-post-thumbnail","6":"product_cat-calibration-testing-instrument","7":"product_cat-collimator-instrument","9":"first","10":"instock","11":"shipping-taxable","12":"product-type-simple"},"_links":{"self":[{"href":"https:\/\/mountlaser.com\/it\/wp-json\/wp\/v2\/product\/4419","targetHints":{"allow":["GET"]}}],"collection":[{"href":"https:\/\/mountlaser.com\/it\/wp-json\/wp\/v2\/product"}],"about":[{"href":"https:\/\/mountlaser.com\/it\/wp-json\/wp\/v2\/types\/product"}],"replies":[{"embeddable":true,"href":"https:\/\/mountlaser.com\/it\/wp-json\/wp\/v2\/comments?post=4419"}],"wp:featuredmedia":[{"embeddable":true,"href":"https:\/\/mountlaser.com\/it\/wp-json\/wp\/v2\/media\/4420"}],"wp:attachment":[{"href":"https:\/\/mountlaser.com\/it\/wp-json\/wp\/v2\/media?parent=4419"}],"wp:term":[{"taxonomy":"product_brand","embeddable":true,"href":"https:\/\/mountlaser.com\/it\/wp-json\/wp\/v2\/product_brand?post=4419"},{"taxonomy":"product_cat","embeddable":true,"href":"https:\/\/mountlaser.com\/it\/wp-json\/wp\/v2\/product_cat?post=4419"},{"taxonomy":"product_tag","embeddable":true,"href":"https:\/\/mountlaser.com\/it\/wp-json\/wp\/v2\/product_tag?post=4419"}],"curies":[{"name":"parola chiave","href":"https:\/\/api.w.org\/{rel}","templated":true}]}}