{"id":438,"date":"2024-03-22T15:01:22","date_gmt":"2024-03-22T15:01:22","guid":{"rendered":"https:\/\/startersites.io\/blocksy\/pottery\/?post_type=product&#038;p=438"},"modified":"2025-12-01T04:47:56","modified_gmt":"2025-12-01T04:47:56","slug":"rh225-concrete-test-hammer","status":"publish","type":"product","link":"https:\/\/mountlaser.com\/it\/prodotto\/rh225-concrete-test-hammer\/","title":{"rendered":"Martello per prove sul calcestruzzo RH225"},"content":{"rendered":"<p><a href=\"https:\/\/mountlaser.com\/it\/\"><strong>Martello per prove sul calcestruzzo RH225<\/strong><\/a> \u00e8 uno strumento essenziale per prove non distruttive, progettato per i professionisti dell&#039;ingegneria strutturale. \u00c8 meticolosamente progettato per misurare la resistenza a compressione del calcestruzzo ordinario in un intervallo da 10 a 70 N\/mm\u00b2 (da 1.450 a 10.153 psi) con un&#039;affidabilit\u00e0 eccezionale.<\/p>\n<p>Comprendere i principi della prova sclerometrica del calcestruzzo \u00e8 fondamentale per la valutazione strutturale e l&#039;RH225 \u00e8 progettato per eseguire questa prova con una precisione senza pari. Ogni aspetto della sua costruzione \u00e8 ottimizzato per i rigorosi requisiti di uno sclerometro per calcestruzzo utilizzato nei cantieri di tutto il mondo. <a href=\"https:\/\/mountlaser.com\/it\/products\/\"><strong>prova del martello di rimbalzo del calcestruzzo<\/strong><\/a> La procedura \u00e8 fondamentale per l&#039;integrit\u00e0 dei dati e il nostro design migliorato del puntatore garantisce una facile regolazione e una stabilit\u00e0 superiore per letture coerenti.<\/p>\n<p>Che si tratti di un test sclerometrico standard per il controllo qualit\u00e0 o di un test sclerometrico completo per l&#039;analisi strutturale, l&#039;RH225 offre la massima affidabilit\u00e0. \u00c8 prodotto per soddisfare e superare i pi\u00f9 severi standard internazionali, tra cui ASTM C 805 (USA), JGJ\/T 23-2011 (Cina) e diverse norme europee (EN 12504-2, DIN 1048).<\/p>\n<p><img fetchpriority=\"high\" decoding=\"async\" class=\"aligncenter wp-image-1939\" src=\"https:\/\/mountlaser.com\/wp-content\/uploads\/2024\/03\/2.webp\" alt=\"concrete rebound hammer test\" width=\"500\" height=\"500\" srcset=\"https:\/\/mountlaser.com\/wp-content\/uploads\/2024\/03\/2.webp 1200w, https:\/\/mountlaser.com\/wp-content\/uploads\/2024\/03\/2-300x300.webp 300w, https:\/\/mountlaser.com\/wp-content\/uploads\/2024\/03\/2-400x400.webp 400w, https:\/\/mountlaser.com\/wp-content\/uploads\/2024\/03\/2-800x800.webp 800w, https:\/\/mountlaser.com\/wp-content\/uploads\/2024\/03\/2-600x600.webp 600w, https:\/\/mountlaser.com\/wp-content\/uploads\/2024\/03\/2-1024x1024.webp 1024w, https:\/\/mountlaser.com\/wp-content\/uploads\/2024\/03\/2-150x150.webp 150w, https:\/\/mountlaser.com\/wp-content\/uploads\/2024\/03\/2-768x768.webp 768w, https:\/\/mountlaser.com\/wp-content\/uploads\/2024\/03\/2-12x12.webp 12w\" sizes=\"(max-width: 500px) 100vw, 500px\" \/><\/p>\n<p>COMPONENTI<\/p>\n<table style=\"border-collapse: collapse; width: 216.03pt;\" border=\"0\" width=\"288\" cellspacing=\"0\" cellpadding=\"0\">\n<tbody>\n<tr style=\"height: 14.25pt;\">\n<td style=\"height: 14.25pt; width: 216.00pt;\" width=\"288\" height=\"19\">Martello di rimbalzo<\/td>\n<\/tr>\n<tr style=\"height: 14.25pt;\">\n<td style=\"height: 14.25pt;\" height=\"19\">Poggiamano in silicone per protezione mani<\/td>\n<\/tr>\n<tr style=\"height: 14.25pt;\">\n<td style=\"height: 14.25pt;\" height=\"19\">Una pietra per macinare<\/td>\n<\/tr>\n<tr style=\"height: 14.25pt;\">\n<td style=\"height: 14.25pt;\" height=\"19\">Un kit di manutenzione<\/td>\n<\/tr>\n<tr style=\"height: 14.25pt;\">\n<td style=\"height: 14.25pt;\" height=\"19\">Cursore del puntatore e molla di ritegno<\/td>\n<\/tr>\n<tr style=\"height: 14.25pt;\">\n<td style=\"height: 14.25pt;\" height=\"19\">Scatola degli strumenti<\/td>\n<\/tr>\n<\/tbody>\n<\/table>\n<p><strong><a href=\"https:\/\/mountlaser.com\/it\/contact-us\/\">Martello per prove sul calcestruzzo RH225<\/a> PARAMETRI TECNICI<\/strong><\/p>\n<table style=\"border-collapse: collapse; width: 631.52pt;\" border=\"0\" width=\"842\" cellspacing=\"0\" cellpadding=\"0\">\n<tbody>\n<tr style=\"height: 14.25pt;\">\n<td class=\"et2\" style=\"height: 14.25pt; width: 322.50pt;\" width=\"430\" height=\"19\">Energia d&#039;impatto standard<\/td>\n<td class=\"et3\" style=\"width: 309.00pt;\" width=\"412\">2.207J<\/td>\n<\/tr>\n<tr style=\"height: 14.25pt;\">\n<td class=\"et4\" style=\"height: 14.25pt;\" height=\"19\">Lunghezza del puntatore<\/td>\n<td class=\"et5\">20,0 \u00b10,2 millimetri<\/td>\n<\/tr>\n<tr style=\"height: 14.25pt;\">\n<td class=\"et4\" style=\"height: 14.25pt;\" height=\"19\">Attrito del puntatore<\/td>\n<td class=\"et5\">0,65 \u00b1 0,15 N<\/td>\n<\/tr>\n<tr style=\"height: 14.25pt;\">\n<td class=\"et4\" style=\"height: 14.25pt;\" height=\"19\">Raggio sferico dell&#039;asta rimbalzante<\/td>\n<td class=\"et5\">25\u00b11,0 millimetri<\/td>\n<\/tr>\n<tr style=\"height: 14.25pt;\">\n<td class=\"et4\" style=\"height: 14.25pt;\" height=\"19\">Rigidit\u00e0 della molla di trazione elastica<\/td>\n<td class=\"et5\">785,0\u00b1 30,0 N\/m<\/td>\n<\/tr>\n<tr style=\"height: 14.25pt;\">\n<td class=\"et4\" style=\"height: 14.25pt;\" height=\"19\">Lunghezza operativa della molla di tensione elastica<\/td>\n<td class=\"et5\">61,5\u00b10,3 millimetri<\/td>\n<\/tr>\n<tr style=\"height: 14.25pt;\">\n<td class=\"et4\" style=\"height: 14.25pt;\" height=\"19\">Posizione di decollo del martello di rimbalzo<\/td>\n<td class=\"et5\">Scala \u201c0~1\u201d<\/td>\n<\/tr>\n<tr style=\"height: 14.25pt;\">\n<td class=\"et6\" style=\"height: 14.25pt;\" height=\"19\">Valore di calibrazione sull&#039;incudine di prova<\/td>\n<td class=\"et7\">78-82<\/td>\n<\/tr>\n<\/tbody>\n<\/table>","protected":false},"excerpt":{"rendered":"<ul>\n<li>Valutazione accurata della resistenza: esegue il test del martello di rimbalzo per stimare in modo affidabile la resistenza alla compressione in situ.<\/li>\n<li>Struttura resistente: \u00e8 dotato di un involucro in lega di alluminio 6061 super resistente con un pulsante elastico che non cade, garantendone la longevit\u00e0.<\/li>\n<li>Movimento di precisione: il meccanismo interno viene rifinito utilizzando centri di lavorazione CNC.<\/li>\n<li>Molla resistente alla fatica: utilizza una molla importata di alta qualit\u00e0 all&#039;interno di un assemblaggio in lega di alluminio.<\/li>\n<\/ul>","protected":false},"featured_media":1940,"comment_status":"open","ping_status":"closed","template":"","meta":[],"product_brand":[],"product_cat":[71],"product_tag":[],"class_list":{"0":"post-438","1":"product","2":"type-product","3":"status-publish","4":"has-post-thumbnail","6":"product_cat-calibration-testing-instrument","8":"first","9":"instock","10":"shipping-taxable","11":"product-type-simple"},"_links":{"self":[{"href":"https:\/\/mountlaser.com\/it\/wp-json\/wp\/v2\/product\/438","targetHints":{"allow":["GET"]}}],"collection":[{"href":"https:\/\/mountlaser.com\/it\/wp-json\/wp\/v2\/product"}],"about":[{"href":"https:\/\/mountlaser.com\/it\/wp-json\/wp\/v2\/types\/product"}],"replies":[{"embeddable":true,"href":"https:\/\/mountlaser.com\/it\/wp-json\/wp\/v2\/comments?post=438"}],"wp:featuredmedia":[{"embeddable":true,"href":"https:\/\/mountlaser.com\/it\/wp-json\/wp\/v2\/media\/1940"}],"wp:attachment":[{"href":"https:\/\/mountlaser.com\/it\/wp-json\/wp\/v2\/media?parent=438"}],"wp:term":[{"taxonomy":"product_brand","embeddable":true,"href":"https:\/\/mountlaser.com\/it\/wp-json\/wp\/v2\/product_brand?post=438"},{"taxonomy":"product_cat","embeddable":true,"href":"https:\/\/mountlaser.com\/it\/wp-json\/wp\/v2\/product_cat?post=438"},{"taxonomy":"product_tag","embeddable":true,"href":"https:\/\/mountlaser.com\/it\/wp-json\/wp\/v2\/product_tag?post=438"}],"curies":[{"name":"parola chiave","href":"https:\/\/api.w.org\/{rel}","templated":true}]}}