{"id":4379,"date":"2025-11-13T06:43:43","date_gmt":"2025-11-13T06:43:43","guid":{"rendered":"https:\/\/mountlaser.com\/?post_type=product&#038;p=4379"},"modified":"2025-11-27T07:19:41","modified_gmt":"2025-11-27T07:19:41","slug":"t80-series-claw-type-holder","status":"publish","type":"product","link":"https:\/\/mountlaser.com\/it\/prodotto\/t80-series-claw-type-holder\/","title":{"rendered":"Supporto a pinza serie T80"},"content":{"rendered":"<p>La serie di supporti Claw Type \u00e8 progettata per fornire un supporto professionale e affidabile <a href=\"https:\/\/mountlaser.com\/it\/\"><strong>Supporto per telefono cellulare<\/strong><\/a> Soluzione ideale per geometri, ingegneri e tecnici sul campo. Realizzata con materiali resistenti e dotata di una presa sicura e regolabile, garantisce la stabilit\u00e0 del telefono e la sua facile accessibilit\u00e0 durante ogni attivit\u00e0.<\/p>\n<p>Disponibile in diversi modelli, il T80S supporta dispositivi da 5,5 a 9,5 cm, il T80L si adatta a telefoni pi\u00f9 grandi da 11,5 a 14 cm e la versione T81 \u00e8 un supporto regolabile per iPhone dedicato a smartphone con larghezza compresa tra 5,8 e 10 cm. Che venga utilizzato per la navigazione, la raccolta dati o la comunicazione sul campo, il supporto per telefono cellulare offre un&#039;esperienza di montaggio robusta, versatile e facile da regolare.<\/p>\n<p>IL <a href=\"https:\/\/mountlaser.com\/it\/products\/\"><strong>Supporto regolabile per iPhone<\/strong><\/a> La versione offre una maggiore flessibilit\u00e0, consentendo agli utenti di posizionare i propri dispositivi in modo sicuro su treppiedi, pali o veicoli senza preoccuparsi di vibrazioni o scivolamenti. Grazie alla sua compatibilit\u00e0 universale, il supporto per cellulare si adatta alla maggior parte degli smartphone, rendendolo un accessorio essenziale per le moderne operazioni sul campo.<\/p>\n<p><strong>Specifiche del supporto a griffe serie T80<\/strong><\/p>\n<div>\n<table style=\"border-collapse: collapse; width: 440.27pt;\" border=\"0\" width=\"587\" cellspacing=\"0\" cellpadding=\"0\">\n<tbody>\n<tr style=\"height: 14.25pt;\">\n<td class=\"et3\" style=\"height: 14.25pt; width: 54.00pt;\" width=\"72\" height=\"19\">Modello<\/td>\n<td class=\"et3\" style=\"width: 190.50pt;\" width=\"254\">Immagine<\/td>\n<td class=\"et4\" style=\"width: 195.75pt;\" width=\"261\">Parametri<\/td>\n<\/tr>\n<tr style=\"height: 108.00pt;\">\n<td class=\"et5\" style=\"height: 108.00pt;\" height=\"144\">T80S<\/td>\n<td class=\"et3\"><img fetchpriority=\"high\" decoding=\"async\" class=\"alignnone wp-image-4389 size-medium\" src=\"https:\/\/mountlaser.com\/wp-content\/uploads\/2025\/11\/T80S1-300x300.webp\" alt=\"T80S Cell Phone Stand Holder\" width=\"300\" height=\"300\" srcset=\"https:\/\/mountlaser.com\/wp-content\/uploads\/2025\/11\/T80S1-300x300.webp 300w, https:\/\/mountlaser.com\/wp-content\/uploads\/2025\/11\/T80S1-400x400.webp 400w, https:\/\/mountlaser.com\/wp-content\/uploads\/2025\/11\/T80S1-800x800.webp 800w, https:\/\/mountlaser.com\/wp-content\/uploads\/2025\/11\/T80S1-600x600.webp 600w, https:\/\/mountlaser.com\/wp-content\/uploads\/2025\/11\/T80S1-150x150.webp 150w, https:\/\/mountlaser.com\/wp-content\/uploads\/2025\/11\/T80S1-768x768.webp 768w, https:\/\/mountlaser.com\/wp-content\/uploads\/2025\/11\/T80S1-12x12.webp 12w, https:\/\/mountlaser.com\/wp-content\/uploads\/2025\/11\/T80S1.webp 1000w\" sizes=\"(max-width: 300px) 100vw, 300px\" \/><\/td>\n<td class=\"et6\" style=\"width: 195.75pt;\" width=\"261\">5,5-9,5 cm<\/td>\n<\/tr>\n<tr style=\"height: 129.00pt;\">\n<td class=\"et5\" style=\"height: 129.00pt;\" height=\"172\">T80L<\/td>\n<td class=\"et7\"><img decoding=\"async\" class=\"alignnone wp-image-4383 size-medium\" src=\"https:\/\/mountlaser.com\/wp-content\/uploads\/2025\/11\/T80L4-300x300.webp\" alt=\"T80L Cell Phone Stand Holder\" width=\"300\" height=\"300\" srcset=\"https:\/\/mountlaser.com\/wp-content\/uploads\/2025\/11\/T80L4-300x300.webp 300w, https:\/\/mountlaser.com\/wp-content\/uploads\/2025\/11\/T80L4-400x400.webp 400w, https:\/\/mountlaser.com\/wp-content\/uploads\/2025\/11\/T80L4-800x800.webp 800w, https:\/\/mountlaser.com\/wp-content\/uploads\/2025\/11\/T80L4-600x600.webp 600w, https:\/\/mountlaser.com\/wp-content\/uploads\/2025\/11\/T80L4-150x150.webp 150w, https:\/\/mountlaser.com\/wp-content\/uploads\/2025\/11\/T80L4-768x768.webp 768w, https:\/\/mountlaser.com\/wp-content\/uploads\/2025\/11\/T80L4-12x12.webp 12w, https:\/\/mountlaser.com\/wp-content\/uploads\/2025\/11\/T80L4.webp 1000w\" sizes=\"(max-width: 300px) 100vw, 300px\" \/><\/td>\n<td class=\"et6\" style=\"width: 195.75pt;\" width=\"261\">11,5-14 cm<\/td>\n<\/tr>\n<tr style=\"height: 162.00pt;\">\n<td class=\"et5\" style=\"height: 162.00pt;\" height=\"216\">T81<\/td>\n<td class=\"et7\"><img decoding=\"async\" class=\"alignnone wp-image-4401 size-medium\" src=\"https:\/\/mountlaser.com\/wp-content\/uploads\/2025\/11\/T814-300x300.webp\" alt=\"T81 Cell Phone Stand Holder\" width=\"300\" height=\"300\" srcset=\"https:\/\/mountlaser.com\/wp-content\/uploads\/2025\/11\/T814-300x300.webp 300w, https:\/\/mountlaser.com\/wp-content\/uploads\/2025\/11\/T814-400x400.webp 400w, https:\/\/mountlaser.com\/wp-content\/uploads\/2025\/11\/T814-800x800.webp 800w, https:\/\/mountlaser.com\/wp-content\/uploads\/2025\/11\/T814-600x600.webp 600w, https:\/\/mountlaser.com\/wp-content\/uploads\/2025\/11\/T814-150x150.webp 150w, https:\/\/mountlaser.com\/wp-content\/uploads\/2025\/11\/T814-768x768.webp 768w, https:\/\/mountlaser.com\/wp-content\/uploads\/2025\/11\/T814-12x12.webp 12w, https:\/\/mountlaser.com\/wp-content\/uploads\/2025\/11\/T814.webp 1000w\" sizes=\"(max-width: 300px) 100vw, 300px\" \/><\/td>\n<td class=\"et6\" style=\"width: 195.75pt;\" width=\"261\">Per smartphone 5,8-10 cm<\/td>\n<\/tr>\n<\/tbody>\n<\/table>\n<\/div>\n<p>&nbsp;<\/p>","protected":false},"excerpt":{"rendered":"<ul>\n<li>Il design regolabile si adatta a telefoni con larghezza compresa tra 5,5 cm e 14 cm.<\/li>\n<li>Modelli: T80S (5,5\u20139,5 cm), T80L (11,5\u201314 cm), T81 (5,8\u201310 cm).<\/li>\n<li>Fornisce una presa sicura per evitare che il dispositivo scivoli o si danneggi.<\/li>\n<li>Resistente, leggero e facile da installare su pali, staffe o supporti.<\/li>\n<\/ul>","protected":false},"featured_media":4384,"comment_status":"open","ping_status":"closed","template":"","meta":[],"product_brand":[],"product_cat":[84,123],"product_tag":[],"class_list":{"0":"post-4379","1":"product","2":"type-product","3":"status-publish","4":"has-post-thumbnail","6":"product_cat-gnss-accessory","7":"product_cat-claw-type-holder","9":"first","10":"instock","11":"shipping-taxable","12":"product-type-simple"},"_links":{"self":[{"href":"https:\/\/mountlaser.com\/it\/wp-json\/wp\/v2\/product\/4379","targetHints":{"allow":["GET"]}}],"collection":[{"href":"https:\/\/mountlaser.com\/it\/wp-json\/wp\/v2\/product"}],"about":[{"href":"https:\/\/mountlaser.com\/it\/wp-json\/wp\/v2\/types\/product"}],"replies":[{"embeddable":true,"href":"https:\/\/mountlaser.com\/it\/wp-json\/wp\/v2\/comments?post=4379"}],"wp:featuredmedia":[{"embeddable":true,"href":"https:\/\/mountlaser.com\/it\/wp-json\/wp\/v2\/media\/4384"}],"wp:attachment":[{"href":"https:\/\/mountlaser.com\/it\/wp-json\/wp\/v2\/media?parent=4379"}],"wp:term":[{"taxonomy":"product_brand","embeddable":true,"href":"https:\/\/mountlaser.com\/it\/wp-json\/wp\/v2\/product_brand?post=4379"},{"taxonomy":"product_cat","embeddable":true,"href":"https:\/\/mountlaser.com\/it\/wp-json\/wp\/v2\/product_cat?post=4379"},{"taxonomy":"product_tag","embeddable":true,"href":"https:\/\/mountlaser.com\/it\/wp-json\/wp\/v2\/product_tag?post=4379"}],"curies":[{"name":"parola chiave","href":"https:\/\/api.w.org\/{rel}","templated":true}]}}