{"id":4161,"date":"2025-11-12T09:23:20","date_gmt":"2025-11-12T09:23:20","guid":{"rendered":"https:\/\/mountlaser.com\/?post_type=product&#038;p=4161"},"modified":"2025-11-27T05:48:16","modified_gmt":"2025-11-27T05:48:16","slug":"dz215sl-aluminum-prism-pole","status":"publish","type":"product","link":"https:\/\/mountlaser.com\/it\/prodotto\/dz215sl-aluminum-prism-pole\/","title":{"rendered":"Palo prismatico in alluminio DZ215SL"},"content":{"rendered":"<p><a href=\"https:\/\/mountlaser.com\/it\/\">Palo prismatico in alluminio DZ215SL<\/a>: Ingegneria di precisione per il geometra esigente<\/p>\n<p>Per Mount Laser, la precisione \u00e8 fondamentale e inizia dalle fondamenta delle vostre misurazioni. Siamo orgogliosi di presentare l&#039;asta prismatica in alluminio DZ215SL, uno strumento progettato per i professionisti che richiedono precisione costante e prestazioni affidabili. Quest&#039;asta in alluminio ad alta resistenza \u00e8 la base affidabile per il vostro prisma, garantendo stabilit\u00e0 e durata in qualsiasi cantiere.<\/p>\n<p>IL <a href=\"https:\/\/mountlaser.com\/it\/products\/\"><strong>Palo prismatico in alluminio DZ215SL<\/strong> <\/a>\u00e8 disponibile in due configurazioni specializzate per soddisfare le vostre specifiche esigenze di montaggio: il palo prismatico in alluminio DZ215SL-RW e il palo prismatico in alluminio DZ215SL-SR. Entrambi i modelli condividono lo stesso impegno fondamentale per la qualit\u00e0, ma si distinguono per i loro sistemi di adattatori di fabbricazione svizzera, offrendovi la possibilit\u00e0 di scegliere la compatibilit\u00e0 ottimale con la vostra attrezzatura.<\/p>\n<p><img fetchpriority=\"high\" decoding=\"async\" class=\"aligncenter wp-image-4163\" src=\"https:\/\/mountlaser.com\/wp-content\/uploads\/2025\/11\/DZ215SL-RW-1.webp\" alt=\"DZ215SL Aluminum Prism Pole\" width=\"500\" height=\"500\" srcset=\"https:\/\/mountlaser.com\/wp-content\/uploads\/2025\/11\/DZ215SL-RW-1.webp 1000w, https:\/\/mountlaser.com\/wp-content\/uploads\/2025\/11\/DZ215SL-RW-1-300x300.webp 300w, https:\/\/mountlaser.com\/wp-content\/uploads\/2025\/11\/DZ215SL-RW-1-400x400.webp 400w, https:\/\/mountlaser.com\/wp-content\/uploads\/2025\/11\/DZ215SL-RW-1-800x800.webp 800w, https:\/\/mountlaser.com\/wp-content\/uploads\/2025\/11\/DZ215SL-RW-1-600x600.webp 600w, https:\/\/mountlaser.com\/wp-content\/uploads\/2025\/11\/DZ215SL-RW-1-150x150.webp 150w, https:\/\/mountlaser.com\/wp-content\/uploads\/2025\/11\/DZ215SL-RW-1-768x768.webp 768w, https:\/\/mountlaser.com\/wp-content\/uploads\/2025\/11\/DZ215SL-RW-1-12x12.webp 12w\" sizes=\"(max-width: 500px) 100vw, 500px\" \/><\/p>\n<p>IL <a href=\"https:\/\/mountlaser.com\/it\/about-us\/\">Palo prismatico in alluminio DZ215SL<\/a> \u00e8 disponibile in due versioni, che differiscono solo per il colore: il palo prismatico in alluminio DZ215SL-RW \u00e8 caratterizzato da una combinazione di colori rosso e bianco, mentre il palo prismatico in alluminio DZ215SL-SR \u00e8 caratterizzato da una combinazione di colori argento.<\/p>\n<p><strong>Specifiche del palo prismatico in alluminio DZ215SL<\/strong><\/p>\n<table style=\"border-collapse: collapse; width: 741.77pt;\" border=\"0\" width=\"989\" cellspacing=\"0\" cellpadding=\"0\">\n<tbody>\n<tr style=\"height: 14.25pt;\">\n<td class=\"et2\" style=\"height: 14.25pt; width: 142.50pt;\" width=\"190\" height=\"19\">NUMERO<\/td>\n<td class=\"et2\" style=\"width: 127.50pt;\" width=\"170\">LUNGHEZZA<\/td>\n<td class=\"et2\" style=\"width: 126.00pt;\" width=\"168\">MATERIALE<\/td>\n<td class=\"et2\" style=\"width: 135.00pt;\" width=\"180\">LAUREATI<\/td>\n<td class=\"et2\" style=\"width: 124.50pt;\" width=\"166\">ADATTATORE<\/td>\n<td class=\"et2\" style=\"width: 86.25pt;\" width=\"115\">DIAMETRO<\/td>\n<\/tr>\n<tr style=\"height: 14.25pt;\">\n<td class=\"et2\" style=\"height: 14.25pt;\" height=\"19\">Modello DZ215SL<\/td>\n<td class=\"et2\">2,15 m<\/td>\n<td class=\"et2\">Alluminio<\/td>\n<td class=\"et3\">cm<\/td>\n<td class=\"et3\">Svizzero o 5\/8\u2033-11<\/td>\n<td class=\"et3\">18\/25 mm<\/td>\n<\/tr>\n<\/tbody>\n<\/table>","protected":false},"excerpt":{"rendered":"<ul>\n<li>Garantisce un adattamento perfetto e sicuro al prisma, assicurando l&#039;integrit\u00e0 dei dati ed eliminando gli errori di misurazione.<\/li>\n<li>Fiala circolare da 30\u2033 integrata: consente un livellamento rapido e preciso, un passaggio fondamentale per ottenere misurazioni verticali affidabili.<\/li>\n<li>Opzioni con doppio diametro (18 mm\/25 mm): offre la flessibilit\u00e0 necessaria per soddisfare le tue preferenze in termini di rigidit\u00e0 e maneggevolezza del palo.<\/li>\n<\/ul>","protected":false},"featured_media":4167,"comment_status":"open","ping_status":"closed","template":"","meta":[],"product_brand":[],"product_cat":[89,124],"product_tag":[],"class_list":{"0":"post-4161","1":"product","2":"type-product","3":"status-publish","4":"has-post-thumbnail","6":"product_cat-surveying-pole-rod","7":"product_cat-aluminum-fiberglass-prism-pole","9":"first","10":"instock","11":"shipping-taxable","12":"product-type-simple"},"_links":{"self":[{"href":"https:\/\/mountlaser.com\/it\/wp-json\/wp\/v2\/product\/4161","targetHints":{"allow":["GET"]}}],"collection":[{"href":"https:\/\/mountlaser.com\/it\/wp-json\/wp\/v2\/product"}],"about":[{"href":"https:\/\/mountlaser.com\/it\/wp-json\/wp\/v2\/types\/product"}],"replies":[{"embeddable":true,"href":"https:\/\/mountlaser.com\/it\/wp-json\/wp\/v2\/comments?post=4161"}],"wp:featuredmedia":[{"embeddable":true,"href":"https:\/\/mountlaser.com\/it\/wp-json\/wp\/v2\/media\/4167"}],"wp:attachment":[{"href":"https:\/\/mountlaser.com\/it\/wp-json\/wp\/v2\/media?parent=4161"}],"wp:term":[{"taxonomy":"product_brand","embeddable":true,"href":"https:\/\/mountlaser.com\/it\/wp-json\/wp\/v2\/product_brand?post=4161"},{"taxonomy":"product_cat","embeddable":true,"href":"https:\/\/mountlaser.com\/it\/wp-json\/wp\/v2\/product_cat?post=4161"},{"taxonomy":"product_tag","embeddable":true,"href":"https:\/\/mountlaser.com\/it\/wp-json\/wp\/v2\/product_tag?post=4161"}],"curies":[{"name":"parola chiave","href":"https:\/\/api.w.org\/{rel}","templated":true}]}}