{"id":4054,"date":"2025-11-12T01:34:55","date_gmt":"2025-11-12T01:34:55","guid":{"rendered":"https:\/\/mountlaser.com\/?post_type=product&#038;p=4054"},"modified":"2025-12-19T02:02:49","modified_gmt":"2025-12-19T02:02:49","slug":"bt152-medium-duty-elevator-tripod","status":"publish","type":"product","link":"https:\/\/mountlaser.com\/it\/prodotto\/bt152-medium-duty-elevator-tripod\/","title":{"rendered":"Treppiede elevatore per carichi medi BT152"},"content":{"rendered":"<p>IL <a href=\"https:\/\/mountlaser.com\/it\/\"><strong>Treppiede elevatore in alluminio per impieghi medi<\/strong><\/a> \u00e8 un accessorio di montaggio essenziale progettato per garantire precisione e stabilit\u00e0 nelle applicazioni di misurazione e costruzione professionali. Progettato con alluminio ossidato di alta qualit\u00e0, questo <a href=\"https:\/\/mountlaser.com\/it\/products\/\"><strong>Treppiede professionale per l&#039;edilizia BT152<\/strong><\/a> Offre durevolezza e leggerezza, rendendolo ideale sia per installazioni laser lineari che per installazioni laser rotanti.<\/p>\n<p>Il treppiede elevatore in alluminio per impieghi medi \u00e8 dotato di un piedino regolabile per un contatto con il terreno e un equilibrio ottimali, anche su terreni irregolari. Disponibile in due versatili opzioni: il modello BT152 con testa piatta e filettatura da 5\/8\u2033-11 e il modello BT250 con filettatura da 1\/4\u2033-20, il treppiede professionale per l&#039;edilizia BT152 \u00e8 compatibile con un&#039;ampia gamma di livelli laser e dispositivi GNSS.<\/p>\n<p>Costruito per prestazioni affidabili, il <a href=\"https:\/\/mountlaser.com\/it\/contact-us\/\">Treppiede elevatore in alluminio per impieghi medi<\/a> Garantisce un controllo fluido dell&#039;elevazione, un montaggio sicuro degli strumenti e una lunga durata sul campo. La sua struttura di livello professionale offre un supporto ineguagliabile per impegnative attivit\u00e0 di costruzione e rilevamento.<\/p>\n<p><strong>Specifiche del treppiede elevatore per carichi medi<\/strong><\/p>\n<div>\n<table style=\"border-collapse: collapse; width: 1339px; height: 469px;\" border=\"0\" width=\"991\" cellspacing=\"0\" cellpadding=\"0\">\n<tbody>\n<tr style=\"height: 14.25pt;\">\n<td class=\"et2\" style=\"height: 14.25pt; width: 127.50pt;\" width=\"170\" height=\"19\">NUMERO<\/td>\n<td class=\"et3\" style=\"width: 92.25pt;\" width=\"123\">COLORE<\/td>\n<td class=\"et3\" style=\"width: 77.25pt;\" width=\"103\">MATERIALE<\/td>\n<td class=\"et3\" style=\"width: 96.75pt;\" width=\"129\">ALTEZZA TREPPIEDE<\/td>\n<td class=\"et4\" style=\"width: 141.00pt;\" width=\"188\">ALTEZZA DI LAVORO<\/td>\n<td class=\"et3\" style=\"width: 96.00pt;\" width=\"128\">Nord-Ovest<\/td>\n<td class=\"et5\" style=\"width: 112.50pt;\" width=\"150\">IMMAGINE<\/td>\n<\/tr>\n<tr style=\"height: 18.75pt;\">\n<td class=\"et6\" style=\"height: 18.75pt;\" height=\"25\">BT152<\/td>\n<td class=\"et6\">Nero e blu<\/td>\n<td class=\"et7\">Alluminio<\/td>\n<td class=\"et6\">74-153 cm<\/td>\n<td class=\"et6\">70-143 cm<\/td>\n<td class=\"et6\">2,1 kg<\/td>\n<td class=\"et8\"><img fetchpriority=\"high\" decoding=\"async\" class=\"alignnone wp-image-4066\" src=\"https:\/\/mountlaser.com\/wp-content\/uploads\/2025\/11\/BT1523.webp\" alt=\"Medium Duty Aluminum Elevator Tripod\" width=\"500\" height=\"500\" srcset=\"https:\/\/mountlaser.com\/wp-content\/uploads\/2025\/11\/BT1523.webp 1000w, https:\/\/mountlaser.com\/wp-content\/uploads\/2025\/11\/BT1523-300x300.webp 300w, https:\/\/mountlaser.com\/wp-content\/uploads\/2025\/11\/BT1523-400x400.webp 400w, https:\/\/mountlaser.com\/wp-content\/uploads\/2025\/11\/BT1523-800x800.webp 800w, https:\/\/mountlaser.com\/wp-content\/uploads\/2025\/11\/BT1523-600x600.webp 600w, https:\/\/mountlaser.com\/wp-content\/uploads\/2025\/11\/BT1523-150x150.webp 150w, https:\/\/mountlaser.com\/wp-content\/uploads\/2025\/11\/BT1523-768x768.webp 768w, https:\/\/mountlaser.com\/wp-content\/uploads\/2025\/11\/BT1523-12x12.webp 12w\" sizes=\"(max-width: 500px) 100vw, 500px\" \/><\/td>\n<\/tr>\n<tr style=\"height: 17.25pt;\">\n<td class=\"et6\" style=\"height: 17.25pt;\" height=\"23\">BT250<\/td>\n<td class=\"et6\">Nero e blu<\/td>\n<td class=\"et7\">Alluminio<\/td>\n<td class=\"et6\">217 centimetri<\/td>\n<td class=\"et6\">200 metri<\/td>\n<td class=\"et6\">2,85 kg<\/td>\n<td class=\"et8\"><img decoding=\"async\" class=\"alignnone wp-image-4074\" src=\"https:\/\/mountlaser.com\/wp-content\/uploads\/2025\/11\/BT2503.webp\" alt=\"Medium Duty Aluminum Elevator Tripod\" width=\"500\" height=\"500\" srcset=\"https:\/\/mountlaser.com\/wp-content\/uploads\/2025\/11\/BT2503.webp 1000w, https:\/\/mountlaser.com\/wp-content\/uploads\/2025\/11\/BT2503-300x300.webp 300w, https:\/\/mountlaser.com\/wp-content\/uploads\/2025\/11\/BT2503-400x400.webp 400w, https:\/\/mountlaser.com\/wp-content\/uploads\/2025\/11\/BT2503-800x800.webp 800w, https:\/\/mountlaser.com\/wp-content\/uploads\/2025\/11\/BT2503-600x600.webp 600w, https:\/\/mountlaser.com\/wp-content\/uploads\/2025\/11\/BT2503-150x150.webp 150w, https:\/\/mountlaser.com\/wp-content\/uploads\/2025\/11\/BT2503-768x768.webp 768w, https:\/\/mountlaser.com\/wp-content\/uploads\/2025\/11\/BT2503-12x12.webp 12w\" sizes=\"(max-width: 500px) 100vw, 500px\" \/><\/td>\n<\/tr>\n<\/tbody>\n<\/table>\n<\/div>","protected":false},"excerpt":{"rendered":"<ul>\n<li>Realizzato in alluminio ossidato, resistente ma leggero.<\/li>\n<li>Piedino regolabile per una maggiore stabilit\u00e0 su superfici irregolari.<\/li>\n<li>Due opzioni di filettatura: 5\/8\u2033-11 e 1\/4\u2033-20.<\/li>\n<li>Adatto per utensili laser lineari e rotanti.<\/li>\n<li>Compatto, facile da trasportare e veloce da installare.<\/li>\n<\/ul>","protected":false},"featured_media":4056,"comment_status":"open","ping_status":"closed","template":"","meta":[],"product_brand":[],"product_cat":[122,94],"product_tag":[],"class_list":{"0":"post-4054","1":"product","2":"type-product","3":"status-publish","4":"has-post-thumbnail","6":"product_cat-laser-level-tripod","7":"product_cat-laser-level-accessory","9":"first","10":"instock","11":"shipping-taxable","12":"product-type-simple"},"_links":{"self":[{"href":"https:\/\/mountlaser.com\/it\/wp-json\/wp\/v2\/product\/4054","targetHints":{"allow":["GET"]}}],"collection":[{"href":"https:\/\/mountlaser.com\/it\/wp-json\/wp\/v2\/product"}],"about":[{"href":"https:\/\/mountlaser.com\/it\/wp-json\/wp\/v2\/types\/product"}],"replies":[{"embeddable":true,"href":"https:\/\/mountlaser.com\/it\/wp-json\/wp\/v2\/comments?post=4054"}],"wp:featuredmedia":[{"embeddable":true,"href":"https:\/\/mountlaser.com\/it\/wp-json\/wp\/v2\/media\/4056"}],"wp:attachment":[{"href":"https:\/\/mountlaser.com\/it\/wp-json\/wp\/v2\/media?parent=4054"}],"wp:term":[{"taxonomy":"product_brand","embeddable":true,"href":"https:\/\/mountlaser.com\/it\/wp-json\/wp\/v2\/product_brand?post=4054"},{"taxonomy":"product_cat","embeddable":true,"href":"https:\/\/mountlaser.com\/it\/wp-json\/wp\/v2\/product_cat?post=4054"},{"taxonomy":"product_tag","embeddable":true,"href":"https:\/\/mountlaser.com\/it\/wp-json\/wp\/v2\/product_tag?post=4054"}],"curies":[{"name":"parola chiave","href":"https:\/\/api.w.org\/{rel}","templated":true}]}}