{"id":4027,"date":"2025-11-11T09:10:43","date_gmt":"2025-11-11T09:10:43","guid":{"rendered":"https:\/\/mountlaser.com\/?post_type=product&#038;p=4027"},"modified":"2025-12-18T08:44:02","modified_gmt":"2025-12-18T08:44:02","slug":"ba3-160hp-black-elevator-tripod","status":"publish","type":"product","link":"https:\/\/mountlaser.com\/it\/prodotto\/ba3-160hp-black-elevator-tripod\/","title":{"rendered":"Treppiede elevatore nero BA3-160HP"},"content":{"rendered":"<p>IL <a href=\"https:\/\/mountlaser.com\/it\/\"><strong>Treppiede elevatore nero BA3-160HP<\/strong> <\/a>\u00e8 un <a href=\"https:\/\/mountlaser.com\/it\/products\/\"><strong>Treppiede per livella laser di alta qualit\u00e0<\/strong> <\/a>Progettato per i professionisti che richiedono la massima stabilit\u00e0, precisione e versatilit\u00e0 nelle loro attivit\u00e0 di misurazione. Realizzato in alluminio ossidato, questo robusto treppiede offre una resistenza eccezionale pur mantenendo una struttura leggera per una comoda trasportabilit\u00e0.<\/p>\n<p>Rifinito in un elegante colore nero, il treppiede elevatore BA3-160HP Black \u00e8 dotato di un design a ferro di cavallo per un appoggio stabile al suolo, anche su superfici irregolari. Con gancio centrale opzionale e coperture antiscivolo in gomma, garantisce una presa affidabile e riduce le vibrazioni durante l&#039;uso. Il treppiede per livella laser di alta qualit\u00e0 include anche una testa inclinabile rimovibile con filettatura da 1\/4\u2033-20, che offre compatibilit\u00e0 con vari livelli laser e strumenti.<\/p>\n<p>Disponibile in <a href=\"https:\/\/mountlaser.com\/it\/contact-us\/\">opzioni di altezza multiple<\/a>Con altezze da 45 cm a 300 cm, il treppiede elevatore nero BA3-160HP soddisfa le esigenze di un&#039;ampia gamma di applicazioni di edilizia, topografia e allineamento. \u00c8 progettato per offrire prestazioni di livellamento precise, rendendolo la scelta ideale per i professionisti che apprezzano sia la durata che la precisione.<\/p>\n<p><img fetchpriority=\"high\" decoding=\"async\" class=\"aligncenter wp-image-4031\" src=\"https:\/\/mountlaser.com\/wp-content\/uploads\/2025\/11\/B3160HP4.webp\" alt=\"BA3-160HP Black Elevator Tripod\" width=\"500\" height=\"500\" srcset=\"https:\/\/mountlaser.com\/wp-content\/uploads\/2025\/11\/B3160HP4.webp 1000w, https:\/\/mountlaser.com\/wp-content\/uploads\/2025\/11\/B3160HP4-300x300.webp 300w, https:\/\/mountlaser.com\/wp-content\/uploads\/2025\/11\/B3160HP4-400x400.webp 400w, https:\/\/mountlaser.com\/wp-content\/uploads\/2025\/11\/B3160HP4-800x800.webp 800w, https:\/\/mountlaser.com\/wp-content\/uploads\/2025\/11\/B3160HP4-600x600.webp 600w, https:\/\/mountlaser.com\/wp-content\/uploads\/2025\/11\/B3160HP4-150x150.webp 150w, https:\/\/mountlaser.com\/wp-content\/uploads\/2025\/11\/B3160HP4-768x768.webp 768w, https:\/\/mountlaser.com\/wp-content\/uploads\/2025\/11\/B3160HP4-12x12.webp 12w\" sizes=\"(max-width: 500px) 100vw, 500px\" \/><\/p>\n<p><strong>Specifiche del treppiede elevatore nero BA3-160HP<\/strong><\/p>\n<div>\n<table style=\"border-collapse: collapse; width: 564.02pt;\" border=\"0\" width=\"752\" cellspacing=\"0\" cellpadding=\"0\">\n<tbody>\n<tr style=\"height: 14.25pt;\">\n<td class=\"et2\" style=\"height: 14.25pt; width: 127.50pt;\" width=\"170\" height=\"19\">NUMERO<\/td>\n<td class=\"et3\" style=\"width: 92.25pt;\" width=\"123\">COLORE<\/td>\n<td class=\"et3\" style=\"width: 77.25pt;\" width=\"103\">MATERIALE<\/td>\n<td class=\"et3\" style=\"width: 96.75pt;\" width=\"129\">ALTEZZA<\/td>\n<td class=\"et3\" style=\"width: 170.25pt;\" width=\"227\">FILO<\/td>\n<\/tr>\n<tr style=\"height: 14.25pt;\">\n<td class=\"et4\" style=\"height: 14.25pt;\" height=\"19\">EBA3-120\/150\/180 CV<\/td>\n<td class=\"et4\">Nero<\/td>\n<td class=\"et4\">Alluminio<\/td>\n<td class=\"et4\">120\/150\/180 cm<\/td>\n<td class=\"et4\">Testa in plastica 5\/8\u2033-11<\/td>\n<\/tr>\n<tr style=\"height: 14.25pt;\">\n<td class=\"et4\" style=\"height: 14.25pt;\" height=\"19\">BA3\/120\/160 CV<\/td>\n<td class=\"et4\">Nero<\/td>\n<td class=\"et4\">Alluminio<\/td>\n<td class=\"et4\">120\/160 cm<\/td>\n<td class=\"et4\">Testa in plastica 5\/8\u2033-11<\/td>\n<\/tr>\n<tr style=\"height: 14.25pt;\">\n<td class=\"et4\" style=\"height: 14.25pt;\" height=\"19\">BA3-180\/200HB<\/td>\n<td class=\"et4\">Nero<\/td>\n<td class=\"et4\">Alluminio<\/td>\n<td class=\"et4\">180\/200 cm<\/td>\n<td class=\"et4\">Testa rotonda grande 5\/8\u2033-11<\/td>\n<\/tr>\n<tr style=\"height: 14.25pt;\">\n<td class=\"et4\" style=\"height: 14.25pt;\" height=\"19\">BA3-300HA<\/td>\n<td class=\"et4\">Nero<\/td>\n<td class=\"et4\">Alluminio<\/td>\n<td class=\"et4\">300 centimetri<\/td>\n<td class=\"et4\">Testa in alluminio 5\/8\u2033-11<\/td>\n<\/tr>\n<\/tbody>\n<\/table>\n<\/div>","protected":false},"excerpt":{"rendered":"<ul>\n<li>Materiale: alluminio ossido per una durata leggera<\/li>\n<li>Colore: finitura professionale nera opaca<\/li>\n<li>Tipo di piede: base a ferro di cavallo con rivestimento antiscivolo in gomma opzionale<\/li>\n<li>Intervallo di altezza: 0,45 m - 3,0 m<\/li>\n<li>Opzione aggiuntiva: gancio centrale per una maggiore stabilit\u00e0<\/li>\n<\/ul>","protected":false},"featured_media":4028,"comment_status":"open","ping_status":"closed","template":"","meta":[],"product_brand":[],"product_cat":[122,94],"product_tag":[],"class_list":{"0":"post-4027","1":"product","2":"type-product","3":"status-publish","4":"has-post-thumbnail","6":"product_cat-laser-level-tripod","7":"product_cat-laser-level-accessory","9":"first","10":"instock","11":"shipping-taxable","12":"product-type-simple"},"_links":{"self":[{"href":"https:\/\/mountlaser.com\/it\/wp-json\/wp\/v2\/product\/4027","targetHints":{"allow":["GET"]}}],"collection":[{"href":"https:\/\/mountlaser.com\/it\/wp-json\/wp\/v2\/product"}],"about":[{"href":"https:\/\/mountlaser.com\/it\/wp-json\/wp\/v2\/types\/product"}],"replies":[{"embeddable":true,"href":"https:\/\/mountlaser.com\/it\/wp-json\/wp\/v2\/comments?post=4027"}],"wp:featuredmedia":[{"embeddable":true,"href":"https:\/\/mountlaser.com\/it\/wp-json\/wp\/v2\/media\/4028"}],"wp:attachment":[{"href":"https:\/\/mountlaser.com\/it\/wp-json\/wp\/v2\/media?parent=4027"}],"wp:term":[{"taxonomy":"product_brand","embeddable":true,"href":"https:\/\/mountlaser.com\/it\/wp-json\/wp\/v2\/product_brand?post=4027"},{"taxonomy":"product_cat","embeddable":true,"href":"https:\/\/mountlaser.com\/it\/wp-json\/wp\/v2\/product_cat?post=4027"},{"taxonomy":"product_tag","embeddable":true,"href":"https:\/\/mountlaser.com\/it\/wp-json\/wp\/v2\/product_tag?post=4027"}],"curies":[{"name":"parola chiave","href":"https:\/\/api.w.org\/{rel}","templated":true}]}}