{"id":3985,"date":"2025-11-11T07:06:43","date_gmt":"2025-11-11T07:06:43","guid":{"rendered":"https:\/\/mountlaser.com\/?post_type=product&#038;p=3985"},"modified":"2025-12-18T09:20:57","modified_gmt":"2025-12-18T09:20:57","slug":"sa2-150hp-silver-elevator-tripod","status":"publish","type":"product","link":"https:\/\/mountlaser.com\/it\/prodotto\/sa2-150hp-silver-elevator-tripod\/","title":{"rendered":"Treppiede elevatore argento SA2-150HP"},"content":{"rendered":"<p data-start=\"281\" data-end=\"787\">IL <a href=\"https:\/\/mountlaser.com\/it\/products\/\"><strong data-start=\"285\" data-end=\"321\">Treppiede elevatore argento SA2-120HP<\/strong><\/a> \u00e8 una soluzione di supporto versatile e durevole, progettata per attivit\u00e0 professionali di livellamento laser e rilevamento. Realizzato in alluminio ossidato di alta qualit\u00e0, offre un&#039;eccellente resistenza, pur rimanendo leggero e resistente alla corrosione. Come alternativa premium all&#039;interno del <a href=\"https:\/\/mountlaser.com\/it\/\"><strong data-start=\"588\" data-end=\"622\">Treppiede elevatore in alluminio nero<\/strong><\/a> categoria, il treppiede elevatore SA2-120HP Silver offre la stessa stabilit\u00e0 di livello professionale con una caratteristica finitura argentata e opzioni di configurazione migliorate.<\/p>\n<p data-start=\"789\" data-end=\"1342\">Progettato con piedini a ferro di cavallo, il treppiede elevatore SA2-120HP Silver offre una solida presa al suolo e un equilibrio affidabile su terreni irregolari. Questo design garantisce un posizionamento laser stabile, simile a un treppiede elevatore in alluminio nero, rendendolo ideale per il layout di costruzione, l&#039;installazione di interni e i lavori di livellamento in generale. Con opzioni di altezza di 1,20 m, 1,50 m e 1,80 m, il treppiede elevatore SA2-120HP Silver si adatta facilmente a diverse condizioni di lavoro, mantenendo la robustezza che ci si aspetta da un treppiede elevatore in alluminio nero.<\/p>\n<p data-start=\"1344\" data-end=\"1905\">Il treppiede elevatore SA2-120HP Silver \u00e8 dotato di serie di una testa in plastica con filettatura da 5\/8\u2033-11, compatibile con la maggior parte dei livelli laser e degli strumenti di rilevamento. Per una maggiore flessibilit\u00e0, gli utenti possono scegliere teste opzionali, tra cui una testa in alluminio, una grande testa rotonda zincata o una testa inclinabile rimovibile con filettatura da 1\/4\u2033-20. Accessori opzionali come una maniglia per il trasporto e un gancio centrale migliorano ulteriormente l&#039;usabilit\u00e0, posizionando il treppiede <a href=\"https:\/\/mountlaser.com\/it\/contact-us\/\">Treppiede elevatore argento SA2-120HP<\/a> come alternativa flessibile e di alto valore al tradizionale treppiede elevatore in alluminio nero.<\/p>\n<p><img fetchpriority=\"high\" decoding=\"async\" class=\"aligncenter wp-image-3990\" src=\"https:\/\/mountlaser.com\/wp-content\/uploads\/2025\/11\/S2150HP5.webp\" alt=\"SA2-120HP Silver Elevator Tripod\" width=\"500\" height=\"500\" srcset=\"https:\/\/mountlaser.com\/wp-content\/uploads\/2025\/11\/S2150HP5.webp 1000w, https:\/\/mountlaser.com\/wp-content\/uploads\/2025\/11\/S2150HP5-300x300.webp 300w, https:\/\/mountlaser.com\/wp-content\/uploads\/2025\/11\/S2150HP5-400x400.webp 400w, https:\/\/mountlaser.com\/wp-content\/uploads\/2025\/11\/S2150HP5-800x800.webp 800w, https:\/\/mountlaser.com\/wp-content\/uploads\/2025\/11\/S2150HP5-600x600.webp 600w, https:\/\/mountlaser.com\/wp-content\/uploads\/2025\/11\/S2150HP5-150x150.webp 150w, https:\/\/mountlaser.com\/wp-content\/uploads\/2025\/11\/S2150HP5-768x768.webp 768w, https:\/\/mountlaser.com\/wp-content\/uploads\/2025\/11\/S2150HP5-12x12.webp 12w\" sizes=\"(max-width: 500px) 100vw, 500px\" \/><\/p>\n<table width=\"818\">\n<tbody>\n<tr>\n<td width=\"170\">NUMERO<\/td>\n<td width=\"123\">COLORE<\/td>\n<td width=\"103\">MATERIALE<\/td>\n<td width=\"129\">ALTEZZA<\/td>\n<td width=\"293\">FILO<\/td>\n<\/tr>\n<tr>\n<td>SA2-120\/150\/180 CV<\/td>\n<td>\u00a0Argento<\/td>\n<td>Alluminio<\/td>\n<td>120\/150\/180 cm<\/td>\n<td>Testa in plastica 5\/8\u2033-11<\/td>\n<\/tr>\n<tr>\n<td>SA2-120\/150\/180HA<\/td>\n<td>\u00a0Argento<\/td>\n<td>Alluminio<\/td>\n<td>120\/150\/180 cm<\/td>\n<td>Testa in alluminio 5\/8\u2033-11<\/td>\n<\/tr>\n<tr>\n<td>SA2-120\/150\/180HB<\/td>\n<td>\u00a0Argento<\/td>\n<td>Alluminio<\/td>\n<td>120\/150\/180 cm<\/td>\n<td>Testa rotonda grande 5\/8\u2033-11<\/td>\n<\/tr>\n<tr>\n<td>SA2-120\/150\/180 CV<\/td>\n<td>\u00a0Argento<\/td>\n<td>Alluminio<\/td>\n<td>120\/150\/180 cm<\/td>\n<td>Testa in plastica 5\/8\u2033-11 + testa inclinabile rimovibile 1\/4\u2033-20<\/td>\n<\/tr>\n<\/tbody>\n<\/table>","protected":false},"excerpt":{"rendered":"<ul>\n<li>Fornisce un supporto stabile e preciso per livelli laser e strumenti di rilevamento<\/li>\n<li>La regolazione dell&#039;altezza in stile elevatore consente un posizionamento preciso a pi\u00f9 altezze di lavoro<\/li>\n<li>I piedini a ferro di cavallo migliorano la stabilit\u00e0 su superfici irregolari o morbide<\/li>\n<li>Le molteplici opzioni di testina garantiscono la compatibilit\u00e0 con diversi strumenti e applicazioni<\/li>\n<li>La maniglia opzionale e il gancio centrale migliorano la portabilit\u00e0 e la praticit\u00e0 in loco<\/li>\n<\/ul>","protected":false},"featured_media":3989,"comment_status":"open","ping_status":"closed","template":"","meta":[],"product_brand":[],"product_cat":[94,122],"product_tag":[],"class_list":{"0":"post-3985","1":"product","2":"type-product","3":"status-publish","4":"has-post-thumbnail","6":"product_cat-laser-level-accessory","7":"product_cat-laser-level-tripod","9":"first","10":"instock","11":"shipping-taxable","12":"product-type-simple"},"_links":{"self":[{"href":"https:\/\/mountlaser.com\/it\/wp-json\/wp\/v2\/product\/3985","targetHints":{"allow":["GET"]}}],"collection":[{"href":"https:\/\/mountlaser.com\/it\/wp-json\/wp\/v2\/product"}],"about":[{"href":"https:\/\/mountlaser.com\/it\/wp-json\/wp\/v2\/types\/product"}],"replies":[{"embeddable":true,"href":"https:\/\/mountlaser.com\/it\/wp-json\/wp\/v2\/comments?post=3985"}],"wp:featuredmedia":[{"embeddable":true,"href":"https:\/\/mountlaser.com\/it\/wp-json\/wp\/v2\/media\/3989"}],"wp:attachment":[{"href":"https:\/\/mountlaser.com\/it\/wp-json\/wp\/v2\/media?parent=3985"}],"wp:term":[{"taxonomy":"product_brand","embeddable":true,"href":"https:\/\/mountlaser.com\/it\/wp-json\/wp\/v2\/product_brand?post=3985"},{"taxonomy":"product_cat","embeddable":true,"href":"https:\/\/mountlaser.com\/it\/wp-json\/wp\/v2\/product_cat?post=3985"},{"taxonomy":"product_tag","embeddable":true,"href":"https:\/\/mountlaser.com\/it\/wp-json\/wp\/v2\/product_tag?post=3985"}],"curies":[{"name":"parola chiave","href":"https:\/\/api.w.org\/{rel}","templated":true}]}}