{"id":3955,"date":"2025-11-11T05:43:10","date_gmt":"2025-11-11T05:43:10","guid":{"rendered":"https:\/\/mountlaser.com\/?post_type=product&#038;p=3955"},"modified":"2025-12-18T08:11:52","modified_gmt":"2025-12-18T08:11:52","slug":"ba5-120-150hf-black-elevator-tripod","status":"publish","type":"product","link":"https:\/\/mountlaser.com\/it\/prodotto\/ba5-120-150hf-black-elevator-tripod\/","title":{"rendered":"Treppiede elevatore nero BA5-120\/150HF"},"content":{"rendered":"<p>IL <a href=\"https:\/\/mountlaser.com\/it\/\"><strong>Treppiede per ascensore nero<\/strong><\/a> \u00e8 durevole e di qualit\u00e0 professionale <a href=\"https:\/\/mountlaser.com\/it\/products\/\"><strong>Treppiede con livella laser a testa inclinabile<\/strong> <\/a>Progettato per offrire stabilit\u00e0, precisione e flessibilit\u00e0 eccellenti durante le operazioni di livellamento laser e rilevamento. Realizzato in alluminio ossidato di alta qualit\u00e0, questo treppiede elevatore nero garantisce una lunga durata, pur mantenendo una struttura leggera per una facile trasportabilit\u00e0.<\/p>\n<p>Il treppiede Black Elevator \u00e8 dotato di una testa inclinabile fissa con filettatura rimovibile da 1\/4&quot;-20, che consente agli utenti di regolare facilmente l&#039;angolazione dello strumento e di montare in modo sicuro diversi tipi di livelli laser e dispositivi di misurazione. Il suo design a ferro di cavallo offre una presa salda su superfici irregolari o ruvide, garantendo stabilit\u00e0 in tutti gli ambienti di lavoro.<\/p>\n<p><img fetchpriority=\"high\" decoding=\"async\" class=\"aligncenter wp-image-3959\" src=\"https:\/\/mountlaser.com\/wp-content\/uploads\/2025\/11\/B5120HF4.webp\" alt=\"BA5-120HF BLACK ELEVATOR TRIPOD\" width=\"500\" height=\"500\" srcset=\"https:\/\/mountlaser.com\/wp-content\/uploads\/2025\/11\/B5120HF4.webp 1000w, https:\/\/mountlaser.com\/wp-content\/uploads\/2025\/11\/B5120HF4-300x300.webp 300w, https:\/\/mountlaser.com\/wp-content\/uploads\/2025\/11\/B5120HF4-400x400.webp 400w, https:\/\/mountlaser.com\/wp-content\/uploads\/2025\/11\/B5120HF4-800x800.webp 800w, https:\/\/mountlaser.com\/wp-content\/uploads\/2025\/11\/B5120HF4-600x600.webp 600w, https:\/\/mountlaser.com\/wp-content\/uploads\/2025\/11\/B5120HF4-150x150.webp 150w, https:\/\/mountlaser.com\/wp-content\/uploads\/2025\/11\/B5120HF4-768x768.webp 768w, https:\/\/mountlaser.com\/wp-content\/uploads\/2025\/11\/B5120HF4-12x12.webp 12w\" sizes=\"(max-width: 500px) 100vw, 500px\" \/><\/p>\n<p>Disponibile in 120 cm e 150 cm <a href=\"https:\/\/mountlaser.com\/it\/contact-us\/\">opzioni di altezza<\/a>, Il treppiede con testa inclinabile per livella laser pu\u00f2 anche essere personalizzato per soddisfare specifiche esigenze di misurazione. L&#039;elegante finitura in ossido nero non solo ne esalta l&#039;aspetto professionale, ma garantisce anche resistenza alla corrosione e all&#039;usura, rendendolo un compagno affidabile per progetti di misurazione sia in interni che in esterni.<\/p>\n<table style=\"height: 241px;\" width=\"862\">\n<tbody>\n<tr>\n<td width=\"170\">NUMERO<\/td>\n<td width=\"123\">COLORE<\/td>\n<td width=\"103\">MATERIALE<\/td>\n<td width=\"96\">ALTEZZA<\/td>\n<td width=\"227\">FILO<\/td>\n<\/tr>\n<tr>\n<td>BS5-120HF<\/td>\n<td>Nero<\/td>\n<td>Acciaio<\/td>\n<td>120 centimetri<\/td>\n<td rowspan=\"4\" width=\"227\">\u00a0Testa inclinabile fissa con filettatura rimovibile da 1\/4\u2033-20<\/td>\n<\/tr>\n<tr>\n<td>BS5-150HF<\/td>\n<td>Nero<\/td>\n<td>Acciaio<\/td>\n<td>150 centimetri<\/td>\n<\/tr>\n<tr>\n<td>BA5-120HF<\/td>\n<td>Nero<\/td>\n<td>Alluminio<\/td>\n<td>120 centimetri<\/td>\n<\/tr>\n<tr>\n<td>BA5-150HF<\/td>\n<td>Nero<\/td>\n<td>Alluminio<\/td>\n<td>150 centimetri<\/td>\n<\/tr>\n<\/tbody>\n<\/table>\n<p>&nbsp;<\/p>","protected":false},"excerpt":{"rendered":"<ul>\n<li>Tipo di testa: testa inclinabile fissa con filettatura rimovibile da 1\/4\u2033-20<\/li>\n<li>Opzioni di altezza: 120 cm \/ 150 cm (personalizzabile)<\/li>\n<li>Design del piede: a ferro di cavallo per un contatto stabile con il terreno<\/li>\n<li>Colore: finitura nera lucida per un aspetto professionale<\/li>\n<\/ul>","protected":false},"featured_media":3966,"comment_status":"open","ping_status":"closed","template":"","meta":[],"product_brand":[],"product_cat":[94,122],"product_tag":[],"class_list":{"0":"post-3955","1":"product","2":"type-product","3":"status-publish","4":"has-post-thumbnail","6":"product_cat-laser-level-accessory","7":"product_cat-laser-level-tripod","9":"first","10":"instock","11":"shipping-taxable","12":"product-type-simple"},"_links":{"self":[{"href":"https:\/\/mountlaser.com\/it\/wp-json\/wp\/v2\/product\/3955","targetHints":{"allow":["GET"]}}],"collection":[{"href":"https:\/\/mountlaser.com\/it\/wp-json\/wp\/v2\/product"}],"about":[{"href":"https:\/\/mountlaser.com\/it\/wp-json\/wp\/v2\/types\/product"}],"replies":[{"embeddable":true,"href":"https:\/\/mountlaser.com\/it\/wp-json\/wp\/v2\/comments?post=3955"}],"wp:featuredmedia":[{"embeddable":true,"href":"https:\/\/mountlaser.com\/it\/wp-json\/wp\/v2\/media\/3966"}],"wp:attachment":[{"href":"https:\/\/mountlaser.com\/it\/wp-json\/wp\/v2\/media?parent=3955"}],"wp:term":[{"taxonomy":"product_brand","embeddable":true,"href":"https:\/\/mountlaser.com\/it\/wp-json\/wp\/v2\/product_brand?post=3955"},{"taxonomy":"product_cat","embeddable":true,"href":"https:\/\/mountlaser.com\/it\/wp-json\/wp\/v2\/product_cat?post=3955"},{"taxonomy":"product_tag","embeddable":true,"href":"https:\/\/mountlaser.com\/it\/wp-json\/wp\/v2\/product_tag?post=3955"}],"curies":[{"name":"parola chiave","href":"https:\/\/api.w.org\/{rel}","templated":true}]}}