{"id":3932,"date":"2025-11-11T01:26:15","date_gmt":"2025-11-11T01:26:15","guid":{"rendered":"https:\/\/mountlaser.com\/?post_type=product&#038;p=3932"},"modified":"2025-11-27T06:19:58","modified_gmt":"2025-11-27T06:19:58","slug":"gps-extension-pole","status":"publish","type":"product","link":"https:\/\/mountlaser.com\/it\/prodotto\/gps-extension-pole\/","title":{"rendered":"Asta di prolunga GPS"},"content":{"rendered":"<p>Le prolunghe GPS sono disponibili in due materiali: prolunghe in alluminio e prolunghe in fibra di carbonio.<\/p>\n<p>IL <a href=\"https:\/\/mountlaser.com\/it\/products\/\"><strong>Asta di prolunga per GNSS<\/strong> <\/a>\u00e8 un accessorio di precisione progettato per fornire un supporto stabile e regolabile in altezza per ricevitori GNSS, stazioni totali e strumenti laser. Realizzato con materiali di alta qualit\u00e0, tra cui asta di prolunga in alluminio, fibra di carbonio di alta qualit\u00e0 e fibra di carbonio Toray 100%, offre resistenza, stabilit\u00e0 e leggerezza superiori per i topografi professionisti.<\/p>\n<p>IL <a href=\"https:\/\/mountlaser.com\/it\/about-us\/\"><strong>Asta di prolunga in fibra di carbonio<\/strong> <\/a>Progettato per applicazioni di misurazione e rilevamento di precisione che richiedono leggerezza, resistenza e stabilit\u00e0 eccezionali. Realizzato in fibra di carbonio di alta qualit\u00e0, questo palo di prolunga in fibra di carbonio offre un&#039;eccellente rigidit\u00e0 riducendo significativamente il peso complessivo, rendendolo facile da trasportare e ideale per lunghe operazioni sul campo.<\/p>\n<p>Ogni asta di prolunga per GNSS \u00e8 dotata di filettature maschio e femmina da 5\/8\u2033-11 per una compatibilit\u00e0 universale con vari strumenti e adattatori. Disponibile in diverse lunghezze, da 15 cm a 100 cm, e con diametri di 25 mm o 32 mm, consente una regolazione flessibile dell&#039;altezza per soddisfare le diverse esigenze sul campo. La variante in alluminio offre un eccellente equilibrio tra durata e peso, mentre i modelli in fibra di carbonio garantiscono la massima rigidit\u00e0 con un carico minimo.<\/p>\n<p><!--StartFragment --><\/p>\n<p class=\"pf0\"><span class=\"cf0\"><a href=\"https:\/\/mountlaser.com\/it\/contact-us\/\">Asta di prolunga GPS<\/a>, noto anche come asta di prolunga GPS, \u00e8 disponibile in tre colori:<\/span><\/p>\n<p class=\"pf0\"><span class=\"cf0\">Asta di prolunga GPS - Gialla<\/span><\/p>\n<p class=\"pf0\">Asta di prolunga GPS \u2013 Grigio<\/p>\n<p class=\"pf0\"><span class=\"cf0\">Asta di prolunga GPS - Verde<\/span><\/p>\n<p><!--EndFragment --><\/p>\n<p><img fetchpriority=\"high\" decoding=\"async\" class=\"aligncenter wp-image-3935\" src=\"https:\/\/mountlaser.com\/wp-content\/uploads\/2025\/11\/Extension-Pole3.webp\" alt=\"Extension Pole for GNSS\" width=\"500\" height=\"500\" srcset=\"https:\/\/mountlaser.com\/wp-content\/uploads\/2025\/11\/Extension-Pole3.webp 1000w, https:\/\/mountlaser.com\/wp-content\/uploads\/2025\/11\/Extension-Pole3-300x300.webp 300w, https:\/\/mountlaser.com\/wp-content\/uploads\/2025\/11\/Extension-Pole3-400x400.webp 400w, https:\/\/mountlaser.com\/wp-content\/uploads\/2025\/11\/Extension-Pole3-800x800.webp 800w, https:\/\/mountlaser.com\/wp-content\/uploads\/2025\/11\/Extension-Pole3-600x600.webp 600w, https:\/\/mountlaser.com\/wp-content\/uploads\/2025\/11\/Extension-Pole3-150x150.webp 150w, https:\/\/mountlaser.com\/wp-content\/uploads\/2025\/11\/Extension-Pole3-768x768.webp 768w, https:\/\/mountlaser.com\/wp-content\/uploads\/2025\/11\/Extension-Pole3-12x12.webp 12w\" sizes=\"(max-width: 500px) 100vw, 500px\" \/><\/p>\n<p><strong>Specifiche del palo di estensione per GNSS<\/strong><\/p>\n<div>\n<table style=\"border-collapse: collapse; width: 1034.28pt;\" border=\"0\" width=\"1379\" cellspacing=\"0\" cellpadding=\"0\">\n<tbody>\n<tr style=\"height: 14.25pt;\">\n<td class=\"et2\" style=\"height: 14.25pt; width: 322.50pt;\" width=\"430\" height=\"19\">NUMERO<\/td>\n<td class=\"et2\" style=\"width: 309.00pt;\" width=\"412\">MATERIALE<\/td>\n<td class=\"et2\" style=\"width: 88.50pt;\" width=\"118\">DIAMETRO<\/td>\n<td class=\"et3\" style=\"width: 138.00pt;\" width=\"184\">LUNGHEZZA<\/td>\n<td class=\"et2\" style=\"width: 176.25pt;\" width=\"235\">COLORE<\/td>\n<\/tr>\n<tr style=\"height: 14.25pt;\">\n<td class=\"et4\" style=\"height: 14.25pt;\" height=\"19\">EPA25-10YL<\/td>\n<td class=\"et5\">Alluminio<\/td>\n<td class=\"et4\">25 millimetri<\/td>\n<td class=\"et4\">10 centimetri<\/td>\n<td class=\"et6\">YL\/ GN\/ GY<\/td>\n<\/tr>\n<tr style=\"height: 14.25pt;\">\n<td class=\"et6\" style=\"height: 14.25pt;\" height=\"19\">EPA32-10YL<\/td>\n<td class=\"et2\">Alluminio<\/td>\n<td class=\"et6\">32mm<\/td>\n<td class=\"et6\">10 centimetri<\/td>\n<td class=\"et6\">YL\/ GN\/ GY<\/td>\n<\/tr>\n<tr style=\"height: 14.25pt;\">\n<td class=\"et2\" style=\"height: 14.25pt;\" height=\"19\">EPC25-10<\/td>\n<td class=\"et6\">Fibra di carbonio premium<\/td>\n<td class=\"et6\">25 millimetri<\/td>\n<td class=\"et7\">10 centimetri<\/td>\n<td class=\"et6\">BK<\/td>\n<\/tr>\n<tr style=\"height: 14.25pt;\">\n<td class=\"et6\" style=\"height: 14.25pt;\" height=\"19\">EPC32-10<\/td>\n<td class=\"et6\">Fibra di carbonio premium<\/td>\n<td class=\"et6\">32mm<\/td>\n<td class=\"et7\">10 centimetri<\/td>\n<td class=\"et6\">BK<\/td>\n<\/tr>\n<tr style=\"height: 14.25pt;\">\n<td class=\"et6\" style=\"height: 14.25pt;\" height=\"19\">EPTC32-10<\/td>\n<td class=\"et8\">Fibra di carbonio Toray 100%<\/td>\n<td class=\"et7\">32mm<\/td>\n<td class=\"et7\">10 centimetri<\/td>\n<td class=\"et6\">BK<\/td>\n<\/tr>\n<\/tbody>\n<\/table>\n<\/div>","protected":false},"excerpt":{"rendered":"<ul>\n<li>Filettature maschio e femmina da 5\/8\u2033-11 per una compatibilit\u00e0 versatile degli strumenti<\/li>\n<li>Palo di prolunga in alluminio resistente o struttura leggera in fibra di carbonio<\/li>\n<li>Diverse opzioni di colore: giallo, verde e grigio per una maggiore visibilit\u00e0<\/li>\n<li>Progettato per l&#039;allineamento di precisione nelle applicazioni di misurazione GNSS e laser<\/li>\n<\/ul>","protected":false},"featured_media":3934,"comment_status":"open","ping_status":"closed","template":"","meta":[],"product_brand":[],"product_cat":[84,121],"product_tag":[],"class_list":{"0":"post-3932","1":"product","2":"type-product","3":"status-publish","4":"has-post-thumbnail","6":"product_cat-gnss-accessory","7":"product_cat-extension-pole","9":"first","10":"instock","11":"shipping-taxable","12":"product-type-simple"},"_links":{"self":[{"href":"https:\/\/mountlaser.com\/it\/wp-json\/wp\/v2\/product\/3932","targetHints":{"allow":["GET"]}}],"collection":[{"href":"https:\/\/mountlaser.com\/it\/wp-json\/wp\/v2\/product"}],"about":[{"href":"https:\/\/mountlaser.com\/it\/wp-json\/wp\/v2\/types\/product"}],"replies":[{"embeddable":true,"href":"https:\/\/mountlaser.com\/it\/wp-json\/wp\/v2\/comments?post=3932"}],"wp:featuredmedia":[{"embeddable":true,"href":"https:\/\/mountlaser.com\/it\/wp-json\/wp\/v2\/media\/3934"}],"wp:attachment":[{"href":"https:\/\/mountlaser.com\/it\/wp-json\/wp\/v2\/media?parent=3932"}],"wp:term":[{"taxonomy":"product_brand","embeddable":true,"href":"https:\/\/mountlaser.com\/it\/wp-json\/wp\/v2\/product_brand?post=3932"},{"taxonomy":"product_cat","embeddable":true,"href":"https:\/\/mountlaser.com\/it\/wp-json\/wp\/v2\/product_cat?post=3932"},{"taxonomy":"product_tag","embeddable":true,"href":"https:\/\/mountlaser.com\/it\/wp-json\/wp\/v2\/product_tag?post=3932"}],"curies":[{"name":"parola chiave","href":"https:\/\/api.w.org\/{rel}","templated":true}]}}