{"id":3924,"date":"2025-11-10T09:28:22","date_gmt":"2025-11-10T09:28:22","guid":{"rendered":"https:\/\/mountlaser.com\/?post_type=product&#038;p=3924"},"modified":"2025-11-27T06:55:46","modified_gmt":"2025-11-27T06:55:46","slug":"dz460-aluminum-prism-pole","status":"publish","type":"product","link":"https:\/\/mountlaser.com\/it\/prodotto\/dz460-aluminum-prism-pole\/","title":{"rendered":"Palo prismatico in alluminio DZ460"},"content":{"rendered":"<p>Scopri la soluzione definitiva per le attivit\u00e0 di rilevamento pi\u00f9 impegnative: il palo prismatico in alluminio Mount Laser DZ460. Questo prodotto premium<a href=\"https:\/\/mountlaser.com\/it\/products\/\"><strong> Palo prismatico in alluminio leggero e portatile<\/strong> <\/a>Progettato per i professionisti che necessitano di una portata estesa senza l&#039;ingombro di attrezzature pesanti. Realizzato in lega di alluminio ad alta resistenza, offre il perfetto equilibrio tra eccezionale durata e facile trasportabilit\u00e0, rendendolo ideale per lunghe ore sul campo e per il trasporto in cantieri remoti.<\/p>\n<p>Prova la praticit\u00e0 di un&#039;asta prismatica portatile in alluminio davvero leggera che non scende a compromessi in termini di stabilit\u00e0. Il DZ460 \u00e8 dotato di un robusto meccanismo di bloccaggio in alluminio, che garantisce che ogni sezione rimanga saldamente bloccata all&#039;altezza desiderata per evitare scivolamenti e mantenere la precisione di misurazione. \u00c8 dotato di una fiala circolare da 9,1 m per un&#039;idraulica precisa e di una camera d&#039;aria con una scala graduata trasparente per letture rapide. Con diverse opzioni di adattatore per il montaggio del prisma e una copertura antiscivolo in gomma opzionale per una presa pi\u00f9 sicura, il DZ460 si distingue come l&#039;asta prismatica portatile in alluminio leggera ideale per i topografi che apprezzano efficienza, affidabilit\u00e0 e prestazioni in ogni progetto.<\/p>\n<p><a href=\"https:\/\/mountlaser.com\/it\/contact-us\/\"><strong>Palo prismatico in alluminio DZ460<\/strong><\/a> \u00e8 lungo 4,6 m.<br \/>\nPalo prismatico in alluminio DZ460<br \/>\nOPZIONE DI BLOCCO: Disponibile in quattro tipi:<br \/>\nBlocco a torsione<br \/>\nBlocco a sgancio rapido<br \/>\nBlocco stile GPS<br \/>\nBlocco di compressione<\/p>\n<p>&nbsp;<\/p>\n<p><img fetchpriority=\"high\" decoding=\"async\" class=\"aligncenter wp-image-3928\" src=\"https:\/\/mountlaser.com\/wp-content\/uploads\/2025\/11\/DZ460GP5.webp\" alt=\"Lightweight Portable Aluminum Prism Pole\" width=\"500\" height=\"500\" srcset=\"https:\/\/mountlaser.com\/wp-content\/uploads\/2025\/11\/DZ460GP5.webp 1000w, https:\/\/mountlaser.com\/wp-content\/uploads\/2025\/11\/DZ460GP5-300x300.webp 300w, https:\/\/mountlaser.com\/wp-content\/uploads\/2025\/11\/DZ460GP5-400x400.webp 400w, https:\/\/mountlaser.com\/wp-content\/uploads\/2025\/11\/DZ460GP5-800x800.webp 800w, https:\/\/mountlaser.com\/wp-content\/uploads\/2025\/11\/DZ460GP5-600x600.webp 600w, https:\/\/mountlaser.com\/wp-content\/uploads\/2025\/11\/DZ460GP5-150x150.webp 150w, https:\/\/mountlaser.com\/wp-content\/uploads\/2025\/11\/DZ460GP5-768x768.webp 768w, https:\/\/mountlaser.com\/wp-content\/uploads\/2025\/11\/DZ460GP5-12x12.webp 12w\" sizes=\"(max-width: 500px) 100vw, 500px\" \/><\/p>\n<p>&nbsp;<\/p>\n<p><strong>Specifiche del palo prismatico in alluminio DZ460<\/strong><\/p>\n<table style=\"border-collapse: collapse; width: 741.77pt;\" border=\"0\" width=\"989\" cellspacing=\"0\" cellpadding=\"0\">\n<tbody>\n<tr style=\"height: 14.25pt;\">\n<td class=\"et2\" style=\"height: 14.25pt; width: 142.50pt;\" width=\"190\" height=\"19\">NUMERO<\/td>\n<td class=\"et2\" style=\"width: 127.50pt;\" width=\"170\">LUNGHEZZA<\/td>\n<td class=\"et2\" style=\"width: 126.00pt;\" width=\"168\">MATERIALE<\/td>\n<td class=\"et2\" style=\"width: 135.00pt;\" width=\"180\">LAUREATI<\/td>\n<td class=\"et2\" style=\"width: 124.50pt;\" width=\"166\">OPZIONE DI BLOCCO<\/td>\n<td class=\"et2\" style=\"width: 86.25pt;\" width=\"115\">DIAMETRO<\/td>\n<\/tr>\n<tr style=\"height: 14.25pt;\">\n<td class=\"et3\" style=\"height: 14.25pt;\" height=\"19\">DZ460<\/td>\n<td class=\"et4\">460 centimetri<\/td>\n<td class=\"et3\">Alluminio<\/td>\n<td class=\"et3\">metro<\/td>\n<td class=\"et3\">TL\/ QL\/ GP\/ CL<\/td>\n<td class=\"et3\">18\/25\/30\/36 mm<\/td>\n<\/tr>\n<\/tbody>\n<\/table>","protected":false},"excerpt":{"rendered":"<ul>\n<li>Esteso e portatile: offre una portata generosa pur mantenendo un design leggero per un facile trasporto e maneggevolezza.<\/li>\n<li>Sistema di bloccaggio sicuro: il resistente meccanismo di bloccaggio in alluminio garantisce una configurazione solida e affidabile a qualsiasi estensione.<\/li>\n<li>Precisione integrata: \u00e8 dotato di una fiala circolare da 30\u2032 e di una scala interna di facile lettura per un&#039;impostazione precisa dell&#039;altezza.<\/li>\n<\/ul>","protected":false},"featured_media":3925,"comment_status":"open","ping_status":"closed","template":"","meta":[],"product_brand":[],"product_cat":[89,117],"product_tag":[],"class_list":{"0":"post-3924","1":"product","2":"type-product","3":"status-publish","4":"has-post-thumbnail","6":"product_cat-surveying-pole-rod","7":"product_cat-aluminum-prism-pole","9":"first","10":"instock","11":"shipping-taxable","12":"product-type-simple"},"_links":{"self":[{"href":"https:\/\/mountlaser.com\/it\/wp-json\/wp\/v2\/product\/3924","targetHints":{"allow":["GET"]}}],"collection":[{"href":"https:\/\/mountlaser.com\/it\/wp-json\/wp\/v2\/product"}],"about":[{"href":"https:\/\/mountlaser.com\/it\/wp-json\/wp\/v2\/types\/product"}],"replies":[{"embeddable":true,"href":"https:\/\/mountlaser.com\/it\/wp-json\/wp\/v2\/comments?post=3924"}],"wp:featuredmedia":[{"embeddable":true,"href":"https:\/\/mountlaser.com\/it\/wp-json\/wp\/v2\/media\/3925"}],"wp:attachment":[{"href":"https:\/\/mountlaser.com\/it\/wp-json\/wp\/v2\/media?parent=3924"}],"wp:term":[{"taxonomy":"product_brand","embeddable":true,"href":"https:\/\/mountlaser.com\/it\/wp-json\/wp\/v2\/product_brand?post=3924"},{"taxonomy":"product_cat","embeddable":true,"href":"https:\/\/mountlaser.com\/it\/wp-json\/wp\/v2\/product_cat?post=3924"},{"taxonomy":"product_tag","embeddable":true,"href":"https:\/\/mountlaser.com\/it\/wp-json\/wp\/v2\/product_tag?post=3924"}],"curies":[{"name":"parola chiave","href":"https:\/\/api.w.org\/{rel}","templated":true}]}}