{"id":3915,"date":"2025-11-10T09:22:19","date_gmt":"2025-11-10T09:22:19","guid":{"rendered":"https:\/\/mountlaser.com\/?post_type=product&#038;p=3915"},"modified":"2025-11-27T06:58:21","modified_gmt":"2025-11-27T06:58:21","slug":"dz360-aluminum-prism-pole","status":"publish","type":"product","link":"https:\/\/mountlaser.com\/it\/prodotto\/dz360-aluminum-prism-pole\/","title":{"rendered":"Palo prismatico in alluminio DZ360"},"content":{"rendered":"<p>Espandi le tue capacit\u00e0 di rilevamento con <a href=\"https:\/\/mountlaser.com\/it\/\">Supporto laser DZ360<\/a>, un palo prismatico telescopico in alluminio di alta qualit\u00e0, progettato per progetti che richiedono una portata estesa senza compromettere stabilit\u00e0 o precisione. Realizzato in alluminio ad alta resistenza, questo palo \u00e8 straordinariamente leggero e incredibilmente resistente, progettato per resistere a un uso quotidiano intenso in diversi cantieri.<\/p>\n<p>Il DZ360 esemplifica l&#039;ideale <a href=\"https:\/\/mountlaser.com\/it\/about-us\/\"><strong>Palo prismatico in alluminio per rilevamento telescopico<\/strong><\/a>, offrendo una lunghezza estesa generosa per affrontare topografie impegnative e misurazioni di punti elevati.<br \/>\n<a href=\"https:\/\/mountlaser.com\/it\/products\/\"><strong>Palo prismatico in alluminio DZ360<\/strong> <\/a>\u00e8 lungo 3,6 m.<br \/>\nOpzioni di blocco del palo prismatico in alluminio DZ360: sono disponibili quattro opzioni: blocco a torsione, blocco a sgancio rapido, blocco stile GPS e blocco a compressione.<\/p>\n<p>Grazie a caratteristiche professionali come una fiala circolare da 30&#039; per un&#039;idraulica precisa e una scala interna di facile lettura, questo palo semplifica il flusso di lavoro.<\/p>\n<p>&nbsp;<\/p>\n<p>&nbsp;<\/p>\n<p><img fetchpriority=\"high\" decoding=\"async\" class=\"aligncenter wp-image-3922\" src=\"https:\/\/mountlaser.com\/wp-content\/uploads\/2025\/11\/DZ360TL5.webp\" alt=\"Telescopic Survey Aluminum Prism Pole\" width=\"500\" height=\"500\" srcset=\"https:\/\/mountlaser.com\/wp-content\/uploads\/2025\/11\/DZ360TL5.webp 1000w, https:\/\/mountlaser.com\/wp-content\/uploads\/2025\/11\/DZ360TL5-300x300.webp 300w, https:\/\/mountlaser.com\/wp-content\/uploads\/2025\/11\/DZ360TL5-400x400.webp 400w, https:\/\/mountlaser.com\/wp-content\/uploads\/2025\/11\/DZ360TL5-800x800.webp 800w, https:\/\/mountlaser.com\/wp-content\/uploads\/2025\/11\/DZ360TL5-600x600.webp 600w, https:\/\/mountlaser.com\/wp-content\/uploads\/2025\/11\/DZ360TL5-150x150.webp 150w, https:\/\/mountlaser.com\/wp-content\/uploads\/2025\/11\/DZ360TL5-768x768.webp 768w, https:\/\/mountlaser.com\/wp-content\/uploads\/2025\/11\/DZ360TL5-12x12.webp 12w\" sizes=\"(max-width: 500px) 100vw, 500px\" \/><\/p>\n<p>&nbsp;<\/p>\n<p><strong>Specifiche del palo prismatico in alluminio DZ360<\/strong><\/p>\n<table style=\"border-collapse: collapse; width: 741.77pt;\" border=\"0\" width=\"989\" cellspacing=\"0\" cellpadding=\"0\">\n<tbody>\n<tr style=\"height: 14.25pt;\">\n<td class=\"et2\" style=\"height: 14.25pt; width: 142.50pt;\" width=\"190\" height=\"19\">NUMERO<\/td>\n<td class=\"et2\" style=\"width: 127.50pt;\" width=\"170\">LUNGHEZZA<\/td>\n<td class=\"et2\" style=\"width: 126.00pt;\" width=\"168\">MATERIALE<\/td>\n<td class=\"et2\" style=\"width: 135.00pt;\" width=\"180\">LAUREATI<\/td>\n<td class=\"et2\" style=\"width: 124.50pt;\" width=\"166\">OPZIONE DI BLOCCO<\/td>\n<td class=\"et2\" style=\"width: 86.25pt;\" width=\"115\">DIAMETRO<\/td>\n<\/tr>\n<tr style=\"height: 14.25pt;\">\n<td class=\"et3\" style=\"height: 14.25pt;\" height=\"19\">DZ360<\/td>\n<td class=\"et4\">360 centimetri<\/td>\n<td class=\"et3\">Alluminio<\/td>\n<td class=\"et3\">metro<\/td>\n<td class=\"et3\">TL\/ QL\/ GP\/ CL<\/td>\n<td class=\"et3\">18\/25\/30 mm<\/td>\n<\/tr>\n<\/tbody>\n<\/table>","protected":false},"excerpt":{"rendered":"<ul>\n<li>Integrato per la precisione: dotato di una fiala circolare da 30\u2032 e di una scala interna trasparente per misurazioni e letture precise.<\/li>\n<li>Design incentrato sull&#039;utente: copertura antiscivolo in gomma opzionale e molteplici opzioni di adattatore per maggiore comfort e versatilit\u00e0.<\/li>\n<\/ul>","protected":false},"featured_media":3916,"comment_status":"open","ping_status":"closed","template":"","meta":[],"product_brand":[],"product_cat":[89,117],"product_tag":[],"class_list":{"0":"post-3915","1":"product","2":"type-product","3":"status-publish","4":"has-post-thumbnail","6":"product_cat-surveying-pole-rod","7":"product_cat-aluminum-prism-pole","9":"first","10":"instock","11":"shipping-taxable","12":"product-type-simple"},"_links":{"self":[{"href":"https:\/\/mountlaser.com\/it\/wp-json\/wp\/v2\/product\/3915","targetHints":{"allow":["GET"]}}],"collection":[{"href":"https:\/\/mountlaser.com\/it\/wp-json\/wp\/v2\/product"}],"about":[{"href":"https:\/\/mountlaser.com\/it\/wp-json\/wp\/v2\/types\/product"}],"replies":[{"embeddable":true,"href":"https:\/\/mountlaser.com\/it\/wp-json\/wp\/v2\/comments?post=3915"}],"wp:featuredmedia":[{"embeddable":true,"href":"https:\/\/mountlaser.com\/it\/wp-json\/wp\/v2\/media\/3916"}],"wp:attachment":[{"href":"https:\/\/mountlaser.com\/it\/wp-json\/wp\/v2\/media?parent=3915"}],"wp:term":[{"taxonomy":"product_brand","embeddable":true,"href":"https:\/\/mountlaser.com\/it\/wp-json\/wp\/v2\/product_brand?post=3915"},{"taxonomy":"product_cat","embeddable":true,"href":"https:\/\/mountlaser.com\/it\/wp-json\/wp\/v2\/product_cat?post=3915"},{"taxonomy":"product_tag","embeddable":true,"href":"https:\/\/mountlaser.com\/it\/wp-json\/wp\/v2\/product_tag?post=3915"}],"curies":[{"name":"parola chiave","href":"https:\/\/api.w.org\/{rel}","templated":true}]}}