{"id":3806,"date":"2025-11-10T04:50:10","date_gmt":"2025-11-10T04:50:10","guid":{"rendered":"https:\/\/mountlaser.com\/?post_type=product&#038;p=3806"},"modified":"2025-11-27T07:44:16","modified_gmt":"2025-11-27T07:44:16","slug":"st001-gzt21-laser-scanner-target","status":"publish","type":"product","link":"https:\/\/mountlaser.com\/it\/prodotto\/st001-gzt21-laser-scanner-target\/","title":{"rendered":"Target scanner laser ST001\/GZT21"},"content":{"rendered":"<p>IL<a href=\"https:\/\/mountlaser.com\/it\/\"><strong> Target di scansione ST001<\/strong><\/a> e GZT21 sono ad alta precisione <a href=\"https:\/\/mountlaser.com\/it\/products\/\"><strong>Bersagli rotondi a scacchiera<\/strong><\/a> Progettati per applicazioni di scansione laser 3D, allineamento e riferimento. Progettati per professionisti che richiedono precisione e durata, entrambi i modelli offrono prestazioni eccezionali sia in campo che in ambienti interni.<\/p>\n<p>Il bersaglio di scansione ST001 \u00e8 dotato di un corpo compatto in alluminio con diametro esterno di 80 mm (3,1 pollici), mentre il GZT21 offre un corpo pi\u00f9 grande con diametro esterno di 115 mm (4,5 pollici) per una maggiore visibilit\u00e0. Ogni bersaglio a scacchiera rotonda \u00e8 realizzato in alluminio di alta qualit\u00e0, garantendo una stabilit\u00e0 superiore e un utilizzo prolungato. La superficie \u00e8 rifinita con verniciatura a polvere e serigrafia, offrendo un contrasto eccellente e resistenza all&#039;usura e ai fattori ambientali.<\/p>\n<p>Entrambi i <a href=\"https:\/\/mountlaser.com\/it\/contact-us\/\">Target di scansione ST001<\/a> e il bersaglio a scacchiera rotondo GZT21 sono compatibili con gli adattatori a sgancio rapido in stile svizzero, consentendo una configurazione rapida e un&#039;installazione sicura durante le operazioni di scansione.<\/p>\n<p><strong>Specifiche del bersaglio dello scanner laser ST001\/GZT21<\/strong><\/p>\n<table width=\"587\">\n<tbody>\n<tr>\n<td width=\"72\">Modello<\/td>\n<td width=\"254\">Immagine<\/td>\n<td width=\"261\">Parametri<\/td>\n<\/tr>\n<tr>\n<td>ST001<\/td>\n<td><img fetchpriority=\"high\" decoding=\"async\" class=\"alignnone wp-image-3799 size-medium\" src=\"https:\/\/mountlaser.com\/wp-content\/uploads\/2025\/11\/ST0012-300x300.webp\" alt=\"Scanning Target ST001\" width=\"300\" height=\"300\" srcset=\"https:\/\/mountlaser.com\/wp-content\/uploads\/2025\/11\/ST0012-300x300.webp 300w, https:\/\/mountlaser.com\/wp-content\/uploads\/2025\/11\/ST0012-400x400.webp 400w, https:\/\/mountlaser.com\/wp-content\/uploads\/2025\/11\/ST0012-800x800.webp 800w, https:\/\/mountlaser.com\/wp-content\/uploads\/2025\/11\/ST0012-600x600.webp 600w, https:\/\/mountlaser.com\/wp-content\/uploads\/2025\/11\/ST0012-150x150.webp 150w, https:\/\/mountlaser.com\/wp-content\/uploads\/2025\/11\/ST0012-768x768.webp 768w, https:\/\/mountlaser.com\/wp-content\/uploads\/2025\/11\/ST0012-12x12.webp 12w, https:\/\/mountlaser.com\/wp-content\/uploads\/2025\/11\/ST0012.webp 1000w\" sizes=\"(max-width: 300px) 100vw, 300px\" \/><\/td>\n<td width=\"261\">MATERIALE: Alluminio<br \/>\nDIMENSIONE BERSAGLIO: OD80mm (3,1 pollici)<br \/>\nTRATTAMENTO SUPERFICIALE: Verniciatura a polvere + Serigrafia<br \/>\nADATTATORE: adatto per adattatore a sgancio rapido in stile svizzero<\/td>\n<\/tr>\n<tr>\n<td>GZT21<\/td>\n<td><img decoding=\"async\" class=\"alignnone size-medium wp-image-3808\" src=\"https:\/\/mountlaser.com\/wp-content\/uploads\/2025\/11\/GZT212-300x300.webp\" alt=\"\" width=\"300\" height=\"300\" srcset=\"https:\/\/mountlaser.com\/wp-content\/uploads\/2025\/11\/GZT212-300x300.webp 300w, https:\/\/mountlaser.com\/wp-content\/uploads\/2025\/11\/GZT212-400x400.webp 400w, https:\/\/mountlaser.com\/wp-content\/uploads\/2025\/11\/GZT212-800x800.webp 800w, https:\/\/mountlaser.com\/wp-content\/uploads\/2025\/11\/GZT212-600x600.webp 600w, https:\/\/mountlaser.com\/wp-content\/uploads\/2025\/11\/GZT212-150x150.webp 150w, https:\/\/mountlaser.com\/wp-content\/uploads\/2025\/11\/GZT212-768x768.webp 768w, https:\/\/mountlaser.com\/wp-content\/uploads\/2025\/11\/GZT212-12x12.webp 12w, https:\/\/mountlaser.com\/wp-content\/uploads\/2025\/11\/GZT212.webp 1000w\" sizes=\"(max-width: 300px) 100vw, 300px\" \/><\/td>\n<td width=\"261\">MATERIALE: Alluminio<br \/>\nDIMENSIONE BERSAGLIO: OD115 mm (4,5 pollici)<br \/>\nTRATTAMENTO SUPERFICIALE: Verniciatura a polvere + Serigrafia<br \/>\nADATTATORE: adatto per adattatore a sgancio rapido in stile svizzero<\/td>\n<\/tr>\n<\/tbody>\n<\/table>","protected":false},"excerpt":{"rendered":"<ul>\n<li>Bersaglio a scacchiera rotonda ad alta precisione per scansione laser 3D e rilevamento<\/li>\n<li>La struttura in alluminio resistente garantisce stabilit\u00e0 e lunga durata<\/li>\n<li>Superficie verniciata a polvere e serigrafata per una visibilit\u00e0 e un contrasto superiori<\/li>\n<li>Compatibile con adattatori a sgancio rapido in stile svizzero per un montaggio rapido e affidabile<\/li>\n<\/ul>","protected":false},"featured_media":3798,"comment_status":"open","ping_status":"closed","template":"","meta":[],"product_brand":[],"product_cat":[80,118],"product_tag":[],"class_list":{"0":"post-3806","1":"product","2":"type-product","3":"status-publish","4":"has-post-thumbnail","6":"product_cat-scanner-sphere-target-laser-scanning","7":"product_cat-checkerboard-target","9":"first","10":"instock","11":"shipping-taxable","12":"product-type-simple"},"_links":{"self":[{"href":"https:\/\/mountlaser.com\/it\/wp-json\/wp\/v2\/product\/3806","targetHints":{"allow":["GET"]}}],"collection":[{"href":"https:\/\/mountlaser.com\/it\/wp-json\/wp\/v2\/product"}],"about":[{"href":"https:\/\/mountlaser.com\/it\/wp-json\/wp\/v2\/types\/product"}],"replies":[{"embeddable":true,"href":"https:\/\/mountlaser.com\/it\/wp-json\/wp\/v2\/comments?post=3806"}],"wp:featuredmedia":[{"embeddable":true,"href":"https:\/\/mountlaser.com\/it\/wp-json\/wp\/v2\/media\/3798"}],"wp:attachment":[{"href":"https:\/\/mountlaser.com\/it\/wp-json\/wp\/v2\/media?parent=3806"}],"wp:term":[{"taxonomy":"product_brand","embeddable":true,"href":"https:\/\/mountlaser.com\/it\/wp-json\/wp\/v2\/product_brand?post=3806"},{"taxonomy":"product_cat","embeddable":true,"href":"https:\/\/mountlaser.com\/it\/wp-json\/wp\/v2\/product_cat?post=3806"},{"taxonomy":"product_tag","embeddable":true,"href":"https:\/\/mountlaser.com\/it\/wp-json\/wp\/v2\/product_tag?post=3806"}],"curies":[{"name":"parola chiave","href":"https:\/\/api.w.org\/{rel}","templated":true}]}}