{"id":3631,"date":"2025-11-07T01:23:30","date_gmt":"2025-11-07T01:23:30","guid":{"rendered":"https:\/\/mountlaser.com\/?post_type=product&#038;p=3631"},"modified":"2025-11-27T08:58:29","modified_gmt":"2025-11-27T08:58:29","slug":"mg1500sl-top-sliding-prism-with-pole","status":"publish","type":"product","link":"https:\/\/mountlaser.com\/it\/prodotto\/mg1500sl-top-sliding-prism-with-pole\/","title":{"rendered":"Prisma scorrevole superiore MG1500SL con asta"},"content":{"rendered":"<p>IL <a href=\"https:\/\/mountlaser.com\/it\/\"><strong>Mini prisma MG-1500SL<\/strong><\/a> \u00e8 un prodotto di precisione <a href=\"https:\/\/mountlaser.com\/it\/products\/\"><strong>Mini prisma giallo con asta per stazioni totali<\/strong><\/a>, Progettato per offrire elevata precisione e durata eccezionale ai topografi professionisti. Progettato per la versatilit\u00e0 in diverse condizioni di campo, questo miniprisma mg-1500sl \u00e8 dotato di un prisma rivestito in argento da 38,1 mm che garantisce una riflettivit\u00e0 superiore e un ritorno del segnale stabile anche su lunghe distanze.<\/p>\n<p>Dotato di un offset regolabile da 0 a -30 mm, il miniprisma MG-1500SL offre opzioni di misurazione flessibili adatte sia ad applicazioni con prismi standard che angolari. Include un adattatore angolare per un allineamento e un posizionamento perfetti, rendendolo un miniprisma giallo con asta ideale per stazioni totali utilizzate in progetti di edilizia, ingegneria e monitoraggio.<\/p>\n<p><img fetchpriority=\"high\" decoding=\"async\" class=\"aligncenter wp-image-3636\" src=\"https:\/\/mountlaser.com\/wp-content\/uploads\/2025\/11\/MG-1500SL5.webp\" alt=\"mg-1500sl mini prism\" width=\"500\" height=\"500\" srcset=\"https:\/\/mountlaser.com\/wp-content\/uploads\/2025\/11\/MG-1500SL5.webp 1000w, https:\/\/mountlaser.com\/wp-content\/uploads\/2025\/11\/MG-1500SL5-300x300.webp 300w, https:\/\/mountlaser.com\/wp-content\/uploads\/2025\/11\/MG-1500SL5-400x400.webp 400w, https:\/\/mountlaser.com\/wp-content\/uploads\/2025\/11\/MG-1500SL5-800x800.webp 800w, https:\/\/mountlaser.com\/wp-content\/uploads\/2025\/11\/MG-1500SL5-600x600.webp 600w, https:\/\/mountlaser.com\/wp-content\/uploads\/2025\/11\/MG-1500SL5-150x150.webp 150w, https:\/\/mountlaser.com\/wp-content\/uploads\/2025\/11\/MG-1500SL5-768x768.webp 768w, https:\/\/mountlaser.com\/wp-content\/uploads\/2025\/11\/MG-1500SL5-12x12.webp 12w\" sizes=\"(max-width: 500px) 100vw, 500px\" \/><\/p>\n<p>Il miniprisma mg-1500sl \u00e8 inoltre dotato di un adattatore a doppia filettatura (M6 maschio e 5\/8\u2033-11 femmina) per la piena compatibilit\u00e0 con le aste e gli accessori standard per prismi. Un adattatore per maniglia aggiunge praticit\u00e0 e controllo, mentre l&#039;asta con perno in acciaio inossidabile a cinque sezioni (ciascuna da 300 mm, estensibile fino a 1,5 m) garantisce portabilit\u00e0 e resistenza.<\/p>\n<p>Questo <a href=\"https:\/\/mountlaser.com\/it\/contact-us\/\">Mini prisma giallo con asta per stazioni totali<\/a> \u00e8 confezionato in una morbida borsa protettiva, garantendo un trasporto sicuro e prestazioni durature in tutti gli ambienti di lavoro.<\/p>","protected":false},"excerpt":{"rendered":"<ul>\n<li>Adattatore angolare incluso per un facile utilizzo del prisma angolare<\/li>\n<li>Adattatore per maniglia per una comoda maneggevolezza e installazione<\/li>\n<li>Resistente e portatile, fornito con morbida borsa protettiva<\/li>\n<\/ul>","protected":false},"featured_media":3632,"comment_status":"open","ping_status":"closed","template":"","meta":[],"product_brand":[],"product_cat":[72,114],"product_tag":[],"class_list":{"0":"post-3631","1":"product","2":"type-product","3":"status-publish","4":"has-post-thumbnail","6":"product_cat-reflective-target-prism","7":"product_cat-mini-prism-with-pole","9":"first","10":"instock","11":"shipping-taxable","12":"product-type-simple"},"_links":{"self":[{"href":"https:\/\/mountlaser.com\/it\/wp-json\/wp\/v2\/product\/3631","targetHints":{"allow":["GET"]}}],"collection":[{"href":"https:\/\/mountlaser.com\/it\/wp-json\/wp\/v2\/product"}],"about":[{"href":"https:\/\/mountlaser.com\/it\/wp-json\/wp\/v2\/types\/product"}],"replies":[{"embeddable":true,"href":"https:\/\/mountlaser.com\/it\/wp-json\/wp\/v2\/comments?post=3631"}],"wp:featuredmedia":[{"embeddable":true,"href":"https:\/\/mountlaser.com\/it\/wp-json\/wp\/v2\/media\/3632"}],"wp:attachment":[{"href":"https:\/\/mountlaser.com\/it\/wp-json\/wp\/v2\/media?parent=3631"}],"wp:term":[{"taxonomy":"product_brand","embeddable":true,"href":"https:\/\/mountlaser.com\/it\/wp-json\/wp\/v2\/product_brand?post=3631"},{"taxonomy":"product_cat","embeddable":true,"href":"https:\/\/mountlaser.com\/it\/wp-json\/wp\/v2\/product_cat?post=3631"},{"taxonomy":"product_tag","embeddable":true,"href":"https:\/\/mountlaser.com\/it\/wp-json\/wp\/v2\/product_tag?post=3631"}],"curies":[{"name":"parola chiave","href":"https:\/\/api.w.org\/{rel}","templated":true}]}}