{"id":3595,"date":"2025-11-06T08:57:54","date_gmt":"2025-11-06T08:57:54","guid":{"rendered":"https:\/\/mountlaser.com\/?post_type=product&#038;p=3595"},"modified":"2025-11-28T00:48:29","modified_gmt":"2025-11-28T00:48:29","slug":"cls-series-aluminum-mini-prism-pole","status":"publish","type":"product","link":"https:\/\/mountlaser.com\/it\/prodotto\/cls-series-aluminum-mini-prism-pole\/","title":{"rendered":"Palo miniprismatico in alluminio serie CLS"},"content":{"rendered":"<p>IL <a href=\"https:\/\/mountlaser.com\/it\/\"><strong>Palo miniprismatico in alluminio serie CLS<\/strong><\/a> \u00e8 progettato per soddisfare le rigorose esigenze della topografia moderna, offrendo un perfetto equilibrio tra stabilit\u00e0 e portabilit\u00e0.<\/p>\n<p>Progettata specificamente come mini asta prismatica ad alte prestazioni per sistemi di stazioni totali, garantisce una raccolta dati precisa in diversi progetti. Questa robusta mini asta prismatica per rilievi topografici presenta un diametro esterno di 32 mm, offrendo una maggiore rigidit\u00e0 per una precisione superiore sul campo. Realizzata con una resistente base a bolla in alluminio e corredata da una borsa protettiva per il trasporto, la serie CLS \u00e8 la soluzione ideale. <a href=\"https:\/\/mountlaser.com\/it\/products\/\"><strong>Mini Prisma Palo per Stazione Totale<\/strong><\/a> configurazioni.<\/p>\n<p>La struttura con diametro esterno di 32 mm (OD32mm) offre una maggiore integrit\u00e0 strutturale, riducendo al minimo la flessione e garantendo una precisione di misurazione costante.<\/p>\n<p><strong>Specifiche del palo miniprismatico in alluminio della serie CLS<\/strong><\/p>\n<table style=\"border-collapse: collapse; width: 741.77pt;\" border=\"0\" width=\"989\" cellspacing=\"0\" cellpadding=\"0\">\n<tbody>\n<tr style=\"height: 14.25pt;\">\n<td class=\"et2\" style=\"height: 14.25pt; width: 142.50pt;\" width=\"190\" height=\"19\">NUMERO<\/td>\n<td class=\"et2\" style=\"width: 127.50pt;\" width=\"170\">MATERIALE<\/td>\n<td class=\"et2\" style=\"width: 126.00pt;\" width=\"168\">ALTEZZA FISICA<\/td>\n<td class=\"et2\" style=\"width: 135.00pt;\" width=\"180\">ALTEZZA DELL&#039;ASSE DEL PRISMA<\/td>\n<td class=\"et2\" style=\"width: 124.50pt;\" width=\"166\">DIAMETRO<\/td>\n<td style=\"width: 86.25pt;\" width=\"115\">immagine<\/td>\n<\/tr>\n<tr style=\"height: 14.25pt;\">\n<td class=\"et2\" style=\"height: 14.25pt;\" height=\"19\">CLS012<\/td>\n<td class=\"et3\">Alluminio<\/td>\n<td class=\"et3\">12 centimetri<\/td>\n<td class=\"et3\">22 centimetri<\/td>\n<td class=\"et3\">32mm<\/td>\n<td><img fetchpriority=\"high\" decoding=\"async\" class=\"alignnone wp-image-3598 size-medium\" src=\"https:\/\/mountlaser.com\/wp-content\/uploads\/2025\/11\/CLS012-2-300x300.webp\" alt=\"Mini Prism Pole for Total Station\" width=\"300\" height=\"300\" srcset=\"https:\/\/mountlaser.com\/wp-content\/uploads\/2025\/11\/CLS012-2-300x300.webp 300w, https:\/\/mountlaser.com\/wp-content\/uploads\/2025\/11\/CLS012-2-400x400.webp 400w, https:\/\/mountlaser.com\/wp-content\/uploads\/2025\/11\/CLS012-2-800x800.webp 800w, https:\/\/mountlaser.com\/wp-content\/uploads\/2025\/11\/CLS012-2-600x600.webp 600w, https:\/\/mountlaser.com\/wp-content\/uploads\/2025\/11\/CLS012-2-150x150.webp 150w, https:\/\/mountlaser.com\/wp-content\/uploads\/2025\/11\/CLS012-2-768x768.webp 768w, https:\/\/mountlaser.com\/wp-content\/uploads\/2025\/11\/CLS012-2-12x12.webp 12w, https:\/\/mountlaser.com\/wp-content\/uploads\/2025\/11\/CLS012-2.webp 1000w\" sizes=\"(max-width: 300px) 100vw, 300px\" \/><\/td>\n<\/tr>\n<tr style=\"height: 14.25pt;\">\n<td class=\"et2\" style=\"height: 14.25pt;\" height=\"19\">CLS013<\/td>\n<td class=\"et3\">Alluminio<\/td>\n<td class=\"et3\">11,4 centimetri<\/td>\n<td class=\"et3\">15 centimetri<\/td>\n<td class=\"et3\">32mm<\/td>\n<td><img decoding=\"async\" class=\"alignnone wp-image-3605 size-medium\" src=\"https:\/\/mountlaser.com\/wp-content\/uploads\/2025\/11\/CLS013-3-300x300.webp\" alt=\"Mini Prism Pole for Total Station\" width=\"300\" height=\"300\" srcset=\"https:\/\/mountlaser.com\/wp-content\/uploads\/2025\/11\/CLS013-3-300x300.webp 300w, https:\/\/mountlaser.com\/wp-content\/uploads\/2025\/11\/CLS013-3-400x400.webp 400w, https:\/\/mountlaser.com\/wp-content\/uploads\/2025\/11\/CLS013-3-800x800.webp 800w, https:\/\/mountlaser.com\/wp-content\/uploads\/2025\/11\/CLS013-3-600x600.webp 600w, https:\/\/mountlaser.com\/wp-content\/uploads\/2025\/11\/CLS013-3-150x150.webp 150w, https:\/\/mountlaser.com\/wp-content\/uploads\/2025\/11\/CLS013-3-768x768.webp 768w, https:\/\/mountlaser.com\/wp-content\/uploads\/2025\/11\/CLS013-3-12x12.webp 12w, https:\/\/mountlaser.com\/wp-content\/uploads\/2025\/11\/CLS013-3.webp 1000w\" sizes=\"(max-width: 300px) 100vw, 300px\" \/><\/td>\n<\/tr>\n<\/tbody>\n<\/table>","protected":false},"excerpt":{"rendered":"<ul>\n<li>Include una morbida borsa per un trasporto comodo e sicuro, che rende facile portare questo strumento essenziale in qualsiasi cantiere.<\/li>\n<li>Progettato per funzionare perfettamente come un Mini Prism Pole per i sistemi di stazioni totali<\/li>\n<li>fornendo una piattaforma stabile per prismi in varie applicazioni di rilevamento.<\/li>\n<\/ul>","protected":false},"featured_media":3604,"comment_status":"open","ping_status":"closed","template":"","meta":[],"product_brand":[],"product_cat":[89,116],"product_tag":[],"class_list":{"0":"post-3595","1":"product","2":"type-product","3":"status-publish","4":"has-post-thumbnail","6":"product_cat-surveying-pole-rod","7":"product_cat-aluminum-mini-prism-pole","9":"first","10":"instock","11":"shipping-taxable","12":"product-type-simple"},"_links":{"self":[{"href":"https:\/\/mountlaser.com\/it\/wp-json\/wp\/v2\/product\/3595","targetHints":{"allow":["GET"]}}],"collection":[{"href":"https:\/\/mountlaser.com\/it\/wp-json\/wp\/v2\/product"}],"about":[{"href":"https:\/\/mountlaser.com\/it\/wp-json\/wp\/v2\/types\/product"}],"replies":[{"embeddable":true,"href":"https:\/\/mountlaser.com\/it\/wp-json\/wp\/v2\/comments?post=3595"}],"wp:featuredmedia":[{"embeddable":true,"href":"https:\/\/mountlaser.com\/it\/wp-json\/wp\/v2\/media\/3604"}],"wp:attachment":[{"href":"https:\/\/mountlaser.com\/it\/wp-json\/wp\/v2\/media?parent=3595"}],"wp:term":[{"taxonomy":"product_brand","embeddable":true,"href":"https:\/\/mountlaser.com\/it\/wp-json\/wp\/v2\/product_brand?post=3595"},{"taxonomy":"product_cat","embeddable":true,"href":"https:\/\/mountlaser.com\/it\/wp-json\/wp\/v2\/product_cat?post=3595"},{"taxonomy":"product_tag","embeddable":true,"href":"https:\/\/mountlaser.com\/it\/wp-json\/wp\/v2\/product_tag?post=3595"}],"curies":[{"name":"parola chiave","href":"https:\/\/api.w.org\/{rel}","templated":true}]}}