{"id":3575,"date":"2025-11-06T08:09:37","date_gmt":"2025-11-06T08:09:37","guid":{"rendered":"https:\/\/mountlaser.com\/?post_type=product&#038;p=3575"},"modified":"2025-11-28T01:07:55","modified_gmt":"2025-11-28T01:07:55","slug":"dz-a-series-aluminum-mini-prism-pole","status":"publish","type":"product","link":"https:\/\/mountlaser.com\/it\/prodotto\/dz-a-series-aluminum-mini-prism-pole\/","title":{"rendered":"Palo miniprismatico in alluminio serie DZ-A"},"content":{"rendered":"<p>IL <a href=\"https:\/\/mountlaser.com\/it\/\"><strong>Palo miniprismatico in alluminio serie DZ-A<\/strong><\/a> \u00e8 un accessorio essenziale e di alta precisione, progettato per i topografi che richiedono eccezionale portabilit\u00e0 e stabilit\u00e0 sul campo. Questo versatile Mini Prism Pole \u00e8 stato progettato con competenza per fornire una soluzione di montaggio affidabile per i prismi utilizzati con le stazioni totali.<\/p>\n<p>&nbsp;<\/p>\n<p>Il suo design compatto e leggero lo rende il mini prisma portatile ideale, consentendo un funzionamento efficiente in spazi ristretti o in cantieri di rilievo in rapido movimento. Progettata pensando alla durata e alla praticit\u00e0 d&#039;uso, la serie DZ-A garantisce una raccolta dati accurata ogni volta che si utilizza questo affidabile strumento.<a href=\"https:\/\/mountlaser.com\/it\/about-us\/\"> <strong>Mini prisma portatile<\/strong><\/a>.<\/p>\n<p>Il palo miniprismatico in alluminio della serie DZ-A presenta un diametro esterno di 25 mm (OD25 mm), garantendo un eccellente equilibrio tra rigidit\u00e0 strutturale e leggerezza.<\/p>\n<p>&nbsp;<\/p>\n<p><strong><a href=\"https:\/\/mountlaser.com\/it\/contact-us\/\">Palo miniprismatico in alluminio serie DZ-A<\/a> Specifiche<\/strong><\/p>\n<table style=\"border-collapse: collapse; width: 741.77pt;\" border=\"0\" width=\"989\" cellspacing=\"0\" cellpadding=\"0\">\n<tbody>\n<tr style=\"height: 14.25pt;\">\n<td class=\"et2\" style=\"height: 14.25pt; width: 142.50pt;\" width=\"190\" height=\"19\">NUMERO<\/td>\n<td class=\"et2\" style=\"width: 127.50pt;\" width=\"170\">MATERIALE<\/td>\n<td class=\"et2\" style=\"width: 126.00pt;\" width=\"168\">ALTEZZA FISICA<\/td>\n<td class=\"et2\" style=\"width: 135.00pt;\" width=\"180\">ALTEZZA DELL&#039;ASSE DEL PRISMA<\/td>\n<td class=\"et2\" style=\"width: 124.50pt;\" width=\"166\">DIAMETRO<\/td>\n<td style=\"width: 86.25pt;\" width=\"115\">immagine<\/td>\n<\/tr>\n<tr style=\"height: 14.25pt;\">\n<td class=\"et2\" style=\"height: 14.25pt;\" height=\"19\">DZ02A<\/td>\n<td class=\"et3\">Alluminio<\/td>\n<td class=\"et2\">10 centimetri<\/td>\n<td class=\"et2\">20 centimetri<\/td>\n<td class=\"et2\">25 millimetri<\/td>\n<td><img fetchpriority=\"high\" decoding=\"async\" class=\"alignnone wp-image-3576 size-medium\" src=\"https:\/\/mountlaser.com\/wp-content\/uploads\/2025\/11\/DZ02A-2-300x300.webp\" alt=\"Hand Held Mini prism Pole\" width=\"300\" height=\"300\" srcset=\"https:\/\/mountlaser.com\/wp-content\/uploads\/2025\/11\/DZ02A-2-300x300.webp 300w, https:\/\/mountlaser.com\/wp-content\/uploads\/2025\/11\/DZ02A-2-400x400.webp 400w, https:\/\/mountlaser.com\/wp-content\/uploads\/2025\/11\/DZ02A-2-800x800.webp 800w, https:\/\/mountlaser.com\/wp-content\/uploads\/2025\/11\/DZ02A-2-600x600.webp 600w, https:\/\/mountlaser.com\/wp-content\/uploads\/2025\/11\/DZ02A-2-150x150.webp 150w, https:\/\/mountlaser.com\/wp-content\/uploads\/2025\/11\/DZ02A-2-768x768.webp 768w, https:\/\/mountlaser.com\/wp-content\/uploads\/2025\/11\/DZ02A-2-12x12.webp 12w, https:\/\/mountlaser.com\/wp-content\/uploads\/2025\/11\/DZ02A-2.webp 1000w\" sizes=\"(max-width: 300px) 100vw, 300px\" \/><\/td>\n<\/tr>\n<tr style=\"height: 14.25pt;\">\n<td class=\"et2\" style=\"height: 14.25pt;\" height=\"19\">DZ03A<\/td>\n<td class=\"et3\">Alluminio<\/td>\n<td class=\"et2\">20 centimetri<\/td>\n<td class=\"et2\">30 centimetri<\/td>\n<td class=\"et2\">25 millimetri<\/td>\n<td><img decoding=\"async\" class=\"alignnone wp-image-3579 size-medium\" src=\"https:\/\/mountlaser.com\/wp-content\/uploads\/2025\/11\/DZ03A-4-300x300.webp\" alt=\"Hand Held Mini prism Pole\" width=\"300\" height=\"300\" srcset=\"https:\/\/mountlaser.com\/wp-content\/uploads\/2025\/11\/DZ03A-4-300x300.webp 300w, https:\/\/mountlaser.com\/wp-content\/uploads\/2025\/11\/DZ03A-4-400x400.webp 400w, https:\/\/mountlaser.com\/wp-content\/uploads\/2025\/11\/DZ03A-4-800x800.webp 800w, https:\/\/mountlaser.com\/wp-content\/uploads\/2025\/11\/DZ03A-4-600x600.webp 600w, https:\/\/mountlaser.com\/wp-content\/uploads\/2025\/11\/DZ03A-4-150x150.webp 150w, https:\/\/mountlaser.com\/wp-content\/uploads\/2025\/11\/DZ03A-4-768x768.webp 768w, https:\/\/mountlaser.com\/wp-content\/uploads\/2025\/11\/DZ03A-4-12x12.webp 12w, https:\/\/mountlaser.com\/wp-content\/uploads\/2025\/11\/DZ03A-4.webp 1000w\" sizes=\"(max-width: 300px) 100vw, 300px\" \/><\/td>\n<\/tr>\n<tr style=\"height: 14.25pt;\">\n<td class=\"et2\" style=\"height: 14.25pt;\" height=\"19\">DZ04A<\/td>\n<td class=\"et3\">Alluminio<\/td>\n<td class=\"et2\">30 centimetri<\/td>\n<td class=\"et2\">40 centimetri<\/td>\n<td class=\"et2\">25 millimetri<\/td>\n<td><img decoding=\"async\" class=\"alignnone wp-image-3580 size-medium\" src=\"https:\/\/mountlaser.com\/wp-content\/uploads\/2025\/11\/DZ04A-1-300x300.webp\" alt=\"Hand Held Mini prism Pole\" width=\"300\" height=\"300\" srcset=\"https:\/\/mountlaser.com\/wp-content\/uploads\/2025\/11\/DZ04A-1-300x300.webp 300w, https:\/\/mountlaser.com\/wp-content\/uploads\/2025\/11\/DZ04A-1-400x400.webp 400w, https:\/\/mountlaser.com\/wp-content\/uploads\/2025\/11\/DZ04A-1-800x800.webp 800w, https:\/\/mountlaser.com\/wp-content\/uploads\/2025\/11\/DZ04A-1-600x600.webp 600w, https:\/\/mountlaser.com\/wp-content\/uploads\/2025\/11\/DZ04A-1-150x150.webp 150w, https:\/\/mountlaser.com\/wp-content\/uploads\/2025\/11\/DZ04A-1-768x768.webp 768w, https:\/\/mountlaser.com\/wp-content\/uploads\/2025\/11\/DZ04A-1-12x12.webp 12w, https:\/\/mountlaser.com\/wp-content\/uploads\/2025\/11\/DZ04A-1.webp 1000w\" sizes=\"(max-width: 300px) 100vw, 300px\" \/><\/td>\n<\/tr>\n<tr style=\"height: 14.25pt;\">\n<td class=\"et2\" style=\"height: 14.25pt;\" height=\"19\">DZ05A<\/td>\n<td class=\"et3\">Alluminio<\/td>\n<td class=\"et2\">40 centimetri<\/td>\n<td class=\"et2\">50 centimetri<\/td>\n<td class=\"et2\">25 millimetri<\/td>\n<td><img loading=\"lazy\" decoding=\"async\" class=\"alignnone wp-image-3582 size-medium\" src=\"https:\/\/mountlaser.com\/wp-content\/uploads\/2025\/11\/DZ05A-2-300x300.webp\" alt=\"Hand Held Mini prism Pole\" width=\"300\" height=\"300\" srcset=\"https:\/\/mountlaser.com\/wp-content\/uploads\/2025\/11\/DZ05A-2-300x300.webp 300w, https:\/\/mountlaser.com\/wp-content\/uploads\/2025\/11\/DZ05A-2-400x400.webp 400w, https:\/\/mountlaser.com\/wp-content\/uploads\/2025\/11\/DZ05A-2-800x800.webp 800w, https:\/\/mountlaser.com\/wp-content\/uploads\/2025\/11\/DZ05A-2-600x600.webp 600w, https:\/\/mountlaser.com\/wp-content\/uploads\/2025\/11\/DZ05A-2-150x150.webp 150w, https:\/\/mountlaser.com\/wp-content\/uploads\/2025\/11\/DZ05A-2-768x768.webp 768w, https:\/\/mountlaser.com\/wp-content\/uploads\/2025\/11\/DZ05A-2-12x12.webp 12w, https:\/\/mountlaser.com\/wp-content\/uploads\/2025\/11\/DZ05A-2.webp 1000w\" sizes=\"(max-width: 300px) 100vw, 300px\" \/><\/td>\n<\/tr>\n<\/tbody>\n<\/table>","protected":false},"excerpt":{"rendered":"<ul>\n<li>Dotato di una robusta base a bolla in alluminio (disponibile in nero) per garantire un livellamento rapido e semplice, fondamentale per mantenere la precisione della misurazione.<\/li>\n<li>Viene fornito con una morbida borsa per il trasporto, che rende il trasporto e lo stoccaggio comodi e sicuri, proteggendo lo strumento da eventuali danni durante il trasporto.<\/li>\n<\/ul>","protected":false},"featured_media":3579,"comment_status":"open","ping_status":"closed","template":"","meta":[],"product_brand":[],"product_cat":[116,89],"product_tag":[],"class_list":{"0":"post-3575","1":"product","2":"type-product","3":"status-publish","4":"has-post-thumbnail","6":"product_cat-aluminum-mini-prism-pole","7":"product_cat-surveying-pole-rod","9":"first","10":"instock","11":"shipping-taxable","12":"product-type-simple"},"_links":{"self":[{"href":"https:\/\/mountlaser.com\/it\/wp-json\/wp\/v2\/product\/3575","targetHints":{"allow":["GET"]}}],"collection":[{"href":"https:\/\/mountlaser.com\/it\/wp-json\/wp\/v2\/product"}],"about":[{"href":"https:\/\/mountlaser.com\/it\/wp-json\/wp\/v2\/types\/product"}],"replies":[{"embeddable":true,"href":"https:\/\/mountlaser.com\/it\/wp-json\/wp\/v2\/comments?post=3575"}],"wp:featuredmedia":[{"embeddable":true,"href":"https:\/\/mountlaser.com\/it\/wp-json\/wp\/v2\/media\/3579"}],"wp:attachment":[{"href":"https:\/\/mountlaser.com\/it\/wp-json\/wp\/v2\/media?parent=3575"}],"wp:term":[{"taxonomy":"product_brand","embeddable":true,"href":"https:\/\/mountlaser.com\/it\/wp-json\/wp\/v2\/product_brand?post=3575"},{"taxonomy":"product_cat","embeddable":true,"href":"https:\/\/mountlaser.com\/it\/wp-json\/wp\/v2\/product_cat?post=3575"},{"taxonomy":"product_tag","embeddable":true,"href":"https:\/\/mountlaser.com\/it\/wp-json\/wp\/v2\/product_tag?post=3575"}],"curies":[{"name":"parola chiave","href":"https:\/\/api.w.org\/{rel}","templated":true}]}}