{"id":3564,"date":"2025-11-06T08:28:07","date_gmt":"2025-11-06T08:28:07","guid":{"rendered":"https:\/\/mountlaser.com\/?post_type=product&#038;p=3564"},"modified":"2025-11-28T00:54:13","modified_gmt":"2025-11-28T00:54:13","slug":"gmp111-mini-prism-with-pole","status":"publish","type":"product","link":"https:\/\/mountlaser.com\/it\/prodotto\/gmp111-mini-prism-with-pole\/","title":{"rendered":"GMP111 Mini prisma con asta"},"content":{"rendered":"<p>Il miniprisma con asta GMP111 \u00e8 un prisma ad alta precisione <a href=\"https:\/\/mountlaser.com\/it\/\"><strong>Livelli Mini Prisma con 4 Poli<\/strong><\/a> Progettato per prestazioni affidabili e precise in tutti i tipi di applicazioni di rilevamento e monitoraggio. Progettato per fornire stabilit\u00e0, portabilit\u00e0 e precisione di misurazione costante, <a href=\"https:\/\/mountlaser.com\/it\/products\/\"><strong>GMP111 Mini prisma con asta<\/strong><\/a> \u00e8 una soluzione affidabile per i professionisti sul campo che richiedono precisione e durata.<\/p>\n<p>Questo miniprisma Levels con 4 aste \u00e8 dotato di un prisma rivestito in rame da 25,4 mm alloggiato in nylon resistente agli urti, che garantisce una lunga durata anche in condizioni ambientali difficili. L&#039;asta in alluminio leggero con filettatura da 1\/4\u2033-20 (\u00d8 12 mm) offre facilit\u00e0 di montaggio e compatibilit\u00e0 con diverse configurazioni di stazioni totali.<\/p>\n<p><img fetchpriority=\"high\" decoding=\"async\" class=\"aligncenter wp-image-3568\" src=\"https:\/\/mountlaser.com\/wp-content\/uploads\/2025\/11\/6-2GMP1114.webp\" alt=\"gmp111 mini prism with pole\" width=\"500\" height=\"500\" srcset=\"https:\/\/mountlaser.com\/wp-content\/uploads\/2025\/11\/6-2GMP1114.webp 1000w, https:\/\/mountlaser.com\/wp-content\/uploads\/2025\/11\/6-2GMP1114-300x300.webp 300w, https:\/\/mountlaser.com\/wp-content\/uploads\/2025\/11\/6-2GMP1114-400x400.webp 400w, https:\/\/mountlaser.com\/wp-content\/uploads\/2025\/11\/6-2GMP1114-800x800.webp 800w, https:\/\/mountlaser.com\/wp-content\/uploads\/2025\/11\/6-2GMP1114-600x600.webp 600w, https:\/\/mountlaser.com\/wp-content\/uploads\/2025\/11\/6-2GMP1114-150x150.webp 150w, https:\/\/mountlaser.com\/wp-content\/uploads\/2025\/11\/6-2GMP1114-768x768.webp 768w, https:\/\/mountlaser.com\/wp-content\/uploads\/2025\/11\/6-2GMP1114-12x12.webp 12w\" sizes=\"(max-width: 500px) 100vw, 500px\" \/><\/p>\n<p>IL <a href=\"https:\/\/mountlaser.com\/it\/contact-us\/\">GMP111 Mini prisma con asta<\/a> Include quattro sezioni da 300 mm, estensibili fino a 1,2 m (modello AP123004), un design che offre un&#039;eccellente versatilit\u00e0 e portabilit\u00e0 durante le operazioni sul campo. Sono disponibili due modelli: GMP111-0 con offset di 0 mm (sistema svizzero) e GMP111 con offset di 17,5 mm (sistema svizzero) per soddisfare diverse esigenze progettuali.<\/p>\n<p>Fornito in una scatola protettiva, questo miniprisma Levels con 4 poli unisce ottiche di precisione, una solida qualit\u00e0 costruttiva e una configurazione flessibile in un unico affidabile strumento da campo.<\/p>","protected":false},"excerpt":{"rendered":"<ul>\n<li>Prisma rivestito in rame da 25,4 mm per elevata riflettivit\u00e0 e precisione<\/li>\n<li>L&#039;alloggiamento in nylon resistente agli urti garantisce la durata negli ambienti di lavoro<\/li>\n<li>Fornito in una scatola protettiva per un trasporto sicuro<\/li>\n<\/ul>","protected":false},"featured_media":3570,"comment_status":"open","ping_status":"closed","template":"","meta":[],"product_brand":[],"product_cat":[72,114],"product_tag":[],"class_list":{"0":"post-3564","1":"product","2":"type-product","3":"status-publish","4":"has-post-thumbnail","6":"product_cat-reflective-target-prism","7":"product_cat-mini-prism-with-pole","9":"first","10":"instock","11":"shipping-taxable","12":"product-type-simple"},"_links":{"self":[{"href":"https:\/\/mountlaser.com\/it\/wp-json\/wp\/v2\/product\/3564","targetHints":{"allow":["GET"]}}],"collection":[{"href":"https:\/\/mountlaser.com\/it\/wp-json\/wp\/v2\/product"}],"about":[{"href":"https:\/\/mountlaser.com\/it\/wp-json\/wp\/v2\/types\/product"}],"replies":[{"embeddable":true,"href":"https:\/\/mountlaser.com\/it\/wp-json\/wp\/v2\/comments?post=3564"}],"wp:featuredmedia":[{"embeddable":true,"href":"https:\/\/mountlaser.com\/it\/wp-json\/wp\/v2\/media\/3570"}],"wp:attachment":[{"href":"https:\/\/mountlaser.com\/it\/wp-json\/wp\/v2\/media?parent=3564"}],"wp:term":[{"taxonomy":"product_brand","embeddable":true,"href":"https:\/\/mountlaser.com\/it\/wp-json\/wp\/v2\/product_brand?post=3564"},{"taxonomy":"product_cat","embeddable":true,"href":"https:\/\/mountlaser.com\/it\/wp-json\/wp\/v2\/product_cat?post=3564"},{"taxonomy":"product_tag","embeddable":true,"href":"https:\/\/mountlaser.com\/it\/wp-json\/wp\/v2\/product_tag?post=3564"}],"curies":[{"name":"parola chiave","href":"https:\/\/api.w.org\/{rel}","templated":true}]}}