{"id":3515,"date":"2025-11-06T06:00:09","date_gmt":"2025-11-06T06:00:09","guid":{"rendered":"https:\/\/mountlaser.com\/?post_type=product&#038;p=3515"},"modified":"2025-11-28T01:27:16","modified_gmt":"2025-11-28T01:27:16","slug":"sp067-sliding-prism-with-pole","status":"publish","type":"product","link":"https:\/\/mountlaser.com\/it\/prodotto\/sp067-sliding-prism-with-pole\/","title":{"rendered":"SP067 Prisma scorrevole con asta"},"content":{"rendered":"<p>Il prisma scorrevole SP067 con asta \u00e8 un prisma di livello professionale <a href=\"https:\/\/mountlaser.com\/it\/\"><strong>Sistema di aste scorrevoli Mini Prism<\/strong><\/a> Progettato per applicazioni di rilevamento e monitoraggio ad alta precisione. Progettato pensando a durata, adattabilit\u00e0 e portabilit\u00e0, questo mini prisma di picchettamento offre una precisione affidabile per attivit\u00e0 di picchettamento, allineamento e monitoraggio sia in campo che in ambito edile.<\/p>\n<p>Dotato di un prisma rivestito in argento da 25,4 mm, il sistema Mini Prism Sliding Pole System garantisce un&#039;eccellente riflettivit\u00e0 e un ritorno del segnale stabile anche in condizioni difficili. L&#039;offset del prisma di 0\/-30 mm offre flessibilit\u00e0 per adattarsi a diverse configurazioni di rilevamento. Il suo alloggiamento in alluminio anodizzato non ferroso garantisce prestazioni di lunga durata e resistenza alla corrosione.<\/p>\n<p>IL <a href=\"https:\/\/mountlaser.com\/it\/about-us\/\"><strong>Mini Prism Stakeout Assembly<\/strong><\/a> Include un sistema di bloccaggio posteriore per un controllo preciso dell&#039;altezza, mentre i coni laterali doppi fungono da doppio meccanismo di bloccaggio, uno per l&#039;altezza e uno per l&#039;inclinazione, garantendo misurazioni stabili e accurate. Grazie alle livelle a bolla sia sulla parte superiore che su quella inferiore, gli utenti possono facilmente ottenere un perfetto allineamento verticale durante l&#039;installazione.<\/p>\n<p><img fetchpriority=\"high\" decoding=\"async\" class=\"aligncenter wp-image-3530\" src=\"https:\/\/mountlaser.com\/wp-content\/uploads\/2025\/11\/6-5SP0677.webp\" alt=\"SP067 Mini Prism Sliding Pole System\" width=\"500\" height=\"500\" srcset=\"https:\/\/mountlaser.com\/wp-content\/uploads\/2025\/11\/6-5SP0677.webp 1000w, https:\/\/mountlaser.com\/wp-content\/uploads\/2025\/11\/6-5SP0677-300x300.webp 300w, https:\/\/mountlaser.com\/wp-content\/uploads\/2025\/11\/6-5SP0677-400x400.webp 400w, https:\/\/mountlaser.com\/wp-content\/uploads\/2025\/11\/6-5SP0677-800x800.webp 800w, https:\/\/mountlaser.com\/wp-content\/uploads\/2025\/11\/6-5SP0677-600x600.webp 600w, https:\/\/mountlaser.com\/wp-content\/uploads\/2025\/11\/6-5SP0677-150x150.webp 150w, https:\/\/mountlaser.com\/wp-content\/uploads\/2025\/11\/6-5SP0677-768x768.webp 768w, https:\/\/mountlaser.com\/wp-content\/uploads\/2025\/11\/6-5SP0677-12x12.webp 12w\" sizes=\"(max-width: 500px) 100vw, 500px\" \/><\/p>\n<p>L&#039;asta in alluminio a quattro sezioni inclusa (300 mm \u00d7 4) si estende fino a 1,2 m e si collega tramite filettatura da 1\/4\u2033-20, offrendo leggerezza, resistenza e rapidit\u00e0 di montaggio. Un adattatore con filettatura da 5\/8\u2033-11 migliora la compatibilit\u00e0 con la maggior parte delle aste per prismi e dei basamenti. Confezionato in una morbida borsa per il trasporto, <a href=\"https:\/\/mountlaser.com\/it\/contact-us\/\">SP067 Prisma scorrevole con asta<\/a> \u00e8 un sistema completo di pali scorrevoli Mini Prism pronto per l&#039;uso professionale.<\/p>","protected":false},"excerpt":{"rendered":"<ul>\n<li>Per picchettamento e allineamento ad alta precisione<\/li>\n<li>Alloggiamento in alluminio anodizzato non ferroso per una durata superiore<\/li>\n<li>Sistema di bloccaggio posteriore per la regolazione dell&#039;altezza e coni a doppio bloccaggio per la stabilit\u00e0<\/li>\n<li>Livelle a bolla (superiore e inferiore) garantiscono un posizionamento verticale accurato<\/li>\n<li>Fornito con una morbida borsa per il trasporto per protezione e portabilit\u00e0<\/li>\n<\/ul>","protected":false},"featured_media":3524,"comment_status":"open","ping_status":"closed","template":"","meta":[],"product_brand":[],"product_cat":[72,114],"product_tag":[],"class_list":{"0":"post-3515","1":"product","2":"type-product","3":"status-publish","4":"has-post-thumbnail","6":"product_cat-reflective-target-prism","7":"product_cat-mini-prism-with-pole","9":"first","10":"instock","11":"shipping-taxable","12":"product-type-simple"},"_links":{"self":[{"href":"https:\/\/mountlaser.com\/it\/wp-json\/wp\/v2\/product\/3515","targetHints":{"allow":["GET"]}}],"collection":[{"href":"https:\/\/mountlaser.com\/it\/wp-json\/wp\/v2\/product"}],"about":[{"href":"https:\/\/mountlaser.com\/it\/wp-json\/wp\/v2\/types\/product"}],"replies":[{"embeddable":true,"href":"https:\/\/mountlaser.com\/it\/wp-json\/wp\/v2\/comments?post=3515"}],"wp:featuredmedia":[{"embeddable":true,"href":"https:\/\/mountlaser.com\/it\/wp-json\/wp\/v2\/media\/3524"}],"wp:attachment":[{"href":"https:\/\/mountlaser.com\/it\/wp-json\/wp\/v2\/media?parent=3515"}],"wp:term":[{"taxonomy":"product_brand","embeddable":true,"href":"https:\/\/mountlaser.com\/it\/wp-json\/wp\/v2\/product_brand?post=3515"},{"taxonomy":"product_cat","embeddable":true,"href":"https:\/\/mountlaser.com\/it\/wp-json\/wp\/v2\/product_cat?post=3515"},{"taxonomy":"product_tag","embeddable":true,"href":"https:\/\/mountlaser.com\/it\/wp-json\/wp\/v2\/product_tag?post=3515"}],"curies":[{"name":"parola chiave","href":"https:\/\/api.w.org\/{rel}","templated":true}]}}