{"id":3347,"date":"2025-11-05T01:45:32","date_gmt":"2025-11-05T01:45:32","guid":{"rendered":"https:\/\/mountlaser.com\/?post_type=product&#038;p=3347"},"modified":"2025-11-28T02:35:32","modified_gmt":"2025-11-28T02:35:32","slug":"rap001-002-right-angle-prism","status":"publish","type":"product","link":"https:\/\/mountlaser.com\/it\/prodotto\/rap001-002-right-angle-prism\/","title":{"rendered":"RAP001\/002 Prisma ad angolo retto"},"content":{"rendered":"<p>Il prisma ad angolo retto singolo RAP001 \u00e8 un prisma di precisione progettato <a href=\"https:\/\/mountlaser.com\/it\/\"><strong>prisma ad angolo retto<\/strong><\/a> Progettato per una riflessione e un allineamento accurati a 90\u00b0 in applicazioni di rilevamento e ingegneria. Compatto ma resistente, <a href=\"https:\/\/mountlaser.com\/it\/products\/\"><strong>RAP001 Prisma ad angolo retto singolo<\/strong><\/a> garantisce un reindirizzamento ottico affidabile quando si lavora in aree ristrette o ostruite, rendendolo ideale per le attivit\u00e0 di monitoraggio delle deformazioni e delle stazioni totali.<\/p>\n<p>Questo <a href=\"https:\/\/mountlaser.com\/it\/contact-us\/\">prisma ad angolo retto<\/a> \u00c8 dotato di un elemento ottico da 26,8\u00d726,8\u00d737,9\u00d710 mm racchiuso in un alloggiamento metallico da 15 mm, che garantisce una precisione inferiore a 8 secondi d&#039;arco per misurazioni angolari precise. L&#039;impugnatura ergonomica da 62 mm offre una presa comoda (\u00d810 mm ID \/ \u00d815 mm DE) e una fessura opzionale per filo a piombo consente un facile allineamento verticale sul campo. Una custodia in similpelle di alta qualit\u00e0 con passante per cintura garantisce protezione e portabilit\u00e0.<\/p>\n<figure id=\"attachment_3349\" aria-describedby=\"caption-attachment-3349\" style=\"width: 500px\" class=\"wp-caption aligncenter\"><img fetchpriority=\"high\" decoding=\"async\" class=\"wp-image-3349\" src=\"https:\/\/mountlaser.com\/wp-content\/uploads\/2025\/11\/3-4RAP0012.webp\" alt=\"RAP001 Single Right Angle Prism\" width=\"500\" height=\"500\" srcset=\"https:\/\/mountlaser.com\/wp-content\/uploads\/2025\/11\/3-4RAP0012.webp 1000w, https:\/\/mountlaser.com\/wp-content\/uploads\/2025\/11\/3-4RAP0012-300x300.webp 300w, https:\/\/mountlaser.com\/wp-content\/uploads\/2025\/11\/3-4RAP0012-400x400.webp 400w, https:\/\/mountlaser.com\/wp-content\/uploads\/2025\/11\/3-4RAP0012-800x800.webp 800w, https:\/\/mountlaser.com\/wp-content\/uploads\/2025\/11\/3-4RAP0012-600x600.webp 600w, https:\/\/mountlaser.com\/wp-content\/uploads\/2025\/11\/3-4RAP0012-150x150.webp 150w, https:\/\/mountlaser.com\/wp-content\/uploads\/2025\/11\/3-4RAP0012-768x768.webp 768w, https:\/\/mountlaser.com\/wp-content\/uploads\/2025\/11\/3-4RAP0012-12x12.webp 12w\" sizes=\"(max-width: 500px) 100vw, 500px\" \/><figcaption id=\"caption-attachment-3349\" class=\"wp-caption-text\">RAP001 Prisma ad angolo retto singolo<\/figcaption><\/figure>\n<figure id=\"attachment_3356\" aria-describedby=\"caption-attachment-3356\" style=\"width: 500px\" class=\"wp-caption aligncenter\"><img decoding=\"async\" class=\"wp-image-3356\" src=\"https:\/\/mountlaser.com\/wp-content\/uploads\/2025\/11\/3-5RAP0021.webp\" alt=\"RAP002 right angle prism\" width=\"500\" height=\"500\" srcset=\"https:\/\/mountlaser.com\/wp-content\/uploads\/2025\/11\/3-5RAP0021.webp 1000w, https:\/\/mountlaser.com\/wp-content\/uploads\/2025\/11\/3-5RAP0021-300x300.webp 300w, https:\/\/mountlaser.com\/wp-content\/uploads\/2025\/11\/3-5RAP0021-400x400.webp 400w, https:\/\/mountlaser.com\/wp-content\/uploads\/2025\/11\/3-5RAP0021-800x800.webp 800w, https:\/\/mountlaser.com\/wp-content\/uploads\/2025\/11\/3-5RAP0021-600x600.webp 600w, https:\/\/mountlaser.com\/wp-content\/uploads\/2025\/11\/3-5RAP0021-150x150.webp 150w, https:\/\/mountlaser.com\/wp-content\/uploads\/2025\/11\/3-5RAP0021-768x768.webp 768w, https:\/\/mountlaser.com\/wp-content\/uploads\/2025\/11\/3-5RAP0021-12x12.webp 12w\" sizes=\"(max-width: 500px) 100vw, 500px\" \/><figcaption id=\"caption-attachment-3356\" class=\"wp-caption-text\">Prisma ad angolo retto RAP002<\/figcaption><\/figure>\n<p>Per una maggiore versatilit\u00e0, la versione RAP002 con prisma a doppio angolo retto consente misurazioni sia a 90\u00b0 che a 180\u00b0, grazie a un&#039;ampia lente centrale e a una copertura rotante. \u00c8 disponibile la personalizzazione OEM per soddisfare esigenze di monitoraggio specialistico o di allineamento industriale.<\/p>","protected":false},"excerpt":{"rendered":"<ul>\n<li>Per stazioni totali e sistemi di allineamento<\/li>\n<li>Installazione compatta in spazi limitati<\/li>\n<li>Monitoraggio a lungo termine e attivit\u00e0 di allineamento della costruzione<\/li>\n<li>Facile allineamento sul campo con compatibilit\u00e0 con il filo a piombo<\/li>\n<\/ul>","protected":false},"featured_media":3356,"comment_status":"open","ping_status":"closed","template":"","meta":[],"product_brand":[],"product_cat":[72,112],"product_tag":[],"class_list":{"0":"post-3347","1":"product","2":"type-product","3":"status-publish","4":"has-post-thumbnail","6":"product_cat-reflective-target-prism","7":"product_cat-monitoring-prism","9":"first","10":"instock","11":"shipping-taxable","12":"product-type-simple"},"_links":{"self":[{"href":"https:\/\/mountlaser.com\/it\/wp-json\/wp\/v2\/product\/3347","targetHints":{"allow":["GET"]}}],"collection":[{"href":"https:\/\/mountlaser.com\/it\/wp-json\/wp\/v2\/product"}],"about":[{"href":"https:\/\/mountlaser.com\/it\/wp-json\/wp\/v2\/types\/product"}],"replies":[{"embeddable":true,"href":"https:\/\/mountlaser.com\/it\/wp-json\/wp\/v2\/comments?post=3347"}],"wp:featuredmedia":[{"embeddable":true,"href":"https:\/\/mountlaser.com\/it\/wp-json\/wp\/v2\/media\/3356"}],"wp:attachment":[{"href":"https:\/\/mountlaser.com\/it\/wp-json\/wp\/v2\/media?parent=3347"}],"wp:term":[{"taxonomy":"product_brand","embeddable":true,"href":"https:\/\/mountlaser.com\/it\/wp-json\/wp\/v2\/product_brand?post=3347"},{"taxonomy":"product_cat","embeddable":true,"href":"https:\/\/mountlaser.com\/it\/wp-json\/wp\/v2\/product_cat?post=3347"},{"taxonomy":"product_tag","embeddable":true,"href":"https:\/\/mountlaser.com\/it\/wp-json\/wp\/v2\/product_tag?post=3347"}],"curies":[{"name":"parola chiave","href":"https:\/\/api.w.org\/{rel}","templated":true}]}}