{"id":3321,"date":"2025-11-04T08:36:43","date_gmt":"2025-11-04T08:36:43","guid":{"rendered":"https:\/\/mountlaser.com\/?post_type=product&#038;p=3321"},"modified":"2025-11-28T02:38:14","modified_gmt":"2025-11-28T02:38:14","slug":"japan-style-dw-1-series-wooden-tripod","status":"publish","type":"product","link":"https:\/\/mountlaser.com\/it\/prodotto\/japan-style-dw-1-series-wooden-tripod\/","title":{"rendered":"Treppiede in legno serie DW-1 in stile giapponese"},"content":{"rendered":"<p>IL <a href=\"https:\/\/mountlaser.com\/it\/products\/\"><strong>Treppiede in legno serie DW-1 in stile giapponese<\/strong><\/a> di Mount Laser incarna la perfetta armonia tra design minimalista giapponese e affidabilit\u00e0 professionale nel rilevamento topografico. Questo eccezionale sistema di supporto rappresenta ci\u00f2 che un treppiede in legno di qualit\u00e0 dovrebbe essere, realizzato in betulla importata di alta qualit\u00e0 che garantisce durata a lungo termine e prestazioni costanti.<\/p>\n<p>Progettato con una configurazione a testa piatta, questo straordinario <a href=\"https:\/\/mountlaser.com\/it\/contact-us\/\"><strong>Treppiede in legno di buona qualit\u00e0<\/strong><\/a> Offre una stabilit\u00e0 eccezionale, perfetta per stazioni totali, scanner laser 3D e laser da costruzione. Il legno di betulla accuratamente selezionato offre un&#039;eccellente resistenza a deformazioni e crepe, offrendo al contempo prestazioni antitorsione superiori che lo rendono un treppiede in legno di qualit\u00e0 per lavori di precisione.<\/p>\n<p>Dotato di un bullone a forcella in ottone standard da 5\/8\u2033-11, mantiene la piena compatibilit\u00e0 con vari strumenti di rilevamento, rendendolo la scelta ideale per i professionisti che apprezzano sia l&#039;estetica che la funzionalit\u00e0 della propria attrezzatura.<\/p>\n<p>&nbsp;<\/p>\n<p><img fetchpriority=\"high\" decoding=\"async\" class=\"aligncenter wp-image-3323\" src=\"https:\/\/mountlaser.com\/wp-content\/uploads\/2025\/11\/DW-1-.webp\" alt=\"Good Quality Wooden Tripod\" width=\"500\" height=\"500\" srcset=\"https:\/\/mountlaser.com\/wp-content\/uploads\/2025\/11\/DW-1-.webp 800w, https:\/\/mountlaser.com\/wp-content\/uploads\/2025\/11\/DW-1--300x300.webp 300w, https:\/\/mountlaser.com\/wp-content\/uploads\/2025\/11\/DW-1--400x400.webp 400w, https:\/\/mountlaser.com\/wp-content\/uploads\/2025\/11\/DW-1--600x600.webp 600w, https:\/\/mountlaser.com\/wp-content\/uploads\/2025\/11\/DW-1--150x150.webp 150w, https:\/\/mountlaser.com\/wp-content\/uploads\/2025\/11\/DW-1--768x768.webp 768w, https:\/\/mountlaser.com\/wp-content\/uploads\/2025\/11\/DW-1--12x12.webp 12w\" sizes=\"(max-width: 500px) 100vw, 500px\" \/><\/p>\n<p><strong>Specifiche del treppiede in legno serie Japan Style DW-1<\/strong><\/p>\n<table style=\"border-collapse: collapse; width: 650.27pt;\" border=\"0\" width=\"867\" cellspacing=\"0\" cellpadding=\"0\">\n<tbody>\n<tr style=\"height: 14.25pt;\">\n<td class=\"et2\" style=\"height: 14.25pt; width: 122.25pt;\" width=\"163\" height=\"19\">NUMERO<\/td>\n<td class=\"et2\" style=\"width: 97.50pt;\" width=\"130\">GAMBE<\/td>\n<td class=\"et2\" style=\"width: 90.75pt;\" width=\"121\">TESTA<\/td>\n<td class=\"et2\" style=\"width: 100.50pt;\" width=\"134\">TIPO DI BLOCCO<\/td>\n<td class=\"et2\" style=\"width: 99.00pt;\" width=\"132\">HARDWARE<\/td>\n<td class=\"et2\" style=\"width: 86.25pt;\" width=\"115\">ESTENSIONE<\/td>\n<td class=\"et2\" style=\"width: 54.00pt;\" width=\"72\">Nord-Ovest<\/td>\n<\/tr>\n<tr style=\"height: 14.25pt;\">\n<td class=\"et2\" style=\"height: 14.25pt;\" height=\"19\">DW-1-FCTGY<\/td>\n<td class=\"et2\">Legna<\/td>\n<td class=\"et2\">160 mm piatto<\/td>\n<td class=\"et2\">Doppio morsetto<\/td>\n<td class=\"et2\">Grigio<\/td>\n<td class=\"et2\">174 centimetri<\/td>\n<td class=\"et2\">7,0 kg<\/td>\n<\/tr>\n<\/tbody>\n<\/table>","protected":false},"excerpt":{"rendered":"<ul>\n<li>Design della testa piatta ottimizzato per stazioni totali, scanner laser 3D e laser da costruzione<\/li>\n<li>Filosofia di design di ispirazione giapponese incentrata sulla semplicit\u00e0 e sulla funzionalit\u00e0<\/li>\n<li>Costruzione robusta adatta per applicazioni di rilevamento impegnative<\/li>\n<\/ul>","protected":false},"featured_media":3322,"comment_status":"open","ping_status":"closed","template":"","meta":[],"product_brand":[],"product_cat":[91,113],"product_tag":[],"class_list":{"0":"post-3321","1":"product","2":"type-product","3":"status-publish","4":"has-post-thumbnail","6":"product_cat-bipod-tripod","7":"product_cat-wood-fiberglass-tripods","9":"first","10":"instock","11":"shipping-taxable","12":"product-type-simple"},"_links":{"self":[{"href":"https:\/\/mountlaser.com\/it\/wp-json\/wp\/v2\/product\/3321","targetHints":{"allow":["GET"]}}],"collection":[{"href":"https:\/\/mountlaser.com\/it\/wp-json\/wp\/v2\/product"}],"about":[{"href":"https:\/\/mountlaser.com\/it\/wp-json\/wp\/v2\/types\/product"}],"replies":[{"embeddable":true,"href":"https:\/\/mountlaser.com\/it\/wp-json\/wp\/v2\/comments?post=3321"}],"wp:featuredmedia":[{"embeddable":true,"href":"https:\/\/mountlaser.com\/it\/wp-json\/wp\/v2\/media\/3322"}],"wp:attachment":[{"href":"https:\/\/mountlaser.com\/it\/wp-json\/wp\/v2\/media?parent=3321"}],"wp:term":[{"taxonomy":"product_brand","embeddable":true,"href":"https:\/\/mountlaser.com\/it\/wp-json\/wp\/v2\/product_brand?post=3321"},{"taxonomy":"product_cat","embeddable":true,"href":"https:\/\/mountlaser.com\/it\/wp-json\/wp\/v2\/product_cat?post=3321"},{"taxonomy":"product_tag","embeddable":true,"href":"https:\/\/mountlaser.com\/it\/wp-json\/wp\/v2\/product_tag?post=3321"}],"curies":[{"name":"parola chiave","href":"https:\/\/api.w.org\/{rel}","templated":true}]}}