{"id":3311,"date":"2025-11-04T08:19:40","date_gmt":"2025-11-04T08:19:40","guid":{"rendered":"https:\/\/mountlaser.com\/?post_type=product&#038;p=3311"},"modified":"2025-11-28T02:40:00","modified_gmt":"2025-11-28T02:40:00","slug":"swiss-style-gst120-9-series-wooden-tripod","status":"publish","type":"product","link":"https:\/\/mountlaser.com\/it\/prodotto\/swiss-style-gst120-9-series-wooden-tripod\/","title":{"rendered":"Treppiede in legno serie GST120-9 in stile svizzero"},"content":{"rendered":"<p>IL <a href=\"https:\/\/mountlaser.com\/it\/\"><strong>Treppiede in legno serie GST120-9 in stile svizzero<\/strong><\/a> di Mount Laser rappresenta l&#039;apice dell&#039;ingegneria di precisione e dell&#039;artigianato tradizionale. Progettato come un robusto treppiede in legno per impieghi gravosi, questo eccezionale sistema di supporto \u00e8 dotato di un innovativo meccanismo autobloccante integrato che lo rende il treppiede in legno per impieghi gravosi migliore della sua categoria.<\/p>\n<p>Realizzato in legno di betulla importato di alta qualit\u00e0, questo straordinario <a href=\"https:\/\/mountlaser.com\/it\/products\/\"><strong>Treppiede in legno per impieghi gravosi<\/strong><\/a> garantisce una stabilit\u00e0 eccezionale che resiste a deformazioni e crepe, garantendo al contempo prestazioni antitorsione superiori.<\/p>\n<p>Il design a testa piatta garantisce una perfetta compatibilit\u00e0 con stazioni totali, scanner laser 3D e laser da cantiere, rendendo questo avanzato treppiede in legno autobloccante la scelta ideale per i topografi che esigono sia l&#039;affidabilit\u00e0 tradizionale che la praticit\u00e0 moderna. Grazie alla sua progettazione accurata e ai materiali di alta qualit\u00e0, questo sofisticato treppiede in legno autobloccante stabilisce nuovi standard per le applicazioni di rilievo topografico pi\u00f9 impegnative.<\/p>\n<p>&nbsp;<\/p>\n<p><img fetchpriority=\"high\" decoding=\"async\" class=\"aligncenter wp-image-3313\" src=\"https:\/\/mountlaser.com\/wp-content\/uploads\/2025\/11\/GST120-9\uff084\uff09.webp\" alt=\"Heavy Duty Wooden Tripod\" width=\"500\" height=\"500\" srcset=\"https:\/\/mountlaser.com\/wp-content\/uploads\/2025\/11\/GST120-9\uff084\uff09.webp 1000w, https:\/\/mountlaser.com\/wp-content\/uploads\/2025\/11\/GST120-9\uff084\uff09-300x300.webp 300w, https:\/\/mountlaser.com\/wp-content\/uploads\/2025\/11\/GST120-9\uff084\uff09-400x400.webp 400w, https:\/\/mountlaser.com\/wp-content\/uploads\/2025\/11\/GST120-9\uff084\uff09-800x800.webp 800w, https:\/\/mountlaser.com\/wp-content\/uploads\/2025\/11\/GST120-9\uff084\uff09-600x600.webp 600w, https:\/\/mountlaser.com\/wp-content\/uploads\/2025\/11\/GST120-9\uff084\uff09-150x150.webp 150w, https:\/\/mountlaser.com\/wp-content\/uploads\/2025\/11\/GST120-9\uff084\uff09-768x768.webp 768w, https:\/\/mountlaser.com\/wp-content\/uploads\/2025\/11\/GST120-9\uff084\uff09-12x12.webp 12w\" sizes=\"(max-width: 500px) 100vw, 500px\" \/><\/p>\n<p><strong><a href=\"https:\/\/mountlaser.com\/it\/contact-us\/\">Serie GST120-9 in stile svizzero<\/a> Specifiche del treppiede in legno:<\/strong><\/p>\n<table style=\"border-collapse: collapse; width: 650.27pt;\" border=\"0\" width=\"867\" cellspacing=\"0\" cellpadding=\"0\">\n<tbody>\n<tr style=\"height: 14.25pt;\">\n<td class=\"et2\" style=\"height: 14.25pt; width: 122.25pt;\" width=\"163\" height=\"19\">NUMERO<\/td>\n<td class=\"et2\" style=\"width: 97.50pt;\" width=\"130\">GAMBE<\/td>\n<td class=\"et2\" style=\"width: 90.75pt;\" width=\"121\">TESTA<\/td>\n<td class=\"et2\" style=\"width: 100.50pt;\" width=\"134\">TIPO DI BLOCCO<\/td>\n<td class=\"et2\" style=\"width: 99.00pt;\" width=\"132\">HARDWARE<\/td>\n<td class=\"et2\" style=\"width: 86.25pt;\" width=\"115\">ESTENSIONE<\/td>\n<td class=\"et2\" style=\"width: 54.00pt;\" width=\"72\">Nord-Ovest<\/td>\n<\/tr>\n<tr style=\"height: 14.25pt;\">\n<td class=\"et2\" style=\"height: 14.25pt;\" height=\"19\">GST120-9-FCT<\/td>\n<td class=\"et2\">Legna<\/td>\n<td class=\"et2\">160 mm piatto<\/td>\n<td class=\"et2\">Morsetto a torsione<\/td>\n<td class=\"et2\">Rosso<\/td>\n<td class=\"et2\">181 centimetri<\/td>\n<td class=\"et2\">6,0 kg<\/td>\n<\/tr>\n<\/tbody>\n<\/table>\n<p>&nbsp;<\/p>","protected":false},"excerpt":{"rendered":"<ul>\n<li>Realizzato in legno di betulla importato di alta qualit\u00e0 per una durata eccezionale<\/li>\n<li>Eccellente stabilit\u00e0 che resiste a deformazioni e crepe in varie condizioni atmosferiche<\/li>\n<li>Prestazioni antitorsione superiori per mantenere la precisione di misurazione<\/li>\n<\/ul>","protected":false},"featured_media":3314,"comment_status":"open","ping_status":"closed","template":"","meta":[],"product_brand":[],"product_cat":[91,113],"product_tag":[],"class_list":{"0":"post-3311","1":"product","2":"type-product","3":"status-publish","4":"has-post-thumbnail","6":"product_cat-bipod-tripod","7":"product_cat-wood-fiberglass-tripods","9":"first","10":"instock","11":"shipping-taxable","12":"product-type-simple"},"_links":{"self":[{"href":"https:\/\/mountlaser.com\/it\/wp-json\/wp\/v2\/product\/3311","targetHints":{"allow":["GET"]}}],"collection":[{"href":"https:\/\/mountlaser.com\/it\/wp-json\/wp\/v2\/product"}],"about":[{"href":"https:\/\/mountlaser.com\/it\/wp-json\/wp\/v2\/types\/product"}],"replies":[{"embeddable":true,"href":"https:\/\/mountlaser.com\/it\/wp-json\/wp\/v2\/comments?post=3311"}],"wp:featuredmedia":[{"embeddable":true,"href":"https:\/\/mountlaser.com\/it\/wp-json\/wp\/v2\/media\/3314"}],"wp:attachment":[{"href":"https:\/\/mountlaser.com\/it\/wp-json\/wp\/v2\/media?parent=3311"}],"wp:term":[{"taxonomy":"product_brand","embeddable":true,"href":"https:\/\/mountlaser.com\/it\/wp-json\/wp\/v2\/product_brand?post=3311"},{"taxonomy":"product_cat","embeddable":true,"href":"https:\/\/mountlaser.com\/it\/wp-json\/wp\/v2\/product_cat?post=3311"},{"taxonomy":"product_tag","embeddable":true,"href":"https:\/\/mountlaser.com\/it\/wp-json\/wp\/v2\/product_tag?post=3311"}],"curies":[{"name":"parola chiave","href":"https:\/\/api.w.org\/{rel}","templated":true}]}}