{"id":3280,"date":"2025-11-04T07:37:26","date_gmt":"2025-11-04T07:37:26","guid":{"rendered":"https:\/\/mountlaser.com\/?post_type=product&#038;p=3280"},"modified":"2025-11-28T02:53:40","modified_gmt":"2025-11-28T02:53:40","slug":"premium-t-series-rtw20a-wooden-tripod","status":"publish","type":"product","link":"https:\/\/mountlaser.com\/it\/prodotto\/premium-t-series-rtw20a-wooden-tripod\/","title":{"rendered":"Treppiede in legno Premium T Series RTW20A"},"content":{"rendered":"<p>IL <a href=\"https:\/\/mountlaser.com\/it\/\"><strong>Treppiede in legno Premium T Series RTW20A<\/strong><\/a> di Mount Laser rappresenta la sintesi perfetta tra artigianato tradizionale ed esigenze di rilevamento moderne. Progettato come un affidabile treppiede in legno di media portata, offre l&#039;eccezionale stabilit\u00e0 e le propriet\u00e0 di smorzamento delle vibrazioni di cui i professionisti si fidano. Disponibile in due configurazioni: il treppiede in legno a testa piatta RTW20A e il <a href=\"https:\/\/mountlaser.com\/it\/products\/\">Treppiede in legno RTW20A con testa rotonda grande<\/a> \u2013 questo modello \u00e8 ideale per l&#039;uso con teodoliti e stazioni totali, garantendo che gli strumenti siano montati in modo sicuro per letture accurate.<\/p>\n<p><img fetchpriority=\"high\" decoding=\"async\" class=\"aligncenter wp-image-3282\" src=\"https:\/\/mountlaser.com\/wp-content\/uploads\/2025\/11\/rtw20a.webp\" alt=\"Medium-Duty Wooden Tripod\" width=\"500\" height=\"500\" srcset=\"https:\/\/mountlaser.com\/wp-content\/uploads\/2025\/11\/rtw20a.webp 800w, https:\/\/mountlaser.com\/wp-content\/uploads\/2025\/11\/rtw20a-300x300.webp 300w, https:\/\/mountlaser.com\/wp-content\/uploads\/2025\/11\/rtw20a-400x400.webp 400w, https:\/\/mountlaser.com\/wp-content\/uploads\/2025\/11\/rtw20a-600x600.webp 600w, https:\/\/mountlaser.com\/wp-content\/uploads\/2025\/11\/rtw20a-150x150.webp 150w, https:\/\/mountlaser.com\/wp-content\/uploads\/2025\/11\/rtw20a-768x768.webp 768w, https:\/\/mountlaser.com\/wp-content\/uploads\/2025\/11\/rtw20a-12x12.webp 12w\" sizes=\"(max-width: 500px) 100vw, 500px\" \/><\/p>\n<p>Realizzato in legno selezionato di alta qualit\u00e0, questo treppiede di precisione in legno per impieghi medi offre una stabilit\u00e0 superiore e prestazioni antitorsione migliorate rispetto ai modelli standard. Il suo design di medie dimensioni \u00e8 progettato per offrire il perfetto equilibrio tra una base solida sul campo e una relativa portabilit\u00e0. Essendo un versatile treppiede in legno per impieghi medi, \u00e8 dotato di un bullone standard in ottone da 5\/8&quot;-11, che garantisce ampia compatibilit\u00e0 e resistenza alla corrosione. Per i topografi che apprezzano prestazioni costanti e la naturale resistenza del legno, l&#039;RTW20A rappresenta il treppiede di precisione in legno definitivo per un&#039;ampia gamma di applicazioni.<\/p>\n<p>&nbsp;<\/p>\n<p><strong><a href=\"https:\/\/mountlaser.com\/it\/contact-us\/\">Serie T Premium RTW20A<\/a> Specifiche del treppiede in legno<\/strong><\/p>\n<table style=\"border-collapse: collapse; width: 650.27pt;\" border=\"0\" width=\"867\" cellspacing=\"0\" cellpadding=\"0\">\n<tbody>\n<tr style=\"height: 14.25pt;\">\n<td class=\"et2\" style=\"height: 14.25pt; width: 122.25pt;\" width=\"163\" height=\"19\">NUMERO<\/td>\n<td class=\"et2\" style=\"width: 97.50pt;\" width=\"130\">GAMBE<\/td>\n<td class=\"et2\" style=\"width: 90.75pt;\" width=\"121\">TESTA<\/td>\n<td class=\"et2\" style=\"width: 100.50pt;\" width=\"134\">TIPO DI BLOCCO<\/td>\n<td class=\"et2\" style=\"width: 99.00pt;\" width=\"132\">HARDWARE<\/td>\n<td class=\"et2\" style=\"width: 86.25pt;\" width=\"115\">ESTENSIONE<\/td>\n<td class=\"et2\" style=\"width: 54.00pt;\" width=\"72\">Nord-Ovest<\/td>\n<\/tr>\n<tr style=\"height: 14.25pt;\">\n<td class=\"et2\" style=\"height: 14.25pt;\" height=\"19\">RTW20A-FCTBK<\/td>\n<td class=\"et2\">Legna<\/td>\n<td class=\"et2\">160 mm piatto<\/td>\n<td class=\"et2\">Morsetto a torsione<\/td>\n<td class=\"et2\">Nero<\/td>\n<td class=\"et2\">172 centimetri<\/td>\n<td class=\"et2\">5,8 kg<\/td>\n<\/tr>\n<tr style=\"height: 14.25pt;\">\n<td class=\"et2\" style=\"height: 14.25pt;\" height=\"19\">RTW20A-FCDBK<\/td>\n<td class=\"et2\">Legna<\/td>\n<td class=\"et2\">160 mm piatto<\/td>\n<td class=\"et2\">Doppio morsetto<\/td>\n<td class=\"et2\">Nero<\/td>\n<td class=\"et2\">167 centimetri<\/td>\n<td class=\"et2\">6,2 kg<\/td>\n<\/tr>\n<\/tbody>\n<\/table>","protected":false},"excerpt":{"rendered":"<ul>\n<li>Offre prestazioni antitorsione migliorate grazie alla robusta struttura delle gambe in legno.<\/li>\n<li>Il design per impieghi medi garantisce un equilibrio ottimale tra una piattaforma robusta e la portabilit\u00e0 sul campo.<\/li>\n<li>La scelta ideale per i professionisti che cercano un treppiede di precisione in legno affidabile per misurazioni critiche.<\/li>\n<\/ul>","protected":false},"featured_media":3281,"comment_status":"open","ping_status":"closed","template":"","meta":[],"product_brand":[],"product_cat":[91,113],"product_tag":[],"class_list":{"0":"post-3280","1":"product","2":"type-product","3":"status-publish","4":"has-post-thumbnail","6":"product_cat-bipod-tripod","7":"product_cat-wood-fiberglass-tripods","9":"first","10":"instock","11":"shipping-taxable","12":"product-type-simple"},"_links":{"self":[{"href":"https:\/\/mountlaser.com\/it\/wp-json\/wp\/v2\/product\/3280","targetHints":{"allow":["GET"]}}],"collection":[{"href":"https:\/\/mountlaser.com\/it\/wp-json\/wp\/v2\/product"}],"about":[{"href":"https:\/\/mountlaser.com\/it\/wp-json\/wp\/v2\/types\/product"}],"replies":[{"embeddable":true,"href":"https:\/\/mountlaser.com\/it\/wp-json\/wp\/v2\/comments?post=3280"}],"wp:featuredmedia":[{"embeddable":true,"href":"https:\/\/mountlaser.com\/it\/wp-json\/wp\/v2\/media\/3281"}],"wp:attachment":[{"href":"https:\/\/mountlaser.com\/it\/wp-json\/wp\/v2\/media?parent=3280"}],"wp:term":[{"taxonomy":"product_brand","embeddable":true,"href":"https:\/\/mountlaser.com\/it\/wp-json\/wp\/v2\/product_brand?post=3280"},{"taxonomy":"product_cat","embeddable":true,"href":"https:\/\/mountlaser.com\/it\/wp-json\/wp\/v2\/product_cat?post=3280"},{"taxonomy":"product_tag","embeddable":true,"href":"https:\/\/mountlaser.com\/it\/wp-json\/wp\/v2\/product_tag?post=3280"}],"curies":[{"name":"parola chiave","href":"https:\/\/api.w.org\/{rel}","templated":true}]}}