{"id":3227,"date":"2025-11-03T09:21:41","date_gmt":"2025-11-03T09:21:41","guid":{"rendered":"https:\/\/mountlaser.com\/?post_type=product&#038;p=3227"},"modified":"2025-11-28T03:00:58","modified_gmt":"2025-11-28T03:00:58","slug":"pfa1-series-aluminum-tripod","status":"publish","type":"product","link":"https:\/\/mountlaser.com\/it\/prodotto\/pfa1-series-aluminum-tripod\/","title":{"rendered":"Treppiede in alluminio serie PFA1"},"content":{"rendered":"<p><a href=\"https:\/\/mountlaser.com\/it\/\"><strong>Treppiede in alluminio serie PFA1<\/strong><\/a>, una base robusta e affidabile per i vostri strumenti di rilevamento di precisione. Progettato per i professionisti che esigono l&#039;eccellenza, questo treppiede in alluminio Golden Tube Sok Style \u00e8 disponibile con due versatili tipi di testa: testa piatta e testa a cupola, per garantire compatibilit\u00e0 e configurazione ottimali per diverse applicazioni.<\/p>\n<p><img fetchpriority=\"high\" decoding=\"async\" class=\"aligncenter wp-image-3234\" src=\"https:\/\/mountlaser.com\/wp-content\/uploads\/2025\/11\/PFA1-FCT7.webp\" alt=\"Sok Style Golden Tube Aluminum Tripod\" width=\"500\" height=\"500\" srcset=\"https:\/\/mountlaser.com\/wp-content\/uploads\/2025\/11\/PFA1-FCT7.webp 1000w, https:\/\/mountlaser.com\/wp-content\/uploads\/2025\/11\/PFA1-FCT7-300x300.webp 300w, https:\/\/mountlaser.com\/wp-content\/uploads\/2025\/11\/PFA1-FCT7-400x400.webp 400w, https:\/\/mountlaser.com\/wp-content\/uploads\/2025\/11\/PFA1-FCT7-800x800.webp 800w, https:\/\/mountlaser.com\/wp-content\/uploads\/2025\/11\/PFA1-FCT7-600x600.webp 600w, https:\/\/mountlaser.com\/wp-content\/uploads\/2025\/11\/PFA1-FCT7-150x150.webp 150w, https:\/\/mountlaser.com\/wp-content\/uploads\/2025\/11\/PFA1-FCT7-768x768.webp 768w, https:\/\/mountlaser.com\/wp-content\/uploads\/2025\/11\/PFA1-FCT7-12x12.webp 12w\" sizes=\"(max-width: 500px) 100vw, 500px\" \/><\/p>\n<p>La sua caratteristica distintiva \u00e8 la struttura a gambe quadrate, che offre maggiore stabilit\u00e0 e rigidit\u00e0 su qualsiasi terreno. Realizzato con un design robusto in lega di alluminio di alta qualit\u00e0, questo treppiede di estensione in alluminio PFA1 \u00e8 in grado di resistere a qualsiasi condizione di campo rigorosa, offrendo al contempo un&#039;eccellente resistenza agli urti. Il bullone di serraggio in ottone da 5\/8\u2033-11 integrato lo rende compatibile con un&#039;ampia gamma di strumenti, comprese le stazioni totali. Per i professionisti che cercano un perfetto connubio tra durata tradizionale e prestazioni moderne, questo <a href=\"https:\/\/mountlaser.com\/it\/products\/\"><strong>Treppiede in alluminio con tubo dorato stile Sok<\/strong><\/a> \u00e8 la scelta definitiva.<\/p>\n<p>Affidatevi al treppiede estensibile in alluminio PFA1 per un supporto affidabile in tutte le vostre attivit\u00e0 di rilevamento.<\/p>\n<p>&nbsp;<\/p>\n<p><strong>Specifiche del treppiede in alluminio serie PFA1<\/strong><\/p>\n<table style=\"border-collapse: collapse; width: 622.52pt;\" border=\"0\" width=\"830\" cellspacing=\"0\" cellpadding=\"0\">\n<tbody>\n<tr style=\"height: 14.25pt;\">\n<td class=\"et2\" style=\"height: 14.25pt; width: 94.50pt;\" width=\"126\" height=\"19\">NUMERO<\/td>\n<td class=\"et2\" style=\"width: 97.50pt;\" width=\"130\">GAMBE<\/td>\n<td class=\"et2\" style=\"width: 90.75pt;\" width=\"121\">TESTA<\/td>\n<td class=\"et2\" style=\"width: 100.50pt;\" width=\"134\">TIPO DI BLOCCO<\/td>\n<td class=\"et2\" style=\"width: 99.00pt;\" width=\"132\">HARDWARE<\/td>\n<td class=\"et2\" style=\"width: 86.25pt;\" width=\"115\">ESTENSIONE<\/td>\n<td class=\"et2\" style=\"width: 54.00pt;\" width=\"72\">Nord-Ovest<\/td>\n<\/tr>\n<tr style=\"height: 14.25pt;\">\n<td class=\"et2\" style=\"height: 14.25pt;\" height=\"19\">PFA1-FCT<\/td>\n<td class=\"et2\">Alluminio<\/td>\n<td class=\"et2\">160 mm piatto<\/td>\n<td class=\"et2\">Morsetto a torsione<\/td>\n<td class=\"et2\">Grigio<\/td>\n<td class=\"et2\">165 centimetri<\/td>\n<td class=\"et2\">3,4 kg<\/td>\n<\/tr>\n<tr style=\"height: 14.25pt;\">\n<td class=\"et2\" style=\"height: 14.25pt;\" height=\"19\">PFA1-DCT<\/td>\n<td class=\"et2\">Alluminio<\/td>\n<td class=\"et2\">Cupola da 160 mm<\/td>\n<td class=\"et2\">Morsetto a torsione<\/td>\n<td class=\"et2\">Grigio<\/td>\n<td class=\"et2\">165 centimetri<\/td>\n<td class=\"et2\">3,4 kg<\/td>\n<\/tr>\n<\/tbody>\n<\/table>","protected":false},"excerpt":{"rendered":"<ul>\n<li>Per fornire una piattaforma stabile e rigida per strumenti di rilevamento come le stazioni totali, utilizzando la sua struttura a gambe quadrate.<\/li>\n<li>Per offrire un&#039;eccellente resistenza agli urti e durevolezza in condizioni di lavoro difficili grazie alla sua robusta struttura in lega di alluminio.<\/li>\n<li>Per garantire un&#039;ampia compatibilit\u00e0 con vari strumenti tramite un bullone a forcella in ottone standard da 5\/8\u2033-11.<\/li>\n<\/ul>","protected":false},"featured_media":3230,"comment_status":"open","ping_status":"closed","template":"","meta":[],"product_brand":[],"product_cat":[91,111],"product_tag":[],"class_list":{"0":"post-3227","1":"product","2":"type-product","3":"status-publish","4":"has-post-thumbnail","6":"product_cat-bipod-tripod","7":"product_cat-aluminum-surveying-tripod","9":"first","10":"instock","11":"shipping-taxable","12":"product-type-simple"},"_links":{"self":[{"href":"https:\/\/mountlaser.com\/it\/wp-json\/wp\/v2\/product\/3227","targetHints":{"allow":["GET"]}}],"collection":[{"href":"https:\/\/mountlaser.com\/it\/wp-json\/wp\/v2\/product"}],"about":[{"href":"https:\/\/mountlaser.com\/it\/wp-json\/wp\/v2\/types\/product"}],"replies":[{"embeddable":true,"href":"https:\/\/mountlaser.com\/it\/wp-json\/wp\/v2\/comments?post=3227"}],"wp:featuredmedia":[{"embeddable":true,"href":"https:\/\/mountlaser.com\/it\/wp-json\/wp\/v2\/media\/3230"}],"wp:attachment":[{"href":"https:\/\/mountlaser.com\/it\/wp-json\/wp\/v2\/media?parent=3227"}],"wp:term":[{"taxonomy":"product_brand","embeddable":true,"href":"https:\/\/mountlaser.com\/it\/wp-json\/wp\/v2\/product_brand?post=3227"},{"taxonomy":"product_cat","embeddable":true,"href":"https:\/\/mountlaser.com\/it\/wp-json\/wp\/v2\/product_cat?post=3227"},{"taxonomy":"product_tag","embeddable":true,"href":"https:\/\/mountlaser.com\/it\/wp-json\/wp\/v2\/product_tag?post=3227"}],"curies":[{"name":"parola chiave","href":"https:\/\/api.w.org\/{rel}","templated":true}]}}