{"id":3112,"date":"2025-10-31T09:18:04","date_gmt":"2025-10-31T09:18:04","guid":{"rendered":"https:\/\/mountlaser.com\/?post_type=product&#038;p=3112"},"modified":"2025-11-28T03:26:02","modified_gmt":"2025-11-28T03:26:02","slug":"premium-t-series-rta10-aluminum-tripod","status":"publish","type":"product","link":"https:\/\/mountlaser.com\/it\/prodotto\/premium-t-series-rta10-aluminum-tripod\/","title":{"rendered":"Treppiede in alluminio Premium T Series RTA10"},"content":{"rendered":"<p>IL <a href=\"https:\/\/mountlaser.com\/it\/\"><strong>Treppiede in alluminio Premium T Series RTA10<\/strong> <\/a>Rappresenta l&#039;apice dell&#039;eccellenza ingegneristica nei sistemi di supporto per la topografia, stabilendo nuovi standard di affidabilit\u00e0 e prestazioni. Questo eccezionale treppiede in alluminio a testa piatta \u00e8 meticolosamente realizzato per soddisfare i severi requisiti dei topografi professionisti che non possono scendere a compromessi in termini di stabilit\u00e0 e precisione.<br \/>\nPresenta una configurazione speciale a testa piatta che garantisce la stabilit\u00e0 ottimale dello strumento e un montaggio sicuro.<br \/>\nDotato di bullone di fissaggio in alluminio standard da 5\/8\u2033-11 per un&#039;integrazione perfetta con livelli automatici e laser rotanti<\/p>\n<p><img fetchpriority=\"high\" decoding=\"async\" class=\"aligncenter wp-image-3115\" src=\"https:\/\/mountlaser.com\/wp-content\/uploads\/2025\/10\/RTA10-FCD3.webp\" alt=\"Flat Head Aluminum Tripod\" width=\"500\" height=\"500\" srcset=\"https:\/\/mountlaser.com\/wp-content\/uploads\/2025\/10\/RTA10-FCD3.webp 1000w, https:\/\/mountlaser.com\/wp-content\/uploads\/2025\/10\/RTA10-FCD3-300x300.webp 300w, https:\/\/mountlaser.com\/wp-content\/uploads\/2025\/10\/RTA10-FCD3-400x400.webp 400w, https:\/\/mountlaser.com\/wp-content\/uploads\/2025\/10\/RTA10-FCD3-800x800.webp 800w, https:\/\/mountlaser.com\/wp-content\/uploads\/2025\/10\/RTA10-FCD3-600x600.webp 600w, https:\/\/mountlaser.com\/wp-content\/uploads\/2025\/10\/RTA10-FCD3-150x150.webp 150w, https:\/\/mountlaser.com\/wp-content\/uploads\/2025\/10\/RTA10-FCD3-768x768.webp 768w, https:\/\/mountlaser.com\/wp-content\/uploads\/2025\/10\/RTA10-FCD3-12x12.webp 12w\" sizes=\"(max-width: 500px) 100vw, 500px\" \/><br \/>\nEssendo un sofisticato treppiede in alluminio autobloccante, l&#039;RTA10 incorpora meccanismi di bloccaggio avanzati che garantiscono un posizionamento dello strumento estremamente stabile durante le sessioni di misurazione prolungate.<br \/>\nIl design innovativo di questo <a href=\"https:\/\/mountlaser.com\/it\/products\/\"><strong>treppiede in alluminio a testa piatta<\/strong> <\/a>Offre una compatibilit\u00e0 senza pari con diversi strumenti di rilevamento, pur mantenendo la portabilit\u00e0 richiesta dai tecnici sul campo. Progettato per garantire durata e praticit\u00e0 d&#039;uso, questo treppiede in alluminio autobloccante dimostra l&#039;impegno di Mountlaser nel fornire soluzioni di rilevamento di qualit\u00e0 superiore che migliorino la produttivit\u00e0 e la precisione di misurazione in ambienti di lavoro difficili.<\/p>\n<p><img decoding=\"async\" class=\"aligncenter wp-image-3118\" src=\"https:\/\/mountlaser.com\/wp-content\/uploads\/2025\/10\/RTA10-FCD6.webp\" alt=\"Flat Head Aluminum Tripod\" width=\"500\" height=\"500\" srcset=\"https:\/\/mountlaser.com\/wp-content\/uploads\/2025\/10\/RTA10-FCD6.webp 1000w, https:\/\/mountlaser.com\/wp-content\/uploads\/2025\/10\/RTA10-FCD6-300x300.webp 300w, https:\/\/mountlaser.com\/wp-content\/uploads\/2025\/10\/RTA10-FCD6-400x400.webp 400w, https:\/\/mountlaser.com\/wp-content\/uploads\/2025\/10\/RTA10-FCD6-800x800.webp 800w, https:\/\/mountlaser.com\/wp-content\/uploads\/2025\/10\/RTA10-FCD6-600x600.webp 600w, https:\/\/mountlaser.com\/wp-content\/uploads\/2025\/10\/RTA10-FCD6-150x150.webp 150w, https:\/\/mountlaser.com\/wp-content\/uploads\/2025\/10\/RTA10-FCD6-768x768.webp 768w, https:\/\/mountlaser.com\/wp-content\/uploads\/2025\/10\/RTA10-FCD6-12x12.webp 12w\" sizes=\"(max-width: 500px) 100vw, 500px\" \/><\/p>\n<p>&nbsp;<\/p>\n<p><strong><a href=\"https:\/\/mountlaser.com\/it\/contact-us\/\">Treppiede in alluminio Premium T Series RTA10<\/a> Specifiche<\/strong><\/p>\n<table style=\"border-collapse: collapse; width: 622.52pt;\" border=\"0\" width=\"830\" cellspacing=\"0\" cellpadding=\"0\">\n<tbody>\n<tr style=\"height: 14.25pt;\">\n<td class=\"et2\" style=\"height: 14.25pt; width: 94.50pt;\" width=\"126\" height=\"19\">NUMERO<\/td>\n<td class=\"et2\" style=\"width: 97.50pt;\" width=\"130\">GAMBE<\/td>\n<td class=\"et2\" style=\"width: 90.75pt;\" width=\"121\">TESTA<\/td>\n<td class=\"et2\" style=\"width: 100.50pt;\" width=\"134\">TIPO DI BLOCCO<\/td>\n<td class=\"et2\" style=\"width: 99.00pt;\" width=\"132\">HARDWARE<\/td>\n<td class=\"et2\" style=\"width: 86.25pt;\" width=\"115\">ESTENSIONE<\/td>\n<td class=\"et2\" style=\"width: 54.00pt;\" width=\"72\">Nord-Ovest<\/td>\n<\/tr>\n<tr style=\"height: 14.25pt;\">\n<td class=\"et2\" style=\"height: 14.25pt;\" height=\"19\">RTA10-FATYL<\/td>\n<td class=\"et2\">Alluminio<\/td>\n<td class=\"et2\">140 mm piatto<\/td>\n<td class=\"et2\">Morsetto a torsione<\/td>\n<td class=\"et2\">Giallo<\/td>\n<td class=\"et2\">170 centimetri<\/td>\n<td class=\"et2\">3,0 kg<\/td>\n<\/tr>\n<tr style=\"height: 14.25pt;\">\n<td class=\"et2\" style=\"height: 14.25pt;\" height=\"19\">RTA10-FADYL<\/td>\n<td class=\"et2\">Alluminio<\/td>\n<td class=\"et2\">140 mm piatto<\/td>\n<td class=\"et2\">Doppio morsetto<\/td>\n<td class=\"et2\">Giallo<\/td>\n<td class=\"et2\">165 centimetri<\/td>\n<td class=\"et2\">3,6 kg<\/td>\n<\/tr>\n<\/tbody>\n<\/table>","protected":false},"excerpt":{"rendered":"<p>\u2022 Costruzione in alluminio aeronautico: realizzata in lega di alluminio ad alta resistenza che offre un&#039;eccezionale resistenza agli urti<br \/>\n\u2022 Opzioni di serraggio multiple: disponibili con morsetto a torsione, morsetto a sgancio rapido o configurazioni a doppio morsetto<br \/>\n\u2022 Specifiche personalizzabili: offre colori e altezze personalizzati su richiesta per soddisfare requisiti di progetto specifici<\/p>","protected":false},"featured_media":3117,"comment_status":"open","ping_status":"closed","template":"","meta":[],"product_brand":[],"product_cat":[91,111],"product_tag":[],"class_list":{"0":"post-3112","1":"product","2":"type-product","3":"status-publish","4":"has-post-thumbnail","6":"product_cat-bipod-tripod","7":"product_cat-aluminum-surveying-tripod","9":"first","10":"instock","11":"shipping-taxable","12":"product-type-simple"},"_links":{"self":[{"href":"https:\/\/mountlaser.com\/it\/wp-json\/wp\/v2\/product\/3112","targetHints":{"allow":["GET"]}}],"collection":[{"href":"https:\/\/mountlaser.com\/it\/wp-json\/wp\/v2\/product"}],"about":[{"href":"https:\/\/mountlaser.com\/it\/wp-json\/wp\/v2\/types\/product"}],"replies":[{"embeddable":true,"href":"https:\/\/mountlaser.com\/it\/wp-json\/wp\/v2\/comments?post=3112"}],"wp:featuredmedia":[{"embeddable":true,"href":"https:\/\/mountlaser.com\/it\/wp-json\/wp\/v2\/media\/3117"}],"wp:attachment":[{"href":"https:\/\/mountlaser.com\/it\/wp-json\/wp\/v2\/media?parent=3112"}],"wp:term":[{"taxonomy":"product_brand","embeddable":true,"href":"https:\/\/mountlaser.com\/it\/wp-json\/wp\/v2\/product_brand?post=3112"},{"taxonomy":"product_cat","embeddable":true,"href":"https:\/\/mountlaser.com\/it\/wp-json\/wp\/v2\/product_cat?post=3112"},{"taxonomy":"product_tag","embeddable":true,"href":"https:\/\/mountlaser.com\/it\/wp-json\/wp\/v2\/product_tag?post=3112"}],"curies":[{"name":"parola chiave","href":"https:\/\/api.w.org\/{rel}","templated":true}]}}