{"id":3042,"date":"2025-10-31T05:17:25","date_gmt":"2025-10-31T05:17:25","guid":{"rendered":"https:\/\/mountlaser.com\/?post_type=product&#038;p=3042"},"modified":"2025-11-28T04:49:09","modified_gmt":"2025-11-28T04:49:09","slug":"rt-reflective-target","status":"publish","type":"product","link":"https:\/\/mountlaser.com\/it\/prodotto\/rt-reflective-target\/","title":{"rendered":"Bersaglio riflettente RT101"},"content":{"rendered":"<p>Bersaglio riflettente RT101 RT: la precisione incontra la durata<\/p>\n<p>L&#039;RT101 <a href=\"https:\/\/mountlaser.com\/it\/\"><strong>Serie di bersagli riflettenti RT<\/strong><\/a> di Mount Laser \u00e8 progettato per i professionisti che richiedono precisione, stabilit\u00e0 e affidabilit\u00e0 nell&#039;allineamento e nella misurazione laser. Costruito con materiali di alta qualit\u00e0 <a href=\"https:\/\/mountlaser.com\/it\/products\/\"><strong>Bersaglio riflettente 3M<\/strong><\/a> Grazie al materiale e al corpo in nylon ad alta resistenza, l&#039;RT101 offre una riflettivit\u00e0 eccezionale e prestazioni di lunga durata sul campo.<\/p>\n<p>La serie comprende tre modelli pensati per diverse esigenze di lavoro:<\/p>\n<p>RT101S \u2013 Design monofacciale, area riflettente 30\u00d730 mm, compatto e leggero.<\/p>\n<p>RT101D \u2013 Modello bifacciale per maggiore flessibilit\u00e0 e raggio riflettente pi\u00f9 ampio.<\/p>\n<p>RT101SD \u2013 Configurazione bifacciale con struttura migliorata per una maggiore durata e precisione.<\/p>\n<p>Ogni bersaglio riflettente RT presenta un corpo principale di 100\u00d735\u00d730 mm, offrendo una struttura solida e resistente agli urti, in grado di resistere ad ambienti difficili. Il materiale riflettente 3M garantisce un&#039;elevata visibilit\u00e0 e un ritorno preciso del segnale laser anche su lunghe distanze, rendendolo ideale per applicazioni di edilizia, topografia e calibrazione industriale.<\/p>\n<p><img fetchpriority=\"high\" decoding=\"async\" class=\"aligncenter wp-image-3050\" src=\"https:\/\/mountlaser.com\/wp-content\/uploads\/2025\/10\/1-2RT1017.webp\" alt=\"RT101S Laser reflective target\" width=\"500\" height=\"500\" srcset=\"https:\/\/mountlaser.com\/wp-content\/uploads\/2025\/10\/1-2RT1017.webp 1000w, https:\/\/mountlaser.com\/wp-content\/uploads\/2025\/10\/1-2RT1017-300x300.webp 300w, https:\/\/mountlaser.com\/wp-content\/uploads\/2025\/10\/1-2RT1017-400x400.webp 400w, https:\/\/mountlaser.com\/wp-content\/uploads\/2025\/10\/1-2RT1017-800x800.webp 800w, https:\/\/mountlaser.com\/wp-content\/uploads\/2025\/10\/1-2RT1017-600x600.webp 600w, https:\/\/mountlaser.com\/wp-content\/uploads\/2025\/10\/1-2RT1017-150x150.webp 150w, https:\/\/mountlaser.com\/wp-content\/uploads\/2025\/10\/1-2RT1017-768x768.webp 768w, https:\/\/mountlaser.com\/wp-content\/uploads\/2025\/10\/1-2RT1017-12x12.webp 12w\" sizes=\"(max-width: 500px) 100vw, 500px\" \/>Montare il laser<a href=\"https:\/\/mountlaser.com\/it\/contact-us\/\"> RT101 RT Bersaglio riflettente<\/a> Combina la tecnologia di puntamento riflettente 3M con una robusta struttura in nylon per fornire una riflessione stabile e ad alta visibilit\u00e0 per attivit\u00e0 di misurazione professionali. Una soluzione perfetta per ingegneri e geometri che cercano precisione affidabile e durata a lungo termine.<\/p>","protected":false},"excerpt":{"rendered":"<ul>\n<li>Materiale riflettente originale 3M per una riflessione laser uniforme<\/li>\n<li>Disponibile nei modelli monofacciali o bifacciali (RT101S, RT101D, RT101SD)<\/li>\n<li>Corpo in nylon ad alta resistenza per un&#039;eccellente durata<\/li>\n<li>Prestazioni affidabili in diverse condizioni di misurazione<\/li>\n<\/ul>","protected":false},"featured_media":3046,"comment_status":"open","ping_status":"closed","template":"","meta":[],"product_brand":[],"product_cat":[72,104],"product_tag":[],"class_list":{"0":"post-3042","1":"product","2":"type-product","3":"status-publish","4":"has-post-thumbnail","6":"product_cat-reflective-target-prism","7":"product_cat-reflective-target","9":"first","10":"instock","11":"shipping-taxable","12":"product-type-simple"},"_links":{"self":[{"href":"https:\/\/mountlaser.com\/it\/wp-json\/wp\/v2\/product\/3042","targetHints":{"allow":["GET"]}}],"collection":[{"href":"https:\/\/mountlaser.com\/it\/wp-json\/wp\/v2\/product"}],"about":[{"href":"https:\/\/mountlaser.com\/it\/wp-json\/wp\/v2\/types\/product"}],"replies":[{"embeddable":true,"href":"https:\/\/mountlaser.com\/it\/wp-json\/wp\/v2\/comments?post=3042"}],"wp:featuredmedia":[{"embeddable":true,"href":"https:\/\/mountlaser.com\/it\/wp-json\/wp\/v2\/media\/3046"}],"wp:attachment":[{"href":"https:\/\/mountlaser.com\/it\/wp-json\/wp\/v2\/media?parent=3042"}],"wp:term":[{"taxonomy":"product_brand","embeddable":true,"href":"https:\/\/mountlaser.com\/it\/wp-json\/wp\/v2\/product_brand?post=3042"},{"taxonomy":"product_cat","embeddable":true,"href":"https:\/\/mountlaser.com\/it\/wp-json\/wp\/v2\/product_cat?post=3042"},{"taxonomy":"product_tag","embeddable":true,"href":"https:\/\/mountlaser.com\/it\/wp-json\/wp\/v2\/product_tag?post=3042"}],"curies":[{"name":"parola chiave","href":"https:\/\/api.w.org\/{rel}","templated":true}]}}