{"id":3031,"date":"2025-10-30T08:41:56","date_gmt":"2025-10-30T08:41:56","guid":{"rendered":"https:\/\/mountlaser.com\/?post_type=product&#038;p=3031"},"modified":"2025-11-28T04:53:35","modified_gmt":"2025-11-28T04:53:35","slug":"n22002-heavy-duty-carbon-fiber-tripod","status":"publish","type":"product","link":"https:\/\/mountlaser.com\/it\/prodotto\/n22002-heavy-duty-carbon-fiber-tripod\/","title":{"rendered":"Treppiede in fibra di carbonio per impieghi gravosi N22002"},"content":{"rendered":"<p>Aumenta la precisione dei tuoi rilievi con MountLaser <a href=\"https:\/\/mountlaser.com\/it\/\"><strong>Treppiede in fibra di carbonio per impieghi gravosi N22002<\/strong><\/a>, la scelta definitiva per i professionisti che non accettano compromessi tra stabilit\u00e0 e portabilit\u00e0. Non si tratta di un semplice treppiede; il treppiede in fibra di carbonio per impieghi gravosi N22002 \u00e8 una piattaforma di livello topografico progettata per i cantieri pi\u00f9 impegnativi.<\/p>\n<p>Al centro del suo design c&#039;\u00e8 il robusto sistema Heavy Duty Dual Clamp in fibra di carbonio. Questa caratteristica innovativa combina un ampio morsetto rapido in alluminio per regolazioni rapide con una vite ad alette in ottone di precisione per una regolazione precisa e un bloccaggio definitivo, garantendo una stabilit\u00e0 senza pari e una lunga durata. Abbinato a gambe in fibra di carbonio ad alta resistenza, questo <a href=\"https:\/\/mountlaser.com\/it\/about-us\/\"><strong>Treppiede con testa rotonda in fibra di carbonio per impieghi gravosi<\/strong><\/a> raggiunge una resistenza notevole mantenendo il peso al minimo assoluto, rendendolo il tuo partner ideale per lunghe ore sul campo.<img fetchpriority=\"high\" decoding=\"async\" class=\"aligncenter wp-image-3024\" src=\"https:\/\/mountlaser.com\/wp-content\/uploads\/2025\/10\/N220022.webp\" alt=\"Heavy Duty Carbon Fiber Round Head Tripod\" width=\"500\" height=\"500\" srcset=\"https:\/\/mountlaser.com\/wp-content\/uploads\/2025\/10\/N220022.webp 1000w, https:\/\/mountlaser.com\/wp-content\/uploads\/2025\/10\/N220022-300x300.webp 300w, https:\/\/mountlaser.com\/wp-content\/uploads\/2025\/10\/N220022-400x400.webp 400w, https:\/\/mountlaser.com\/wp-content\/uploads\/2025\/10\/N220022-800x800.webp 800w, https:\/\/mountlaser.com\/wp-content\/uploads\/2025\/10\/N220022-600x600.webp 600w, https:\/\/mountlaser.com\/wp-content\/uploads\/2025\/10\/N220022-150x150.webp 150w, https:\/\/mountlaser.com\/wp-content\/uploads\/2025\/10\/N220022-768x768.webp 768w, https:\/\/mountlaser.com\/wp-content\/uploads\/2025\/10\/N220022-12x12.webp 12w\" sizes=\"(max-width: 500px) 100vw, 500px\" \/><\/p>\n<p>La versatilit\u00e0 di questo <a href=\"https:\/\/mountlaser.com\/it\/contact-us\/\">Treppiede con testa rotonda in fibra di carbonio per impieghi gravosi<\/a> \u00e8 garantita dal suo perno filettato standard in ottone da 5\/8&quot;-11, che offre una vestibilit\u00e0 perfetta e sicura per qualsiasi strumento di rilevamento utilizzato. Ogni dettaglio \u00e8 costruito per durare, dalle viti di collegamento interamente in acciaio inossidabile al fondamentale sistema di fissaggio delle gambe che impedisce il distacco accidentale su superfici scivolose. Per maggiore sicurezza e praticit\u00e0, include una tracolla con striscia riflettente e imbottitura. \u00c8 disponibile una robusta borsa in nylon 1200D separata (SC85013) per la massima protezione durante il trasporto.<\/p>\n<p>Specifiche del treppiede in fibra di carbonio per impieghi gravosi<\/p>\n<table style=\"border-collapse: collapse; width: 548.27pt;\" border=\"0\" width=\"731\" cellspacing=\"0\" cellpadding=\"0\">\n<tbody>\n<tr style=\"height: 14.25pt;\">\n<td class=\"et2\" style=\"height: 14.25pt; width: 54.00pt;\" width=\"72\" height=\"19\">NUMERO<\/td>\n<td class=\"et2\" style=\"width: 82.50pt;\" width=\"110\">TIPO DI BLOCCO<\/td>\n<td class=\"et2\" style=\"width: 87.75pt;\" width=\"117\">GAMBE<\/td>\n<td class=\"et2\" style=\"width: 93.75pt;\" width=\"125\">PESI<\/td>\n<td class=\"et2\" style=\"width: 87.00pt;\" width=\"116\">ESTENSIONE<\/td>\n<td class=\"et2\" style=\"width: 89.25pt;\" width=\"119\">TESTA<\/td>\n<td class=\"et2\" style=\"width: 54.00pt;\" width=\"72\">HARDWARE<\/td>\n<\/tr>\n<tr style=\"height: 14.25pt;\">\n<td class=\"et2\" style=\"height: 14.25pt;\" height=\"19\">N22002<\/td>\n<td class=\"et2\">Doppio morsetto<\/td>\n<td class=\"et2\">Fibra di carbonio<\/td>\n<td class=\"et2\">6,35 kg<\/td>\n<td class=\"et2\">179 centimetri<\/td>\n<td class=\"et2\">Girare<\/td>\n<td class=\"et2\">Flo arancione<\/td>\n<\/tr>\n<\/tbody>\n<\/table>","protected":false},"excerpt":{"rendered":"<ul>\n<li>Sistema a doppio morsetto: \u00e8 dotato sia di un grande morsetto rapido in alluminio sia di una vite ad alette in ottone per una maggiore stabilit\u00e0 e una lunga durata.<\/li>\n<li>Compatibilit\u00e0 universale: il perno filettato standard in ottone da 5\/8\u2033-11 si adatta a qualsiasi strumento di rilevamento.<\/li>\n<li>Maggiore sicurezza: il sistema di ritenuta impedisce il calcio delle gambe e le cadute accidentali<\/li>\n<\/ul>","protected":false},"featured_media":3025,"comment_status":"open","ping_status":"closed","template":"","meta":[],"product_brand":[],"product_cat":[91,110],"product_tag":[],"class_list":{"0":"post-3031","1":"product","2":"type-product","3":"status-publish","4":"has-post-thumbnail","6":"product_cat-bipod-tripod","7":"product_cat-carbon-fiber-tripod","9":"first","10":"instock","11":"shipping-taxable","12":"product-type-simple"},"_links":{"self":[{"href":"https:\/\/mountlaser.com\/it\/wp-json\/wp\/v2\/product\/3031","targetHints":{"allow":["GET"]}}],"collection":[{"href":"https:\/\/mountlaser.com\/it\/wp-json\/wp\/v2\/product"}],"about":[{"href":"https:\/\/mountlaser.com\/it\/wp-json\/wp\/v2\/types\/product"}],"replies":[{"embeddable":true,"href":"https:\/\/mountlaser.com\/it\/wp-json\/wp\/v2\/comments?post=3031"}],"wp:featuredmedia":[{"embeddable":true,"href":"https:\/\/mountlaser.com\/it\/wp-json\/wp\/v2\/media\/3025"}],"wp:attachment":[{"href":"https:\/\/mountlaser.com\/it\/wp-json\/wp\/v2\/media?parent=3031"}],"wp:term":[{"taxonomy":"product_brand","embeddable":true,"href":"https:\/\/mountlaser.com\/it\/wp-json\/wp\/v2\/product_brand?post=3031"},{"taxonomy":"product_cat","embeddable":true,"href":"https:\/\/mountlaser.com\/it\/wp-json\/wp\/v2\/product_cat?post=3031"},{"taxonomy":"product_tag","embeddable":true,"href":"https:\/\/mountlaser.com\/it\/wp-json\/wp\/v2\/product_tag?post=3031"}],"curies":[{"name":"parola chiave","href":"https:\/\/api.w.org\/{rel}","templated":true}]}}